{"id":107,"date":"2008-12-30T19:10:38","date_gmt":"2008-12-30T17:10:38","guid":{"rendered":"http:\/\/avex.org.free.fr\/dossiers\/?page_id=107"},"modified":"2017-10-08T14:43:35","modified_gmt":"2017-10-08T12:43:35","slug":"planning-avex","status":"publish","type":"page","link":"https:\/\/www.avex-asso.org\/dossiers\/wordpress\/club\/planning-avex","title":{"rendered":"Planning"},"content":{"rendered":"<div id=\"ez-toc-container\" class=\"ez-toc-v2_0_82_2 counter-hierarchy ez-toc-counter ez-toc-black ez-toc-container-direction\">\n<div class=\"ez-toc-title-container\">\n<p class=\"ez-toc-title\" style=\"cursor:inherit\">Table of Contents<\/p>\n<span class=\"ez-toc-title-toggle\"><a href=\"#\" class=\"ez-toc-pull-right ez-toc-btn ez-toc-btn-xs ez-toc-btn-default ez-toc-toggle\" aria-label=\"Toggle Table of Content\"><span class=\"ez-toc-js-icon-con\"><span class=\"\"><span class=\"eztoc-hide\" style=\"display:none;\">Toggle<\/span><span class=\"ez-toc-icon-toggle-span\"><svg style=\"fill: #999;color:#999\" xmlns=\"http:\/\/www.w3.org\/2000\/svg\" class=\"list-377408\" width=\"20px\" height=\"20px\" viewBox=\"0 0 24 24\" fill=\"none\"><path d=\"M6 6H4v2h2V6zm14 0H8v2h12V6zM4 11h2v2H4v-2zm16 0H8v2h12v-2zM4 16h2v2H4v-2zm16 0H8v2h12v-2z\" fill=\"currentColor\"><\/path><\/svg><svg style=\"fill: #999;color:#999\" class=\"arrow-unsorted-368013\" xmlns=\"http:\/\/www.w3.org\/2000\/svg\" width=\"10px\" height=\"10px\" viewBox=\"0 0 24 24\" version=\"1.2\" baseProfile=\"tiny\"><path d=\"M18.2 9.3l-6.2-6.3-6.2 6.3c-.2.2-.3.4-.3.7s.1.5.3.7c.2.2.4.3.7.3h11c.3 0 .5-.1.7-.3.2-.2.3-.5.3-.7s-.1-.5-.3-.7zM5.8 14.7l6.2 6.3 6.2-6.3c.2-.2.3-.5.3-.7s-.1-.5-.3-.7c-.2-.2-.4-.3-.7-.3h-11c-.3 0-.5.1-.7.3-.2.2-.3.5-.3.7s.1.5.3.7z\"\/><\/svg><\/span><\/span><\/span><\/a><\/span><\/div>\n<nav><ul class='ez-toc-list ez-toc-list-level-1 ' ><li class='ez-toc-page-1 ez-toc-heading-level-1'><a class=\"ez-toc-link ez-toc-heading-1\" href=\"https:\/\/www.avex-asso.org\/dossiers\/wordpress\/club\/planning-avex\/#Planning_et_ephemerides\" >Planning et \u00e9ph\u00e9m\u00e9rides<\/a><ul class='ez-toc-list-level-2' ><li class='ez-toc-heading-level-2'><a class=\"ez-toc-link ez-toc-heading-2\" href=\"https:\/\/www.avex-asso.org\/dossiers\/wordpress\/club\/planning-avex\/#lunaison_actuelle\" >lunaison actuelle<\/a><\/li><li class='ez-toc-page-1 ez-toc-heading-level-2'><a class=\"ez-toc-link ez-toc-heading-3\" href=\"https:\/\/www.avex-asso.org\/dossiers\/wordpress\/club\/planning-avex\/#Agenda_AVEX\" >Agenda AVEX<\/a><\/li><\/ul><\/li><\/ul><\/nav><\/div>\n<h1><span class=\"ez-toc-section\" id=\"Planning_et_ephemerides\"><\/span>Planning et \u00e9ph\u00e9m\u00e9rides<span class=\"ez-toc-section-end\"><\/span><\/h1>\n<h2><span class=\"ez-toc-section\" id=\"lunaison_actuelle\"><\/span>lunaison actuelle<span class=\"ez-toc-section-end\"><\/span><\/h2>\n<table style=\"width: 750px; height: 300px; border: 0px solid #323232;\" border=\"0\" frame=\"void\" cellpadding=\"20\" align=\"center\">\n<tbody>\n<tr>\n<td style=\"width: 300px; background-color: #323232; text-align: center; border: 1px solid #323232;\"><!-- Begin Earth-Moon Phase embed --><br \/>\n<script type=\"text\/javascript\" src=\"http:\/\/www.albinoblacksheep.com\/earth-moon\/embed.js\"><\/script><\/td>\n<td style=\"width: 300px; background-color: #323232; text-align: center; border: 1px solid #323232;\"><img loading=\"lazy\" decoding=\"async\" style=\"margin-bottom: 5px; border: 0px solid #323232;\" src=\"http:\/\/api.calendrier-lunaire.net\/moon.php?bg_color=323232&amp;size=200&amp;font_color=555555\" alt=\"\" width=\"200\" height=\"240\" \/><\/td>\n<\/tr>\n<\/tbody>\n<\/table>\n<h2><span class=\"ez-toc-section\" id=\"Agenda_AVEX\"><\/span>Agenda AVEX<span class=\"ez-toc-section-end\"><\/span><\/h2>\n<p><a href=\"https:\/\/www.google.com\/calendar\/embed?src=qn6fvhlb34s4k0v45779ugc6ug%40group.calendar.google.com&amp;ctz=Europe\/Paris&amp;pvttk=e9a52fa4e28b510f5dd7dd5df2243151 \"><img loading=\"lazy\" decoding=\"async\" class=\"noframe\" title=\"Utilisez l'adresse suivante pour acc\u00e9der \u00e0 l'agenda depuis n'importe quel navigateur Web. \" src=\"https:\/\/www.avex-asso.org\/dossiers\/wordpress\/wp-content\/uploads\/2011\/01\/html.gif\" alt=\"Utilisez l'adresse suivante pour acc\u00e9der \u00e0 l'agenda depuis n'importe quel navigateur Web. \" width=\"36\" height=\"14\" \/><\/a> <a href=\"https:\/\/www.google.com\/calendar\/feeds\/qn6fvhlb34s4k0v45779ugc6ug%40group.calendar.google.com\/private-e9a52fa4e28b510f5dd7dd5df2243151\/basic\"><img loading=\"lazy\" decoding=\"async\" class=\"noframe\" title=\"Copiez l'adresse et collez-la dans n'importe quel lecteur de flux\" src=\"https:\/\/www.avex-asso.org\/dossiers\/wordpress\/wp-content\/uploads\/2011\/01\/xml.gif\" alt=\"Copiez l'adresse et collez-la dans n'importe quel lecteur de flux\" width=\"36\" height=\"14\" \/><\/a> <a href=\"https:\/\/www.google.com\/calendar\/ical\/qn6fvhlb34s4k0v45779ugc6ug%40group.calendar.google.com\/private-e9a52fa4e28b510f5dd7dd5df2243151\/basic.ics\"><img loading=\"lazy\" decoding=\"async\" class=\"noframe\" title=\"Utilisez l'adresse suivante pour acc\u00e9der \u00e0 l'agenda depuis d'autres applications. Copiez l'adresse et collez-la dans n'importe quelle application de type agenda prenant en charge le format iCal.\" src=\"https:\/\/www.avex-asso.org\/dossiers\/wordpress\/wp-content\/uploads\/2011\/01\/ical.gif\" alt=\"Utilisez l'adresse suivante pour acc\u00e9der \u00e0 l'agenda depuis d'autres applications. Copiez l'adresse et collez-la dans n'importe quelle application de type agenda prenant en charge le format iCal.\" width=\"36\" height=\"14\" \/><\/a> les phases de la lune, les pr\u00e9visons m\u00e9t\u00e9o \u00e0 trois jours et les prochains \u00e9v\u00e9nements astro <iframe loading=\"lazy\" src=\"https:\/\/www.google.com\/calendar\/embed?title=agenda%20avex&amp;height=600&amp;wkst=2&amp;hl=fr&amp;bgcolor=%233b4445&amp;src=qn6fvhlb34s4k0v45779ugc6ug%40group.calendar.google.com&amp;color=%23A32929&amp;src=forl48ia48a73ladfo14kgj6ek%40group.calendar.google.com&amp;color=%235A6986&amp;src=cangehdvc8vqm3cqlnfok7i2t4%40group.calendar.google.com&amp;color=%2388880E&amp;src=french__fr%40holiday.calendar.google.com&amp;color=%234E5D6C&amp;src=p%23weather%40group.v.calendar.google.com&amp;color=%23A32929&amp;src=ht3jlfaac5lfd6263ulfh4tql8%40group.calendar.google.com&amp;color=%23A32929&amp;ctz=Europe%2FParis\" width=\"764\" height=\"800\" frameborder=\"0\" scrolling=\"yes\"><\/iframe><\/p>\n<p>[kml_flashembed publishmethod=\u00a0\u00bbstatic\u00a0\u00bb fversion=\u00a0\u00bb9.0.0&Prime; movie=\u00a0\u00bbhttp:\/\/www.solarsystemscope.com\/scope.swf\u00a0\u00bb width=\u00a0\u00bb800&Prime; height=\u00a0\u00bb800&Prime; targetclass=\u00a0\u00bbflashmovie\u00a0\u00bb]<\/p>\n<p><a href=\"http:\/\/adobe.com\/go\/getflashplayer\"><img decoding=\"async\" src=\"http:\/\/www.avex-asso.org\/dossiers\/wordpress\/wp-content\/uploads\/2012\/07\/get_flash_player.gif\" alt=\"Get Adobe Flash player\" \/><\/a><\/p>\n<p>[\/kml_flashembed]<\/p>\n<p>Le ciel du mois<\/p>\n<p><img loading=\"lazy\" decoding=\"async\" src=\"http:\/\/www.astronomie-magazine.fr\/cartes\/ciel.jpg\" alt=\"\u00a9 Astronomie Magazine\" width=\"992\" height=\"992\" \/><\/p>\n","protected":false},"excerpt":{"rendered":"<p>Planning et \u00e9ph\u00e9m\u00e9rides lunaison actuelle Agenda AVEX les phases de la lune, les pr\u00e9visons m\u00e9t\u00e9o \u00e0 trois jours et les<\/p>\n<p><a href=\"https:\/\/www.avex-asso.org\/dossiers\/wordpress\/club\/planning-avex\" class=\"more-link\">Continue reading<span class=\"screen-reader-text\">Planning<\/span><\/a><\/p>\n","protected":false},"author":1,"featured_media":0,"parent":2449,"menu_order":60,"comment_status":"open","ping_status":"closed","template":"","meta":{"footnotes":""},"class_list":["post-107","page","type-page","status-publish","hentry"],"_links":{"self":[{"href":"https:\/\/www.avex-asso.org\/dossiers\/wordpress\/wp-json\/wp\/v2\/pages\/107","targetHints":{"allow":["GET"]}}],"collection":[{"href":"https:\/\/www.avex-asso.org\/dossiers\/wordpress\/wp-json\/wp\/v2\/pages"}],"about":[{"href":"https:\/\/www.avex-asso.org\/dossiers\/wordpress\/wp-json\/wp\/v2\/types\/page"}],"author":[{"embeddable":true,"href":"https:\/\/www.avex-asso.org\/dossiers\/wordpress\/wp-json\/wp\/v2\/users\/1"}],"replies":[{"embeddable":true,"href":"https:\/\/www.avex-asso.org\/dossiers\/wordpress\/wp-json\/wp\/v2\/comments?post=107"}],"version-history":[{"count":45,"href":"https:\/\/www.avex-asso.org\/dossiers\/wordpress\/wp-json\/wp\/v2\/pages\/107\/revisions"}],"predecessor-version":[{"id":3483,"href":"https:\/\/www.avex-asso.org\/dossiers\/wordpress\/wp-json\/wp\/v2\/pages\/107\/revisions\/3483"}],"up":[{"embeddable":true,"href":"https:\/\/www.avex-asso.org\/dossiers\/wordpress\/wp-json\/wp\/v2\/pages\/2449"}],"wp:attachment":[{"href":"https:\/\/www.avex-asso.org\/dossiers\/wordpress\/wp-json\/wp\/v2\/media?parent=107"}],"curies":[{"name":"wp","href":"https:\/\/api.w.org\/{rel}","templated":true}]}}