{"id":1188,"date":"2011-01-15T20:43:36","date_gmt":"2011-01-15T19:43:36","guid":{"rendered":"http:\/\/www.avex-asso.org\/dossiers\/wordpress\/?page_id=1188"},"modified":"2016-07-11T11:14:45","modified_gmt":"2016-07-11T09:14:45","slug":"le-dessin-astronomique","status":"publish","type":"page","link":"https:\/\/www.avex-asso.org\/dossiers\/wordpress\/dossiers-pratiques\/divers\/le-dessin-astronomique","title":{"rendered":"Le dessin astronomique"},"content":{"rendered":"<div>\n<div id=\"ez-toc-container\" class=\"ez-toc-v2_0_82_2 counter-hierarchy ez-toc-counter ez-toc-black ez-toc-container-direction\">\n<div class=\"ez-toc-title-container\">\n<p class=\"ez-toc-title\" style=\"cursor:inherit\">Table of Contents<\/p>\n<span class=\"ez-toc-title-toggle\"><a href=\"#\" class=\"ez-toc-pull-right ez-toc-btn ez-toc-btn-xs ez-toc-btn-default ez-toc-toggle\" aria-label=\"Toggle Table of Content\"><span class=\"ez-toc-js-icon-con\"><span class=\"\"><span class=\"eztoc-hide\" style=\"display:none;\">Toggle<\/span><span class=\"ez-toc-icon-toggle-span\"><svg style=\"fill: #999;color:#999\" xmlns=\"http:\/\/www.w3.org\/2000\/svg\" class=\"list-377408\" width=\"20px\" height=\"20px\" viewBox=\"0 0 24 24\" fill=\"none\"><path d=\"M6 6H4v2h2V6zm14 0H8v2h12V6zM4 11h2v2H4v-2zm16 0H8v2h12v-2zM4 16h2v2H4v-2zm16 0H8v2h12v-2z\" fill=\"currentColor\"><\/path><\/svg><svg style=\"fill: #999;color:#999\" class=\"arrow-unsorted-368013\" xmlns=\"http:\/\/www.w3.org\/2000\/svg\" width=\"10px\" height=\"10px\" viewBox=\"0 0 24 24\" version=\"1.2\" baseProfile=\"tiny\"><path d=\"M18.2 9.3l-6.2-6.3-6.2 6.3c-.2.2-.3.4-.3.7s.1.5.3.7c.2.2.4.3.7.3h11c.3 0 .5-.1.7-.3.2-.2.3-.5.3-.7s-.1-.5-.3-.7zM5.8 14.7l6.2 6.3 6.2-6.3c.2-.2.3-.5.3-.7s-.1-.5-.3-.7c-.2-.2-.4-.3-.7-.3h-11c-.3 0-.5.1-.7.3-.2.2-.3.5-.3.7s.1.5.3.7z\"\/><\/svg><\/span><\/span><\/span><\/a><\/span><\/div>\n<nav><ul class='ez-toc-list ez-toc-list-level-1 ' ><li class='ez-toc-page-1 ez-toc-heading-level-3'><a class=\"ez-toc-link ez-toc-heading-1\" href=\"https:\/\/www.avex-asso.org\/dossiers\/wordpress\/dossiers-pratiques\/divers\/le-dessin-astronomique\/#Introduction\" >Introduction<\/a><ul class='ez-toc-list-level-4' ><li class='ez-toc-heading-level-4'><a class=\"ez-toc-link ez-toc-heading-2\" href=\"https:\/\/www.avex-asso.org\/dossiers\/wordpress\/dossiers-pratiques\/divers\/le-dessin-astronomique\/#Les_sites_tout_dabord\" >Les sites tout d&rsquo;abord :<\/a><\/li><li class='ez-toc-page-1 ez-toc-heading-level-4'><a class=\"ez-toc-link ez-toc-heading-3\" href=\"https:\/\/www.avex-asso.org\/dossiers\/wordpress\/dossiers-pratiques\/divers\/le-dessin-astronomique\/#Et_les_livres_ensuite\" >Et les livres ensuite :<\/a><\/li><\/ul><\/li><li class='ez-toc-page-1 ez-toc-heading-level-3'><a class=\"ez-toc-link ez-toc-heading-4\" href=\"https:\/\/www.avex-asso.org\/dossiers\/wordpress\/dossiers-pratiques\/divers\/le-dessin-astronomique\/#Le_materiel\" >Le mat\u00e9riel<\/a><\/li><li class='ez-toc-page-1 ez-toc-heading-level-3'><a class=\"ez-toc-link ez-toc-heading-5\" href=\"https:\/\/www.avex-asso.org\/dossiers\/wordpress\/dossiers-pratiques\/divers\/le-dessin-astronomique\/#Preparation_dune_seance_de_dessin_astronomique\" >Pr\u00e9paration d&rsquo;une s\u00e9ance de dessin astronomique<\/a><\/li><li class='ez-toc-page-1 ez-toc-heading-level-3'><a class=\"ez-toc-link ez-toc-heading-6\" href=\"https:\/\/www.avex-asso.org\/dossiers\/wordpress\/dossiers-pratiques\/divers\/le-dessin-astronomique\/#Choix_de_lobjet_a_dessiner\" >Choix de l&rsquo;objet \u00e0 dessiner<\/a><ul class='ez-toc-list-level-4' ><li class='ez-toc-heading-level-4'><a class=\"ez-toc-link ez-toc-heading-7\" href=\"https:\/\/www.avex-asso.org\/dossiers\/wordpress\/dossiers-pratiques\/divers\/le-dessin-astronomique\/#Le_premier_dessin_ne_pas_etre_decu_de_sa_production\" >Le premier dessin : ne pas \u00eatre d\u00e9\u00e7u de sa production<\/a><\/li><\/ul><\/li><li class='ez-toc-page-1 ez-toc-heading-level-3'><a class=\"ez-toc-link ez-toc-heading-8\" href=\"https:\/\/www.avex-asso.org\/dossiers\/wordpress\/dossiers-pratiques\/divers\/le-dessin-astronomique\/#Organisation_du_dossier\" >Organisation du dossier<\/a><\/li><\/ul><\/nav><\/div>\n<h3><span class=\"ez-toc-section\" id=\"Introduction\"><\/span><span style=\"text-decoration: underline;\"><strong>Introduction<\/strong><\/span><span class=\"ez-toc-section-end\"><\/span><\/h3>\n<p>Le but de ce dossier ne va pas \u00eatre de d\u00e9battre sur l&rsquo;int\u00e9r\u00eat de faire ou non du dessin astronomique, mais plut\u00f4t de donner des \u00e9l\u00e9ments \u00e0 ceux qui souhaitent s&rsquo;initier au dessin astronomique.<\/p>\n<p>Avant tout, il faut clarifier les choses. Je ne suis pas du tout un pro du dessin astronomique. J&rsquo;ai commenc\u00e9 le dessin astronomique il y a de nombreuses ann\u00e9es lorsque je disposais alors d&rsquo;une simple lunette 60\/800. Puis, j&rsquo;ai totalement abandonn\u00e9 le dessin astronomique pour m&rsquo;essayer pendant plusieurs ann\u00e9es \u00e0 la photographie avec un reflex num\u00e9rique. Mais au final, je passais plus de temps devant des \u00e9crans qu&rsquo;\u00e0 regarder le ciel. De fait, je n&rsquo;y prenais plus de plaisir. Aussi, j&rsquo;ai d\u00e9cid\u00e9 de revenir au source en achetant un dobson, et en reprenant le dessin astronomique. Aussi, je ferai \u00e9voluer cette article au fil de ma progression.<\/p>\n<p>Tout d&rsquo;abord, il est important de recenser quelques sites et un livre sur le dessin astronomique. Car c&rsquo;est \u00e0 partir des ces r\u00e9f\u00e9rences que je me suis remis \u00e0 dessiner.<\/p>\n<h4><span class=\"ez-toc-section\" id=\"Les_sites_tout_dabord\"><\/span>Les sites tout d&rsquo;abord :<span class=\"ez-toc-section-end\"><\/span><\/h4>\n<ul>\n<li><a href=\"http:\/\/www.san-fr.com\/observat\/dessin\/dessin.php\">Le site de la SAN pr\u00e9cise une m\u00e9thode et met \u00e0 disposition des gabarits pour le dessin astronomique<\/a><\/li>\n<li><a href=\"http:\/\/astrosurf.com\/cielextreme\/page06F.html\">D\u00e9ssiner le ciel profond<\/a><\/li>\n<\/ul>\n<h4><span class=\"ez-toc-section\" id=\"Et_les_livres_ensuite\"><\/span>Et les livres ensuite :<span class=\"ez-toc-section-end\"><\/span><\/h4>\n<ul>\n<li>pour ceux qui n&rsquo;ont pas peur de l&rsquo;anglais, je conseille \u00ab\u00a0Astronomical Sketching &#8211; A Step-by-Step Introduction\u00a0\u00bb. Ce livre donne les principales m\u00e9thodes pour dessiner la lune, les plan\u00e8tes et les diff\u00e9rents types d&rsquo;objets (com\u00e8tes, amas, n\u00e9buleuses, galaxies)<\/li>\n<\/ul>\n<h3><span class=\"ez-toc-section\" id=\"Le_materiel\"><\/span><BR><span style=\"text-decoration: underline;\"><strong>Le mat\u00e9riel<\/strong><\/span><span class=\"ez-toc-section-end\"><\/span><\/h3>\n<p>Contrairement \u00e0 l&rsquo;astrophoto qui n\u00e9cessite des investissements importants pour un r\u00e9sultat qui n&rsquo;est pas garanti, le mat\u00e9riel n\u00e9cessaire au dessin astronomique est des plus rudimentaires. Bien entendu, en fonction de la nature des dessins que vous souhaiterez r\u00e9aliser, votre mat\u00e9riel pourra s&rsquo;enrichir au fil du temps.<br \/>\nMais pour commencer, il suffit \u00e0 minima d&rsquo;avoir le mat\u00e9riel suivant :<\/p>\n<ul>\n<li>une chaise (car il est important d&rsquo;\u00eatre confortablement install\u00e9 pour dessiner)<\/li>\n<li>une tablette, de pr\u00e9f\u00e9rence \u00e9clair\u00e9e par une lumi\u00e8re rouge \u00e0 intensit\u00e9 variable (nous verrons plus loin comment en fabriquer une)<\/li>\n<li>des gabarits (vous pouvez soit prendre ceux de la SAN tr\u00e8s pratiques pour d\u00e9buter, soit cr\u00e9er vos propres gabarits). Il est important que ces gabarits ne soient pas imprim\u00e9s sur des feuilles trop fines, car ils doivent pouvoir r\u00e9sister \u00e0 un peu d&rsquo;humidit\u00e9.<\/li>\n<li>un ou plusieurs crayons gris \u00e0 mine plus ou moins grasse (1 crayon HB \u00e0 minima, qui peut \u00eatre compl\u00e9t\u00e9 par un 2B&#8230;)<\/li>\n<li>une gomme<\/li>\n<\/ul>\n<p>Il peut \u00e9galement s&rsquo;av\u00e9rer tr\u00e8s utile (surtout l&rsquo;hiver) de pr\u00e9voir une paire de gants. Car dessiner les mains gel\u00e9es n&rsquo;a rien de plaisant.<\/p>\n<h3><span class=\"ez-toc-section\" id=\"Preparation_dune_seance_de_dessin_astronomique\"><\/span><BR><span style=\"text-decoration: underline;\"><strong>Pr\u00e9paration d&rsquo;une s\u00e9ance de dessin astronomique<\/strong><\/span><span class=\"ez-toc-section-end\"><\/span><\/h3>\n<p>Au m\u00eame titre que l&rsquo;on pr\u00e9pare une s\u00e9ance photo, il est important de bien pr\u00e9parer une s\u00e9ance de dessin astronomique. Outre le mat\u00e9riel sp\u00e9cifique au dessin astronomique, il est important de sortir son t\u00e9lescope \u00e0 l&rsquo;avance afin qu&rsquo;il soit bien en temp\u00e9rature, et de le collimater. Ensuite, il faut prendre le temps de bien observer l&rsquo;objet que l&rsquo;on choisi de dessiner, afin de s\u00e9lectionner l&rsquo;oculaire et \u00e9ventuellement le filtre qui seront utilis\u00e9s lors de cette s\u00e9ance de dessin.<\/p>\n<h3><span class=\"ez-toc-section\" id=\"Choix_de_lobjet_a_dessiner\"><\/span><BR><span style=\"text-decoration: underline;\"><strong>Choix de l&rsquo;objet \u00e0 dessiner<\/strong><\/span><span class=\"ez-toc-section-end\"><\/span><\/h3>\n<p>Je ne choisis jamais pr\u00e9cis\u00e9ment \u00e0 l&rsquo;avance ce que je vais dessiner. Je pr\u00e9f\u00e8re \u00e9tablir une liste de cibles potentielles. Ensuite, en fonction des conditions d&rsquo;observation et de la qualit\u00e9 du site, je d\u00e9cide, mais seulement apr\u00e8s avoir vu l&rsquo;objet \u00e0 travers l&rsquo;oculaire. Il est important de garder \u00e0 l&rsquo;esprit que dessiner doit rester un plaisir.<\/p>\n<h4><span class=\"ez-toc-section\" id=\"Le_premier_dessin_ne_pas_etre_decu_de_sa_production\"><\/span><BR>Le premier dessin : ne pas \u00eatre d\u00e9\u00e7u de sa production<span class=\"ez-toc-section-end\"><\/span><\/h4>\n<p>On est souvent d\u00e9\u00e7u par la qualit\u00e9 des premiers dessins que l&rsquo;on produit, surtout au regard de ce que certaines pointures du dessin astro sont capables de faire. Il ne faut pas se d\u00e9mobiliser pour autant. Pour ma part, mon premier dessin de M42 ne ressemble pas \u00e0 grand chose. Mais je le garde, et il est pour moi tr\u00e8s important, car il va me servir d&rsquo;\u00e9talon tout au long de ma progression dans cette pratique. Et afin de m&rsquo;am\u00e9liorer j&rsquo;ai \u00e9galement acheter le livre \u00ab\u00a0Astronomical Sketching &#8211; A Step-by-Step Introduction\u00a0\u00bb apr\u00e8s avoir pu consulter quelques pages pour v\u00e9rifier qu&rsquo;il correspondait bien \u00e0 mes attentes.<\/p>\n<p>C&rsquo;est donc au travers de mes progr\u00e8s et de la lecture de ce livre que je compl\u00e8terai au fur et \u00e0 mesure ce dossier pour y apporter toute la m\u00e9thodologie n\u00e9cessaire \u00e0 la r\u00e9alisation d&rsquo;un dessin astronomique de qualit\u00e9. Et j&rsquo;esp\u00e8re que ce dossier deviendra, au fil du temps, une bible du dessin astronomique.<\/p>\n<h3><span class=\"ez-toc-section\" id=\"Organisation_du_dossier\"><\/span><BR><span style=\"text-decoration: underline;\"><strong>Organisation du dossier<\/strong><\/span><span class=\"ez-toc-section-end\"><\/span><\/h3>\n<p>Le dossier s&rsquo;appuiera en partie sur une organisation proche de celle d\u00e9crite dans le livre \u00ab\u00a0Astronomical Sketching\u00a0\u00bb. Ainsi, il y aura une page sp\u00e9cifique en fonction de l&rsquo;objet devant \u00eatre dessin\u00e9.<\/p>\n<p>Voici les principaux chapitres qui seront compl\u00e9t\u00e9s au fil du temps (pas forc\u00e9ment dans l&rsquo;ordre \u00e9nonc\u00e9) :<\/p>\n<ul>\n<li>Cr\u00e9ation d&rsquo;une tablette d\u00e9di\u00e9 au dessin astronomique<\/li>\n<li>Dessiner la lune et les crat\u00e8res lunaires<\/li>\n<li>Dessiner les plan\u00e8tes<\/li>\n<li>Dessiner les com\u00e8tes<\/li>\n<li>Dessiner les amas d&rsquo;\u00e9toiles (amas ouverts et globulaires)<\/li>\n<li>Dessiner les n\u00e9buleuses diffuses et plan\u00e9taires<\/li>\n<li>Dessiner les galaxies<\/li>\n<\/ul>\n<\/div>\n","protected":false},"excerpt":{"rendered":"<p>Introduction Le but de ce dossier ne va pas \u00eatre de d\u00e9battre sur l&rsquo;int\u00e9r\u00eat de faire ou non du dessin<\/p>\n<p><a href=\"https:\/\/www.avex-asso.org\/dossiers\/wordpress\/dossiers-pratiques\/divers\/le-dessin-astronomique\" class=\"more-link\">Continue reading<span class=\"screen-reader-text\">Le dessin astronomique<\/span><\/a><\/p>\n","protected":false},"author":24,"featured_media":0,"parent":3394,"menu_order":5,"comment_status":"open","ping_status":"closed","template":"","meta":{"footnotes":""},"class_list":["post-1188","page","type-page","status-publish","hentry"],"_links":{"self":[{"href":"https:\/\/www.avex-asso.org\/dossiers\/wordpress\/wp-json\/wp\/v2\/pages\/1188","targetHints":{"allow":["GET"]}}],"collection":[{"href":"https:\/\/www.avex-asso.org\/dossiers\/wordpress\/wp-json\/wp\/v2\/pages"}],"about":[{"href":"https:\/\/www.avex-asso.org\/dossiers\/wordpress\/wp-json\/wp\/v2\/types\/page"}],"author":[{"embeddable":true,"href":"https:\/\/www.avex-asso.org\/dossiers\/wordpress\/wp-json\/wp\/v2\/users\/24"}],"replies":[{"embeddable":true,"href":"https:\/\/www.avex-asso.org\/dossiers\/wordpress\/wp-json\/wp\/v2\/comments?post=1188"}],"version-history":[{"count":4,"href":"https:\/\/www.avex-asso.org\/dossiers\/wordpress\/wp-json\/wp\/v2\/pages\/1188\/revisions"}],"predecessor-version":[{"id":2958,"href":"https:\/\/www.avex-asso.org\/dossiers\/wordpress\/wp-json\/wp\/v2\/pages\/1188\/revisions\/2958"}],"up":[{"embeddable":true,"href":"https:\/\/www.avex-asso.org\/dossiers\/wordpress\/wp-json\/wp\/v2\/pages\/3394"}],"wp:attachment":[{"href":"https:\/\/www.avex-asso.org\/dossiers\/wordpress\/wp-json\/wp\/v2\/media?parent=1188"}],"curies":[{"name":"wp","href":"https:\/\/api.w.org\/{rel}","templated":true}]}}