{"id":122,"date":"2009-04-22T17:54:39","date_gmt":"2009-04-22T15:54:39","guid":{"rendered":"http:\/\/avex.org.free.fr\/dossiers\/?page_id=122"},"modified":"2010-10-17T18:11:18","modified_gmt":"2010-10-17T16:11:18","slug":"observatoire","status":"publish","type":"page","link":"https:\/\/www.avex-asso.org\/dossiers\/wordpress\/dossiers-pratiques\/dossiers-materiels\/observatoire","title":{"rendered":"Observatoire"},"content":{"rendered":"<h2><span style=\"font-weight: normal;\">Introduction.<\/span><\/h2>\n<p>Pourquoi un abris de jardin \u00e0\u00a0priori peut optimis\u00e9 pour l\u2019astronomie plut\u00f4t qu\u2019une coupole ou un abris en dur\u00a0?<\/p>\n<p>Une coupole astronomique est ch\u00e8re, tr\u00e8s ch\u00e8re typiquement, <a href=\"http:\/\/www.galileo.cc\/GALILEO-france\/marques_list.php?rub=sirius_observatories&amp;typ=Coupoles\">pour 2.3m de diam\u00e8tre il faut compter 3 700 \u20ac<\/a>, sans les murs, sans \u00e9lectrification ni automation \/ synchronisation avec le t\u00e9lescope\u00a0: ces derniers aspects sont pourtant essentiel, puisque la coupole, a d\u00e9faut de tourner, finirait par se faire photographier les parois par le t\u00e9lescope qui lui, n\u2019oublierait pas de tourner. Avec le minimum d\u2019automatisation c\u2019est encore 1 300\u20ac en sus voir 3900\u20ac pour un kit\u00a0complet<\/p>\n<p><img decoding=\"async\" src=\"http:\/\/www.avex-asso.org\/dossiers\/wordpress\/wp-content\/uploads\/2011\/01\/Home-Dome01.jpg\" alt=\"\" \/><\/p>\n<p><strong>D<\/strong>\u2019autre syst\u00e8mes\u00a0 \u00ab\u00a0hybrides\u00a0\u00bb comme les <a href=\"http:\/\/www.observatoire-astronomie.com\/\">coupoles du Val de France<\/a>, propose des mod\u00e8les en \u00ab\u00a0p\u00e9tales de fleur\u00a0\u00bb, ing\u00e9nieusement con\u00e7ue et bien optimis\u00e9e mais la encore les tarifs sont assez dissuasif pour la plus part des astronomes\u00a0: a partir de 6 000\u20ac pour 3.2 m de diam\u00e8tre.<\/p>\n<p><img loading=\"lazy\" decoding=\"async\" src=\"http:\/\/www.avex-asso.org\/dossiers\/wordpress\/wp-content\/uploads\/2011\/01\/coupole_astronomie.jpg\" alt=\"\" width=\"746\" height=\"520\" \/><\/p>\n<p><strong>R<\/strong>este la solution abris de jardin\u2026.Il a bien exist\u00e9 une solution clef en main fournie par Galil\u00e9o\u00a0: un cabanon de 9m\u00b2 qui voyait son toit coulisser sur des rails et se d\u00e9porter compl\u00e9ment hors de l\u2019abri ,via un syst\u00e8me de poutres \/ poteaux, d\u00e9gageant 100% du ciel, et ce \u00e0 un tarif d\u00e9fiant toute concurrence\u00a0: 1600\u20ac hors frais de livraisons (ces derniers pouvant se monter a 400 \u20ac quand m\u00eame) et sans plancher.<\/p>\n<p>Malheureusement, apr\u00e8s avoir attendu patiemment mais vainement pendant un an, Galil\u00e9o\u00a0 n\u2019a pas \u00e9t\u00e9 en mesure de fournir les abris convoit\u00e9s, des soucis avec les fournisseurs semble t\u2019il.<\/p>\n<p>1 An de perdu. Il me faut donc le faire moi m\u00eame<\/p>\n<p>Dans le milieu astronomique j\u2019ai la r\u00e9putation non\u00a0 exag\u00e9r\u00e9es d\u2019avoir deux pied gauche \u00e0 la place des mains. Pas que je soie malhabile de mes main, mais la vue d\u2019une perceuse me donne des sueurs froide\u00a0: toujours peur de rater et de ne pas savoir comme revenir en arri\u00e8re.<\/p>\n<p>Fort de cette angoisse, j\u2019ai demand\u00e9 \u00e0 mes camarades d\u2019Avex de m\u2019aider dans cette entreprise.<\/p>\n<p>L\u2019exploit r\u00e9alis\u00e9 en 24 heure de travail (sur un weekend) et le travail de l\u2019\u00e9quipe d\u2019avex, de leurs ing\u00e9niosit\u00e9s, leurs r\u00e9flexions et leurs efforts. Ils ont \u00e9t\u00e9s l\u2019inspiration de cette r\u00e9alisation, ils m&rsquo;ont soutenu comme jamais. Je n\u2019aurais vraisemblablement pas put le faire seul.Merci, merci et merci les gars.<\/p>\n<p>______________________________<\/p>\n<p><strong>P<\/strong>our commencerLe d\u00e9fi : monter un abris de jardin modifi\u00e9 en abris astro en 24 heures de travail (2x12h au moins les superstructure.)Pr\u00e9 requis : un abris de jardin liv\u00e9 &lsquo;Bern 9m\u2019 command\u00e9 chez habita et jardin .com\u00a0livr\u00e9 le jour dit a l\u2019heure dite\u00a0: impeccable<\/p>\n<p>Achat pr\u00e9alable chez LeroyMerlin d\u2019un stock :<\/p>\n<ul>\n<li>de vis a bois de diam\u00e8tre et longueur diverses en quantit\u00e9\u00b7<\/li>\n<li>tire-fond de 10 et 12 mm\u00b7\u00a0\u00a0\u00a0 Vis \/ \u00e9crou \/ rondelle de 10 et 12 mm de longueurs vari\u00e9es\u00b7<\/li>\n<li>Plaque m\u00e9tallique perfor\u00e9es (16 exemplaire)\u00b7<\/li>\n<li>Equeres m\u00e9tallique diverses\u00b7<\/li>\n<li>Support m\u00e9tallique pour poutre en bois \u00ab\u00a0 Hors eaux\u00a0\u00bb\u00b7<\/li>\n<li>6 roulettes caoutchout\u00e9es\u00b7<\/li>\n<li>1 tube m\u00e9tallique de diam\u00e8tre \u00e9gal \u00e0 l\u2019axe des roulettes\u00b7<\/li>\n<li>2 poutres autoclaves de 4 m de long (60x150x4000)\u00b7<\/li>\n<li>2 poteaux autoclave de 3m de long (60x60x3000)\u00b7<\/li>\n<li>Equeres am\u00e9ricaines (ou Sabot m\u00e9tallique \u00e0 poutre en bon fran\u00e7ais)\u00b7<\/li>\n<li>Tasso de longueurs diverse\u00b7<\/li>\n<li>18 ap\u00e9ritifs\u00b7<\/li>\n<li>16 canetes de bi\u00e8res\u00b7<\/li>\n<li>Du beau temps (mais il n\u2019a fait que pleuvoir)<\/li>\n<li>A ce jour il manque\u00a0:\u00b7\u00a0\u00a0\u00a0 3 poutre transversale de 3m de longueur (dont une pour l\u2019ext\u00e9rieure)\u00b7<\/li>\n<li>c\u00e2bles m\u00e9tallique + tendeur + piquet (vent )\u00b7<\/li>\n<li>6 corni\u00e8res de 2 m style cl\u00f4ture de jardin ou marche d&rsquo;ecalier (syst\u00e8me \u2018anti\u2019 d\u00e9raillement)<\/li>\n<\/ul>\n<p><strong>C<\/strong>\u2019est d\u2019abord un travail d\u2019Equipe\u00a0: Skycomplex, Alban, Bryce et Axel se investit sur ces deux jours. Sky, Alban et Bryce pour le samedi, Sky et Axel pour le dimanche. Plus quelques voisins pour le \u00ab\u00a0bouquet final\u00a0\u00bb\u00a0: la pose du toit<\/p>\n<p>Pour faire un abri de jardin a toit roulant\u00a0: pas besoin d\u2019avoir invent\u00e9 le fil \u00e0 couper l\u2019eau chaude\u00a0:-)Faut de la m\u00e9thode, un minimum de r\u00e9flexion pas mal de bonne volont\u00e9.Tout d\u2019abord le pr\u00e9requis\u00a0: dans mon cas il s\u2019agit d\u2019une dalle de b\u00e9ton arm\u00e9 que j\u2019ai fait faire par un\u00a0 homme a tout faire. Cela m\u2019a co\u00fbt\u00e9 400 \u20ac pour une dalle de 3.40&#215;3.40 cm. Le type a bien boss\u00e9.Je lui ai demand\u00e9 de faire une finition lisse, ce qu\u2019il a fait\u00a0: c\u2019est nickel<\/p>\n<p><a title=\"dalle-betton1.jpg\" href=\"http:\/\/www.avex-asso.org\/dossiers\/wordpress\/wp-content\/uploads\/2009\/04\/dalle-betton1.jpg\"><img decoding=\"async\" src=\"http:\/\/www.avex-asso.org\/dossiers\/wordpress\/wp-content\/uploads\/2009\/04\/dalle-betton1.jpg\" alt=\"dalle-betton1.jpg\" \/><\/a><\/p>\n<p><a title=\"dalle-betton1.jpg\" href=\"http:\/\/www.avex-asso.org\/dossiers\/wordpress\/wp-content\/uploads\/2009\/04\/dalle-betton1.jpg\"> <\/a><\/p>\n<p><a title=\"dalle-betton1.jpg\" href=\"http:\/\/www.avex-asso.org\/dossiers\/wordpress\/wp-content\/uploads\/2009\/04\/dalle-betton1.jpg\"><\/a><\/p>\n<p><a title=\"dalle-betton1.jpg\" href=\"http:\/\/www.avex-asso.org\/dossiers\/wordpress\/wp-content\/uploads\/2009\/04\/dalle-betton1.jpg\"><\/a><\/p>\n<p><a title=\"dalle-betton1.jpg\" href=\"http:\/\/www.avex-asso.org\/dossiers\/wordpress\/wp-content\/uploads\/2009\/04\/dalle-betton1.jpg\"><\/a><\/p>\n<p><a title=\"dalle-betton1.jpg\" href=\"http:\/\/www.avex-asso.org\/dossiers\/wordpress\/wp-content\/uploads\/2009\/04\/dalle-betton1.jpg\"><\/a><\/p>\n<p><a title=\"dalle-betton1.jpg\" href=\"http:\/\/www.avex-asso.org\/dossiers\/wordpress\/wp-content\/uploads\/2009\/04\/dalle-betton1.jpg\"><\/a><\/p>\n<p><a title=\"dalle-betton1.jpg\" href=\"http:\/\/www.avex-asso.org\/dossiers\/wordpress\/wp-content\/uploads\/2009\/04\/dalle-betton1.jpg\"><\/a><\/p>\n<p><a title=\"dalle-betton1.jpg\" href=\"http:\/\/www.avex-asso.org\/dossiers\/wordpress\/wp-content\/uploads\/2009\/04\/dalle-betton1.jpg\"><\/a><\/p>\n<p><a title=\"dalle-betton1.jpg\" href=\"http:\/\/www.avex-asso.org\/dossiers\/wordpress\/wp-content\/uploads\/2009\/04\/dalle-betton1.jpg\"><\/a><\/p>\n<p><a title=\"dalle-betton1.jpg\" href=\"http:\/\/www.avex-asso.org\/dossiers\/wordpress\/wp-content\/uploads\/2009\/04\/dalle-betton1.jpg\"><\/a><\/p>\n<p><a title=\"dalle-betton1.jpg\" href=\"http:\/\/www.avex-asso.org\/dossiers\/wordpress\/wp-content\/uploads\/2009\/04\/dalle-betton1.jpg\"><\/a><\/p>\n<p><a title=\"dalle-betton1.jpg\" href=\"http:\/\/www.avex-asso.org\/dossiers\/wordpress\/wp-content\/uploads\/2009\/04\/dalle-betton1.jpg\"><\/a><\/p>\n<p><a title=\"dalle-betton1.jpg\" href=\"http:\/\/www.avex-asso.org\/dossiers\/wordpress\/wp-content\/uploads\/2009\/04\/dalle-betton1.jpg\"> <\/a><\/p>\n<p>Evidement j\u2019ai demand\u00e9 et je me suis d\u00e9brouill\u00e9 pour que le toit s\u2019ouvre vers le nord, d\u00e9gageant le m\u00e9ridien.Une dalle de 10m\u00b2 + deux plots de b\u00e9ton \u00e9quidistant de la dalle, a 3m de cette derniers.Ces plot recevrons les poteaux de soutien de poutre de roulement.<\/p>\n<p>R\u00e9trospectivement c&rsquo;est pas n\u00e9cessairement optimal : les poteau peuvent \u00eatre plus proche \u00e7a n&rsquo;a aucune influence n\u00e9gative , au contraire.<\/p>\n<p>Empiriquement, je dirai que bonne distance des poteaux doit \u00eatre plac\u00e9 au 2\/3 de la cource totale de l&rsquo;ouverture du toit.<\/p>\n<p>Ensuite il faut d\u00e9baller l\u2019abri, v\u00e9rifier que rien d\u2019essentiel ne manque, puis suivre les instruction du mode d\u2019emplois. Le notre etait en anglais mais sur le site habita et jardin, le pdf de la notice \u00e9tait dispo en fran\u00e7ais.Mon abris \u00e9tait livr\u00e9 avec un plancher, chose que je n\u2019avais pas command\u00e9. Ce n\u2019est pas perdu nous nous servirons des tasseaux fournis pour le plancher comme base pour les murs\u00a0: effet ces tasseaux sont trait\u00e9s autoclavela suite bient\u00f4ten attendant : voir le diaporama comment\u00e9 du montage : <a href=\"http:\/\/ftapissier.free.fr\/abris\/\">http:\/\/ftapissier.free.fr\/abris\/<\/a><\/p>\n<p>ci dessous \u00a0: verification d&rsquo;orthogonalit\u00e9 et v\u00e9rification de la longueur des \u00e9l\u00e9ments<\/p>\n<p><a href=\"http:\/\/www.avex-asso.org\/dossiers\/wordpress\/wp-content\/uploads\/2009\/04\/20090418-102911-montage-abris-fredogoto-.jpg\"><img loading=\"lazy\" decoding=\"async\" title=\"20090418-102911-montage-abris-fredogoto-\" src=\"http:\/\/www.avex-asso.org\/dossiers\/wordpress\/wp-content\/uploads\/2009\/04\/20090418-102911-montage-abris-fredogoto-.jpg\" alt=\"\" width=\"700\" height=\"500\" \/><\/a><\/p>\n<p>17 heure le gros oeuvre \u00ab\u00a0facile\u00a0\u00bb est termin\u00e9<\/p>\n<p><a href=\"http:\/\/www.avex-asso.org\/dossiers\/wordpress\/wp-content\/uploads\/2009\/04\/20090418-173501-montage-abris-fredogoto-.jpg\"><img loading=\"lazy\" decoding=\"async\" class=\"alignnone size-full wp-image-569\" title=\"20090418-173501-montage-abris-fredogoto-\" src=\"http:\/\/www.avex-asso.org\/dossiers\/wordpress\/wp-content\/uploads\/2009\/04\/20090418-173501-montage-abris-fredogoto-.jpg\" alt=\"\" width=\"700\" height=\"467\" srcset=\"https:\/\/www.avex-asso.org\/dossiers\/wordpress\/wp-content\/uploads\/2009\/04\/20090418-173501-montage-abris-fredogoto-.jpg 700w, https:\/\/www.avex-asso.org\/dossiers\/wordpress\/wp-content\/uploads\/2009\/04\/20090418-173501-montage-abris-fredogoto--300x200.jpg 300w\" sizes=\"auto, (max-width: 700px) 100vw, 700px\" \/><\/a><\/p>\n<p>on attaque la personalisation.. avec des roulettes sur les frontons<\/p>\n<p><a href=\"http:\/\/www.avex-asso.org\/dossiers\/wordpress\/wp-content\/uploads\/2009\/04\/20090418-180820-montage-abris-fredogoto-.jpg\"><img loading=\"lazy\" decoding=\"async\" class=\"alignnone size-full wp-image-570\" title=\"20090418-180820-montage-abris-fredogoto-\" src=\"http:\/\/www.avex-asso.org\/dossiers\/wordpress\/wp-content\/uploads\/2009\/04\/20090418-180820-montage-abris-fredogoto-.jpg\" alt=\"\" width=\"700\" height=\"467\" srcset=\"https:\/\/www.avex-asso.org\/dossiers\/wordpress\/wp-content\/uploads\/2009\/04\/20090418-180820-montage-abris-fredogoto-.jpg 700w, https:\/\/www.avex-asso.org\/dossiers\/wordpress\/wp-content\/uploads\/2009\/04\/20090418-180820-montage-abris-fredogoto--300x200.jpg 300w\" sizes=\"auto, (max-width: 700px) 100vw, 700px\" \/><\/a><\/p>\n<p>puis on \u00ab\u00a0soude\u00a0\u00bb a la structure d\u00e9j\u00e0 existante des poutre autoclave<\/p>\n<p><a href=\"http:\/\/www.avex-asso.org\/dossiers\/wordpress\/wp-content\/uploads\/2009\/04\/20090419-175410-montage-abris-fredogoto-.jpg\"><img loading=\"lazy\" decoding=\"async\" class=\"alignnone size-full wp-image-572\" title=\"20090419-175410-montage-abris-fredogoto-\" src=\"http:\/\/www.avex-asso.org\/dossiers\/wordpress\/wp-content\/uploads\/2009\/04\/20090419-175410-montage-abris-fredogoto-.jpg\" alt=\"\" width=\"700\" height=\"467\" srcset=\"https:\/\/www.avex-asso.org\/dossiers\/wordpress\/wp-content\/uploads\/2009\/04\/20090419-175410-montage-abris-fredogoto-.jpg 700w, https:\/\/www.avex-asso.org\/dossiers\/wordpress\/wp-content\/uploads\/2009\/04\/20090419-175410-montage-abris-fredogoto--300x200.jpg 300w\" sizes=\"auto, (max-width: 700px) 100vw, 700px\" \/><\/a><\/p>\n<p>vue g\u00e9n\u00e9rale du chantier j2<\/p>\n<p><a href=\"http:\/\/www.avex-asso.org\/dossiers\/wordpress\/wp-content\/uploads\/2009\/04\/20090419-182537-montage-abris-fredogoto-.jpg\"><img loading=\"lazy\" decoding=\"async\" class=\"alignnone size-full wp-image-573\" title=\"20090419-182537-montage-abris-fredogoto-\" src=\"http:\/\/www.avex-asso.org\/dossiers\/wordpress\/wp-content\/uploads\/2009\/04\/20090419-182537-montage-abris-fredogoto-.jpg\" alt=\"\" width=\"700\" height=\"451\" srcset=\"https:\/\/www.avex-asso.org\/dossiers\/wordpress\/wp-content\/uploads\/2009\/04\/20090419-182537-montage-abris-fredogoto-.jpg 700w, https:\/\/www.avex-asso.org\/dossiers\/wordpress\/wp-content\/uploads\/2009\/04\/20090419-182537-montage-abris-fredogoto--300x193.jpg 300w\" sizes=\"auto, (max-width: 700px) 100vw, 700px\" \/><\/a><\/p>\n<p>le toit est presque pret<\/p>\n<p><a href=\"http:\/\/www.avex-asso.org\/dossiers\/wordpress\/wp-content\/uploads\/2009\/04\/20090419-194047-montage-abris-fredogoto-.jpg\"><img loading=\"lazy\" decoding=\"async\" class=\"alignnone size-full wp-image-574\" title=\"20090419-194047-montage-abris-fredogoto-\" src=\"http:\/\/www.avex-asso.org\/dossiers\/wordpress\/wp-content\/uploads\/2009\/04\/20090419-194047-montage-abris-fredogoto-.jpg\" alt=\"\" width=\"700\" height=\"467\" srcset=\"https:\/\/www.avex-asso.org\/dossiers\/wordpress\/wp-content\/uploads\/2009\/04\/20090419-194047-montage-abris-fredogoto-.jpg 700w, https:\/\/www.avex-asso.org\/dossiers\/wordpress\/wp-content\/uploads\/2009\/04\/20090419-194047-montage-abris-fredogoto--300x200.jpg 300w\" sizes=\"auto, (max-width: 700px) 100vw, 700px\" \/><\/a><\/p>\n<p>mis en place. il faut du monde , c&rsquo;est Tres lourd<\/p>\n<p><a href=\"http:\/\/www.avex-asso.org\/dossiers\/wordpress\/wp-content\/uploads\/2009\/04\/20090419-205511-montage-abris-fredogoto-.jpg\"><img loading=\"lazy\" decoding=\"async\" class=\"alignnone size-full wp-image-575\" title=\"20090419-205511-montage-abris-fredogoto-\" src=\"http:\/\/www.avex-asso.org\/dossiers\/wordpress\/wp-content\/uploads\/2009\/04\/20090419-205511-montage-abris-fredogoto-.jpg\" alt=\"\" width=\"700\" height=\"467\" srcset=\"https:\/\/www.avex-asso.org\/dossiers\/wordpress\/wp-content\/uploads\/2009\/04\/20090419-205511-montage-abris-fredogoto-.jpg 700w, https:\/\/www.avex-asso.org\/dossiers\/wordpress\/wp-content\/uploads\/2009\/04\/20090419-205511-montage-abris-fredogoto--300x200.jpg 300w\" sizes=\"auto, (max-width: 700px) 100vw, 700px\" \/><\/a><\/p>\n<p>fin de J2<\/p>\n<p><a href=\"http:\/\/www.avex-asso.org\/dossiers\/wordpress\/wp-content\/uploads\/2009\/04\/20090419-205914-montage-abris-fredogoto-.jpg\"><img loading=\"lazy\" decoding=\"async\" class=\"alignnone size-full wp-image-576\" title=\"20090419-205914-montage-abris-fredogoto-\" src=\"http:\/\/www.avex-asso.org\/dossiers\/wordpress\/wp-content\/uploads\/2009\/04\/20090419-205914-montage-abris-fredogoto-.jpg\" alt=\"\" width=\"700\" height=\"467\" srcset=\"https:\/\/www.avex-asso.org\/dossiers\/wordpress\/wp-content\/uploads\/2009\/04\/20090419-205914-montage-abris-fredogoto-.jpg 700w, https:\/\/www.avex-asso.org\/dossiers\/wordpress\/wp-content\/uploads\/2009\/04\/20090419-205914-montage-abris-fredogoto--300x200.jpg 300w\" sizes=\"auto, (max-width: 700px) 100vw, 700px\" \/><\/a><\/p>\n<p>Weekend suivant : pose du shingle<\/p>\n<p><a href=\"http:\/\/www.avex-asso.org\/dossiers\/wordpress\/wp-content\/uploads\/2009\/04\/shingle5.jpg\"><img loading=\"lazy\" decoding=\"async\" class=\"alignnone size-full wp-image-577\" title=\"shingle5\" src=\"http:\/\/www.avex-asso.org\/dossiers\/wordpress\/wp-content\/uploads\/2009\/04\/shingle5.jpg\" alt=\"\" width=\"700\" height=\"492\" srcset=\"https:\/\/www.avex-asso.org\/dossiers\/wordpress\/wp-content\/uploads\/2009\/04\/shingle5.jpg 700w, https:\/\/www.avex-asso.org\/dossiers\/wordpress\/wp-content\/uploads\/2009\/04\/shingle5-300x210.jpg 300w\" sizes=\"auto, (max-width: 700px) 100vw, 700px\" \/><\/a><\/p>\n<p>pour finir :<\/p>\n<p><a href=\"http:\/\/www.avex-asso.org\/dossiers\/wordpress\/wp-content\/uploads\/2009\/04\/abris-de-jardin3-s.jpg\"><img loading=\"lazy\" decoding=\"async\" class=\"alignnone size-full wp-image-578\" title=\"abris-de-jardin3-s\" src=\"http:\/\/www.avex-asso.org\/dossiers\/wordpress\/wp-content\/uploads\/2009\/04\/abris-de-jardin3-s.jpg\" alt=\"\" width=\"720\" height=\"480\" srcset=\"https:\/\/www.avex-asso.org\/dossiers\/wordpress\/wp-content\/uploads\/2009\/04\/abris-de-jardin3-s.jpg 720w, https:\/\/www.avex-asso.org\/dossiers\/wordpress\/wp-content\/uploads\/2009\/04\/abris-de-jardin3-s-300x200.jpg 300w\" sizes=\"auto, (max-width: 720px) 100vw, 720px\" \/><\/a><\/p>\n<p>Une vid\u00e9o de pr\u00e9sentation<\/p>\n<p><a href=\"http:\/\/www.avex-asso.org\/dossiers\/wordpress\/wp-content\/uploads\/2009\/04\/observatoire.avi\">observatoire<\/a><\/p>\n<p><object classid=\"clsid:6bf52a52-394a-11d3-b153-00c04f79faa6\" width=\"720\" height=\"576\" codebase=\"http:\/\/activex.microsoft.com\/activex\/controls\/mplayer\/en\/nsmp2inf.cab#Version=5,1,52,701\"><param name=\"autostart\" value=\"false\" \/><param name=\"url\" value=\"http:\/\/www.avex-asso.org\/dossiers\/wordpress\/wp-content\/uploads\/2009\/04\/observatoire.avi\" \/><param name=\"bgcolor\" value=\"#313f3e\" \/><param name=\"src\" value=\"http:\/\/www.avex-asso.org\/dossiers\/wordpress\/wp-content\/uploads\/2009\/04\/observatoire.avi\" \/><embed type=\"application\/x-mplayer2\" width=\"720\" height=\"576\" src=\"http:\/\/www.avex-asso.org\/dossiers\/wordpress\/wp-content\/uploads\/2009\/04\/observatoire.avi\" bgcolor=\"#313f3e\" url=\"http:\/\/www.avex-asso.org\/dossiers\/wordpress\/wp-content\/uploads\/2009\/04\/observatoire.avi\" autostart=\"false\"><\/embed><\/object><\/p>\n","protected":false},"excerpt":{"rendered":"<p>Introduction. Pourquoi un abris de jardin \u00e0\u00a0priori peut optimis\u00e9 pour l\u2019astronomie plut\u00f4t qu\u2019une coupole ou un abris en dur\u00a0? Une<\/p>\n<p><a href=\"https:\/\/www.avex-asso.org\/dossiers\/wordpress\/dossiers-pratiques\/dossiers-materiels\/observatoire\" class=\"more-link\">Continue reading<span class=\"screen-reader-text\">Observatoire<\/span><\/a><\/p>\n","protected":false},"author":1,"featured_media":0,"parent":47,"menu_order":0,"comment_status":"open","ping_status":"open","template":"","meta":{"footnotes":""},"class_list":["post-122","page","type-page","status-publish","hentry"],"_links":{"self":[{"href":"https:\/\/www.avex-asso.org\/dossiers\/wordpress\/wp-json\/wp\/v2\/pages\/122","targetHints":{"allow":["GET"]}}],"collection":[{"href":"https:\/\/www.avex-asso.org\/dossiers\/wordpress\/wp-json\/wp\/v2\/pages"}],"about":[{"href":"https:\/\/www.avex-asso.org\/dossiers\/wordpress\/wp-json\/wp\/v2\/types\/page"}],"author":[{"embeddable":true,"href":"https:\/\/www.avex-asso.org\/dossiers\/wordpress\/wp-json\/wp\/v2\/users\/1"}],"replies":[{"embeddable":true,"href":"https:\/\/www.avex-asso.org\/dossiers\/wordpress\/wp-json\/wp\/v2\/comments?post=122"}],"version-history":[{"count":12,"href":"https:\/\/www.avex-asso.org\/dossiers\/wordpress\/wp-json\/wp\/v2\/pages\/122\/revisions"}],"predecessor-version":[{"id":568,"href":"https:\/\/www.avex-asso.org\/dossiers\/wordpress\/wp-json\/wp\/v2\/pages\/122\/revisions\/568"}],"up":[{"embeddable":true,"href":"https:\/\/www.avex-asso.org\/dossiers\/wordpress\/wp-json\/wp\/v2\/pages\/47"}],"wp:attachment":[{"href":"https:\/\/www.avex-asso.org\/dossiers\/wordpress\/wp-json\/wp\/v2\/media?parent=122"}],"curies":[{"name":"wp","href":"https:\/\/api.w.org\/{rel}","templated":true}]}}