{"id":1261,"date":"2011-02-17T10:30:41","date_gmt":"2011-02-17T09:30:41","guid":{"rendered":"http:\/\/www.avex-asso.org\/dossiers\/wordpress\/?page_id=1261"},"modified":"2016-07-11T11:13:49","modified_gmt":"2016-07-11T09:13:49","slug":"catalogue-detoiles-g2v","status":"publish","type":"page","link":"https:\/\/www.avex-asso.org\/dossiers\/wordpress\/dossiers-pratiques\/divers\/catalogue-detoiles-g2v","title":{"rendered":"Catalogue d&rsquo;\u00e9toiles G2V"},"content":{"rendered":"<p>Les \u00e9toiles de type G2V sont des etoiles du m\u00eame type que le\u00a0soleil. Elle servent donc de r\u00e9f\u00e9rence pour qualibrer les couche couleur des images d&rsquo;astronomie<\/p>\n<p><strong>[table id =4 \/]<\/strong><\/p>\n","protected":false},"excerpt":{"rendered":"<p>Les \u00e9toiles de type G2V sont des etoiles du m\u00eame type que le\u00a0soleil. Elle servent donc de r\u00e9f\u00e9rence pour qualibrer<\/p>\n<p><a href=\"https:\/\/www.avex-asso.org\/dossiers\/wordpress\/dossiers-pratiques\/divers\/catalogue-detoiles-g2v\" class=\"more-link\">Continue reading<span class=\"screen-reader-text\">Catalogue d&rsquo;\u00e9toiles G2V<\/span><\/a><\/p>\n","protected":false},"author":1,"featured_media":0,"parent":3394,"menu_order":0,"comment_status":"open","ping_status":"closed","template":"","meta":{"footnotes":""},"class_list":["post-1261","page","type-page","status-publish","hentry"],"_links":{"self":[{"href":"https:\/\/www.avex-asso.org\/dossiers\/wordpress\/wp-json\/wp\/v2\/pages\/1261","targetHints":{"allow":["GET"]}}],"collection":[{"href":"https:\/\/www.avex-asso.org\/dossiers\/wordpress\/wp-json\/wp\/v2\/pages"}],"about":[{"href":"https:\/\/www.avex-asso.org\/dossiers\/wordpress\/wp-json\/wp\/v2\/types\/page"}],"author":[{"embeddable":true,"href":"https:\/\/www.avex-asso.org\/dossiers\/wordpress\/wp-json\/wp\/v2\/users\/1"}],"replies":[{"embeddable":true,"href":"https:\/\/www.avex-asso.org\/dossiers\/wordpress\/wp-json\/wp\/v2\/comments?post=1261"}],"version-history":[{"count":4,"href":"https:\/\/www.avex-asso.org\/dossiers\/wordpress\/wp-json\/wp\/v2\/pages\/1261\/revisions"}],"predecessor-version":[{"id":3397,"href":"https:\/\/www.avex-asso.org\/dossiers\/wordpress\/wp-json\/wp\/v2\/pages\/1261\/revisions\/3397"}],"up":[{"embeddable":true,"href":"https:\/\/www.avex-asso.org\/dossiers\/wordpress\/wp-json\/wp\/v2\/pages\/3394"}],"wp:attachment":[{"href":"https:\/\/www.avex-asso.org\/dossiers\/wordpress\/wp-json\/wp\/v2\/media?parent=1261"}],"curies":[{"name":"wp","href":"https:\/\/api.w.org\/{rel}","templated":true}]}}