{"id":1321,"date":"2011-02-23T18:22:41","date_gmt":"2011-02-23T17:22:41","guid":{"rendered":"http:\/\/www.avex-asso.org\/dossiers\/wordpress\/?page_id=1321"},"modified":"2016-07-11T11:09:02","modified_gmt":"2016-07-11T09:09:02","slug":"logiciels-dastronomie","status":"publish","type":"page","link":"https:\/\/www.avex-asso.org\/dossiers\/wordpress\/dossiers-pratiques\/informatique-pratique\/logiciels-dastronomie","title":{"rendered":"Logiciels d&rsquo;astronomie"},"content":{"rendered":"<address>en cour de r\u00e9daction<\/address>\n<div id=\"ez-toc-container\" class=\"ez-toc-v2_0_82_2 counter-hierarchy ez-toc-counter ez-toc-black ez-toc-container-direction\">\n<div class=\"ez-toc-title-container\">\n<p class=\"ez-toc-title\" style=\"cursor:inherit\">Table of Contents<\/p>\n<span class=\"ez-toc-title-toggle\"><a href=\"#\" class=\"ez-toc-pull-right ez-toc-btn ez-toc-btn-xs ez-toc-btn-default ez-toc-toggle\" aria-label=\"Toggle Table of Content\"><span class=\"ez-toc-js-icon-con\"><span class=\"\"><span class=\"eztoc-hide\" style=\"display:none;\">Toggle<\/span><span class=\"ez-toc-icon-toggle-span\"><svg style=\"fill: #999;color:#999\" xmlns=\"http:\/\/www.w3.org\/2000\/svg\" class=\"list-377408\" width=\"20px\" height=\"20px\" viewBox=\"0 0 24 24\" fill=\"none\"><path d=\"M6 6H4v2h2V6zm14 0H8v2h12V6zM4 11h2v2H4v-2zm16 0H8v2h12v-2zM4 16h2v2H4v-2zm16 0H8v2h12v-2z\" fill=\"currentColor\"><\/path><\/svg><svg style=\"fill: #999;color:#999\" class=\"arrow-unsorted-368013\" xmlns=\"http:\/\/www.w3.org\/2000\/svg\" width=\"10px\" height=\"10px\" viewBox=\"0 0 24 24\" version=\"1.2\" baseProfile=\"tiny\"><path d=\"M18.2 9.3l-6.2-6.3-6.2 6.3c-.2.2-.3.4-.3.7s.1.5.3.7c.2.2.4.3.7.3h11c.3 0 .5-.1.7-.3.2-.2.3-.5.3-.7s-.1-.5-.3-.7zM5.8 14.7l6.2 6.3 6.2-6.3c.2-.2.3-.5.3-.7s-.1-.5-.3-.7c-.2-.2-.4-.3-.7-.3h-11c-.3 0-.5.1-.7.3-.2.2-.3.5-.3.7s.1.5.3.7z\"\/><\/svg><\/span><\/span><\/span><\/a><\/span><\/div>\n<nav><ul class='ez-toc-list ez-toc-list-level-1 ' ><li class='ez-toc-page-1 ez-toc-heading-level-2'><a class=\"ez-toc-link ez-toc-heading-1\" href=\"https:\/\/www.avex-asso.org\/dossiers\/wordpress\/dossiers-pratiques\/informatique-pratique\/logiciels-dastronomie\/#Planetarium\" >Plan\u00e9tarium<\/a><ul class='ez-toc-list-level-3' ><li class='ez-toc-heading-level-3'><a class=\"ez-toc-link ez-toc-heading-2\" href=\"https:\/\/www.avex-asso.org\/dossiers\/wordpress\/dossiers-pratiques\/informatique-pratique\/logiciels-dastronomie\/#1_Gratuit\" >1 Gratuit<\/a><ul class='ez-toc-list-level-4' ><li class='ez-toc-heading-level-4'><a class=\"ez-toc-link ez-toc-heading-3\" href=\"https:\/\/www.avex-asso.org\/dossiers\/wordpress\/dossiers-pratiques\/informatique-pratique\/logiciels-dastronomie\/#Carte_du_ciel_V3\" >Carte du ciel V3<\/a><\/li><li class='ez-toc-page-1 ez-toc-heading-level-4'><a class=\"ez-toc-link ez-toc-heading-4\" href=\"https:\/\/www.avex-asso.org\/dossiers\/wordpress\/dossiers-pratiques\/informatique-pratique\/logiciels-dastronomie\/#Stelarium\" >St\u00e9larium<\/a><\/li><\/ul><\/li><li class='ez-toc-page-1 ez-toc-heading-level-3'><a class=\"ez-toc-link ez-toc-heading-5\" href=\"https:\/\/www.avex-asso.org\/dossiers\/wordpress\/dossiers-pratiques\/informatique-pratique\/logiciels-dastronomie\/#2_Payant\" >2 Payant<\/a><\/li><li class='ez-toc-page-1 ez-toc-heading-level-3'><a class=\"ez-toc-link ez-toc-heading-6\" href=\"https:\/\/www.avex-asso.org\/dossiers\/wordpress\/dossiers-pratiques\/informatique-pratique\/logiciels-dastronomie\/#Starrynight_23995\" >Starrynight $239.95<\/a><\/li><\/ul><\/li><li class='ez-toc-page-1 ez-toc-heading-level-2'><a class=\"ez-toc-link ez-toc-heading-7\" href=\"https:\/\/www.avex-asso.org\/dossiers\/wordpress\/dossiers-pratiques\/informatique-pratique\/logiciels-dastronomie\/#Tout_en_un\" >Tout en un<\/a><\/li><li class='ez-toc-page-1 ez-toc-heading-level-2'><a class=\"ez-toc-link ez-toc-heading-8\" href=\"https:\/\/www.avex-asso.org\/dossiers\/wordpress\/dossiers-pratiques\/informatique-pratique\/logiciels-dastronomie\/#Aquistion\" >Aquistion<\/a><ul class='ez-toc-list-level-3' ><li class='ez-toc-heading-level-3'><a class=\"ez-toc-link ez-toc-heading-9\" href=\"https:\/\/www.avex-asso.org\/dossiers\/wordpress\/dossiers-pratiques\/informatique-pratique\/logiciels-dastronomie\/#1_Gratuit-2\" >1 Gratuit<\/a><\/li><li class='ez-toc-page-1 ez-toc-heading-level-3'><a class=\"ez-toc-link ez-toc-heading-10\" href=\"https:\/\/www.avex-asso.org\/dossiers\/wordpress\/dossiers-pratiques\/informatique-pratique\/logiciels-dastronomie\/#2_Payant-2\" >2 Payant<\/a><\/li><\/ul><\/li><li class='ez-toc-page-1 ez-toc-heading-level-2'><a class=\"ez-toc-link ez-toc-heading-11\" href=\"https:\/\/www.avex-asso.org\/dossiers\/wordpress\/dossiers-pratiques\/informatique-pratique\/logiciels-dastronomie\/#Traitement\" >Traitement<\/a><ul class='ez-toc-list-level-3' ><li class='ez-toc-heading-level-3'><a class=\"ez-toc-link ez-toc-heading-12\" href=\"https:\/\/www.avex-asso.org\/dossiers\/wordpress\/dossiers-pratiques\/informatique-pratique\/logiciels-dastronomie\/#1_Gratuit-3\" >1 Gratuit<\/a><\/li><li class='ez-toc-page-1 ez-toc-heading-level-3'><a class=\"ez-toc-link ez-toc-heading-13\" href=\"https:\/\/www.avex-asso.org\/dossiers\/wordpress\/dossiers-pratiques\/informatique-pratique\/logiciels-dastronomie\/#2_Payant-3\" >2 Payant<\/a><\/li><\/ul><\/li><\/ul><\/nav><\/div>\n<h2><span class=\"ez-toc-section\" id=\"Planetarium\"><\/span>Plan\u00e9tarium<span class=\"ez-toc-section-end\"><\/span><\/h2>\n<h3><span class=\"ez-toc-section\" id=\"1_Gratuit\"><\/span>1 Gratuit<span class=\"ez-toc-section-end\"><\/span><\/h3>\n<h4><span class=\"ez-toc-section\" id=\"Carte_du_ciel_V3\"><\/span><a href=\"http:\/\/www.ap-i.net\/skychart\/\">Carte du ciel V3<\/a><span class=\"ez-toc-section-end\"><\/span><\/h4>\n<p><img loading=\"lazy\" decoding=\"async\" src=\"http:\/\/www.avex-asso.org\/dossiers\/wordpress\/wp-content\/uploads\/2011\/02\/stars15.jpg\" alt=\"\" width=\"500\" height=\"160\" \/><\/p>\n<p>le plus connu, le plus personalisable.\u00a0Dispose\u00a0de catalogues d&rsquo;etoile\u00a0optionnel\u00a0consid\u00e9rable (\u00e9toiles\u00a0jusqu\u2019\u00e0\u00a0mag 16)<\/p>\n<p>en revanche son ergonomie est parfois jug\u00e9 comme \u00ab\u00a0moyenne\u00a0\u00bb<\/p>\n<h4><span class=\"ez-toc-section\" id=\"Stelarium\"><\/span><a href=\"http:\/\/stellarium.org\/\">St\u00e9larium<\/a><span class=\"ez-toc-section-end\"><\/span><\/h4>\n<p><img loading=\"lazy\" decoding=\"async\" src=\"http:\/\/www.avex-asso.org\/dossiers\/wordpress\/wp-content\/uploads\/2011\/02\/0.10-constellations11.jpg\" alt=\"\" width=\"322\" height=\"242\" \/><img loading=\"lazy\" decoding=\"async\" src=\"http:\/\/www.avex-asso.org\/dossiers\/wordpress\/wp-content\/uploads\/2011\/02\/0.10-planets10.jpg\" alt=\"\" width=\"322\" height=\"241\" \/><\/p>\n<p>Peut\u00a0\u00eatre\u00a0le plus beau des gratuit, ergonomie\u00a0sympathique\u00a0quoique d\u00e9routante au d\u00e9buts, rendu somptueux.<\/p>\n<p>On\u00a0regrette\u00a0son manque d&rsquo;option et de\u00a0personnalisation<\/p>\n<h3><span class=\"ez-toc-section\" id=\"2_Payant\"><\/span>2 Payant<span class=\"ez-toc-section-end\"><\/span><\/h3>\n<h3><span class=\"ez-toc-section\" id=\"Starrynight_23995\"><\/span>Starrynight $239.95<span class=\"ez-toc-section-end\"><\/span><\/h3>\n<p><img loading=\"lazy\" decoding=\"async\" src=\"http:\/\/www.avex-asso.org\/dossiers\/wordpress\/wp-content\/uploads\/2011\/02\/ES.26.jpg\" alt=\"\" width=\"427\" height=\"274\" \/><\/p>\n<p>tout simplement le meilleur logiciel de plant\u00e9arium. somptueux, ing\u00e9nieux, ludique, complet, soign\u00e9, personalisable.on ne vois pas tres bien quel default on pourai lui imputer, a part son prix&#8230; Un ecran<\/p>\n<h2><span class=\"ez-toc-section\" id=\"Tout_en_un\"><\/span>Tout en un<span class=\"ez-toc-section-end\"><\/span><\/h2>\n<p>Payant<\/p>\n<p>maximDl<\/p>\n<p>Prism7<\/p>\n<h2><span class=\"ez-toc-section\" id=\"Aquistion\"><\/span>Aquistion<span class=\"ez-toc-section-end\"><\/span><\/h2>\n<h3><span class=\"ez-toc-section\" id=\"1_Gratuit-2\"><\/span>1 Gratuit<span class=\"ez-toc-section-end\"><\/span><\/h3>\n<p>Iris<\/p>\n<p>Guidemaster (plugin)<\/p>\n<h3><span class=\"ez-toc-section\" id=\"2_Payant-2\"><\/span>2 Payant<span class=\"ez-toc-section-end\"><\/span><\/h3>\n<h2><span class=\"ez-toc-section\" id=\"Traitement\"><\/span>Traitement<span class=\"ez-toc-section-end\"><\/span><\/h2>\n<h3><span class=\"ez-toc-section\" id=\"1_Gratuit-3\"><\/span>1 Gratuit<span class=\"ez-toc-section-end\"><\/span><\/h3>\n<p>iris<\/p>\n<p>deepskystaker<\/p>\n<h3><span class=\"ez-toc-section\" id=\"2_Payant-3\"><\/span>2 Payant<span class=\"ez-toc-section-end\"><\/span><\/h3>\n","protected":false},"excerpt":{"rendered":"<p>en cour de r\u00e9daction Plan\u00e9tarium 1 Gratuit Carte du ciel V3 le plus connu, le plus personalisable.\u00a0Dispose\u00a0de catalogues d&rsquo;etoile\u00a0optionnel\u00a0consid\u00e9rable (\u00e9toiles\u00a0jusqu\u2019\u00e0\u00a0mag<\/p>\n<p><a href=\"https:\/\/www.avex-asso.org\/dossiers\/wordpress\/dossiers-pratiques\/informatique-pratique\/logiciels-dastronomie\" class=\"more-link\">Continue reading<span class=\"screen-reader-text\">Logiciels d&rsquo;astronomie<\/span><\/a><\/p>\n","protected":false},"author":1,"featured_media":0,"parent":3390,"menu_order":0,"comment_status":"open","ping_status":"closed","template":"","meta":{"footnotes":""},"class_list":["post-1321","page","type-page","status-publish","hentry"],"_links":{"self":[{"href":"https:\/\/www.avex-asso.org\/dossiers\/wordpress\/wp-json\/wp\/v2\/pages\/1321","targetHints":{"allow":["GET"]}}],"collection":[{"href":"https:\/\/www.avex-asso.org\/dossiers\/wordpress\/wp-json\/wp\/v2\/pages"}],"about":[{"href":"https:\/\/www.avex-asso.org\/dossiers\/wordpress\/wp-json\/wp\/v2\/types\/page"}],"author":[{"embeddable":true,"href":"https:\/\/www.avex-asso.org\/dossiers\/wordpress\/wp-json\/wp\/v2\/users\/1"}],"replies":[{"embeddable":true,"href":"https:\/\/www.avex-asso.org\/dossiers\/wordpress\/wp-json\/wp\/v2\/comments?post=1321"}],"version-history":[{"count":3,"href":"https:\/\/www.avex-asso.org\/dossiers\/wordpress\/wp-json\/wp\/v2\/pages\/1321\/revisions"}],"predecessor-version":[{"id":1369,"href":"https:\/\/www.avex-asso.org\/dossiers\/wordpress\/wp-json\/wp\/v2\/pages\/1321\/revisions\/1369"}],"up":[{"embeddable":true,"href":"https:\/\/www.avex-asso.org\/dossiers\/wordpress\/wp-json\/wp\/v2\/pages\/3390"}],"wp:attachment":[{"href":"https:\/\/www.avex-asso.org\/dossiers\/wordpress\/wp-json\/wp\/v2\/media?parent=1321"}],"curies":[{"name":"wp","href":"https:\/\/api.w.org\/{rel}","templated":true}]}}