{"id":1475,"date":"2012-09-29T13:49:52","date_gmt":"2012-09-29T11:49:52","guid":{"rendered":"http:\/\/www.avex-asso.org\/dossiers\/wordpress\/?page_id=1475"},"modified":"2016-07-11T11:05:17","modified_gmt":"2016-07-11T09:05:17","slug":"fond-decran-multi-resolution","status":"publish","type":"page","link":"https:\/\/www.avex-asso.org\/dossiers\/wordpress\/tutoriels-logiciels\/archives-materiels\/fond-decran-multi-resolution","title":{"rendered":"Fond d&rsquo;\u00e9cran multi r\u00e9solution"},"content":{"rendered":"<p>Avex vous propose de fond d&rsquo;\u00e9cran, adapt\u00e9 aux diff\u00e9rents \u00e9crans du commerces<\/p>\n<p>pour connaitre votre r\u00e9solution d&rsquo;\u00e9cran : sous windows : faire<\/p>\n<p>clic droit sur le bureau =&gt; propri\u00e9t\u00e9<\/p>\n<p>onglet \u00ab\u00a0parametres\u00a0\u00bb<\/p>\n<p>AVEX 2012 :<\/p>\n<p>Voici le fond d\u2019\u00e9cran AVEX 2012 au format HD ( 1920&#215;1080 ) adaptable sur tous les \u00e9crans panoramique 16\/9 et 16\/10 :\u00a0\u00bbband-of-brother banni\u00e8re site global banni\u00e8re 2001-2012 1920&#215;1080&Prime;<\/p>\n<figure style=\"width: 691px\" class=\"wp-caption alignnone\"><img loading=\"lazy\" decoding=\"async\" class=\"   \" title=\"Band Of Brother AVEX 2012 - 16\/10\" src=\"http:\/\/www.avex-asso.org\/forum\/download\/file.php?mode=view&amp;id=875\" alt=\"Band Of Brother AVEX 2012 - 16\/10\" width=\"691\" height=\"389\" \/><figcaption class=\"wp-caption-text\">Band Of Brother AVEX 2012 &#8211; 16\/10<\/figcaption><\/figure>\n<p>Et la m\u00eame mais pour les \u00e9crans 4\/3 ( 1280&#215;1024 ) : \u00ab\u00a0band-of-brother banniere site global banniere 2001-2012 1280&#215;1024\u00a0\u00bb<\/p>\n<figure style=\"width: 461px\" class=\"wp-caption alignnone\"><img loading=\"lazy\" decoding=\"async\" class=\"  \" title=\"Band Of Brother AVEX 2012 - 4\/3\" src=\"http:\/\/www.avex-asso.org\/dossiers\/wordpress\/wp-content\/uploads\/2012\/09\/710877bandofbrotherbannieresiteglobalbanniere200120121280x1024.jpg\" alt=\"Band Of Brother AVEX 2012 - 4\/3\" width=\"461\" height=\"368\" \/><figcaption class=\"wp-caption-text\">Band Of Brother AVEX 2012 &#8211; 4\/3<\/figcaption><\/figure>\n<p>&#8212;&#8212;<\/p>\n<p>20 mai 2011<\/p>\n<p>La lune et la terre vue depuis l&rsquo;a Station Spaciale Internationnale<\/p>\n<p>fond d&rsquo;\u00e9cran disponible<\/p>\n<p>&nbsp;<\/p>\n<table style=\"width: 400px;\" summary=\"cliquez sur la r\u00e9solution correpondante a votre ordinateur\" border=\"0\" cellspacing=\"1\" cellpadding=\"1\">\n<caption>Classique \u00a0 \u00a0 \u00a0 \u00a0 \u00a0 \u00a0 \u00a0&#8211; \u00a0 \u00a0 \u00a0 \u00a0 \u00a0 \u00a0 Panoramique ( Wide)\u00a0<\/caption>\n<tbody>\n<tr>\n<td>\n<table style=\"width: 400px;\" border=\"0\" cellspacing=\"3\" cellpadding=\"3\" align=\"center\">\n<tbody>\n<tr>\n<td style=\"text-align: center;\">1024&#215;768<\/td>\n<td style=\"text-align: center;\">1280&#215;800<\/td>\n<\/tr>\n<tr>\n<td style=\"text-align: center;\">1280&#215;1024<\/td>\n<td style=\"text-align: center;\">1440&#215;900<\/td>\n<\/tr>\n<tr>\n<td style=\"text-align: center;\">1440&#215;1050<\/td>\n<td style=\"text-align: center;\">1600&#215;900<\/td>\n<\/tr>\n<tr>\n<td style=\"text-align: center;\">1600&#215;1200<\/td>\n<td style=\"text-align: center;\">1680&#215;1050<\/td>\n<\/tr>\n<tr>\n<td style=\"text-align: center;\">1920&#215;1440<\/td>\n<td style=\"text-align: center;\">1920&#215;1080<\/td>\n<\/tr>\n<tr>\n<td style=\"text-align: center;\"><\/td>\n<td style=\"text-align: center;\">1920&#215;1200<\/td>\n<\/tr>\n<tr>\n<td><\/td>\n<td style=\"text-align: center;\">2560&#215;1440<\/td>\n<\/tr>\n<tr>\n<td style=\"text-align: center;\"><\/td>\n<td style=\"text-align: center;\">2560&#215;1600<\/td>\n<\/tr>\n<\/tbody>\n<\/table>\n<\/td>\n<td><\/td>\n<\/tr>\n<\/tbody>\n<\/table>\n<p>&nbsp;<\/p>\n<p><img loading=\"lazy\" decoding=\"async\" src=\"http:\/\/www.avex-asso.org\/dossiers\/wordpress\/wp-content\/uploads\/800x600.jpg\" alt=\"\" width=\"800\" height=\"600\" \/><\/p>\n<p>&nbsp;<\/p>\n","protected":false},"excerpt":{"rendered":"<p>Avex vous propose de fond d&rsquo;\u00e9cran, adapt\u00e9 aux diff\u00e9rents \u00e9crans du commerces pour connaitre votre r\u00e9solution d&rsquo;\u00e9cran : sous windows<\/p>\n<p><a href=\"https:\/\/www.avex-asso.org\/dossiers\/wordpress\/tutoriels-logiciels\/archives-materiels\/fond-decran-multi-resolution\" class=\"more-link\">Continue reading<span class=\"screen-reader-text\">Fond d&rsquo;\u00e9cran multi r\u00e9solution<\/span><\/a><\/p>\n","protected":false},"author":1,"featured_media":0,"parent":3384,"menu_order":15,"comment_status":"open","ping_status":"closed","template":"","meta":{"footnotes":""},"class_list":["post-1475","page","type-page","status-publish","hentry"],"_links":{"self":[{"href":"https:\/\/www.avex-asso.org\/dossiers\/wordpress\/wp-json\/wp\/v2\/pages\/1475","targetHints":{"allow":["GET"]}}],"collection":[{"href":"https:\/\/www.avex-asso.org\/dossiers\/wordpress\/wp-json\/wp\/v2\/pages"}],"about":[{"href":"https:\/\/www.avex-asso.org\/dossiers\/wordpress\/wp-json\/wp\/v2\/types\/page"}],"author":[{"embeddable":true,"href":"https:\/\/www.avex-asso.org\/dossiers\/wordpress\/wp-json\/wp\/v2\/users\/1"}],"replies":[{"embeddable":true,"href":"https:\/\/www.avex-asso.org\/dossiers\/wordpress\/wp-json\/wp\/v2\/comments?post=1475"}],"version-history":[{"count":11,"href":"https:\/\/www.avex-asso.org\/dossiers\/wordpress\/wp-json\/wp\/v2\/pages\/1475\/revisions"}],"predecessor-version":[{"id":2716,"href":"https:\/\/www.avex-asso.org\/dossiers\/wordpress\/wp-json\/wp\/v2\/pages\/1475\/revisions\/2716"}],"up":[{"embeddable":true,"href":"https:\/\/www.avex-asso.org\/dossiers\/wordpress\/wp-json\/wp\/v2\/pages\/3384"}],"wp:attachment":[{"href":"https:\/\/www.avex-asso.org\/dossiers\/wordpress\/wp-json\/wp\/v2\/media?parent=1475"}],"curies":[{"name":"wp","href":"https:\/\/api.w.org\/{rel}","templated":true}]}}