{"id":158,"date":"2010-03-18T13:01:54","date_gmt":"2010-03-18T12:01:54","guid":{"rendered":"http:\/\/avex.org.free.fr\/dossiers\/?page_id=158"},"modified":"2022-11-21T11:15:49","modified_gmt":"2022-11-21T10:15:49","slug":"echantillonnage","status":"publish","type":"page","link":"https:\/\/www.avex-asso.org\/dossiers\/wordpress\/dossiers-pratiques\/informatique-pratique\/echantillonnage","title":{"rendered":"L\u2019\u00e9chantillonnage."},"content":{"rendered":"<div id=\"ez-toc-container\" class=\"ez-toc-v2_0_82_2 counter-hierarchy ez-toc-counter ez-toc-black ez-toc-container-direction\">\n<div class=\"ez-toc-title-container\">\n<p class=\"ez-toc-title\" style=\"cursor:inherit\">Table of Contents<\/p>\n<span class=\"ez-toc-title-toggle\"><a href=\"#\" class=\"ez-toc-pull-right ez-toc-btn ez-toc-btn-xs ez-toc-btn-default ez-toc-toggle\" aria-label=\"Toggle Table of Content\"><span class=\"ez-toc-js-icon-con\"><span class=\"\"><span class=\"eztoc-hide\" style=\"display:none;\">Toggle<\/span><span class=\"ez-toc-icon-toggle-span\"><svg style=\"fill: #999;color:#999\" xmlns=\"http:\/\/www.w3.org\/2000\/svg\" class=\"list-377408\" width=\"20px\" height=\"20px\" viewBox=\"0 0 24 24\" fill=\"none\"><path d=\"M6 6H4v2h2V6zm14 0H8v2h12V6zM4 11h2v2H4v-2zm16 0H8v2h12v-2zM4 16h2v2H4v-2zm16 0H8v2h12v-2z\" fill=\"currentColor\"><\/path><\/svg><svg style=\"fill: #999;color:#999\" class=\"arrow-unsorted-368013\" xmlns=\"http:\/\/www.w3.org\/2000\/svg\" width=\"10px\" height=\"10px\" viewBox=\"0 0 24 24\" version=\"1.2\" baseProfile=\"tiny\"><path d=\"M18.2 9.3l-6.2-6.3-6.2 6.3c-.2.2-.3.4-.3.7s.1.5.3.7c.2.2.4.3.7.3h11c.3 0 .5-.1.7-.3.2-.2.3-.5.3-.7s-.1-.5-.3-.7zM5.8 14.7l6.2 6.3 6.2-6.3c.2-.2.3-.5.3-.7s-.1-.5-.3-.7c-.2-.2-.4-.3-.7-.3h-11c-.3 0-.5.1-.7.3-.2.2-.3.5-.3.7s.1.5.3.7z\"\/><\/svg><\/span><\/span><\/span><\/a><\/span><\/div>\n<nav><ul class='ez-toc-list ez-toc-list-level-1 ' ><ul class='ez-toc-list-level-4' ><li class='ez-toc-heading-level-4'><ul class='ez-toc-list-level-4' ><li class='ez-toc-heading-level-4'><a class=\"ez-toc-link ez-toc-heading-1\" href=\"https:\/\/www.avex-asso.org\/dossiers\/wordpress\/dossiers-pratiques\/informatique-pratique\/echantillonnage\/#Cet_article_est_un_article_dinitiation_a_la_notion_dechantillonnage\" >Cet article est un article d&rsquo;initiation \u00e0 la notion d&rsquo;\u00e9chantillonnage.<\/a><\/li><li class='ez-toc-page-1 ez-toc-heading-level-4'><a class=\"ez-toc-link ez-toc-heading-2\" href=\"https:\/\/www.avex-asso.org\/dossiers\/wordpress\/dossiers-pratiques\/informatique-pratique\/echantillonnage\/#Lechantillonnage_quest-ce_que_cest\" >L&rsquo;\u00e9chantillonnage, qu&rsquo;est-ce que c&rsquo;est ?<\/a><\/li><li class='ez-toc-page-1 ez-toc-heading-level-4'><a class=\"ez-toc-link ez-toc-heading-3\" href=\"https:\/\/www.avex-asso.org\/dossiers\/wordpress\/dossiers-pratiques\/informatique-pratique\/echantillonnage\/#Jusquou_ne_pas_aller_trop_loin\" >Jusqu\u2019o\u00f9 ne pas aller trop loin\u00a0?<\/a><\/li><li class='ez-toc-page-1 ez-toc-heading-level-4'><a class=\"ez-toc-link ez-toc-heading-4\" href=\"https:\/\/www.avex-asso.org\/dossiers\/wordpress\/dossiers-pratiques\/informatique-pratique\/echantillonnage\/#Application_a_lastronomie\" >Application \u00e0 l\u2019astronomie\u00a0:<\/a><\/li><li class='ez-toc-page-1 ez-toc-heading-level-4'><a class=\"ez-toc-link ez-toc-heading-5\" href=\"https:\/\/www.avex-asso.org\/dossiers\/wordpress\/dossiers-pratiques\/informatique-pratique\/echantillonnage\/#En_pratique\" >En pratique\u00a0:<\/a><\/li><\/ul><\/li><\/ul><\/li><li class='ez-toc-page-1 ez-toc-heading-level-2'><a class=\"ez-toc-link ez-toc-heading-6\" href=\"https:\/\/www.avex-asso.org\/dossiers\/wordpress\/dossiers-pratiques\/informatique-pratique\/echantillonnage\/#Calcul_Echantillonnage\" >Calcul_\u00c9chantillonnage<\/a><\/li><\/ul><\/nav><\/div>\n<h4 class=\"MsoNormal\" style=\"text-align: justify;\"><span class=\"ez-toc-section\" id=\"Cet_article_est_un_article_dinitiation_a_la_notion_dechantillonnage\"><\/span>Cet article est un article d&rsquo;initiation \u00e0 la notion d&rsquo;\u00e9chantillonnage.<span class=\"ez-toc-section-end\"><\/span><\/h4>\n<p class=\"MsoNormal\" style=\"text-align: justify;\"><a title=\"Echantillonnage\" href=\"http:\/\/www.avex-asso.org\/dossiers\/wordpress\/wp-content\/uploads\/2010\/03\/echantillonnage.pdf\">La version pdf de cet article peut \u00eatre t\u00e9l\u00e9charg\u00e9e ici<\/a><\/p>\n<h4 class=\"MsoNormal\" style=\"text-align: justify;\"><span class=\"ez-toc-section\" id=\"Lechantillonnage_quest-ce_que_cest\"><\/span><strong><u>L&rsquo;\u00e9chantillonnage, qu&rsquo;est-ce que c&rsquo;est ? <\/u><\/strong><span class=\"ez-toc-section-end\"><\/span><\/h4>\n<p class=\"MsoNormal\" style=\"text-align: justify;\">La conversion d\u2019un signal analogique en un signal num\u00e9rique n\u00e9cessite l\u2019\u00e9chantillonnage du signal analogique d\u2019origine. Cet \u00e9chantillonnage consiste \u00e0 repr\u00e9senter un signal analogique continu par une s\u00e9rie de mesures successives. Ces mesures sont faites \u00e0 une certaine cadence\u00a0: deux valeurs cons\u00e9cutives sont ainsi s\u00e9par\u00e9es par un intervalle constant (intervalle de temps, de distance, ou de toute autre grandeur). Cet intervalle constant est le pas d\u2019\u00e9chantillonnage.<\/p>\n<p>&nbsp;<\/p>\n<p style=\"text-align: center;\"><a title=\"Echantillonnage\" href=\"http:\/\/www.avex-asso.org\/dossiers\/wordpress\/wp-content\/uploads\/2010\/03\/echantillonnage1.gif\"><img loading=\"lazy\" decoding=\"async\" src=\"http:\/\/www.avex-asso.org\/dossiers\/wordpress\/wp-content\/uploads\/2010\/03\/echantillonnage1.gif\" alt=\"Echantillonnage\" width=\"620\" height=\"1085\" \/><\/a><\/p>\n<p class=\"MsoNormal\">D\u2019ores et d\u00e9j\u00e0, on se rend bien compte que plus le pas d\u2019\u00e9chantillonnage est fin, plus le signal \u00e9chantillonn\u00e9 sera proche du signal d\u2019origine. N\u00e9anmoins, si le pas d\u2019\u00e9chantillonnage est trop fin, on ne gagnera plus grand-chose (signal \u00e9chantillonn\u00e9 tr\u00e8s fid\u00e8le au signal analogique d\u2019origine) mais on multipliera la quantit\u00e9\u00a0 de donn\u00e9es \u00e0 stocker.<\/p>\n<h4 class=\"MsoNormal\" style=\"text-align: justify;\"><span class=\"ez-toc-section\" id=\"Jusquou_ne_pas_aller_trop_loin\"><\/span><strong><u>Jusqu\u2019o\u00f9 ne pas aller trop loin\u00a0?<\/u><\/strong><span class=\"ez-toc-section-end\"><\/span><\/h4>\n<p class=\"MsoNormal\" style=\"text-align: justify;\">Le bon \u00e9chantillonnage est celui qui permet de restituer toute l&rsquo;information contenue dans le signal analogique d&rsquo;origine. C\u2019est l\u00e0 qu\u2019intervient le th\u00e9or\u00e8me de l\u2019\u00e9chantillonnage de <em>Nyquist-Shannon<\/em>. Il nous dit que le pas d\u2019\u00e9chantillonnage doit \u00eatre entre 2 et 3 fois plus petit que le plus petit d\u00e9tail enregistrable.<\/p>\n<p class=\"MsoNormal\" style=\"text-align: justify;\">L\u2019exemple classique est celui de la num\u00e9risation d\u2019un signal sonore\u00a0: l\u2019oreille humaine est sensible \u00e0 des fr\u00e9quences pouvant atteindre 16 \u00e0 22 kHz, selon les individus. Pour bien restituer toute l\u2019information que l\u2019oreille est capable d\u2019entendre, il faut donc \u00e9chantillonner \u00e0 une fr\u00e9quence 2 \u00e0 3 fois plus \u00e9lev\u00e9e. C\u2019est la raison pour laquelle l\u2019industrie du disque a choisi comme standard d\u2019\u00e9chantillonnage une fr\u00e9quence de 44 kHz.<\/p>\n<h4><span class=\"ez-toc-section\" id=\"Application_a_lastronomie\"><\/span><strong><u>Application \u00e0 l\u2019astronomie\u00a0:<\/u><\/strong><span class=\"ez-toc-section-end\"><\/span><\/h4>\n<p class=\"MsoNormal\" style=\"text-align: justify;\">\u00a0En astronomie, la notion d\u2019\u00e9chantillonnage se retrouve en imagerie, mais aussi, d\u2019une certaine mani\u00e8re, en observation visuelle\u00a0: l\u2019image doit \u00eatre projet\u00e9 sur le d\u00e9tecteur (\u0153il ou d\u00e9tecteur \u00e9lectronique) de mani\u00e8re \u00e0 ce que le plus petit d\u00e9tail fourni par l\u2019instrument soit plus grand que la taille des cellules charg\u00e9es de la d\u00e9tection (c\u00f4nes* ou b\u00e2tonnets* pour l\u2019\u0153il, pixels pour les d\u00e9tecteurs \u00e9lectroniques).<\/p>\n<p>&nbsp;<\/p>\n<p class=\"MsoNormal\" style=\"text-align: justify;\"><em>(*) le diam\u00e8tre moyen des c\u00f4nes et des b\u00e2tonnets est d\u2019environ 5 \u00b5m.<\/em><\/p>\n<p class=\"MsoNormal\" style=\"text-align: justify;\">\u00a0Ce plus petit d\u00e9tail fourni d\u00e9pend essentiellement de deux param\u00e8tres\u00a0: le diam\u00e8tre de l\u2019instrument, et l\u2019amplitude de la turbulence atmosph\u00e9rique durant l\u2019enregistrement.<\/p>\n<p>&nbsp;<\/p>\n<p class=\"MsoNormal\" style=\"text-align: justify;\">Si la turbulence est inf\u00e9rieure \u00e0 la r\u00e9solution de l\u2019instrument (ou pouvoir s\u00e9parateur), la r\u00e9solution maximale sera celle de l\u2019instrument.<\/p>\n<p class=\"MsoNormal\" style=\"text-align: justify;\">En revanche, si l\u2019amplitude de la turbulence est sup\u00e9rieure \u00e0 la r\u00e9solution th\u00e9orique de l\u2019instrument, celui-ci sera \u201cbrid\u00e9\u201c et la r\u00e9solution maximale accessible ce soir l\u00e0 sera celle de la turbulence<\/p>\n<p class=\"MsoNormal\" style=\"text-align: justify;\">\u00a0En imagerie plan\u00e9taire, si la turbulence atmosph\u00e9rique est plus lente que la cadence d\u2019acquisition des images, alors son amplitude apparente est r\u00e9duite. Ex. si la turbulence varie progressivement de 2 secondes d\u2019arc (not\u00e9 2\u201d) en 1 seconde, son amplitude sur 1\/10<sup>e<\/sup> de seconde sera de 0,2\u201d. Si la cam\u00e9ra image la plan\u00e8te \u00e0 plus de 10 images par seconde, la turbulence apparente sera de 0,2\u201d\u00a0! C\u2019est pour cela que les d\u00e9tecteurs de type webcam ont connu un tel succ\u00e8s ces derni\u00e8res ann\u00e9es.<\/p>\n<p>&nbsp;<\/p>\n<p><!--[endif]--><\/p>\n<h4 class=\"MsoNormal\" style=\"text-align: justify;\"><span class=\"ez-toc-section\" id=\"En_pratique\"><\/span><strong><u>En pratique\u00a0:<\/u><\/strong><span class=\"ez-toc-section-end\"><\/span><\/h4>\n<p class=\"MsoNormal\" style=\"text-align: justify;\">Pour un instrument de 200 mm de diam\u00e8tre, le pouvoir s\u00e9parateur est\u00a0:<\/p>\n<p class=\"MsoNormal\" style=\"text-align: justify;\"><a title=\"Equation1\" href=\"http:\/\/www.avex-asso.org\/dossiers\/wordpress\/wp-content\/uploads\/2010\/03\/equation1.gif\"><img loading=\"lazy\" decoding=\"async\" src=\"http:\/\/www.avex-asso.org\/dossiers\/wordpress\/wp-content\/uploads\/2010\/03\/equation1.gif\" alt=\"Equation1\" width=\"164\" height=\"50\" \/><\/a><\/p>\n<p class=\"MsoNormal\">avec \u03bb = longueur d\u2019onde de la lumi\u00e8re (en nanom\u00e8tres) et \u00d8 = diam\u00e8tre de l\u2019instrument (en millim\u00e8tres)<\/p>\n<p class=\"MsoNormal\" style=\"text-align: justify;\">Pour une longueur d\u2019onde moyenne (550 nm = vert-jaune), cet instrument a un pouvoir s\u00e9parateur de 0,7\u201d.<\/p>\n<p class=\"MsoNormal\" style=\"text-align: justify;\">\u00a0A noter\u00a0: la r\u00e9solution de l\u2019instrument est meilleure dans le bleu (\u03bb &lt; 450 nm \u2192 R &lt; 0,5\u201d) que dans le rouge (\u03bb &gt; 625 nm \u2192 R &gt; 0,9\u201d).<\/p>\n<p>&nbsp;<\/p>\n<p class=\"MsoNormal\" style=\"text-align: justify;\"><strong><em>Cas n\u00b01\u00a0: Turbulence &lt; pouvoir s\u00e9parateur de l\u2019instrument<\/em><\/strong><\/p>\n<p class=\"MsoNormal\" style=\"text-align: justify;\"><!-- [if gte vml 1]><v :shape id=\"_x0000_i1031\" type=\"#_x0000_t75\" style='width:291.75pt;height:28.5pt; mso-position-horizontal:absolute'>\n<v :imagedata src=\"file:\/\/\/E:\\TEMP_U~1\\vincent\\msohtml1\\01\\clip_image007.gif\" o:title=\"Equation2\"\/>\n<\/v>< ![endif]--><!-- [if !vml]--><a title=\"Equation2\" href=\"http:\/\/www.avex-asso.org\/dossiers\/wordpress\/wp-content\/uploads\/2010\/03\/equation2.gif\"><img loading=\"lazy\" decoding=\"async\" src=\"http:\/\/www.avex-asso.org\/dossiers\/wordpress\/wp-content\/uploads\/2010\/03\/equation2.gif\" alt=\"Equation2\" width=\"446\" height=\"50\" \/><\/a><!--[endif]--><\/p>\n<p class=\"MsoNormal\" style=\"text-align: justify;\">\u00a0<strong><em>Cas n\u00b02\u00a0: Imagerie du ciel profond (20 minutes de pose), turbulence (amplitude de 3\u201d sur 20 minutes)<\/em><\/strong><\/p>\n<p class=\"MsoNormal\" style=\"text-align: justify;\">\u00a0<!-- [if gte vml 1]><v :shape id=\"_x0000_i1032\" type=\"#_x0000_t75\" style='width:291.75pt;height:28.5pt; mso-position-horizontal:absolute'>\n<v :imagedata src=\"file:\/\/\/E:\\TEMP_U~1\\vincent\\msohtml1\\01\\clip_image009.gif\" o:title=\"Equation3\"\/>\n<\/v>< ![endif]--><!-- [if !vml]--><a title=\"Equation3\" href=\"http:\/\/www.avex-asso.org\/dossiers\/wordpress\/wp-content\/uploads\/2010\/03\/equation3.gif\"><img loading=\"lazy\" decoding=\"async\" src=\"http:\/\/www.avex-asso.org\/dossiers\/wordpress\/wp-content\/uploads\/2010\/03\/equation3.gif\" alt=\"Equation3\" width=\"460\" height=\"50\" \/><\/a><!--[endif]--><\/p>\n<p class=\"MsoNormal\" style=\"text-align: justify;\">\u00a0<strong><em>Cas n\u00b03\u00a0: Imagerie plan\u00e9taire (films \u00e0 10 images\/s), turbulence (amplitude de 1\u201d en 1\/10<sup>e<\/sup> de seconde)<\/em><\/strong><\/p>\n<p class=\"MsoNormal\" style=\"text-align: justify;\">\u00a0<!-- [if gte vml 1]><v :shape id=\"_x0000_i1033\" type=\"#_x0000_t75\" style='width:291.75pt;height:28.5pt; mso-position-horizontal:absolute'>\n<v :imagedata src=\"file:\/\/\/E:\\TEMP_U~1\\vincent\\msohtml1\\01\\clip_image011.gif\" o:title=\"Equation4\"\/>\n<\/v>< ![endif]--><!-- [if !vml]--><a title=\"Equation4\" href=\"http:\/\/www.avex-asso.org\/dossiers\/wordpress\/wp-content\/uploads\/2010\/03\/equation4.gif\"><img loading=\"lazy\" decoding=\"async\" src=\"http:\/\/www.avex-asso.org\/dossiers\/wordpress\/wp-content\/uploads\/2010\/03\/equation4.gif\" alt=\"Equation4\" width=\"492\" height=\"50\" \/><\/a><!--[endif]--><\/p>\n<p class=\"MsoNormal\" style=\"text-align: justify;\">\u00a0<strong>Calcul de la focale r\u00e9sultante n\u00e9cessaire\u00a0:<\/strong><\/p>\n<p class=\"MsoNormal\" style=\"text-align: justify;\">\u00a0L\u2019\u00e9chantillonnage effectif d\u00e9pend de deux param\u00e8tres\u00a0: la focale de l\u2019instrument et la taille des pixels du d\u00e9tecteur. Pour un d\u00e9tecteur donn\u00e9, il convient donc d\u2019adapter la focale pour que l\u2019\u00e9chantillonnage effectif soit \u00e9gal \u00e0 l\u2019\u00e9chantillonnage id\u00e9al\u00a0!<\/p>\n<p class=\"MsoNormal\" style=\"text-align: justify;\">\u00a0<!-- [if gte vml 1]><v :shape id=\"_x0000_i1034\" type=\"#_x0000_t75\" style='width:291.75pt;height:28.5pt; mso-position-horizontal:absolute'>\n<v :imagedata src=\"file:\/\/\/E:\\TEMP_U~1\\vincent\\msohtml1\\01\\clip_image013.gif\" o:title=\"Equation5\"\/>\n<\/v>< ![endif]--><!-- [if !vml]--><a title=\"Equation5\" href=\"http:\/\/www.avex-asso.org\/dossiers\/wordpress\/wp-content\/uploads\/2010\/03\/equation5.gif\"><img loading=\"lazy\" decoding=\"async\" src=\"http:\/\/www.avex-asso.org\/dossiers\/wordpress\/wp-content\/uploads\/2010\/03\/equation5.gif\" alt=\"Equation5\" width=\"463\" height=\"50\" \/><\/a><!--[endif]--><\/p>\n<p class=\"MsoNormal\" style=\"text-align: justify;\">\u00a0Donc, la focale id\u00e9ale est \u00e9gale est donn\u00e9e par la formule suivante\u00a0:<\/p>\n<p>&nbsp;<\/p>\n<p class=\"MsoNormal\" style=\"text-align: justify;\">\u00a0<!-- [if gte vml 1]><v :shape id=\"_x0000_i1035\" type=\"#_x0000_t75\" style='width:291.75pt;height:28.5pt; mso-position-horizontal:absolute'>\n<v :imagedata src=\"file:\/\/\/E:\\TEMP_U~1\\vincent\\msohtml1\\01\\clip_image015.gif\" o:title=\"Equation6\"\/>\n<\/v>< ![endif]--><!-- [if !vml]--><a title=\"Equation6\" href=\"http:\/\/www.avex-asso.org\/dossiers\/wordpress\/wp-content\/uploads\/2010\/03\/equation6.gif\"><img loading=\"lazy\" decoding=\"async\" src=\"http:\/\/www.avex-asso.org\/dossiers\/wordpress\/wp-content\/uploads\/2010\/03\/equation6.gif\" alt=\"Equation6\" width=\"491\" height=\"50\" \/><\/a><!--[endif]--><\/p>\n<p class=\"MsoNormal\" style=\"text-align: justify;\">\u00a0Avec R<sub>max<\/sub> = r\u00e9solution maximale accessible (Pouvoir s\u00e9parateur ou turbulence, suivant les cas)<\/p>\n<p class=\"MsoNormal\" style=\"text-align: justify;\">\u00a0Ainsi, pour les 3 cas pr\u00e9c\u00e9demment pr\u00e9sent\u00e9s, et si l\u2019on utilise un d\u00e9tecteur ayant des pixels de 7,4 \u00b5m, on trouve\u00a0:<\/p>\n<p class=\"MsoNormal\" style=\"text-align: justify;\">\u00a0<!-- [if gte vml 1]><v :shape id=\"_x0000_i1036\" type=\"#_x0000_t75\" style='width:348.75pt;height:28.5pt; mso-position-horizontal:absolute'>\n<v :imagedata src=\"file:\/\/\/E:\\TEMP_U~1\\vincent\\msohtml1\\01\\clip_image017.gif\" o:title=\"Equation7\"\/>\n<\/v>< ![endif]--><!-- [if !vml]--><a title=\"Equation7\" href=\"http:\/\/www.avex-asso.org\/dossiers\/wordpress\/wp-content\/uploads\/2010\/03\/equation7.gif\"><img loading=\"lazy\" decoding=\"async\" src=\"http:\/\/www.avex-asso.org\/dossiers\/wordpress\/wp-content\/uploads\/2010\/03\/equation7.gif\" alt=\"Equation7\" width=\"570\" height=\"50\" \/><\/a><!--[endif]--><\/p>\n<p class=\"MsoNormal\" style=\"text-align: justify;\"><strong>\u00a0<\/strong><strong><em>Cas n\u00b01\u00a0:<\/em><\/strong>\u00a0\u00a0\u00a0\u00a0\u00a0\u00a0\u00a0\u00a0\u00a0 4300 mm &lt; Focale &lt; 6500 mm<\/p>\n<p class=\"MsoNormal\" style=\"text-align: justify;\"><strong><em>Cas n\u00b02\u00a0:<\/em><\/strong>\u00a0\u00a0\u00a0\u00a0\u00a0\u00a0\u00a0\u00a0\u00a0 1000 mm &lt; Focale &lt; 1500 mm<\/p>\n<p class=\"MsoNormal\" style=\"text-align: justify;\"><strong><em>Cas n\u00b03\u00a0:<\/em><\/strong>\u00a0\u00a0\u00a0\u00a0\u00a0\u00a0\u00a0\u00a0\u00a0 3000 mm &lt; Focale &lt; 4600 mm<\/p>\n<p class=\"MsoNormal\" style=\"text-align: justify;\">\u00a0Notons au passage que l&rsquo;\u00e9chantillonnage selon le th\u00e9or\u00e8me de Nyquist-Shannon repr\u00e9sente la r\u00e8gle de l&rsquo;art mais que dans la pratique, on est parfois amen\u00e9 \u00e0 s&rsquo;en \u00e9carter (dans le monde r\u00e9el, on ne fait pas toujours ce que l&rsquo;on veut !). Et c&rsquo;est d&rsquo;ailleurs souvent le cas en imagerie du ciel profond o\u00f9 d&rsquo;autres param\u00e8tres peuvent venir jouer les trouble-f\u00eate, comme la qualit\u00e9 du guidage, par exemple.<\/p>\n<p><strong><u>Les cons\u00e9quences d\u2019un bon ou d\u2019un mauvais \u00e9chantillonnage, c\u2019est \u00e7a\u00a0:<\/u><\/strong><\/p>\n<p class=\"MsoNormal\" style=\"text-align: center;\">\u00a0<a title=\"Etoile_Echnatillonnee_Sans_Turbu\" href=\"http:\/\/www.avex-asso.org\/dossiers\/wordpress\/wp-content\/uploads\/2010\/03\/echantillonnage-1.gif\"><img loading=\"lazy\" decoding=\"async\" src=\"http:\/\/www.avex-asso.org\/dossiers\/wordpress\/wp-content\/uploads\/2010\/03\/echantillonnage-1.gif\" alt=\"Etoile_Echnatillonnee_Sans_Turbu\" width=\"850\" height=\"1051\" \/><\/a><\/p>\n<p><!--[endif]--><\/p>\n<p class=\"MsoNormal\" style=\"text-align: center;\">\u00a0<a title=\"Etoile_Echnatillonnee_Avec_Turbu\" href=\"http:\/\/www.avex-asso.org\/dossiers\/wordpress\/wp-content\/uploads\/2010\/03\/echantillonnage-2.gif\"><img loading=\"lazy\" decoding=\"async\" src=\"http:\/\/www.avex-asso.org\/dossiers\/wordpress\/wp-content\/uploads\/2010\/03\/echantillonnage-2.gif\" alt=\"Etoile_Echnatillonnee_Avec_Turbu\" width=\"850\" height=\"1083\" \/><\/a><\/p>\n<p class=\"MsoNormal\" style=\"text-align: justify;\"><strong><u>Remarque\u00a0:<\/u><\/strong><\/p>\n<p class=\"MsoNormal\" style=\"text-align: justify;\">Pour les utilisateurs d\u2019Appareils Photo Num\u00e9riques (APN), il faut prendre en compte le fait que sur la plupart des capteurs, les pixels forment ce que l\u2019on appelle une matrice de Bayer\u00a0: il y a 3 types de pixels, des rouges, des verts et des bleus, ce qui permet de restituer la couleur en une prise de vue. Pour cela, sur 4 pixels r\u00e9partis en carr\u00e9, 2 sont verts, 1 rouge et 1 bleu.<\/p>\n<p class=\"MsoNormal\" style=\"text-align: justify;\">\u00a0<a title=\"Matrice_Bayer\" href=\"http:\/\/www.avex-asso.org\/dossiers\/wordpress\/wp-content\/uploads\/2010\/03\/matrice-de-bayer.gif\"><img loading=\"lazy\" decoding=\"async\" src=\"http:\/\/www.avex-asso.org\/dossiers\/wordpress\/wp-content\/uploads\/2010\/03\/matrice-de-bayer.gif\" alt=\"Matrice_Bayer\" width=\"357\" height=\"133\" \/><\/a><\/p>\n<p><!--[endif]--><\/p>\n<p class=\"MsoNormal\" style=\"text-align: justify;\">Ensuite, le processeur de l\u2019appareil photo fait de savants calculs pour reconstituer l\u2019image couleur. Mais le probl\u00e8me en consid\u00e9rant la taille r\u00e9elle des pixels, c\u2019est que si lune \u00e9toile est centr\u00e9e sur un pixel rouge par exemple, le rendu de l\u2019\u00e9toile sera majoritairement\u2026rouge. Du coup, pour bien calculer l\u2019\u00e9chantillonnage id\u00e9al, il serait judicieux de consid\u00e9rer un \u201csuperpixel\u201d deux fois plus grand (14,8 \u00b5m au lieu de 7,4 \u00b5m, dans l\u2019exemple pr\u00e9c\u00e9dent), et qui contiendrait l\u2019information des 3 couleurs primaires. En pratique, l&rsquo;op\u00e9ration de d\u00e9matri\u00e7age autorise une meilleure r\u00e9solution de ces \u00ab\u00a0superpixels\u00a0\u00bb et un facteur de taille de 1,5 est g\u00e9n\u00e9ralement consid\u00e9r\u00e9 comme plus r\u00e9aliste.<\/p>\n<p class=\"MsoNormal\" style=\"text-align: justify;\">\u00a0Un fichier excel permettant de calculer l&rsquo;\u00e9chantillonnage est t\u00e9l\u00e9chargeable ici :<\/p>\n<h2 class=\"MsoNormal\" style=\"text-align: justify;\"><span class=\"ez-toc-section\" id=\"Calcul_Echantillonnage\"><\/span><strong><a title=\"Calcul_Echantillonnage\" href=\"http:\/\/www.avex-asso.org\/dossiers\/wordpress\/wp-content\/uploads\/2011\/05\/20110520_echantillonnage_champ-photo.xls\" target=\"_blank\" rel=\"noopener\">Calcul_\u00c9chantillonnage<\/a><\/strong><span class=\"ez-toc-section-end\"><\/span><\/h2>\n<p class=\"MsoNormal\" style=\"text-align: justify;\">\u00a0<a href=\"https:\/\/www.avex-asso.org\/dossiers\/wordpress\/dossiers-pratiques\/informatique-pratique\/echantillonnage\/fichier_excel_echantillonnage-8\" rel=\"attachment wp-att-1480\"><img loading=\"lazy\" decoding=\"async\" class=\"alignnone size-full wp-image-1480\" title=\"fichier_excel_echantillonnage\" src=\"http:\/\/www.avex-asso.org\/dossiers\/wordpress\/wp-content\/uploads\/2010\/03\/fichier_excel_echantillonnage7.gif\" alt=\"\" width=\"928\" height=\"551\" srcset=\"https:\/\/www.avex-asso.org\/dossiers\/wordpress\/wp-content\/uploads\/2010\/03\/fichier_excel_echantillonnage7.gif 928w, https:\/\/www.avex-asso.org\/dossiers\/wordpress\/wp-content\/uploads\/2010\/03\/fichier_excel_echantillonnage7-600x356.gif 600w\" sizes=\"auto, (max-width: 928px) 100vw, 928px\" \/><\/a><\/p>\n<p class=\"MsoNormal\" style=\"text-align: justify;\">Texte et figures : \u00a9 Axel VINCENT-RANDONNIER<\/p>\n<p><a href=\"https:\/\/www.avex-asso.org\/dossiers\/wordpress\/dossiers-pratiques\/informatique-pratique\/echantillonnage\/20110520_echantillonnage_champ-photo\" rel=\"attachment wp-att-1483\">20110520_echantillonnage_champ-photo<\/a><\/p>\n","protected":false},"excerpt":{"rendered":"<p>Cet article est un article d&rsquo;initiation \u00e0 la notion d&rsquo;\u00e9chantillonnage. La version pdf de cet article peut \u00eatre t\u00e9l\u00e9charg\u00e9e ici<\/p>\n<p><a href=\"https:\/\/www.avex-asso.org\/dossiers\/wordpress\/dossiers-pratiques\/informatique-pratique\/echantillonnage\" class=\"more-link\">Continue reading<span class=\"screen-reader-text\">L\u2019\u00e9chantillonnage.<\/span><\/a><\/p>\n","protected":false},"author":4,"featured_media":0,"parent":3390,"menu_order":0,"comment_status":"open","ping_status":"closed","template":"","meta":{"footnotes":""},"class_list":["post-158","page","type-page","status-publish","hentry"],"_links":{"self":[{"href":"https:\/\/www.avex-asso.org\/dossiers\/wordpress\/wp-json\/wp\/v2\/pages\/158","targetHints":{"allow":["GET"]}}],"collection":[{"href":"https:\/\/www.avex-asso.org\/dossiers\/wordpress\/wp-json\/wp\/v2\/pages"}],"about":[{"href":"https:\/\/www.avex-asso.org\/dossiers\/wordpress\/wp-json\/wp\/v2\/types\/page"}],"author":[{"embeddable":true,"href":"https:\/\/www.avex-asso.org\/dossiers\/wordpress\/wp-json\/wp\/v2\/users\/4"}],"replies":[{"embeddable":true,"href":"https:\/\/www.avex-asso.org\/dossiers\/wordpress\/wp-json\/wp\/v2\/comments?post=158"}],"version-history":[{"count":28,"href":"https:\/\/www.avex-asso.org\/dossiers\/wordpress\/wp-json\/wp\/v2\/pages\/158\/revisions"}],"predecessor-version":[{"id":4069,"href":"https:\/\/www.avex-asso.org\/dossiers\/wordpress\/wp-json\/wp\/v2\/pages\/158\/revisions\/4069"}],"up":[{"embeddable":true,"href":"https:\/\/www.avex-asso.org\/dossiers\/wordpress\/wp-json\/wp\/v2\/pages\/3390"}],"wp:attachment":[{"href":"https:\/\/www.avex-asso.org\/dossiers\/wordpress\/wp-json\/wp\/v2\/media?parent=158"}],"curies":[{"name":"wp","href":"https:\/\/api.w.org\/{rel}","templated":true}]}}