{"id":1756,"date":"2011-09-26T15:37:34","date_gmt":"2011-09-26T13:37:34","guid":{"rendered":"http:\/\/www.avex-asso.org\/dossiers\/wordpress\/?page_id=1756"},"modified":"2016-07-11T11:01:17","modified_gmt":"2016-07-11T09:01:17","slug":"demontage-gpd","status":"publish","type":"page","link":"https:\/\/www.avex-asso.org\/dossiers\/wordpress\/tutoriels-logiciels\/archives-materiels\/demontage-gpd","title":{"rendered":"D\u00e9montage GPD"},"content":{"rendered":"<p>Nous n&rsquo;avons pas rencontr\u00e9 de difficult\u00e9s majeures, sauf pour remettre en place les axes qu&rsquo;il faut savoir remettre bien \u00e0 la verticale sous peine de serre les deux pi\u00e8ces. Mais Alban a un vrai doigt\u00e9 par rapport \u00e0 cette situation.<br \/>\nJe vous joins quelques photos qui montrent bien \u00e0 quel point c&rsquo;\u00e9tait \u00e0 faire<\/p>\n<p><img decoding=\"async\" src=\"http:\/\/www.avex-asso.org\/dossiers\/wordpress\/wp-content\/uploads\/2011\/09\/gp1.jpg\" alt=\"Image\" \/><br \/>\n<img decoding=\"async\" src=\"http:\/\/www.avex-asso.org\/dossiers\/wordpress\/wp-content\/uploads\/2011\/09\/gp2.jpg\" alt=\"Image\" \/><br \/>\n<img decoding=\"async\" src=\"http:\/\/www.avex-asso.org\/dossiers\/wordpress\/wp-content\/uploads\/2011\/09\/gp3.jpg\" alt=\"Image\" \/><br \/>\n<img decoding=\"async\" src=\"http:\/\/www.avex-asso.org\/dossiers\/wordpress\/wp-content\/uploads\/2011\/09\/gp4.jpg\" alt=\"Image\" \/><br \/>\n<img decoding=\"async\" src=\"http:\/\/www.avex-asso.org\/dossiers\/wordpress\/wp-content\/uploads\/2011\/09\/gp5.jpg\" alt=\"Image\" \/><br \/>\n<img decoding=\"async\" src=\"http:\/\/www.avex-asso.org\/dossiers\/wordpress\/wp-content\/uploads\/2011\/09\/gp61.jpg\" alt=\"Image\" \/><br \/>\n<img decoding=\"async\" src=\"http:\/\/www.avex-asso.org\/dossiers\/wordpress\/wp-content\/uploads\/2011\/09\/gp7.jpg\" alt=\"Image\" \/><br \/>\n<img decoding=\"async\" src=\"http:\/\/www.avex-asso.org\/dossiers\/wordpress\/wp-content\/uploads\/2011\/09\/gp8.jpg\" alt=\"Image\" \/><\/p>\n<p>A+<\/p>\n","protected":false},"excerpt":{"rendered":"<p>Nous n&rsquo;avons pas rencontr\u00e9 de difficult\u00e9s majeures, sauf pour remettre en place les axes qu&rsquo;il faut savoir remettre bien \u00e0<\/p>\n<p><a href=\"https:\/\/www.avex-asso.org\/dossiers\/wordpress\/tutoriels-logiciels\/archives-materiels\/demontage-gpd\" class=\"more-link\">Continue reading<span class=\"screen-reader-text\">D\u00e9montage GPD<\/span><\/a><\/p>\n","protected":false},"author":6,"featured_media":0,"parent":3384,"menu_order":0,"comment_status":"open","ping_status":"closed","template":"","meta":{"footnotes":""},"class_list":["post-1756","page","type-page","status-publish","hentry"],"_links":{"self":[{"href":"https:\/\/www.avex-asso.org\/dossiers\/wordpress\/wp-json\/wp\/v2\/pages\/1756","targetHints":{"allow":["GET"]}}],"collection":[{"href":"https:\/\/www.avex-asso.org\/dossiers\/wordpress\/wp-json\/wp\/v2\/pages"}],"about":[{"href":"https:\/\/www.avex-asso.org\/dossiers\/wordpress\/wp-json\/wp\/v2\/types\/page"}],"author":[{"embeddable":true,"href":"https:\/\/www.avex-asso.org\/dossiers\/wordpress\/wp-json\/wp\/v2\/users\/6"}],"replies":[{"embeddable":true,"href":"https:\/\/www.avex-asso.org\/dossiers\/wordpress\/wp-json\/wp\/v2\/comments?post=1756"}],"version-history":[{"count":4,"href":"https:\/\/www.avex-asso.org\/dossiers\/wordpress\/wp-json\/wp\/v2\/pages\/1756\/revisions"}],"predecessor-version":[{"id":1759,"href":"https:\/\/www.avex-asso.org\/dossiers\/wordpress\/wp-json\/wp\/v2\/pages\/1756\/revisions\/1759"}],"up":[{"embeddable":true,"href":"https:\/\/www.avex-asso.org\/dossiers\/wordpress\/wp-json\/wp\/v2\/pages\/3384"}],"wp:attachment":[{"href":"https:\/\/www.avex-asso.org\/dossiers\/wordpress\/wp-json\/wp\/v2\/media?parent=1756"}],"curies":[{"name":"wp","href":"https:\/\/api.w.org\/{rel}","templated":true}]}}