{"id":186,"date":"2011-09-26T16:21:41","date_gmt":"2011-09-26T14:21:41","guid":{"rendered":"http:\/\/avex.org.free.fr\/dossiers\/?page_id=186"},"modified":"2023-09-11T10:02:25","modified_gmt":"2023-09-11T08:02:25","slug":"choisir-son-site-dastronomie","status":"publish","type":"page","link":"https:\/\/www.avex-asso.org\/dossiers\/wordpress\/la-pollution-lumineuse-light-pollution\/choisir-son-site-dastronomie","title":{"rendered":"Choisir son Site d\u2019astronomie"},"content":{"rendered":"<div id=\"ez-toc-container\" class=\"ez-toc-v2_0_82_2 counter-hierarchy ez-toc-counter ez-toc-black ez-toc-container-direction\">\n<div class=\"ez-toc-title-container\">\n<p class=\"ez-toc-title\" style=\"cursor:inherit\">Table of Contents<\/p>\n<span class=\"ez-toc-title-toggle\"><a href=\"#\" class=\"ez-toc-pull-right ez-toc-btn ez-toc-btn-xs ez-toc-btn-default ez-toc-toggle\" aria-label=\"Toggle Table of Content\"><span class=\"ez-toc-js-icon-con\"><span class=\"\"><span class=\"eztoc-hide\" style=\"display:none;\">Toggle<\/span><span class=\"ez-toc-icon-toggle-span\"><svg style=\"fill: #999;color:#999\" xmlns=\"http:\/\/www.w3.org\/2000\/svg\" class=\"list-377408\" width=\"20px\" height=\"20px\" viewBox=\"0 0 24 24\" fill=\"none\"><path d=\"M6 6H4v2h2V6zm14 0H8v2h12V6zM4 11h2v2H4v-2zm16 0H8v2h12v-2zM4 16h2v2H4v-2zm16 0H8v2h12v-2z\" fill=\"currentColor\"><\/path><\/svg><svg style=\"fill: #999;color:#999\" class=\"arrow-unsorted-368013\" xmlns=\"http:\/\/www.w3.org\/2000\/svg\" width=\"10px\" height=\"10px\" viewBox=\"0 0 24 24\" version=\"1.2\" baseProfile=\"tiny\"><path d=\"M18.2 9.3l-6.2-6.3-6.2 6.3c-.2.2-.3.4-.3.7s.1.5.3.7c.2.2.4.3.7.3h11c.3 0 .5-.1.7-.3.2-.2.3-.5.3-.7s-.1-.5-.3-.7zM5.8 14.7l6.2 6.3 6.2-6.3c.2-.2.3-.5.3-.7s-.1-.5-.3-.7c-.2-.2-.4-.3-.7-.3h-11c-.3 0-.5.1-.7.3-.2.2-.3.5-.3.7s.1.5.3.7z\"\/><\/svg><\/span><\/span><\/span><\/a><\/span><\/div>\n<nav><ul class='ez-toc-list ez-toc-list-level-1 ' ><li class='ez-toc-page-1 ez-toc-heading-level-2'><a class=\"ez-toc-link ez-toc-heading-1\" href=\"https:\/\/www.avex-asso.org\/dossiers\/wordpress\/la-pollution-lumineuse-light-pollution\/choisir-son-site-dastronomie\/#Comment_choisir_mon_site_dastronomie\" >Comment choisir mon site d\u2019astronomie\u00a0?<\/a><ul class='ez-toc-list-level-3' ><li class='ez-toc-heading-level-3'><a class=\"ez-toc-link ez-toc-heading-2\" href=\"https:\/\/www.avex-asso.org\/dossiers\/wordpress\/la-pollution-lumineuse-light-pollution\/choisir-son-site-dastronomie\/#1_trois_cas_de_figure_se_posent_avec_des_exigences_de_plus_en_plus_accrues\" >1. trois cas de figure se posent , avec des exigences de plus en plus accrues.<\/a><\/li><li class='ez-toc-page-1 ez-toc-heading-level-3'><a class=\"ez-toc-link ez-toc-heading-3\" href=\"https:\/\/www.avex-asso.org\/dossiers\/wordpress\/la-pollution-lumineuse-light-pollution\/choisir-son-site-dastronomie\/#Avex_a_cree_un_ensemble_doutils_permettant_de_choisir_son_site_avec_precision\" >Avex a cr\u00e9\u00e9 un ensemble d\u2019outils permettant de choisir son site avec pr\u00e9cision<\/a><\/li><\/ul><\/li><\/ul><\/nav><\/div>\n<h2><span class=\"ez-toc-section\" id=\"Comment_choisir_mon_site_dastronomie\"><\/span>Comment choisir mon site d\u2019astronomie\u00a0?<span class=\"ez-toc-section-end\"><\/span><\/h2>\n<p class=\"MsoNormal\">Ce petit texte est une esp\u00e8ce de mode d\u2019emploi pour aider les utilisateurs dans le choix d\u2019un site d\u2019astronomie.<\/p>\n<h3><span class=\"ez-toc-section\" id=\"1_trois_cas_de_figure_se_posent_avec_des_exigences_de_plus_en_plus_accrues\"><\/span>1. trois cas de figure se posent , avec des exigences de plus en plus accrues.<span class=\"ez-toc-section-end\"><\/span><\/h3>\n<ul>\n<li>On habite une grande ville et on souhaite trouver le meilleur rapport kilom\u00e8tre \/ ciel noir pr\u00eat de chez soi :\u00a0L\u2019utilisation des cartes de pollution de la version 2d ou 3d est n\u00e9cessaire\u00a0: il appartient \u00e0 l\u2019utilisateur d\u2019estimer le plus justement possible, en fonction des ses moyens, de sa motivation et de sa charge d\u2019estimer l\u2019endroit optimal<\/li>\n<\/ul>\n<ul>\n<li>Nous cherchons un spot noir pour les vacances : Il convient si possible de d\u00e9finir un endroit d\u00e9j\u00e0 relativement sombre de fa\u00e7on \u00e0 minimiser la distance entre le \u00ab camp \u00bb de base et le site d\u2019observation. La montagne peut \u00eatre bien souvent un bon choix\/ mais attention, en montagne les m\u00e9t\u00e9o peut \u00eatre changeante et bien souvent nuageuse<\/li>\n<\/ul>\n<ul>\n<li>Nous cherchons un point noir bon pour y vivre la passion astro : La, ce doit \u00eatre sans compromis : choisir les cartes \u00ab photo \u00bb, r\u00e9cup\u00e9rer les statistiques m\u00e9t\u00e9o annuelle du lieu et trouver une maison le plus \u00e9loign\u00e9 possible du premier village<\/li>\n<\/ul>\n<p><strong>D\u2019une mani\u00e8re g\u00e9n\u00e9rale<\/strong> et pour faire simple, il faut \u00eatre le plus loin possible d\u2019une grande ville ou d\u2019ensembles urbains\u00a0:<br \/>\nLa pollution lumineuse d\u00e9cro\u00eet proportionnellement avec les distances qui nous s\u00e9parent des sources de lumi\u00e8re, le raisonnement va donc de soi.<br \/>\n<strong>Second point<\/strong> et toujours pour faire simple, l\u2019altitude est \u2013 dans tous les cas \u2014 \u00e0 privil\u00e9gier.<\/p>\n<p>Enfin : la m\u00e9t\u00e9o est un facteur d\u00e9terminant : le sud \u00e9tant naturellement plus favoris\u00e9 que le nord. <a href=\"https:\/\/www.avex-asso.org\/dossiers\/wordpress\/?page_id=1433\">consultez les statistique m\u00e9t\u00e9o AVEX<\/a>.. c&rsquo;est \u00a0tr\u00e8s parlant<\/p>\n<p><img loading=\"lazy\" decoding=\"async\" src=\"https:\/\/www.avex-asso.org\/dossiers\/wordpress\/wp-content\/uploads\/2011\/09\/02.01.01_nbjrr-norm_an.png\" alt=\"\" width=\"330\" height=\"332\" \/><\/p>\n<h3><span class=\"ez-toc-section\" id=\"Avex_a_cree_un_ensemble_doutils_permettant_de_choisir_son_site_avec_precision\"><\/span>Avex a cr\u00e9\u00e9 un ensemble d\u2019outils permettant de choisir son site avec pr\u00e9cision<span class=\"ez-toc-section-end\"><\/span><\/h3>\n<p class=\"MsoNormal\">Il s\u2019agit des cartes de pollution lumineuse AVEX<\/p>\n<p class=\"MsoNormal\"><img loading=\"lazy\" decoding=\"async\" src=\"https:\/\/www.avex-asso.org\/dossiers\/wordpress\/wp-content\/uploads\/2008\/03\/carte-de-france-original-2011-photo-SMALL.jpg\" alt=\"\" width=\"300\" height=\"280\" \/><\/p>\n<p class=\"MsoNormal\">Les cartes de pollution lumineuse sont t\u00e9l\u00e9chargeables sur <a href=\"https:\/\/www.avex-asso.org\/dossiers\/?page_id=38\">les page adhoc<\/a><\/p>\n<p class=\"MsoNormal\">Tr\u00e8s important\u00a0: AVANT utilisation <strong>lire <\/strong><a title=\"Pr\u00e9cautions d\u2019 interpr\u00e9tation : La carte n\u2019est valable que pour un c\u00f4ne z\u00e9nithal de 50 \u00b0 (c\u2019est \u00e0 dire par rapport \u00e0 la verticale d\u2019 un lieu donn\u00e9), et ne rend pas compte des effets de la pollution lumineuse \u00e0 l\u2019horizon. Pour consid\u00e9rer les valeurs indiqu\u00e9es sur la carte, Il est entendu que l\u2019observateur ne doit pas se trouver directement expos\u00e9 lui-m\u00eame \u00e0 une source de lumi\u00e8re directe, et qu\u2019 il se trouve depuis vingt minutes au moins \u00e0 l\u2019abri de toute source de lumi\u00e8re directe. L\u2019exactitude des donn\u00e9es n\u2019est pas garantie : les valeurs sont indicatives et obtenues par le seul calcul, et non bas\u00e9es sur la r\u00e9alit\u00e9. Des ph\u00e9nom\u00e8nes tr\u00e8s localis\u00e9s, comme l\u2019\u00e9clairage de monuments ou d\u2019\u00e9difices publics, ou au contraire l\u2019extinction des luminaires pass\u00e9 une certaine heure, peuvent fausser localement les donn\u00e9es. Cette carte rend compte de la pollution lumineuse pour 23 h, l\u2019hiver, avec un taux moyen de 85\u00b0 d\u2019humidit\u00e9. Les grandes routes (nationales, autoroutes), de par le passage des voitures et de leurs propres \u00e9clairages sont syst\u00e9matiquement comptabilis\u00e9es comme source de pollution lumineuse Par ailleurs, l\u2019\u00e9blouissement provoqu\u00e9 par le passage d\u2019 une voiture peut ruiner pour au moins 20mm la vision nocturne de l\u2019 observateur et partant, la qualit\u00e9 du seeing local. Les zones aquatiques ne sont pas \u00e0 prendre en consid\u00e9ration : la propagation des halos lumineux a \u00e9t\u00e9 volontairement tr\u00e8s fortement att\u00e9nu\u00e9 au dessus des mers, et ce, dans un souci de clart\u00e9. Ces cartes rendent compte des zones urbaines, ZA, ZI, zones pavillonnaires, ports, a\u00e9roports, certains a\u00e9rodromes, routes principales et certaines superstructures (grosses centrales nucl\u00e9aire notamment). L\u2019altitude joue \u00e9galement un r\u00f4le majeur sur la propagation de la pollution lumineuse : plus l\u2019observateur est situ\u00e9 en hauteur, moins la propagation de la diffusion est importante. Ainsi, une ville situ\u00e9e en contre bas d\u2019 un point d\u2019 observation \u00e9tabli 1000m plus hauts affectera beaucoup moins la qualit\u00e9 de l\u2019air pour l\u2019observateur que si ce dernier \u00e9tait en plaine (au m\u00eame niveau que la source polluante). Les effets de l\u2019altitude sont semi-logarithmiques : \u00e0 ce titre, les milles premiers m\u00e8tres ont un facteur d\u00e9terminant sur la qualit\u00e9 de l\u2019air \" href=\"https:\/\/\">les pr\u00e9cautions d\u2019interpr\u00e9tations<\/a> (tout en bas de page et sur les pages de t\u00e9l\u00e9chargement des cartes ) des cartes notamment sur le fait que les cartes donnent des valeurs valables que pour un c\u00f4ne z\u00e9nithal situ\u00e9 \u00e0 la verticale de l\u2019observateur et <strong>ne rendent pas compte des effets<\/strong> de la pollution lumineuse <strong>\u00e0 l\u2019horizon<\/strong> (sauf dans certain cas que nous nous verrons plus bas)<\/p>\n<p class=\"MsoNormal\">\u00a0Les cartes de pollution lumineuse ont plusieurs rendus<\/p>\n<ul style=\"margin-top: 0cm;\" type=\"disc\">\n<li class=\"MsoNormal\">1 Visuel (voir la page <a href=\"https:\/\/www.avex-asso.org\/dossiers\/?page_id=38\">https:\/\/www.avex-asso.org\/dossiers\/?page_id=38 <\/a>)<br \/>\n<img loading=\"lazy\" decoding=\"async\" src=\"https:\/\/imagik.fr\/uploads\/437354\" alt=\"\" width=\"300\" height=\"304\" \/><\/li>\n<\/ul>\n<ul style=\"margin-top: 0cm;\" type=\"disc\">\n<li class=\"MsoNormal\">2 Photographique (<a href=\"https:\/\/www.avex-asso.org\/dossiers\/?page_id=88\">https:\/\/www.avex-asso.org\/dossiers\/?page_id=88<\/a> )<\/li>\n<\/ul>\n<p><img loading=\"lazy\" decoding=\"async\" src=\"https:\/\/www.avex-asso.org\/dossiers\/wordpress\/wp-content\/uploads\/2008\/03\/carte-de-france-original-2011-photo-SMALL.jpg\" alt=\"\" width=\"300\" height=\"280\" \/><\/p>\n<ul style=\"margin-top: 0cm;\" type=\"disc\">\n<li class=\"MsoNormal\"><span lang=\"EN-GB\">3 Sodium (<\/span><span lang=\"EN-GB\"><a href=\"https:\/\/www.avex-asso.org\/dossiers\/?page_id=92\">https:\/\/avex.org.free.fr\/dossiers\/?page_id=92<\/a><\/span><span lang=\"EN-GB\">)<\/span><\/li>\n<\/ul>\n<p><img loading=\"lazy\" decoding=\"async\" src=\"https:\/\/www.avex-asso.org\/dossiers\/pl\/prevue-carte-pl-sodium-s.png\" alt=\"\" width=\"320\" height=\"448\" \/><\/p>\n<p class=\"MsoNormal\"><span lang=\"EN-GB\">\u00a0<\/span><\/p>\n<p class=\"MsoNormal\"><strong>1 Les cartes visuelles<\/strong> essaient de rendre compte de la qualit\u00e9 du ciel pour un observateur plut\u00f4t orient\u00e9 vers l\u2019<strong>observation<\/strong> du ciel profond<\/p>\n<p class=\"MsoNormal\"><strong>2 Les cartes Photo<\/strong> elles comme leurs noms l\u2019indiquent ont des exigences tr\u00e8s nettement relev\u00e9es et plut\u00f4t orient\u00e9es pour ceux qui veulent un site sans concession, tr\u00e8s noir.<\/p>\n<p class=\"MsoNormal\"><strong>\u00a03 les cartes sodium<\/strong> ne sont pas tr\u00e8s utiles pour choisir un site directement : elles sont moins pr\u00e9cise que les cartes en fausses couleurs, en revanchent\u00a0 elles sont esth\u00e9tiques et impressionnantes pour le grand public et ont leur place dans Google earth (voir plus bas)<\/p>\n<p class=\"MsoNormal\">\u00a0Note on peut se servir indiff\u00e9remment des cartes visuelles (plus tol\u00e9rante donc) ou les cartes photographique pour choisir son site, mais sachant que\u00a0 qui peut le plus peut le moins je recommande l&rsquo;utilisation des cartes astrophoto, <strong>plus pr\u00e9cise dans les faibles valeurs<\/strong><\/p>\n<p class=\"MsoNormal\">\u00a0Il y a deux fa\u00e7on d\u2019utiliser l\u2019outil carte de pollution lumineuse<\/p>\n<ul style=\"margin-top: 0cm;\" type=\"disc\">\n<li class=\"MsoNormal\">1 en 2D\u00a0: Aplat, c\u2019est \u00e0 dire classique<\/li>\n<\/ul>\n<p><img loading=\"lazy\" decoding=\"async\" src=\"https:\/\/www.avex-asso.org\/dossiers\/pl\/france\/visuel\/zoomify.jpg\" alt=\"\" width=\"378\" height=\"225\" \/><\/p>\n<ul style=\"margin-top: 0cm;\" type=\"disc\">\n<li class=\"MsoNormal\">2 en 3D, dans Google earth<\/li>\n<\/ul>\n<p><a title=\"capture GE small visuel\" href=\"https:\/\/www.avex-asso.org\/dossiers\/wordpress\/wp-content\/uploads\/2010\/04\/capture-ge-visuel1.png\"><img decoding=\"async\" src=\"https:\/\/www.avex-asso.org\/dossiers\/wordpress\/wp-content\/uploads\/2010\/04\/capture-ge-visuel1.png\" alt=\"capture GE small visuel\" \/><\/a><\/p>\n<p class=\"MsoNormal\"><strong>1 A plat<\/strong>\u00a0: il s\u2019agit de cartes qui se pr\u00e9sentent sous la forme \u00a0de PDF \u00a0<strong>ou<\/strong> d\u2019un mini navigateur \u2013 style mappy , ou l\u2019on zoome sur une r\u00e9gion d\u2019int\u00e9r\u00eat et ou l\u2019on cherche un secteur sombre<\/p>\n<p class=\"MsoNormal\">\u00a0Que ce soie pour les cartes \u2018visuelle\u2019 ou \u2018photo\u2019 le principe est exactement le m\u00eame sauf que les cartes photos sont beaucoup plus restrictive\u00a0: des sites qui paraissent bleu (donc bon) sur les cartes visuelles peuvent para\u00eetre \u2018abusivement\u2019 pollu\u00e9 sur les cartes photo (magenta) ce n\u2019est que pour rendre compte de <strong>l\u2019hypersensibilit\u00e9 des capteurs moderne<\/strong>, lesquels s\u2019accommodent mal de la pr\u00e9sence de pollution lumineuse.<\/p>\n<p class=\"MsoNormal\">Mais dans tous les cas, <strong>un bon site sur les cartes \u2018photo\u2019, sera (tr\u00e8s) bon sur les cartes visuelles,<\/strong> l\u2019inverse est non r\u00e9ciproque<\/p>\n<p class=\"MsoNormal\">\u00a0<strong>2 Le meilleur outil<\/strong> pour choisir son lieu d\u2019observation ou d\u2019astrophoto reste quand m\u00eame les cartes Avex sur Google Earth<\/p>\n<p class=\"MsoNormal\">Gr\u00e2ce \u00e0 Google earth j\u2019ai pu importer les cartes dans ce logiciel<\/p>\n<p class=\"MsoNormal\">Vous devez bien sur disposer de Google Earth au pr\u00e9alable avant de consulter les cartes de pollution lumineuse.<\/p>\n<p class=\"MsoNormal\">Le t\u00e9l\u00e9chargement de <a href=\"https:\/\/www.google.fr\/intl\/fr\/earth\/index.html\">ce soft est gratuit\u00a0 et ce t\u00e9l\u00e9charge sur le site de Google<\/a><\/p>\n<p class=\"MsoNormal\">Suivez les instructions \u00e0 l\u2019\u00e9cran pour proc\u00e9der \u00e0 l\u2019installation\u00a0; c\u2019est rapide et facile <strong>et surtout gratuit<\/strong><\/p>\n<p class=\"MsoNormal\">Une fois Google earth install\u00e9 vous pouvez ouvrir les cartes de pollution lumineuse<\/p>\n<p class=\"MsoNormal\">Quelques soi votre mod\u00e8le (visuelle, Photo, ou Sodium)<\/p>\n<p class=\"MsoNormal\">Proc\u00e9der comme suit\u00a0:<\/p>\n<ul>\n<li>Rendez-vous sur les pages Avex des cartes de pollution lumineuse<\/li>\n<li>T\u00e9l\u00e9charger le mod\u00e8le appropri\u00e9 a votre besoin<\/li>\n<li>D\u00e9compresser (sur votre bureau par exemple) le fichier t\u00e9l\u00e9charg\u00e9 si besoin<\/li>\n<li>Puis au choix\u00a0:\n<ul>\n<li>Double cliquez dessus\u00a0: cela\u00a0 a pour effet d\u2019ouvrir Google earth et d\u2019importer directement les carte dans le logiciel<\/li>\n<li>Ou lancer google earth, puis dans \u2018fichier\u2019 -&gt;\u00a0 \u2018ouvrir\u2019 puis designer l\u2019emplacement ou se trouve le fichier<\/li>\n<\/ul>\n<\/li>\n<\/ul>\n<p class=\"MsoNormal\">Une fois ouvert vous avez une vu d\u2019ensemble de la France de l\u00e0 pollution lumineuse<\/p>\n<p class=\"MsoNormal\">\u00a0Je vous recommande, mais vous n\u2019\u00eates pas oblig\u00e9 de le faire, d\u2019activer les fonctions \u00ab\u00a0horaire\u00a0\u00bb de Google earth de fa\u00e7on \u00e0 simuler la nuit, et \u00e9galement de d\u00e9sactiver dans les options \u00ab\u00a0l\u2019atmosph\u00e8re\u00a0\u00bb (voir en bas de page pour des r\u00e9glages optimaux de Google earth)<\/p>\n<p class=\"MsoNormal\">Ensuite, vous pouvez naviguer \u00e0 votre guise au-dessus du pays, vous rendre sur des sommets sombres et examiner les \u00e9ventuelles sources de pollution lumineuse \u00e0 l\u2019horizon.<\/p>\n<p class=\"MsoNormal\">\u00a0<span style=\"text-decoration: underline;\">Quelques consid\u00e9rations sur l\u2019altitude<\/span>\u00a0:<\/p>\n<ul>\n<li>A partir de 1300-1400 mettre, il y a une vraie \u2018cassure\u2019 dans les paliers de pollution lumineuse\u00a0: l\u2019atmosph\u00e8re est beaucoup plus pauvre en a\u00e9rosol, humidit\u00e9 et pollution se qui diminue\u00a0 d\u2019autant la diffusion. Cet effet se renforce encore en 1700 et 2200m d\u2019altitude. Si la source lumineuse est situ\u00e9e en contre bas de l\u2019observateur et que ce dernier n\u2019est pas expos\u00e9 directement aux sources de lumi\u00e8res, les observations comme les photos pourront \u00eatre de bonne qualit\u00e9.<\/li>\n<li>\u00e9videment les conditions climatiques influent \u00e9norm\u00e9ment\u00a0 sur les conditions.<\/li>\n<li>Il est \u00e9vident qu\u2019il est pr\u00e9f\u00e9rable d\u2019\u00eatre \u00e9loign\u00e9 de toute source de pollution lumineuse, qu\u2019on soie en montagne ou plaine. \u00c7a va de soit mais c\u2019est mieux en le disant. La montagne ne remplace pas les kilom\u00e8tres horizontaux que l\u2019on peut mettre entre la source et nous, mais <strong>minimise l\u2019impact de celle-c<\/strong>i.<\/li>\n<li>Empiriquement j\u2019ai observ\u00e9 que l\u2019influence de l\u2019altitude \u00e0 une action d\u00e9croissante non lin\u00e9aire<\/li>\n<li>Un premier palier \u00e0 900m un second \u00e0 1300 un troisi\u00e8me \u00e0 2000 un dernier \u00e0 3000<\/li>\n<\/ul>\n<p class=\"MsoNormal\">\u00a0Google earth permet en outre de se rendre compte par avance de ce qui est faisable ou pas.<\/p>\n<p class=\"MsoNormal\">L\u2019outil gagnant mois apr\u00e8s mois en pr\u00e9cision, il est tout \u00e0 fait possible d\u00e9sormais de se rendre compte si un chemin est carrossable ou pas et donc d\u2019anticiper les \u00e9ventuelles difficult\u00e9s qui pourraient se dresser.<\/p>\n<p class=\"MsoNormal\">\u00a0Toute ceci est donn\u00e9 \u00e0 titre indicatif, &#8211; \u00e9ducatif m\u00eame- <span style=\"text-decoration: underline;\">mais rien ne vaut une excursion exploratoire des lieux<\/span>, de jours dans un premier temps, pour v\u00e9rifier qu\u2019il n\u2019y a pas de d\u2019obstacle nouveau ou qui aurai \u00e9chapp\u00e9 aux satellites, puis de nuit\u00a0 pour v\u00e9rifier que les indices des cartes de pollution lumineuse sont conformes \u00e0 la r\u00e9alit\u00e9<\/p>\n<p class=\"MsoNormal\">N\u2019achetez pas votre maison dans le P\u00e9rigord sans avoir fait ces v\u00e9rifications minimales. Je vous rappelle que l\u2019<strong>exactitude<\/strong> des cartes de pollution lumineuse <strong>n\u2019est en aucun cas garantie<\/strong>. Elles sont dress\u00e9es sur la base d\u2019un calcul math\u00e9matique et non sur la r\u00e9alit\u00e9.<\/p>\n<p class=\"MsoNormal\">Quelques astuces de param\u00e9trage de Google earth<\/p>\n<p class=\"MsoNormal\">il faut absolument desactiver la compression des textures<\/p>\n<p class=\"MsoNormal\"><img loading=\"lazy\" decoding=\"async\" src=\"http:\/\/imagik.fr\/uploads\/488834\" alt=\"\" width=\"808\" height=\"492\" \/><\/p>\n<p class=\"MsoNormal\">1 passer en mode <strong>32bit<\/strong> (active la gestion de la transparence des cartes de pollution lumineuse)<\/p>\n<p class=\"MsoNormal\">2 le plus important : <strong>d\u00e9sactiver<\/strong> la case \u00ab\u00a0compresser\u00a0\u00bb : le rendu en sera de bien meilleur qualit\u00e9<\/p>\n<p class=\"MsoNormal\">3 <strong>active<\/strong>r le filtrage anisotropre : am\u00e9liore le rendu. ! attention sur les machine peux puissante cela peut provoquer des ralentissements, \u00e0 d\u00e9sactiver si besoin<\/p>\n<p class=\"MsoNormal\">enfin mettez qualit\u00e9 du relief au maximum : sur les machine modernes ce crit\u00e8re n&rsquo;a plus d&rsquo;importance<\/p>\n","protected":false},"excerpt":{"rendered":"<p>Comment choisir mon site d\u2019astronomie\u00a0? Ce petit texte est une esp\u00e8ce de mode d\u2019emploi pour aider les utilisateurs dans le<\/p>\n<p><a href=\"https:\/\/www.avex-asso.org\/dossiers\/wordpress\/la-pollution-lumineuse-light-pollution\/choisir-son-site-dastronomie\" class=\"more-link\">Continue reading<span class=\"screen-reader-text\">Choisir son Site d\u2019astronomie<\/span><\/a><\/p>\n","protected":false},"author":1,"featured_media":0,"parent":163,"menu_order":6,"comment_status":"open","ping_status":"closed","template":"","meta":{"footnotes":""},"class_list":["post-186","page","type-page","status-publish","hentry"],"_links":{"self":[{"href":"https:\/\/www.avex-asso.org\/dossiers\/wordpress\/wp-json\/wp\/v2\/pages\/186","targetHints":{"allow":["GET"]}}],"collection":[{"href":"https:\/\/www.avex-asso.org\/dossiers\/wordpress\/wp-json\/wp\/v2\/pages"}],"about":[{"href":"https:\/\/www.avex-asso.org\/dossiers\/wordpress\/wp-json\/wp\/v2\/types\/page"}],"author":[{"embeddable":true,"href":"https:\/\/www.avex-asso.org\/dossiers\/wordpress\/wp-json\/wp\/v2\/users\/1"}],"replies":[{"embeddable":true,"href":"https:\/\/www.avex-asso.org\/dossiers\/wordpress\/wp-json\/wp\/v2\/comments?post=186"}],"version-history":[{"count":17,"href":"https:\/\/www.avex-asso.org\/dossiers\/wordpress\/wp-json\/wp\/v2\/pages\/186\/revisions"}],"predecessor-version":[{"id":4128,"href":"https:\/\/www.avex-asso.org\/dossiers\/wordpress\/wp-json\/wp\/v2\/pages\/186\/revisions\/4128"}],"up":[{"embeddable":true,"href":"https:\/\/www.avex-asso.org\/dossiers\/wordpress\/wp-json\/wp\/v2\/pages\/163"}],"wp:attachment":[{"href":"https:\/\/www.avex-asso.org\/dossiers\/wordpress\/wp-json\/wp\/v2\/media?parent=186"}],"curies":[{"name":"wp","href":"https:\/\/api.w.org\/{rel}","templated":true}]}}