{"id":2449,"date":"2012-05-15T07:48:53","date_gmt":"2012-05-15T05:48:53","guid":{"rendered":"http:\/\/www.avex-asso.org\/dossiers\/wordpress\/?page_id=2449"},"modified":"2016-12-20T15:14:47","modified_gmt":"2016-12-20T14:14:47","slug":"club","status":"publish","type":"page","link":"https:\/\/www.avex-asso.org\/dossiers\/wordpress\/club","title":{"rendered":"Club"},"content":{"rendered":"<div id=\"ez-toc-container\" class=\"ez-toc-v2_0_82_2 counter-hierarchy ez-toc-counter ez-toc-black ez-toc-container-direction\">\n<div class=\"ez-toc-title-container\">\n<p class=\"ez-toc-title\" style=\"cursor:inherit\">Table of Contents<\/p>\n<span class=\"ez-toc-title-toggle\"><a href=\"#\" class=\"ez-toc-pull-right ez-toc-btn ez-toc-btn-xs ez-toc-btn-default ez-toc-toggle\" aria-label=\"Toggle Table of Content\"><span class=\"ez-toc-js-icon-con\"><span class=\"\"><span class=\"eztoc-hide\" style=\"display:none;\">Toggle<\/span><span class=\"ez-toc-icon-toggle-span\"><svg style=\"fill: #999;color:#999\" xmlns=\"http:\/\/www.w3.org\/2000\/svg\" class=\"list-377408\" width=\"20px\" height=\"20px\" viewBox=\"0 0 24 24\" fill=\"none\"><path d=\"M6 6H4v2h2V6zm14 0H8v2h12V6zM4 11h2v2H4v-2zm16 0H8v2h12v-2zM4 16h2v2H4v-2zm16 0H8v2h12v-2z\" fill=\"currentColor\"><\/path><\/svg><svg style=\"fill: #999;color:#999\" class=\"arrow-unsorted-368013\" xmlns=\"http:\/\/www.w3.org\/2000\/svg\" width=\"10px\" height=\"10px\" viewBox=\"0 0 24 24\" version=\"1.2\" baseProfile=\"tiny\"><path d=\"M18.2 9.3l-6.2-6.3-6.2 6.3c-.2.2-.3.4-.3.7s.1.5.3.7c.2.2.4.3.7.3h11c.3 0 .5-.1.7-.3.2-.2.3-.5.3-.7s-.1-.5-.3-.7zM5.8 14.7l6.2 6.3 6.2-6.3c.2-.2.3-.5.3-.7s-.1-.5-.3-.7c-.2-.2-.4-.3-.7-.3h-11c-.3 0-.5.1-.7.3-.2.2-.3.5-.3.7s.1.5.3.7z\"\/><\/svg><\/span><\/span><\/span><\/a><\/span><\/div>\n<nav><ul class='ez-toc-list ez-toc-list-level-1 ' ><li class='ez-toc-page-1 ez-toc-heading-level-2'><a class=\"ez-toc-link ez-toc-heading-1\" href=\"https:\/\/www.avex-asso.org\/dossiers\/wordpress\/club\/#1_le_club_AVEX\" >1. le club AVEX<\/a><ul class='ez-toc-list-level-4' ><li class='ez-toc-heading-level-4'><ul class='ez-toc-list-level-4' ><li class='ez-toc-heading-level-4'><a class=\"ez-toc-link ez-toc-heading-2\" href=\"https:\/\/www.avex-asso.org\/dossiers\/wordpress\/club\/#A_Avex_cest_quoi\" >A. Avex c\u2019est quoi ?<\/a><\/li><li class='ez-toc-page-1 ez-toc-heading-level-4'><a class=\"ez-toc-link ez-toc-heading-3\" href=\"https:\/\/www.avex-asso.org\/dossiers\/wordpress\/club\/#B_Quand\" >B. Quand ?<\/a><\/li><li class='ez-toc-page-1 ez-toc-heading-level-4'><a class=\"ez-toc-link ez-toc-heading-4\" href=\"https:\/\/www.avex-asso.org\/dossiers\/wordpress\/club\/#C_Qui\" >C. Qui ?<\/a><\/li><\/ul><\/li><li class='ez-toc-page-1 ez-toc-heading-level-3'><a class=\"ez-toc-link ez-toc-heading-5\" href=\"https:\/\/www.avex-asso.org\/dossiers\/wordpress\/club\/#Info_technique\" >Info technique<\/a><\/li><\/ul><\/li><li class='ez-toc-page-1 ez-toc-heading-level-2'><a class=\"ez-toc-link ez-toc-heading-6\" href=\"https:\/\/www.avex-asso.org\/dossiers\/wordpress\/club\/#2_Ou_est_AVEX\" >2 Ou est AVEX ?<\/a><\/li><\/ul><\/nav><\/div>\n<h2><span class=\"ez-toc-section\" id=\"1_le_club_AVEX\"><\/span>1. le club AVEX<span class=\"ez-toc-section-end\"><\/span><\/h2>\n<h4><span class=\"ez-toc-section\" id=\"A_Avex_cest_quoi\"><\/span>A. Avex c\u2019est quoi ?<span class=\"ez-toc-section-end\"><\/span><\/h4>\n<p>Avex c\u2019est un club d\u2019astronomie, situ\u00e9 dans le Val d\u2019Oise, <a href=\"http:\/\/www.avex-asso.org\/dossiers\/wordpress\/?page_id=2631&amp;lang=fr_FR\" target=\"_blank\">au c\u0153ur du Vexin Fran\u00e7ais<\/a><br \/>\nCette position g\u00e9ographique ne doit pas occulter que nos membres viennent de tout l\u2019ouest, nord et sud parisien.<br \/>\nCe club a \u00e9t\u00e9 fond\u00e9 en 2003 par moi-m\u00eame ( Fr\u00e9d\u00e9ric Tapissier) Et Brice Grassin (n\u2019est plus membre \u00e0 ce jour)<br \/>\nNe nous voilons pas la face, C\u2019est un club plut\u00f4t \u00e0 vocation astrophoto en ciel profond, En visuel nous n\u2019avons que peu de membres et aucun d\u2019eux n\u2019est v\u00e9ritablement moteur dans ce domaine. En plan\u00e9taire, nous somme pas non plus des experts m\u00eame si la plupart d\u2019entre ne rechignons pas \u00e0 une s\u00e9ance plan\u00e9taire.<\/p>\n<h4><span class=\"ez-toc-section\" id=\"B_Quand\"><\/span>B. Quand ?<span class=\"ez-toc-section-end\"><\/span><\/h4>\n<p>Avex se r\u00e9uni une fois par mois \u00e0<a href=\"http:\/\/www.avex-asso.org\/dossiers\/wordpress\/?page_id=2631&amp;lang=fr_FR\" target=\"_blank\"> Longuesse (plan)<\/a> le <a href=\"http:\/\/www.avex-asso.org\/dossiers\/wordpress\/?page_id=107&amp;lang=fr_FR\" target=\"_blank\">weekend qui suit ou pr\u00e9c\u00e8de la Pleine lune<\/a> : de fa\u00e7ons \u00e0 ce que les r\u00e9unions ne compromettent pas les chances de sorties : la lune est trop g\u00eanante dans ces p\u00e9riodes<br \/>\nUne fois par mois, en p\u00e9riode de nouvelle lune cette fois (lune absente du ciel) nous organisons une sortie en<a href=\"https:\/\/www.google.fr\/maps\/place\/61190+Moussonvilliers\/@48.6221636,0.7957293,936a,20y,41.38t\/data=!3m1!1e3!4m5!3m4!1s0x47e3d14b148fe989:0xc94f74e1eca979a9!8m2!3d48.637274!4d0.794936\" target=\"_blank\"> Normandie, dans le Perche, <\/a>r\u00e9put\u00e9 pour son <a href=\"http:\/\/avex-asso.org\/dossiers\/pl\/europe-2016\/google-map-fausse-couleur\/index.html\" target=\"_blank\">Ciel bien noir<\/a> quoique souvent humide<br \/>\nCes sorties peuvent se voir comme sous\u00a0forme de stages : s\u2019il fait beau on fait de l\u2019astronomie, s\u2019il ne fait pas beau on fait des ateliers de perfectionnement informatiques, logiciels, \u00e9lectrique, \u00e9lectronique parfois, m\u00e9canique, optique\u2026<br \/>\nUne fois par ans, nous organisons une sortie d\u2019une semaine en club avec \u00e9ventuelle famille. G\u00e9n\u00e9ralement cela se tien au printemps, id\u00e9alement dans le SUD de la France, pour maximiser les chances de beau temps, m\u00eame si l\u2019exp\u00e9rience nous incite \u00e0 la prudence<\/p>\n<h4><span class=\"ez-toc-section\" id=\"C_Qui\"><\/span>C. Qui ?<span class=\"ez-toc-section-end\"><\/span><\/h4>\n<p>Le Club est ouvert aux adultes. D\u00e9butants comme exp\u00e9riment\u00e9s. Vous n\u2019avez pas \u00e0 \u00eatre intimid\u00e9 par la technicit\u00e9 de nos propos. Nous expliquons tous et ce langage, abscons au premier abord rentre tr\u00e8s vite dans la t\u00eate de membres qui finissent par l\u2019employer sans plus y r\u00e9fl\u00e9chir que lorsqu&rsquo;on conduit une voiture : sachez que nous aussi nous avons tous \u00e9t\u00e9 d\u00e9butants.<\/p>\n<h3><span class=\"ez-toc-section\" id=\"Info_technique\"><\/span>Info technique<span class=\"ez-toc-section-end\"><\/span><\/h3>\n<p><a href=\"http:\/\/www.avex-asso.org\/dossiers\/wordpress\/?page_id=2617\">Pour adh\u00e9rer \u00e0 <img decoding=\"async\" title=\"logo avex typo\" src=\"http:\/\/www.avex-asso.org\/forum\/images\/smilies\/avex-typo-12.png\" alt=\"AVEX\" \/><\/a><br \/>\n<a href=\"http:\/\/www.avex-asso.org\/dossiers\/wordpress\/?page_id=108\" target=\"_blank\">La salle de r\u00e9union du club<\/a><br \/>\n<a href=\"http:\/\/www.avex-asso.org\/dossiers\/wordpress\/?page_id=107\" target=\"_blank\">Le planning du club<\/a><br \/>\n<a href=\"http:\/\/www.avex-asso.org\/dossiers\/wordpress\/?page_id=2626\" target=\"_blank\">Les Statuts d&rsquo;Avex<\/a><\/p>\n<p><a href=\"https:\/\/www.facebook.com\/AVEX-Rallumons-les-%C3%A9toiles-252809444777658\/\">Page faceBook d&rsquo;Avex<\/a><\/p>\n<h2><span class=\"ez-toc-section\" id=\"2_Ou_est_AVEX\"><\/span>2 Ou est AVEX ?<span class=\"ez-toc-section-end\"><\/span><\/h2>\n<p>Le local avex se trouve <a href=\"https:\/\/www.google.fr\/maps\/dir\/\/49.0614941,1.9287503\/@49.0612735,1.9288415,156m\/data=!3m1!1e3\">Stade de Longuesse, au fond de l&rsquo;impasse de la Rue de la Couture<\/a><\/p>\n<p>Adresse officielle<\/p>\n<p>1-3 rue de la couture<\/p>\n<p>95450 Longuesse<\/p>\n<p>Nous occupons des locaux pr\u00eat\u00e9 par la Marie de Longuesse, que nous saluons au passage<\/p>\n<p>carte de nos diff\u00e9rente point de chutes<\/p>\n<p>cliquez sur\u00a0<img loading=\"lazy\" decoding=\"async\" class=\" size-full wp-image-3165 alignnone\" src=\"http:\/\/www.avex-asso.org\/dossiers\/wordpress\/wp-content\/uploads\/2012\/05\/Capture.png\" alt=\"Capture\" width=\"38\" height=\"36\" \/>\u00a0\u00a0pour avoir la l\u00e9gende<\/p>\n<p><iframe loading=\"lazy\" src=\"https:\/\/www.google.com\/maps\/d\/u\/0\/embed?mid=zLcgN7fgGms0.kJTssUihu4ko\" width=\"1000\" height=\"800\"><\/iframe><\/p>\n<p><img decoding=\"async\" src=\"http:\/\/icdn.pro\/images\/fr\/s\/i\/signet-etoile-icone-5633-48.png\" alt=\"etoile\" \/><\/p>\n<p><a href=\"http:\/\/www.avex-asso.org\/dossiers\/wordpress\/wp-content\/uploads\/2012\/05\/pub-setup-HDR3.jpg\"><img loading=\"lazy\" decoding=\"async\" class=\"alignleft size-thumbnail wp-image-2446\" title=\"pub-setup-HDR3\" src=\"http:\/\/www.avex-asso.org\/dossiers\/wordpress\/wp-content\/uploads\/2012\/05\/pub-setup-HDR3-400x300.jpg\" alt=\"\" width=\"400\" height=\"300\" \/><\/a><\/p>\n","protected":false},"excerpt":{"rendered":"<p>1. le club AVEX A. Avex c\u2019est quoi ? Avex c\u2019est un club d\u2019astronomie, situ\u00e9 dans le Val d\u2019Oise, au<\/p>\n<p><a href=\"https:\/\/www.avex-asso.org\/dossiers\/wordpress\/club\" class=\"more-link\">Continue reading<span class=\"screen-reader-text\">Club<\/span><\/a><\/p>\n","protected":false},"author":1,"featured_media":0,"parent":0,"menu_order":0,"comment_status":"open","ping_status":"open","template":"","meta":{"footnotes":""},"class_list":["post-2449","page","type-page","status-publish","hentry"],"_links":{"self":[{"href":"https:\/\/www.avex-asso.org\/dossiers\/wordpress\/wp-json\/wp\/v2\/pages\/2449","targetHints":{"allow":["GET"]}}],"collection":[{"href":"https:\/\/www.avex-asso.org\/dossiers\/wordpress\/wp-json\/wp\/v2\/pages"}],"about":[{"href":"https:\/\/www.avex-asso.org\/dossiers\/wordpress\/wp-json\/wp\/v2\/types\/page"}],"author":[{"embeddable":true,"href":"https:\/\/www.avex-asso.org\/dossiers\/wordpress\/wp-json\/wp\/v2\/users\/1"}],"replies":[{"embeddable":true,"href":"https:\/\/www.avex-asso.org\/dossiers\/wordpress\/wp-json\/wp\/v2\/comments?post=2449"}],"version-history":[{"count":15,"href":"https:\/\/www.avex-asso.org\/dossiers\/wordpress\/wp-json\/wp\/v2\/pages\/2449\/revisions"}],"predecessor-version":[{"id":3442,"href":"https:\/\/www.avex-asso.org\/dossiers\/wordpress\/wp-json\/wp\/v2\/pages\/2449\/revisions\/3442"}],"wp:attachment":[{"href":"https:\/\/www.avex-asso.org\/dossiers\/wordpress\/wp-json\/wp\/v2\/media?parent=2449"}],"curies":[{"name":"wp","href":"https:\/\/api.w.org\/{rel}","templated":true}]}}