{"id":2623,"date":"2012-09-10T07:05:01","date_gmt":"2012-09-10T12:05:01","guid":{"rendered":"http:\/\/www.avex-asso.org\/dossiers\/wordpress\/?page_id=2623"},"modified":"2012-09-11T15:32:24","modified_gmt":"2012-09-11T20:32:24","slug":"reglement-interieur-de-lassociation-avex","status":"publish","type":"page","link":"https:\/\/www.avex-asso.org\/dossiers\/wordpress\/club\/reglement-interieur-de-lassociation-avex","title":{"rendered":"R\u00e8glement int\u00e9rieur de l&rsquo;association AVEX"},"content":{"rendered":"<div id=\"ez-toc-container\" class=\"ez-toc-v2_0_82_2 counter-hierarchy ez-toc-counter ez-toc-black ez-toc-container-direction\">\n<div class=\"ez-toc-title-container\">\n<p class=\"ez-toc-title\" style=\"cursor:inherit\">Table of Contents<\/p>\n<span class=\"ez-toc-title-toggle\"><a href=\"#\" class=\"ez-toc-pull-right ez-toc-btn ez-toc-btn-xs ez-toc-btn-default ez-toc-toggle\" aria-label=\"Toggle Table of Content\"><span class=\"ez-toc-js-icon-con\"><span class=\"\"><span class=\"eztoc-hide\" style=\"display:none;\">Toggle<\/span><span class=\"ez-toc-icon-toggle-span\"><svg style=\"fill: #999;color:#999\" xmlns=\"http:\/\/www.w3.org\/2000\/svg\" class=\"list-377408\" width=\"20px\" height=\"20px\" viewBox=\"0 0 24 24\" fill=\"none\"><path d=\"M6 6H4v2h2V6zm14 0H8v2h12V6zM4 11h2v2H4v-2zm16 0H8v2h12v-2zM4 16h2v2H4v-2zm16 0H8v2h12v-2z\" fill=\"currentColor\"><\/path><\/svg><svg style=\"fill: #999;color:#999\" class=\"arrow-unsorted-368013\" xmlns=\"http:\/\/www.w3.org\/2000\/svg\" width=\"10px\" height=\"10px\" viewBox=\"0 0 24 24\" version=\"1.2\" baseProfile=\"tiny\"><path d=\"M18.2 9.3l-6.2-6.3-6.2 6.3c-.2.2-.3.4-.3.7s.1.5.3.7c.2.2.4.3.7.3h11c.3 0 .5-.1.7-.3.2-.2.3-.5.3-.7s-.1-.5-.3-.7zM5.8 14.7l6.2 6.3 6.2-6.3c.2-.2.3-.5.3-.7s-.1-.5-.3-.7c-.2-.2-.4-.3-.7-.3h-11c-.3 0-.5.1-.7.3-.2.2-.3.5-.3.7s.1.5.3.7z\"\/><\/svg><\/span><\/span><\/span><\/a><\/span><\/div>\n<nav><ul class='ez-toc-list ez-toc-list-level-1 ' ><li class='ez-toc-page-1 ez-toc-heading-level-2'><a class=\"ez-toc-link ez-toc-heading-1\" href=\"https:\/\/www.avex-asso.org\/dossiers\/wordpress\/club\/reglement-interieur-de-lassociation-avex\/#Reglement_interieur\" >R\u00e8glement int\u00e9rieur<\/a><ul class='ez-toc-list-level-3' ><li class='ez-toc-heading-level-3'><a class=\"ez-toc-link ez-toc-heading-2\" href=\"https:\/\/www.avex-asso.org\/dossiers\/wordpress\/club\/reglement-interieur-de-lassociation-avex\/#Association_AVex\" >Association AVex<\/a><\/li><\/ul><\/li><\/ul><\/nav><\/div>\n<h2><span class=\"ez-toc-section\" id=\"Reglement_interieur\"><\/span>R\u00e8glement int\u00e9rieur<span class=\"ez-toc-section-end\"><\/span><\/h2>\n<h3><span class=\"ez-toc-section\" id=\"Association_AVex\"><\/span>Association AVex<span class=\"ez-toc-section-end\"><\/span><\/h3>\n<p>Ce document fixe les articles du r\u00e8glement int\u00e9rieur de l\u2019association AVex auxquels sont soumis les membres et adh\u00e9rents de\u00a0l\u2019association.\u00a0Ce r\u00e8glement a \u00e9t\u00e9 accept\u00e9 par les membres du bureau lors de la constitution de l\u2019association AVex.<br \/>\nTout nouveau membre devra approuver ce r\u00e8glement pour valider son inscription \u00e0 l\u2019association.\u00a0Ces articles peuvent \u00eatre modifier \u00e0 tout moment pour r\u00e9pondre \u00e0 de nouvelles conjonctures et de nouveaux articles pourront \u00eatre\u00a0\u00e9tablis ult\u00e9rieurement lors d\u2019assembl\u00e9es administratives du bureau et approuv\u00e9s par celui-ci.<br \/>\nEn cas de modifications du r\u00e8glement int\u00e9rieur, les adh\u00e9rents et membres en seront tenus inform\u00e9s par courrier postal pour s\u2019y\u00a0conformer.<\/p>\n<p><strong>I. \u2013 Les assembl\u00e9es<\/strong><\/p>\n<p>Les assembl\u00e9es g\u00e9n\u00e9rales de l\u2019association ainsi que toutes les r\u00e9unions administratives de m\u00eame caract\u00e8re seront annonc\u00e9es\u00a0avec les conditions stipul\u00e9es dans les statuts de l\u2019association AVex et les adh\u00e9rents et membres en seront tenus inform\u00e9s par\u00a0courrier \u00e9lectronique (courriel) au pr\u00e9alable et sp\u00e9cifiant le lieu et la date de ces assembl\u00e9es.<\/p>\n<p><strong>II. \u2013 Les r\u00e9unions<\/strong><\/p>\n<p>Les r\u00e9unions hebdomadaires, ponctuelles ou sp\u00e9ciales dans le cadre de rencontres avec l\u2019association AVex dans des lieux\u00a0autres que le si\u00e8ge et le local officiel de l\u2019association AVex sont soumis \u00e0 des conditions particuli\u00e8res de s\u00e9curit\u00e9. Etant donn\u00e9\u00a0qu\u2019il n\u2019est pas possible pour l\u2019association d\u2019assurer tous ces lieux de r\u00e9union, les adh\u00e9rents et membres pr\u00e9sents devront\u00a0prendre leurs dispositions pour \u00eatre en accord avec la l\u00e9gislation en cours pour ce qui concerne la responsabilit\u00e9 civile et\u00a0individuelle-accident. L\u2019association AVex ne pourra \u00eatre tenue responsable des d\u00e9g\u00e2ts occasionn\u00e9s et des dommages \u00e0 autrui\u00a0au cours de ces r\u00e9unions.<\/p>\n<p><strong>III. \u2013 Les sorties sur le terrain<\/strong><\/p>\n<p>1. Dans le cadre de l\u2019association AVex, les adh\u00e9rents et membres seront invit\u00e9s \u00e0 effectuer des sorties diurnes ou nocturnes afin\u00a0de pratiquer divers aspects de l\u2019astronomie dans divers lieux en ext\u00e9rieur. Dans le cadre de ces sorties, les adh\u00e9rents et\u00a0membres pr\u00e9sents devront prendre leur dispositions pour \u00eatre en accord avec la l\u00e9gislation en cours pour ce qui concerne la\u00a0responsabilit\u00e9 civile et individuelle-accident. L\u2019association AVex ne pourra \u00eatre tenue responsable des d\u00e9g\u00e2ts occasionn\u00e9s et\u00a0des dommages \u00e0 autrui ainsi que la perte ou le vol du mat\u00e9riel des adh\u00e9rents et membres lors de ces sorties.<\/p>\n<p>2. Les sorties sur le terrain s\u2019effectuant dans des lieux naturels, en g\u00e9n\u00e9ral pr\u00e9serv\u00e9s, il incombe aux adh\u00e9rents et membres de\u00a0l\u2019association de respecter ces lieux en les laissant tels qu\u2019ils \u00e9taient \u00e0 leur arriv\u00e9e.<\/p>\n<p>3. Les sorties nocturnes sur le terrain sont un lieux de respect mutuel et il incombe aux adh\u00e9rents et membres de faire de leur\u00a0mieux, tout en restant dans une logique de s\u00e9curit\u00e9, pour ne pas g\u00eaner les autres astronomes dans leurs activit\u00e9s : lumi\u00e8re\u00a0envahissante, etc.<\/p>\n<p><strong>IV. \u2013 L\u2019outil InterNet<\/strong><\/p>\n<p>1.\u00a0Les adh\u00e9rents et membres de l\u2019association AVex disposant d\u2019une connexion InterNet peuvent s\u2019inscrire gratuitement sur la\u00a0liste de diffusion InterNet de l\u2019association AVex afin de profiter de cette zone d\u2019\u00e9change d\u2019informations rapide. Les adh\u00e9rents\u00a0et membres inscrits sur la liste de diffusion InterNet de l\u2019association AVex sont invit\u00e9s \u00e0 respecter les r\u00e8gles \u00e9l\u00e9mentaires de\u00a0politesse ainsi que le r\u00e8glement sp\u00e9cifique \u00e0 la liste de diffusion InterNet de l\u2019association AVex. L\u2019association AVex ne pourra\u00a0\u00eatre tenue responsable des comportements occasionn\u00e9s, des textes \u00e9crits, des documents publi\u00e9s par adh\u00e9rents, membres\u00a0ou autres personnes inscrites sur la liste de diffusion InterNet de l\u2019association AVex et des dommages \u00e0 autrui sur InterNet.<\/p>\n<p>2. De la m\u00eame mani\u00e8re, l\u2019association AVex propose aux adh\u00e9rents et membres la possibilit\u00e9 de publier des documents sur son\u00a0site officiel. Ces documents devront \u00eatre transmis au responsable du site InterNet, Mr Fr\u00e9d\u00e9ric Tapissier, en vue de leur<br \/>\npublication. L\u2019association AVex d\u00e9cline toute responsabilit\u00e9 sur les documents publi\u00e9s : droits d\u2019auteur, copyright, etc. et ne\u00a0pourra \u00eatre tenue responsable des dommages \u00e0 autrui.<\/p>\n<p>document PDF<\/p>\n<p><a href=\"http:\/\/www.avex-asso.org\/dossiers\/wordpress\/wp-content\/uploads\/2012\/09\/r-i-avex1.pdf\">R\u00e8glement int\u00e9rieure<\/a><\/p>\n","protected":false},"excerpt":{"rendered":"<p>R\u00e8glement int\u00e9rieur Association AVex Ce document fixe les articles du r\u00e8glement int\u00e9rieur de l\u2019association AVex auxquels sont soumis les membres<\/p>\n<p><a href=\"https:\/\/www.avex-asso.org\/dossiers\/wordpress\/club\/reglement-interieur-de-lassociation-avex\" class=\"more-link\">Continue reading<span class=\"screen-reader-text\">R\u00e8glement int\u00e9rieur de l&rsquo;association AVEX<\/span><\/a><\/p>\n","protected":false},"author":1,"featured_media":0,"parent":2449,"menu_order":20,"comment_status":"open","ping_status":"closed","template":"","meta":{"footnotes":""},"class_list":["post-2623","page","type-page","status-publish","hentry"],"_links":{"self":[{"href":"https:\/\/www.avex-asso.org\/dossiers\/wordpress\/wp-json\/wp\/v2\/pages\/2623","targetHints":{"allow":["GET"]}}],"collection":[{"href":"https:\/\/www.avex-asso.org\/dossiers\/wordpress\/wp-json\/wp\/v2\/pages"}],"about":[{"href":"https:\/\/www.avex-asso.org\/dossiers\/wordpress\/wp-json\/wp\/v2\/types\/page"}],"author":[{"embeddable":true,"href":"https:\/\/www.avex-asso.org\/dossiers\/wordpress\/wp-json\/wp\/v2\/users\/1"}],"replies":[{"embeddable":true,"href":"https:\/\/www.avex-asso.org\/dossiers\/wordpress\/wp-json\/wp\/v2\/comments?post=2623"}],"version-history":[{"count":4,"href":"https:\/\/www.avex-asso.org\/dossiers\/wordpress\/wp-json\/wp\/v2\/pages\/2623\/revisions"}],"predecessor-version":[{"id":2660,"href":"https:\/\/www.avex-asso.org\/dossiers\/wordpress\/wp-json\/wp\/v2\/pages\/2623\/revisions\/2660"}],"up":[{"embeddable":true,"href":"https:\/\/www.avex-asso.org\/dossiers\/wordpress\/wp-json\/wp\/v2\/pages\/2449"}],"wp:attachment":[{"href":"https:\/\/www.avex-asso.org\/dossiers\/wordpress\/wp-json\/wp\/v2\/media?parent=2623"}],"curies":[{"name":"wp","href":"https:\/\/api.w.org\/{rel}","templated":true}]}}