{"id":2799,"date":"2012-12-31T09:38:54","date_gmt":"2012-12-31T08:38:54","guid":{"rendered":"http:\/\/www.avex-asso.org\/dossiers\/wordpress\/?page_id=2799"},"modified":"2016-04-23T20:17:52","modified_gmt":"2016-04-23T18:17:52","slug":"europa-lichtverschmutzungskarten-avex","status":"publish","type":"page","link":"https:\/\/www.avex-asso.org\/dossiers\/wordpress\/tutoriels-logiciels\/pollution-lumineuse\/europa-lichtverschmutzungskarten-avex","title":{"rendered":"Europa Lichtverschmutzungskarten AVEX"},"content":{"rendered":"<h2>Download<\/h2>\n<p>3 versions : Klassic , Astrophoto &amp; Sodium<\/p>\n<p>links for fast preview<br \/>\n<a href=\"http:\/\/www.avex-asso.org\/dossiers\/pl\/europe\/a\/europe-classique.kmz\">Klassic<\/a><\/p>\n<p><a href=\"http:\/\/www.avex-asso.org\/dossiers\/pl\/europe\/a\"><img loading=\"lazy\" decoding=\"async\" src=\"http:\/\/www.avex-asso.org\/dossiers\/wordpress\/wp-content\/uploads\/2012\/12\/classique_vignette.png\" alt=\"classique_vignette\" width=\"200\" height=\"132\" \/><\/a><br \/>\n<a href=\"http:\/\/www.avex-asso.org\/dossiers\/pl\/europe\/b\/b\">astrophoto<\/a><\/p>\n<p><a href=\"http:\/\/www.avex-asso.org\/dossiers\/pl\/europe\/b\/b\"><img loading=\"lazy\" decoding=\"async\" src=\"http:\/\/www.avex-asso.org\/dossiers\/wordpress\/wp-content\/uploads\/2012\/12\/astrophoto_vignette.png\" alt=\"astrophoto_vignette\" width=\"200\" height=\"131\" \/><\/a><br \/>\n<a href=\"http:\/\/www.avex-asso.org\/dossiers\/pl\/europe\/c\/c\">sodium<\/a><\/p>\n<p><a href=\"http:\/\/www.avex-asso.org\/dossiers\/pl\/europe\/c\/c\"><img loading=\"lazy\" decoding=\"async\" src=\"http:\/\/www.avex-asso.org\/dossiers\/wordpress\/wp-content\/uploads\/2012\/12\/sodium.png\" alt=\"sodium\" width=\"200\" height=\"131\" \/><\/a><\/p>\n<form action=\"https:\/\/www.paypal.com\/cgi-bin\/webscr\" method=\"post\"><input alt=\"PayPal - The safer, easier way to pay online!\" name=\"submit\" src=\"https:\/\/www.paypalobjects.com\/en_US\/i\/btn\/btn_donate_LG.gif\" type=\"image\" \/><br \/>\n<img loading=\"lazy\" decoding=\"async\" src=\"https:\/\/www.paypalobjects.com\/fr_FR\/i\/scr\/pixel.gif\" alt=\"\" width=\"200\" height=\"40\" border=\"0\" \/><\/form>\n<p><img loading=\"lazy\" decoding=\"async\" src=\"https:\/\/www.paypalobjects.com\/fr_FR\/i\/scr\/pixel.gif\" alt=\"\" width=\"1\" height=\"1\" border=\"0\" \/><\/p>\n<p>Google Earth files (need google earth)<br \/>\n<a href=\"http:\/\/www.avex-asso.org\/dossiers\/pl\/europe\/a\/classique.kml\">classique.kml<\/a>\u00a0&lt;= Classic view<\/p>\n<p><a href=\"http:\/\/www.avex-asso.org\/dossiers\/pl\/europe\/a\/classique.kml\"><img loading=\"lazy\" decoding=\"async\" src=\"http:\/\/www.avex-asso.org\/dossiers\/wordpress\/wp-content\/uploads\/2012\/12\/classique.png\" alt=\"classique\" width=\"755\" height=\"394\" \/><\/a><\/p>\n<p>Weiss 0 &#8211; 15 sichtbare Sterne (ausser Planeten), abh\u00e4ngig von den Bedingungen. Lichtverschmutzung sehr stark und allgegenw\u00e4rtig. Typisch f\u00fcr sehr grosse Stadtzentren, grosse regionale und nationale Metropolen, k\u00fcstennahe Metropolen.<\/p>\n<p>Magenta 25 &#8211; 80 sichtbare Sterne, die Hauptkonstellationen werden erkennbar.<br \/>\nRot 80 &#8211; 150 Sterne, die Konstellationen und einige zus\u00e4tzliche Sterne erscheinen. Im Teleskop lassen sich einige Messier-Objekte ausmachen.<\/p>\n<p>Orange 150 &#8211; 250 Sterne sichtbar bei guten Bedingungen, die Lichtverschmutzung ist allgegenw\u00e4rtig, aber einige dunklere Stellen erscheinen am Himmel, typisch f\u00fcr mittlere Vororte.<\/p>\n<p>Gelb 250 &#8211; 500 Sterne, Lichtverschmutzung noch stark, die Milchstrasse kann bei sehr guten Bedingungen beobachtet werden. Einige Messier-Objekte k\u00f6nnen zwischen helleren Objekten mit blossem Auge gesehen werden.<\/p>\n<p>Gr\u00fcn 500 &#8211; 1000 Sterne, grosse ruhige Vororte von Metropolen, die Milchstrasse ist oft auszumachen, aber nur unter guten athmosph\u00e4rischen Bedingungen, typischerweise betrifft die Lichtverschmutzung einen Teil des Himmels und steigt auf 40 &#8211; 50 \u00b0 H\u00f6he.<\/p>\n<p>Cyan 1000 &#8211; 1500 Sterne, die Milchstrasse ist meist sichtbar, je nach klimatischen Bedingungen, aber sie sticht nicht durch grosse Helligkeit hervor.<\/p>\n<p>Blau 1500 &#8211; 2000 Sterne, guter Himmel, die Milchstrasse ist gut sichtbar, man beginnt einen guten Eindruck vom Himmel zu bekommen, dennoch st\u00f6ren einige verstreute Quellen der Lichtverschmutzung die Sichtbarkeit, haupts\u00e4chlich im vertikalen Bereich zum Beobachter.<\/p>\n<p>Mitternachtsblau 2000 &#8211; 3000 Sterne, guter Himmel, die Milchstrasse ist deutlich sichtbar, die Lichtquellen sind weit entfernt und zerstreut, sie beeinflussen die Beobachtungsqualit\u00e4t nicht st\u00e4ndig.<\/p>\n<p>Schwarz : mehr als 3000 Sterne, Lichtverschmutzung je nach Qualit\u00e4t nachweisbar.<\/p>\n<p>&nbsp;<\/p>\n<p>Karte der Lichtverschmutzung<br \/>\nDiese Karte versucht, die Qualit\u00e4t des Himmels f\u00fcr den abgeh\u00e4rteten Beobachter darzustellen.<br \/>\nVorsicht bei der Interpretation:<br \/>\nDiese Karte ist nur g\u00fcltig f\u00fcr eine Zenith\u00f6he von 50\u00b0 und gibt keinen Aufschluss \u00fcber die Effekte der Lichtverschmutzung unter dieser H\u00f6he.<br \/>\nEs gilt, dass der Beobachter nicht direkt einer Lichtquelle ausgesetzt ist, um die Werte dieser zu ber\u00fccksichtigen, bzw. f\u00fcr h\u00f6chstens 5 Minuten einer direkten Lichtquelle ausgesetzt ist.<br \/>\nDie Genauigkeit der Daten ist nicht garantiert: die Werte wurden per Rechnung ermittelt, nicht aus der Realit\u00e4t.<br \/>\nDie exotischen Ph\u00e4nomene der Beleuchtung (Bauwerke) oder im Gegenzug das Ausschalten der Lichter nach einer Stunde k\u00f6nnen \u00f6rtliche Daten verf\u00e4lschen.<br \/>\nDiese Karte gibt Auskunft \u00fcber die Lichtverschmutzung in einer Stunde ermittelt um 23.00 Uhr, im Winter mit einer Luftfeuchtigkeit von 85\u00b0. Die grossen Strassen (Nationalstrassen, Autobahnen), befahren von beleuchteten Autos, werden systematisch wie eine Lichtquelle gewertet: die Blendung, hervorgerufen durch ein fahrendes Auto mit seinen Lichtern kann dauerhaft die Beobachtungsqualit\u00e4t am Himmel (20 mm) ruinieren.<br \/>\nGew\u00e4sser wurden nicht ber\u00fccksichtigt: die Ausbreitung von Halos wurde absichtlich und der Deutlichkeit halber stark abgeschw\u00e4cht auf den Meeren.<br \/>\nDiese Karten geben Auskunft \u00fcber: st\u00e4dtische Gebiete, ZA, ZI, l\u00e4ndliche Gebiete, Flugh\u00e4fen, H\u00e4fen, Hauptstrassen und grosse Bauten (typischerweise grosse Atomkraftwerke).<br \/>\nDie H\u00f6he spielt eine grosse Rolle bei der Art, wie sich die Verschmutzung ausbreitet: Je h\u00f6her der Beobachter ist, desto unwesentlicher ist die Ausbreitung der Verschmutzung. Also im Gegenzug, eine Stadt, die niedriger als 1000 m liegt, beeinflusst die Beobachtungsqualit\u00e4t auf einem Beobachtungspunkt auf 1000 m weniger, als bei gleicher H\u00f6he.<br \/>\nDie Effekte der H\u00f6he sind halb-logaritthmisch: die ersten 1000 m haben einen entscheidenden Einflussfaktor auf die Beobachtungsqualit\u00e4t.<br \/>\nNutzungsbedingungen der Lichtverschmutzungs-Karte:<\/p>\n","protected":false},"excerpt":{"rendered":"<p>Download 3 versions : Klassic , Astrophoto &amp; Sodium links for fast preview Klassic astrophoto sodium Google Earth files (need<\/p>\n<p><a href=\"https:\/\/www.avex-asso.org\/dossiers\/wordpress\/tutoriels-logiciels\/pollution-lumineuse\/europa-lichtverschmutzungskarten-avex\" class=\"more-link\">Continue reading<span class=\"screen-reader-text\">Europa Lichtverschmutzungskarten AVEX<\/span><\/a><\/p>\n","protected":false},"author":1,"featured_media":0,"parent":3341,"menu_order":4,"comment_status":"open","ping_status":"closed","template":"","meta":{"footnotes":""},"class_list":["post-2799","page","type-page","status-publish","hentry"],"_links":{"self":[{"href":"https:\/\/www.avex-asso.org\/dossiers\/wordpress\/wp-json\/wp\/v2\/pages\/2799","targetHints":{"allow":["GET"]}}],"collection":[{"href":"https:\/\/www.avex-asso.org\/dossiers\/wordpress\/wp-json\/wp\/v2\/pages"}],"about":[{"href":"https:\/\/www.avex-asso.org\/dossiers\/wordpress\/wp-json\/wp\/v2\/types\/page"}],"author":[{"embeddable":true,"href":"https:\/\/www.avex-asso.org\/dossiers\/wordpress\/wp-json\/wp\/v2\/users\/1"}],"replies":[{"embeddable":true,"href":"https:\/\/www.avex-asso.org\/dossiers\/wordpress\/wp-json\/wp\/v2\/comments?post=2799"}],"version-history":[{"count":7,"href":"https:\/\/www.avex-asso.org\/dossiers\/wordpress\/wp-json\/wp\/v2\/pages\/2799\/revisions"}],"predecessor-version":[{"id":3114,"href":"https:\/\/www.avex-asso.org\/dossiers\/wordpress\/wp-json\/wp\/v2\/pages\/2799\/revisions\/3114"}],"up":[{"embeddable":true,"href":"https:\/\/www.avex-asso.org\/dossiers\/wordpress\/wp-json\/wp\/v2\/pages\/3341"}],"wp:attachment":[{"href":"https:\/\/www.avex-asso.org\/dossiers\/wordpress\/wp-json\/wp\/v2\/media?parent=2799"}],"curies":[{"name":"wp","href":"https:\/\/api.w.org\/{rel}","templated":true}]}}