{"id":2822,"date":"2013-01-20T15:44:32","date_gmt":"2013-01-20T14:44:32","guid":{"rendered":"http:\/\/www.avex-asso.org\/dossiers\/wordpress\/?page_id=2822"},"modified":"2016-04-23T20:18:13","modified_gmt":"2016-04-23T18:18:13","slug":"2822-2","status":"publish","type":"page","link":"https:\/\/www.avex-asso.org\/dossiers\/wordpress\/tutoriels-logiciels\/pollution-lumineuse\/2822-2","title":{"rendered":"Mappa dell\u2019inquinamento luminoso in Europa"},"content":{"rendered":"<div id=\"ez-toc-container\" class=\"ez-toc-v2_0_82_2 counter-hierarchy ez-toc-counter ez-toc-black ez-toc-container-direction\">\n<div class=\"ez-toc-title-container\">\n<p class=\"ez-toc-title\" style=\"cursor:inherit\">Table of Contents<\/p>\n<span class=\"ez-toc-title-toggle\"><a href=\"#\" class=\"ez-toc-pull-right ez-toc-btn ez-toc-btn-xs ez-toc-btn-default ez-toc-toggle\" aria-label=\"Toggle Table of Content\"><span class=\"ez-toc-js-icon-con\"><span class=\"\"><span class=\"eztoc-hide\" style=\"display:none;\">Toggle<\/span><span class=\"ez-toc-icon-toggle-span\"><svg style=\"fill: #999;color:#999\" xmlns=\"http:\/\/www.w3.org\/2000\/svg\" class=\"list-377408\" width=\"20px\" height=\"20px\" viewBox=\"0 0 24 24\" fill=\"none\"><path d=\"M6 6H4v2h2V6zm14 0H8v2h12V6zM4 11h2v2H4v-2zm16 0H8v2h12v-2zM4 16h2v2H4v-2zm16 0H8v2h12v-2z\" fill=\"currentColor\"><\/path><\/svg><svg style=\"fill: #999;color:#999\" class=\"arrow-unsorted-368013\" xmlns=\"http:\/\/www.w3.org\/2000\/svg\" width=\"10px\" height=\"10px\" viewBox=\"0 0 24 24\" version=\"1.2\" baseProfile=\"tiny\"><path d=\"M18.2 9.3l-6.2-6.3-6.2 6.3c-.2.2-.3.4-.3.7s.1.5.3.7c.2.2.4.3.7.3h11c.3 0 .5-.1.7-.3.2-.2.3-.5.3-.7s-.1-.5-.3-.7zM5.8 14.7l6.2 6.3 6.2-6.3c.2-.2.3-.5.3-.7s-.1-.5-.3-.7c-.2-.2-.4-.3-.7-.3h-11c-.3 0-.5.1-.7.3-.2.2-.3.5-.3.7s.1.5.3.7z\"\/><\/svg><\/span><\/span><\/span><\/a><\/span><\/div>\n<nav><ul class='ez-toc-list ez-toc-list-level-1 ' ><li class='ez-toc-page-1 ez-toc-heading-level-2'><a class=\"ez-toc-link ez-toc-heading-1\" href=\"https:\/\/www.avex-asso.org\/dossiers\/wordpress\/tutoriels-logiciels\/pollution-lumineuse\/2822-2\/#Scaricare\" >Scaricare<\/a><\/li><li class='ez-toc-page-1 ez-toc-heading-level-2'><a class=\"ez-toc-link ez-toc-heading-2\" href=\"https:\/\/www.avex-asso.org\/dossiers\/wordpress\/tutoriels-logiciels\/pollution-lumineuse\/2822-2\/#Mappa_leggenda_visuale\" >Mappa leggenda visuale<\/a><\/li><li class='ez-toc-page-1 ez-toc-heading-level-2'><a class=\"ez-toc-link ez-toc-heading-3\" href=\"https:\/\/www.avex-asso.org\/dossiers\/wordpress\/tutoriels-logiciels\/pollution-lumineuse\/2822-2\/#Mappa_leggenda_astrofotografia\" >Mappa leggenda astrofotografia<\/a><\/li><li class='ez-toc-page-1 ez-toc-heading-level-2'><a class=\"ez-toc-link ez-toc-heading-4\" href=\"https:\/\/www.avex-asso.org\/dossiers\/wordpress\/tutoriels-logiciels\/pollution-lumineuse\/2822-2\/#Introduzione\" >Introduzione<\/a><\/li><li class='ez-toc-page-1 ez-toc-heading-level-2'><a class=\"ez-toc-link ez-toc-heading-5\" href=\"https:\/\/www.avex-asso.org\/dossiers\/wordpress\/tutoriels-logiciels\/pollution-lumineuse\/2822-2\/#_Cosa_cambia_rispetto_alle_mappe_nazionali\" >\u00a0Cosa cambia rispetto alle mappe nazionali<\/a><\/li><li class='ez-toc-page-1 ez-toc-heading-level-2'><a class=\"ez-toc-link ez-toc-heading-6\" href=\"https:\/\/www.avex-asso.org\/dossiers\/wordpress\/tutoriels-logiciels\/pollution-lumineuse\/2822-2\/#Cosa_non_cambia\" >Cosa non cambia<\/a><\/li><li class='ez-toc-page-1 ez-toc-heading-level-2'><a class=\"ez-toc-link ez-toc-heading-7\" href=\"https:\/\/www.avex-asso.org\/dossiers\/wordpress\/tutoriels-logiciels\/pollution-lumineuse\/2822-2\/#Per_informazione\" >Per informazione<\/a><\/li><li class='ez-toc-page-1 ez-toc-heading-level-2'><a class=\"ez-toc-link ez-toc-heading-8\" href=\"https:\/\/www.avex-asso.org\/dossiers\/wordpress\/tutoriels-logiciels\/pollution-lumineuse\/2822-2\/#Precauzioni_di_interpretazione\" >Precauzioni di interpretazione<\/a><\/li><li class='ez-toc-page-1 ez-toc-heading-level-2'><a class=\"ez-toc-link ez-toc-heading-9\" href=\"https:\/\/www.avex-asso.org\/dossiers\/wordpress\/tutoriels-logiciels\/pollution-lumineuse\/2822-2\/#Condizioni_di_uso_di_queste_mappe\" >Condizioni di uso di queste mappe<\/a><\/li><\/ul><\/nav><\/div>\n<h2><span class=\"ez-toc-section\" id=\"Scaricare\"><\/span><a name=\"Scaricare\"><\/a>Scaricare<span class=\"ez-toc-section-end\"><\/span><\/h2>\n<p>3 versioni\u00a0 : Classica\u00a0 (se non sapete quale scegliere \u00e8 proprio quelle che ci vuole), Astrofotografia e Sodio<\/p>\n<p>Link verso le versioni rapide :<br \/>\n<a href=\"http:\/\/www.avex-asso.org\/dossiers\/pl\/europe\/a\">Classica<\/a><\/p>\n<p><a href=\"http:\/\/www.avex-asso.org\/dossiers\/pl\/europe\/a\"><img loading=\"lazy\" decoding=\"async\" class=\"size-full wp-image-2763 alignnone\" src=\"http:\/\/www.avex-asso.org\/dossiers\/wordpress\/wp-content\/uploads\/2012\/12\/classique_vignette.png\" alt=\"classique_vignette\" width=\"200\" height=\"132\" \/><\/a><br \/>\n<a href=\"http:\/\/www.avex-asso.org\/dossiers\/pl\/europe\/b\/b\">Astrofotografia<\/a><\/p>\n<p><a href=\"http:\/\/www.avex-asso.org\/dossiers\/pl\/europe\/b\/b\"><img loading=\"lazy\" decoding=\"async\" class=\"size-full wp-image-2762 alignnone\" src=\"http:\/\/www.avex-asso.org\/dossiers\/wordpress\/wp-content\/uploads\/2012\/12\/astrophoto_vignette.png\" alt=\"astrophoto_vignette\" width=\"200\" height=\"131\" \/><\/a><br \/>\n<a href=\"http:\/\/www.avex-asso.org\/dossiers\/pl\/europe\/c\/c\">Sodio<\/a><\/p>\n<p><a href=\"http:\/\/www.avex-asso.org\/dossiers\/pl\/europe\/c\/c\"><img loading=\"lazy\" decoding=\"async\" class=\"size-full wp-image-2761 alignnone\" src=\"http:\/\/www.avex-asso.org\/dossiers\/wordpress\/wp-content\/uploads\/2012\/12\/sodium.png\" alt=\"sodium\" width=\"200\" height=\"131\" \/><\/a><\/p>\n<p>&nbsp;<\/p>\n<p>Link verso le versioni Google Earth (occorre aver installato Google Earth)<br \/>\n<a href=\"http:\/\/www.avex-asso.org\/dossiers\/pl\/europe\/a\/europe-classique.kmz\">classique.kml<\/a>\u00a0&lt;= Classica<\/p>\n<p><a href=\"http:\/\/www.avex-asso.org\/dossiers\/pl\/europe\/a\/classique.kml\"><img loading=\"lazy\" decoding=\"async\" class=\"alignleft  wp-image-2767\" src=\"http:\/\/www.avex-asso.org\/dossiers\/wordpress\/wp-content\/uploads\/2012\/12\/classique.png\" alt=\"classique\" width=\"755\" height=\"394\" srcset=\"https:\/\/www.avex-asso.org\/dossiers\/wordpress\/wp-content\/uploads\/2012\/12\/classique.png 755w, https:\/\/www.avex-asso.org\/dossiers\/wordpress\/wp-content\/uploads\/2012\/12\/classique-600x313.png 600w\" sizes=\"auto, (max-width: 755px) 100vw, 755px\" \/><\/a><\/p>\n<h2><span class=\"ez-toc-section\" id=\"Mappa_leggenda_visuale\"><\/span>Mappa leggenda visuale<span class=\"ez-toc-section-end\"><\/span><\/h2>\n<p><a href=\"http:\/\/www.avex-asso.org\/dossiers\/wordpress\/wp-content\/uploads\/2007\/06\/legende-visuel1.png\"><img loading=\"lazy\" decoding=\"async\" title=\"legende-visuel[1]\" src=\"http:\/\/www.avex-asso.org\/dossiers\/wordpress\/wp-content\/uploads\/2007\/06\/legende-visuel1.png\" alt=\"\" width=\"500\" height=\"38\" data-lazy-loaded=\"true\" \/><\/a><\/p>\n<p><strong>Bianco:<\/strong> 0-50 stelle visibili (eccetto pianeti) a secondo delle condizioni. Inquinamento luminoso molto potente e onnipresente. Molto tipico dei grandi centri urbani e delle grandi metropoli regionali e nazionali.<\/p>\n<p><strong>Magenta:<\/strong> 50-100 stelle visibili, le costellazioni principali cominciano ad essere riconoscibili.<\/p>\n<p><strong>Rosso:<\/strong> 100 -200 stelle sisibili : le costellazioni e alcune stelle in pi\u00f9 possono apparire. Col telescopio, si possono osservare certi oggetti del catalogo di Messier.<\/p>\n<p><strong>Arancione:<\/strong> 200-250 stelle visibili in buone condizioni, l&rsquo;inquinamento resta presente \u00a0ma in alcune parti del cielo appaiono pi\u00f9 scure. Situazioni di diversi sobborghi di grandi citt\u00e0.<\/p>\n<p><strong>Giallo:<\/strong> 250-500 stelle: inquinamento luminoso ancora forte. La Via Lattea potrebbe diventare visibile in ottime condizioni. Alcuni tra i pi\u00f9 brillanti Messier possono essere osservati ad occhio nudo.<\/p>\n<p><strong>Verde:<\/strong> 500-1000 stelle visibili : Periferia lontana di citt\u00e0, la via Lattea \u00e8 visibile spesso ma ancora molto sensibile alle condizioni atmosferiche. Tipicamente gli aloni dell\u2019inquinamento luminoso occupano solo una parte del cielo e arrivano a 40 -50 \u00b0 di altitudine.<\/p>\n<p><strong>Ciano:<\/strong> 1000-1800 Stelle: La Via Lattea \u00e8 visibile la maggior parte del tempo (a secondo del tempo), ma senza splendere, si distingue senza pi\u00f9.<\/p>\n<p><strong>Blu:<\/strong> 1800-3000: cielo molto buono. La Via Lattea si distingue abbastanza chiaramente, si inizia ad avere la sensazione di un buon cielo, per\u00f2, dispersi fonti di inquinamento sabotano ancora qualche zona del cielo. Il cielo alla verticale dell&rsquo;osservatore \u00e8 generalmente buono a molto buono.<\/p>\n<p><strong>Blu notte:<\/strong> 3000-5000: cielo buono e Via Lattea e potente. Certi aloni di luce sono molto distanti e sparse, e non incidono sulla qualit\u00e0 della cielo.<\/p>\n<p><strong>Nero:<\/strong> 5000 + stelle visibili nessun problema d\u2019inquinamento luminoso rilevabile verticalmente sulla qualit\u00e0 del cielo. L&rsquo;inquinamento luminoso non si sviluppa oltre 8 \u00b0 sopra l&rsquo;orizzonte.<\/p>\n<p>___________<br \/>\n<a href=\"http:\/\/www.avex-asso.org\/dossiers\/pl\/europe\/b\/b\/astrophoto.kml\">astrophoto.kml<\/a> &lt;= astrofotografia<\/p>\n<p><a href=\"http:\/\/www.avex-asso.org\/dossiers\/pl\/europe\/b\/b\/astrophoto.kml\"><img loading=\"lazy\" decoding=\"async\" class=\"alignleft  wp-image-2766\" src=\"http:\/\/www.avex-asso.org\/dossiers\/wordpress\/wp-content\/uploads\/2012\/12\/astrophoto.png\" alt=\"astrophoto\" width=\"755\" height=\"394\" srcset=\"https:\/\/www.avex-asso.org\/dossiers\/wordpress\/wp-content\/uploads\/2012\/12\/astrophoto.png 755w, https:\/\/www.avex-asso.org\/dossiers\/wordpress\/wp-content\/uploads\/2012\/12\/astrophoto-600x313.png 600w\" sizes=\"auto, (max-width: 755px) 100vw, 755px\" \/><\/a><\/p>\n<p>&nbsp;<\/p>\n<h2><span class=\"ez-toc-section\" id=\"Mappa_leggenda_astrofotografia\"><\/span>Mappa leggenda astrofotografia<span class=\"ez-toc-section-end\"><\/span><\/h2>\n<p><strong>Bianco:<\/strong> la foto cielo profondo \u00e8 difficile, se non impossibile. Potenti filtri sono necessari e solo qualche oggetto del cielo profondo (nebulose brillante). I filtri di tipo Astrodon 3 nm sono necessari.<br \/>\n<strong>Magenta:<\/strong> l\u2019astrofotografia a banda stretta \u00e8 possibile per la maggior parte degli oggetti del cielo profondo di tipo h-alpha. Senza un filtro, solo esposizioni brevi sono possibili, e quindi con un basso rapporto segnale \/ rumore \/ sfondo del cielo. Occorono filtri di tipo Astrodon da 5nm a 12nm.<br \/>\n<strong>Rosso:<\/strong> le foto di cielo profondo sono possibili ma ancora significativamente migliore con filtro che senza filtro. L&rsquo;uso di filtri altamente selettivi non \u00e8 pi\u00f9 necessario, i filtri di banda media (UHC), sono tuttavia ancora ampiamente raccomandati. Oggetti continui (ammassi di galassie) sono disponibili, ma ancora una volta, lo sfondo del cielo \u00e8 ancora pittosto pr\u00e9sente.<br \/>\n<strong>Arancione:<\/strong> A secondo delle condizioni atmosferiche, l&rsquo;uso di filtri a banda larga (tipo CLS) pu\u00f2 essere sufficiente quasi sempre. L&rsquo;astrofotografia senza filtro \u00e8 possibile se i scatti non sono troppo lunghi.<br \/>\n<strong>Giallo<\/strong> : \u00a0I filtri non sono pi\u00f9 necessari per le nebulose, il rapporto segnale \/ rumore \/ sfondo del cielo comincia a migliorare in modo significativo.<br \/>\n<b>Verde<\/b> : I filtri non sono pi\u00f9 di alcun obbligo in tutte le circostanze. Il fondo cielo \u00e8 accentuato su alcune aree specifiche se i scatti sono lunghi.<\/p>\n<p><strong>Ciano: <\/strong>Inizio possiblile di scatti lunghi\u00a0senza eccessivo aumento del fondo del cielo. Attenzione gli oggetti bassi nel cielo saranno ancora problematici perch\u00e9 l\u2019inquinamento \u00e8 ancora presente a bassa altitudine.<br \/>\n<strong>Blu:<\/strong> nessun problema reale di inquinamento luminoso. I valori di SQM sono buoni. Le esposizioni lunghe danno ottimi risultati, tranne vicino all&rsquo;orizzonte.<br \/>\n<strong>Nero:<\/strong> Non esiste pi\u00f9 inquinamento luminoso (non esiste in Francia).<\/p>\n<p>_______________<\/p>\n<p><a href=\"http:\/\/www.avex-asso.org\/dossiers\/pl\/europe\/c\/c\/sodium.kml\">sodium.kml<\/a> &lt;= sodio<\/p>\n<p><a href=\"http:\/\/www.avex-asso.org\/dossiers\/pl\/europe\/c\/c\/sodium.kml\"><img loading=\"lazy\" decoding=\"async\" class=\"wp-image-2764 alignnone\" src=\"http:\/\/www.avex-asso.org\/dossiers\/wordpress\/wp-content\/uploads\/2012\/12\/europe-soidume-ge.png\" alt=\"europe-soidume-ge\" width=\"755\" height=\"414\" srcset=\"https:\/\/www.avex-asso.org\/dossiers\/wordpress\/wp-content\/uploads\/2012\/12\/europe-soidume-ge.png 755w, https:\/\/www.avex-asso.org\/dossiers\/wordpress\/wp-content\/uploads\/2012\/12\/europe-soidume-ge-600x329.png 600w\" sizes=\"auto, (max-width: 755px) 100vw, 755px\" \/><\/a><\/p>\n<p>&nbsp;<\/p>\n<form action=\"https:\/\/www.paypal.com\/cgi-bin\/webscr\" method=\"post\"><input name=\"cmd\" type=\"hidden\" value=\"_s-xclick\" \/><br \/>\n<input name=\"hosted_button_id\" type=\"hidden\" value=\"ECQF6R3MUM9V8\" \/><br \/>\n<input alt=\"PayPal - la solution de paiement en ligne la plus simple et la plus s\u00e9curis\u00e9e !\" name=\"submit\" src=\"https:\/\/www.paypalobjects.com\/fr_FR\/FR\/i\/btn\/btn_donateCC_LG.gif\" type=\"image\" \/><br \/>\n<img loading=\"lazy\" decoding=\"async\" src=\"https:\/\/www.paypalobjects.com\/fr_FR\/i\/scr\/pixel.gif\" alt=\"\" width=\"1\" height=\"1\" border=\"0\" \/><\/form>\n<h2><span class=\"ez-toc-section\" id=\"Introduzione\"><\/span><a name=\"Introduction\"><\/a>Introduzione<span class=\"ez-toc-section-end\"><\/span><\/h2>\n<p>Dopo qualche mese di riflessione e settimane di risultati preliminari, Avex \u00e8 estremamente orgogliosa di presentare le nuove mappe di inquinamento luminoso a livello europeo.<\/p>\n<p>La necessit\u00e0 di una mappa unificata a livello europeo si fatta sentire da tempo &#8211; in primo luogo, permette ai paesi che non sono mai stati fatti: Italia, Austria, Polonia, Repubblica Ceca, Slovenia Ungheria, i paesi della ex Jugoslavia, Albania, Lituania, Danimarca, Estonia, l&rsquo;Irlanda e la copertura parziale di Norvegia, Svezia, Finlandia, Romania, Bulgaria. La Grecia \u00e8 completamente esclusa a causa di una deplorevole mancanza di dati per questo paese &#8211; che permetta un confronto a livello europeo.<\/p>\n<figure id=\"attachment_2752\" aria-describedby=\"caption-attachment-2752\" style=\"width: 720px\" class=\"wp-caption alignleft\"><a href=\"http:\/\/www.avex-asso.org\/dossiers\/wordpress\/wp-content\/uploads\/2012\/12\/couverture-europe.png\"><img loading=\"lazy\" decoding=\"async\" class=\" wp-image-2752 \" src=\"http:\/\/www.avex-asso.org\/dossiers\/wordpress\/wp-content\/uploads\/2012\/12\/couverture-europe.png\" alt=\"Couverture approximative de la carte de pollution lumineuse\" width=\"720\" height=\"569\" srcset=\"https:\/\/www.avex-asso.org\/dossiers\/wordpress\/wp-content\/uploads\/2012\/12\/couverture-europe.png 720w, https:\/\/www.avex-asso.org\/dossiers\/wordpress\/wp-content\/uploads\/2012\/12\/couverture-europe-600x474.png 600w\" sizes=\"auto, (max-width: 720px) 100vw, 720px\" \/><\/a><figcaption id=\"caption-attachment-2752\" class=\"wp-caption-text\">Couverture approximative de la carte de pollution lumineuse<\/figcaption><\/figure>\n<p>In rosso il quadro approssimativo delle mappe europee<\/p>\n<h2><span class=\"ez-toc-section\" id=\"_Cosa_cambia_rispetto_alle_mappe_nazionali\"><\/span>\u00a0Cosa cambia rispetto alle mappe nazionali<span class=\"ez-toc-section-end\"><\/span><\/h2>\n<p>1. Per la prima volta, le mappe Avex sono georeferenziate, cio\u00e8 perfettamente esatte \u00a0spazialmente importabile ed esportabile da qualsiasi software GIS (Geografic Information System),<\/p>\n<p>2. Le scale tra i paesi sono state unificate sulla stessa base. Un fattore moltiplicativo o divisivo \u00e8 stato applicato ad alcuni paesi per riflettere meglio le specificit\u00e0 locali,<\/p>\n<p>3. La \u00a0ponderazione di altitudine \u00e8 stata leggermente ridotta, sempre per riflettere meglio le osservazioni locali,<\/p>\n<p>4. mappe, estremamente grandi nella loro versione originale, sono disponibili soltanto via Google Earth: non distribuisco pi\u00f9 il PDF o TIF che caso a caso e su richiesta (le mappe fanno pi\u00f9 di un giga)<\/p>\n<p>5. Le strade interurbane non sono praticamente pi\u00f9 prese in considerazione, ad eccezione di alcune grandi autostrade.<\/p>\n<h2><span class=\"ez-toc-section\" id=\"Cosa_non_cambia\"><\/span>Cosa non cambia<span class=\"ez-toc-section-end\"><\/span><\/h2>\n<p>La scala colore \u00e8 le stesse indicazioni restano valide.<\/p>\n<p>La mappa \u00e8 valida per un cono di 50 \u00b0 allo zenit (cio\u00e8 rispetto alla verticale della posizione), e non tiene conto degli effetti di inquinamento luminoso all&rsquo;orizzonte. Per considerare i valori indicati sulla mappa, resta inteso che l&rsquo;osservatore non dovrebbe essere direttamente esposto ad una sorgente di luce diretta, \u00e8 da almeno 20 minuti non si \u00e8 esposto ad una qualsiasi fonte di luce diretta.<\/p>\n<p>L\u2019esattezza dei dati non \u00e8 garantita: i valori sono solo indicativi e ottenuti dal calcolo, e non basati sulla realt\u00e0. Fenomeni locali, come ad esempio l&rsquo;illuminazione di monumenti ed edifici pubblici, o, al contrario l&rsquo;estinzione delle luci ad una certa ora della notte, pu\u00f2 falsare i dati localmente. Si tratta di mappe di inquinamento luminoso per le ore 23 in inverno, con una umidit\u00e0 media di 85 \u00b0.<\/p>\n<p>Le aree acquatiche non vengono prese in considerazione: la propagazione di aloni di luce \u00e8 stata fortemente attenuata volontariamente al di sopra del mare, per motivi di chiarezza. Queste mappe trattano delle zone urbane, zone industiali et artigianali, aree residenziali, porti, aeroporti, campi di aviazione, autostrade ed alcune strutture industirali di grandi dimensioni (ad esempio le centrali elettriche nucleare)<\/p>\n<p>L&rsquo;altitudine gioca un ruolo importante nella propagazione dell\u2019inquinamento luminoso: Pi\u00f9 l&rsquo;osservatore si trova in altezza, meno la diffusione della luce \u00e8 importante. Cos\u00ec, se una citt\u00e0 \u00a0si trova \u00e0 1000 metri pi\u00f9 gi\u00f9 di un osservatore, influisce molto meno sulla qualit\u00e0 del cielo che se l&rsquo;osservatore si trovasse \u00a0allo stesso livello della citt\u00e0. Gli effetti dell&rsquo;altitudine sono semi-logaritmici: come tale, i primi mille metri sono un fattore determinante per la qualit\u00e0 del cielo.<\/p>\n<h2><span class=\"ez-toc-section\" id=\"Per_informazione\"><\/span><a name=\"info\"><\/a>Per informazione<span class=\"ez-toc-section-end\"><\/span><\/h2>\n<p>Queste mappe sono gratuite e lo rimangono per uso privato o associazioni. Per calcolarle occorre molto tempo e materiale informatico costoso, queste ricerche sono fatte con le sole risorse di AVEX e senza aiuto esterno.<\/p>\n<p>Se volete aiutarci, anche simbolicamente, nel nostro lavoro, \u00e8 possibile donare tramite Paypal, \u00e8 sufficiente fare clic sul pulsante qui sotto per scegliere il montante e confermare\u00a0\u00a0\ud83d\ude42<\/p>\n<form action=\"https:\/\/www.paypal.com\/cgi-bin\/webscr\" method=\"post\"><input name=\"cmd\" type=\"hidden\" value=\"_s-xclick\" \/><br \/>\n<input name=\"hosted_button_id\" type=\"hidden\" value=\"ECQF6R3MUM9V8\" \/><br \/>\n<input alt=\"PayPal - la solution de paiement en ligne la plus simple et la plus s\u00e9curis\u00e9e !\" name=\"submit\" src=\"https:\/\/www.paypalobjects.com\/fr_FR\/FR\/i\/btn\/btn_donateCC_LG.gif\" type=\"image\" \/><br \/>\n<img loading=\"lazy\" decoding=\"async\" src=\"https:\/\/www.paypalobjects.com\/fr_FR\/i\/scr\/pixel.gif\" alt=\"\" width=\"1\" height=\"1\" border=\"0\" \/><\/form>\n<p>&nbsp;<\/p>\n<p><strong>Queste mappe non sono royalty free,<\/strong> ogni pubblicazione \u00e8 oggetta ad una richiesta esplicita a Fr\u00e9deric Tapissier + (33) (0) 6 84 73 81 53 o e-mail ftapissier@gmail.com (senza spazi).<\/p>\n<p>Le immagini \u00a0originali sono quasi 30.000 pixel quadrati e una risoluzione di 100 metri per pixel, e sono disponibili in geotif (georeferenziati).<\/p>\n<p>9 strati sono disponibili:<\/p>\n<p>Singolo strato di inquinamento luminoso: classica, astrofotografia e sodio<\/p>\n<p>Strato PL + sollievo: astrofotografia classico e sodio<\/p>\n<p>PL + sollievo + toponomastica comune di oltre 5.000 abitanti classico, astrofotografia e sodio<\/p>\n<h2><span class=\"ez-toc-section\" id=\"Precauzioni_di_interpretazione\"><\/span><a name=\"precautions\"><\/a>Precauzioni di interpretazione<span class=\"ez-toc-section-end\"><\/span><\/h2>\n<p>La mappa \u00e8 valida per un cono di 50 \u00b0 allo zenit (cio\u00e8 rispetto alla verticale della posizione), e non tiene conto degli effetti di inquinamento luminoso all&rsquo;orizzonte. Per considerare i valori indicati sulla mappa, resta inteso che l&rsquo;osservatore non dovrebbe essere direttamente esposto ad una sorgente di luce diretta, \u00e8 da almeno 20 minuti non si \u00e8 esposto ad una qualsiasi fonte di luce diretta.<\/p>\n<p><strong>L\u2019esattezza dei dati non \u00e8 garantita: i valori sono solo indicativi e ottenuti dal calcolo<\/strong>, e non basati sulla realt\u00e0. Fenomeni locali, come ad esempio l&rsquo;illuminazione di monumenti ed edifici pubblici, o, al contrario l&rsquo;estinzione delle luci ad una certa ora della notte, pu\u00f2 falsare i dati localmente. <strong>Si tratta di mappe di inquinamento luminoso per le ore 23 in inverno, con una umidit\u00e0 media di 85 \u00b0<\/strong>.<\/p>\n<p>Le aree acquatiche non vengono prese in considerazione: la propagazione di aloni di luce \u00e8 stata fortemente attenuata volontariamente al di sopra del mare, per motivi di chiarezza. Queste mappe trattano delle zone urbane, zone industiali et artigianali, aree residenziali, porti, aeroporti, campi di aviazione, autostrade ed alcune strutture industirali di grandi dimensioni (ad esempio le centrali elettriche nucleare).<\/p>\n<p>&nbsp;<\/p>\n<p>L&rsquo;altitudine gioca un ruolo importante nella propagazione dell\u2019inquinamento luminoso: Pi\u00f9 l&rsquo;osservatore si trova in altezza, meno la diffusione della luce \u00e8 importante. Cos\u00ec, se una citt\u00e0 \u00a0si trova \u00e0 1000 metri pi\u00f9 gi\u00f9 di un osservatore, influisce molto meno sulla qualit\u00e0 del cielo che se l&rsquo;osservatore si trovasse \u00a0allo stesso livello della citt\u00e0. Gli effetti dell&rsquo;altitudine sono semi-logaritmici: come tale, i primi mille metri sono un fattore determinante per la qualit\u00e0 del cielo.<\/p>\n<h2><span class=\"ez-toc-section\" id=\"Condizioni_di_uso_di_queste_mappe\"><\/span><a name=\"conditions\"><\/a>Condizioni di uso di queste mappe<span class=\"ez-toc-section-end\"><\/span><\/h2>\n<p>1 Queste mappe sono e rimangono di esclusiva propriet\u00e0 di Fr\u00e9deric Tapissier o dei suoi suoi aventi diritto, e AVEX.<\/p>\n<p>2 L&rsquo;autore non consente la diffusione di queste mappe a terzi senza il preventivo consenso da lui (sono protetti da Copyright \u00a9).<\/p>\n<p>3 I diritti non sono trasferibili in alcun modo da parte dell&rsquo;utente a chiunque, o per qualsiasi motivo.<\/p>\n<p>4 Tutte le richieste di stampa o di trasmissione devono essere sempre subordinate alla preventiva approvazione di Fr\u00e9deric Tapissier \/ \/ AVEX.<\/p>\n<p>5 Nessuna modifica dei dati, compresi i colori, le dimensioni delle imagini, non possono essere fatte senza il preventivo consenso Fr\u00e9deric Tapissier \/ \/ AVEX.<\/p>\n<p>6 Queste mappe sono protette da segni elettronici di tracciabilit\u00e0, e sono protette da alterazioni e l&rsquo;esportazione dei dati in essi contenuti.<\/p>\n<p>7 L&rsquo;autore non assume alcuna responsabilit\u00e0 per l&rsquo;uso di tali dati in alcun modo.<\/p>\n<p>8 L&rsquo;autore non garantisce l&rsquo;esattezza dei dati, che sono solo approssimativi, i valori sono ottenuti via un calcolo. Questo documento non pu\u00f2 essere utilizzato in qualsiasi base ufficiale qualsiasi opera, e l&rsquo;autore non assume alcuna responsabilit\u00e0 per il passato uso presente e futuro e l&rsquo;interpretazione di questi dati.<\/p>\n<p>9 L&rsquo;uso delle mappe \u00e8 libero nell&rsquo;ambito delle associazioni e privati, per qualsiasi applicazione commerciale, si e pregati di contattare l&rsquo;autore.<\/p>\n<p>&nbsp;<\/p>\n<p>&nbsp;<\/p>\n<p>&nbsp;<\/p>\n","protected":false},"excerpt":{"rendered":"<p>Scaricare 3 versioni\u00a0 : Classica\u00a0 (se non sapete quale scegliere \u00e8 proprio quelle che ci vuole), Astrofotografia e Sodio Link<\/p>\n<p><a href=\"https:\/\/www.avex-asso.org\/dossiers\/wordpress\/tutoriels-logiciels\/pollution-lumineuse\/2822-2\" class=\"more-link\">Continue reading<span class=\"screen-reader-text\">Mappa dell\u2019inquinamento luminoso in Europa<\/span><\/a><\/p>\n","protected":false},"author":1,"featured_media":0,"parent":3341,"menu_order":3,"comment_status":"open","ping_status":"closed","template":"","meta":{"footnotes":""},"class_list":["post-2822","page","type-page","status-publish","hentry"],"_links":{"self":[{"href":"https:\/\/www.avex-asso.org\/dossiers\/wordpress\/wp-json\/wp\/v2\/pages\/2822","targetHints":{"allow":["GET"]}}],"collection":[{"href":"https:\/\/www.avex-asso.org\/dossiers\/wordpress\/wp-json\/wp\/v2\/pages"}],"about":[{"href":"https:\/\/www.avex-asso.org\/dossiers\/wordpress\/wp-json\/wp\/v2\/types\/page"}],"author":[{"embeddable":true,"href":"https:\/\/www.avex-asso.org\/dossiers\/wordpress\/wp-json\/wp\/v2\/users\/1"}],"replies":[{"embeddable":true,"href":"https:\/\/www.avex-asso.org\/dossiers\/wordpress\/wp-json\/wp\/v2\/comments?post=2822"}],"version-history":[{"count":9,"href":"https:\/\/www.avex-asso.org\/dossiers\/wordpress\/wp-json\/wp\/v2\/pages\/2822\/revisions"}],"predecessor-version":[{"id":3113,"href":"https:\/\/www.avex-asso.org\/dossiers\/wordpress\/wp-json\/wp\/v2\/pages\/2822\/revisions\/3113"}],"up":[{"embeddable":true,"href":"https:\/\/www.avex-asso.org\/dossiers\/wordpress\/wp-json\/wp\/v2\/pages\/3341"}],"wp:attachment":[{"href":"https:\/\/www.avex-asso.org\/dossiers\/wordpress\/wp-json\/wp\/v2\/media?parent=2822"}],"curies":[{"name":"wp","href":"https:\/\/api.w.org\/{rel}","templated":true}]}}