{"id":3038,"date":"2014-03-21T12:46:24","date_gmt":"2014-03-21T11:46:24","guid":{"rendered":"http:\/\/www.avex-asso.org\/dossiers\/wordpress\/?page_id=3038"},"modified":"2016-07-11T11:14:52","modified_gmt":"2016-07-11T09:14:52","slug":"verification-alignement-polaire-en-30seconde","status":"publish","type":"page","link":"https:\/\/www.avex-asso.org\/dossiers\/wordpress\/dossiers-pratiques\/divers\/verification-alignement-polaire-en-30seconde","title":{"rendered":"v\u00e9rification alignement polaire en 30seconde"},"content":{"rendered":"<h2>V\u00e9rifier votre alignement polaire avec votre CCD en une pose et quelques minutes<\/h2>\n<p>Mettez votre monture en station<\/p>\n<p>Pointez votre t\u00e9lescope vers l\u2019\u00e9toile polaire<\/p>\n<p>Desserrez les freins de la monture<\/p>\n<p>D\u00e9clenchez une pose longue avec votre CCD (30s environ)<\/p>\n<p>Ne touchez \u00e0 rien pendant 10 secondes, puis faite pivoter l\u2019axe alpha de votre t\u00e9lescope de 180\u00b0 (en 20 seconde environs)<\/p>\n<p><img loading=\"lazy\" decoding=\"async\" alt=\"\" src=\"http:\/\/www.njnoordhoek.com\/wordpress\/wp-content\/uploads\/2010\/10\/DDSC_2336_withRADECgrid_weblog1.jpg\" width=\"1024\" height=\"680\" \/><\/p>\n<p>Votre logiciel de contr\u00f4le de CCD affiche alors une image avec des \u00e9toiles et aussi une s\u00e9rie de cercle concentrique<\/p>\n<p>&nbsp;<\/p>\n<p>Enregistrez cette image puis envoyez-la sur\u00a0<a href=\"http:\/\/nova.astrometry.net\/\">http:\/\/nova.astrometry.net\/<\/a><\/p>\n<p>Lancez une reconnaissance \u00ab\u00a0plate solving\u00a0\u00bb<\/p>\n<p>L\u2019image est retourn\u00e9e avec un grille alpha et dec ou l\u2019on peut voir\u00a0 a quel point nous sommes d\u00e9cal\u00e9 ou pas<\/p>\n<p>Un alignement parfait se manifeste par\u00a0 un alignement concentrique des grilles Alpha \/ Dec avec le dessin en arc de cercle des \u00e9toiles<\/p>\n<p>&nbsp;<\/p>\n<p>&nbsp;<\/p>\n<p>Il y a quelques r\u00e9serve a cet exercice : le champs ne doit pas \u00eatre trop petit, les longue focale est les petits capteurs peuvent avoir des difficult\u00e9s<\/p>\n<p>&nbsp;<\/p>\n<p>Article traduit de <!-- m --><a href=\"http:\/\/www.njnoordhoek.com\/?p=627\">http:\/\/www.njnoordhoek.com\/?p=627<\/a><!-- m --><\/p>\n<p>&nbsp;<\/p>\n","protected":false},"excerpt":{"rendered":"<p>V\u00e9rifier votre alignement polaire avec votre CCD en une pose et quelques minutes Mettez votre monture en station Pointez votre<\/p>\n<p><a href=\"https:\/\/www.avex-asso.org\/dossiers\/wordpress\/dossiers-pratiques\/divers\/verification-alignement-polaire-en-30seconde\" class=\"more-link\">Continue reading<span class=\"screen-reader-text\">v\u00e9rification alignement polaire en 30seconde<\/span><\/a><\/p>\n","protected":false},"author":1,"featured_media":0,"parent":3394,"menu_order":0,"comment_status":"open","ping_status":"closed","template":"","meta":{"footnotes":""},"class_list":["post-3038","page","type-page","status-publish","hentry"],"_links":{"self":[{"href":"https:\/\/www.avex-asso.org\/dossiers\/wordpress\/wp-json\/wp\/v2\/pages\/3038","targetHints":{"allow":["GET"]}}],"collection":[{"href":"https:\/\/www.avex-asso.org\/dossiers\/wordpress\/wp-json\/wp\/v2\/pages"}],"about":[{"href":"https:\/\/www.avex-asso.org\/dossiers\/wordpress\/wp-json\/wp\/v2\/types\/page"}],"author":[{"embeddable":true,"href":"https:\/\/www.avex-asso.org\/dossiers\/wordpress\/wp-json\/wp\/v2\/users\/1"}],"replies":[{"embeddable":true,"href":"https:\/\/www.avex-asso.org\/dossiers\/wordpress\/wp-json\/wp\/v2\/comments?post=3038"}],"version-history":[{"count":6,"href":"https:\/\/www.avex-asso.org\/dossiers\/wordpress\/wp-json\/wp\/v2\/pages\/3038\/revisions"}],"predecessor-version":[{"id":3044,"href":"https:\/\/www.avex-asso.org\/dossiers\/wordpress\/wp-json\/wp\/v2\/pages\/3038\/revisions\/3044"}],"up":[{"embeddable":true,"href":"https:\/\/www.avex-asso.org\/dossiers\/wordpress\/wp-json\/wp\/v2\/pages\/3394"}],"wp:attachment":[{"href":"https:\/\/www.avex-asso.org\/dossiers\/wordpress\/wp-json\/wp\/v2\/media?parent=3038"}],"curies":[{"name":"wp","href":"https:\/\/api.w.org\/{rel}","templated":true}]}}