{"id":3756,"date":"2020-08-03T22:47:00","date_gmt":"2020-08-03T20:47:00","guid":{"rendered":"https:\/\/www.avex-asso.org\/dossiers\/wordpress\/?page_id=3756"},"modified":"2025-02-18T17:44:05","modified_gmt":"2025-02-18T16:44:05","slug":"carte-de-pollution-lumineuse-de-la-france-2020","status":"publish","type":"page","link":"https:\/\/www.avex-asso.org\/dossiers\/wordpress\/la-pollution-lumineuse-light-pollution\/carte-de-pollution-lumineuse-de-la-france-2020","title":{"rendered":"Carte de pollution lumineuse de la France 2021 finale"},"content":{"rendered":"<div id=\"ez-toc-container\" class=\"ez-toc-v2_0_83 counter-hierarchy ez-toc-counter ez-toc-black ez-toc-container-direction\">\n<div class=\"ez-toc-title-container\">\n<p class=\"ez-toc-title\" style=\"cursor:inherit\">Table of Contents<\/p>\n<span class=\"ez-toc-title-toggle\"><a href=\"#\" class=\"ez-toc-pull-right ez-toc-btn ez-toc-btn-xs ez-toc-btn-default ez-toc-toggle\" aria-label=\"Toggle Table of Content\"><span class=\"ez-toc-js-icon-con\"><span class=\"\"><span class=\"eztoc-hide\" style=\"display:none;\">Toggle<\/span><span class=\"ez-toc-icon-toggle-span\"><svg style=\"fill: #999;color:#999\" xmlns=\"http:\/\/www.w3.org\/2000\/svg\" class=\"list-377408\" width=\"20px\" height=\"20px\" viewBox=\"0 0 24 24\" fill=\"none\"><path d=\"M6 6H4v2h2V6zm14 0H8v2h12V6zM4 11h2v2H4v-2zm16 0H8v2h12v-2zM4 16h2v2H4v-2zm16 0H8v2h12v-2z\" fill=\"currentColor\"><\/path><\/svg><svg style=\"fill: #999;color:#999\" class=\"arrow-unsorted-368013\" xmlns=\"http:\/\/www.w3.org\/2000\/svg\" width=\"10px\" height=\"10px\" viewBox=\"0 0 24 24\" version=\"1.2\" baseProfile=\"tiny\"><path d=\"M18.2 9.3l-6.2-6.3-6.2 6.3c-.2.2-.3.4-.3.7s.1.5.3.7c.2.2.4.3.7.3h11c.3 0 .5-.1.7-.3.2-.2.3-.5.3-.7s-.1-.5-.3-.7zM5.8 14.7l6.2 6.3 6.2-6.3c.2-.2.3-.5.3-.7s-.1-.5-.3-.7c-.2-.2-.4-.3-.7-.3h-11c-.3 0-.5.1-.7.3-.2.2-.3.5-.3.7s.1.5.3.7z\"\/><\/svg><\/span><\/span><\/span><\/a><\/span><\/div>\n<nav><ul class='ez-toc-list ez-toc-list-level-1 ' ><ul class='ez-toc-list-level-2' ><li class='ez-toc-heading-level-2'><a class=\"ez-toc-link ez-toc-heading-1\" href=\"https:\/\/www.avex-asso.org\/dossiers\/wordpress\/la-pollution-lumineuse-light-pollution\/carte-de-pollution-lumineuse-de-la-france-2020\/#Les_cartes_de_pollution_lumineuse_AVEX_de_la_France_2021-2022\" >Les cartes de pollution lumineuse AVEX de la France 2021-2022<\/a><ul class='ez-toc-list-level-3' ><li class='ez-toc-heading-level-3'><a class=\"ez-toc-link ez-toc-heading-2\" href=\"https:\/\/www.avex-asso.org\/dossiers\/wordpress\/la-pollution-lumineuse-light-pollution\/carte-de-pollution-lumineuse-de-la-france-2020\/#Introduction\" >Introduction<\/a><\/li><li class='ez-toc-page-1 ez-toc-heading-level-3'><a class=\"ez-toc-link ez-toc-heading-3\" href=\"https:\/\/www.avex-asso.org\/dossiers\/wordpress\/la-pollution-lumineuse-light-pollution\/carte-de-pollution-lumineuse-de-la-france-2020\/#Points_dattention\" >Points d&rsquo;attention<\/a><ul class='ez-toc-list-level-4' ><li class='ez-toc-heading-level-4'><a class=\"ez-toc-link ez-toc-heading-4\" href=\"https:\/\/www.avex-asso.org\/dossiers\/wordpress\/la-pollution-lumineuse-light-pollution\/carte-de-pollution-lumineuse-de-la-france-2020\/#Cartes_Classique_880_mo\" >Cartes Classique (880 mo)<\/a><\/li><\/ul><\/li><\/ul><\/li><li class='ez-toc-page-1 ez-toc-heading-level-2'><a class=\"ez-toc-link ez-toc-heading-5\" href=\"https:\/\/www.avex-asso.org\/dossiers\/wordpress\/la-pollution-lumineuse-light-pollution\/carte-de-pollution-lumineuse-de-la-france-2020\/#france-2021-classique3\" >france-2021-classique3<\/a><\/li><\/ul><\/li><li class='ez-toc-page-1 ez-toc-heading-level-1'><a class=\"ez-toc-link ez-toc-heading-6\" href=\"https:\/\/www.avex-asso.org\/dossiers\/wordpress\/la-pollution-lumineuse-light-pollution\/carte-de-pollution-lumineuse-de-la-france-2020\/#Carte_de_pollution_lumineuse_Sodium\" >Carte de pollution lumineuse Sodium<\/a><ul class='ez-toc-list-level-3' ><li class='ez-toc-heading-level-3'><ul class='ez-toc-list-level-3' ><li class='ez-toc-heading-level-3'><a class=\"ez-toc-link ez-toc-heading-7\" href=\"https:\/\/www.avex-asso.org\/dossiers\/wordpress\/la-pollution-lumineuse-light-pollution\/carte-de-pollution-lumineuse-de-la-france-2020\/#Carte_de_pollution_lumineuse_Sodium_en_telechargement_700mo\" >Carte de pollution lumineuse Sodium en t\u00e9l\u00e9chargement ( 700mo)<\/a><\/li><\/ul><\/li><\/ul><\/li><\/ul><\/nav><\/div>\n<h2><span class=\"ez-toc-section\" id=\"Les_cartes_de_pollution_lumineuse_AVEX_de_la_France_2021-2022\"><\/span>Les cartes de pollution lumineuse AVEX de la France 2021-2022<span class=\"ez-toc-section-end\"><\/span><\/h2>\n<p>Pour information, <span style=\"color: #ffff99;\">il existe une version 2023<\/span> qui prend en compte une r\u00e9duction significative de la pollution lumineuse dans un contexte de crise \u00e9nerg\u00e9tique.<\/p>\n<p>Vous pouvez <a href=\"https:\/\/www.avex-asso.org\/dossiers\/wordpress\/la-pollution-lumineuse-light-pollution\/carte-de-pollution-lumineuse-2023-crise-energetique\">voir les cartes sur cette page<\/a><\/p>\n<h3><span class=\"ez-toc-section\" id=\"Introduction\"><\/span>Introduction<span class=\"ez-toc-section-end\"><\/span><\/h3>\n<hr \/>\n<p><strong>Il s\u2019agit de la 9\u1d49 version<\/strong>.<\/p>\n<p>La r\u00e9solution est de 10m\/ pixel Ces cartes ne concernent que la France avec la Corse.<br \/>\nVoici un comparatif des cartes de la g\u00e9n\u00e9ration pr\u00e9c\u00e9dente avec la nouvelle<\/p>\n<figure id=\"attachment_3863\" aria-describedby=\"caption-attachment-3863\" style=\"width: 920px\" class=\"wp-caption alignleft\"><a href=\"https:\/\/www.avex-asso.org\/dossiers\/wordpress\/wp-content\/uploads\/2021\/01\/image.png.7057739fca600699d7095dbfc673c69f.png\"><img loading=\"lazy\" decoding=\"async\" class=\"wp-image-3863 size-large\" src=\"https:\/\/www.avex-asso.org\/dossiers\/wordpress\/wp-content\/uploads\/2021\/01\/image.png.7057739fca600699d7095dbfc673c69f-1200x692.png\" alt=\"\" width=\"920\" height=\"531\" srcset=\"https:\/\/www.avex-asso.org\/dossiers\/wordpress\/wp-content\/uploads\/2021\/01\/image.png.7057739fca600699d7095dbfc673c69f-1200x692.png 1200w, https:\/\/www.avex-asso.org\/dossiers\/wordpress\/wp-content\/uploads\/2021\/01\/image.png.7057739fca600699d7095dbfc673c69f-600x346.png 600w, https:\/\/www.avex-asso.org\/dossiers\/wordpress\/wp-content\/uploads\/2021\/01\/image.png.7057739fca600699d7095dbfc673c69f-768x443.png 768w, https:\/\/www.avex-asso.org\/dossiers\/wordpress\/wp-content\/uploads\/2021\/01\/image.png.7057739fca600699d7095dbfc673c69f.png 1280w\" sizes=\"auto, (max-width: 920px) 100vw, 920px\" \/><\/a><figcaption id=\"caption-attachment-3863\" class=\"wp-caption-text\"><em>Version actuelle<\/em><\/figcaption><\/figure>\n<figure id=\"attachment_3864\" aria-describedby=\"caption-attachment-3864\" style=\"width: 920px\" class=\"wp-caption alignnone\"><a href=\"https:\/\/www.avex-asso.org\/dossiers\/wordpress\/wp-content\/uploads\/2021\/01\/image.png.e01740c592cdd36cc4e88926cec58ce3.png\"><img loading=\"lazy\" decoding=\"async\" class=\"wp-image-3864 size-large\" src=\"https:\/\/www.avex-asso.org\/dossiers\/wordpress\/wp-content\/uploads\/2021\/01\/image.png.e01740c592cdd36cc4e88926cec58ce3-1200x622.png\" alt=\"\" width=\"920\" height=\"477\" srcset=\"https:\/\/www.avex-asso.org\/dossiers\/wordpress\/wp-content\/uploads\/2021\/01\/image.png.e01740c592cdd36cc4e88926cec58ce3-1200x622.png 1200w, https:\/\/www.avex-asso.org\/dossiers\/wordpress\/wp-content\/uploads\/2021\/01\/image.png.e01740c592cdd36cc4e88926cec58ce3-600x311.png 600w, https:\/\/www.avex-asso.org\/dossiers\/wordpress\/wp-content\/uploads\/2021\/01\/image.png.e01740c592cdd36cc4e88926cec58ce3-768x398.png 768w, https:\/\/www.avex-asso.org\/dossiers\/wordpress\/wp-content\/uploads\/2021\/01\/image.png.e01740c592cdd36cc4e88926cec58ce3.png 1280w\" sizes=\"auto, (max-width: 920px) 100vw, 920px\" \/><\/a><figcaption id=\"caption-attachment-3864\" class=\"wp-caption-text\"><em>ancienne version<\/em><\/figcaption><\/figure>\n<p>Pour l\u2019Europe (r\u00e9solution de 80m au mieux) <a href=\"https:\/\/www.avex-asso.org\/dossiers\/wordpress\/fr_FR\/la-pollution-lumineuse-light-pollution\/cartes-de-pollution-europeenne-avex-2016?lang=fr_FR\">voir ici <\/a><\/p>\n<p><strong><span style=\"color: #ff0000;\">Rappel l\u00e9gal<\/span> : <span style=\"color: #ffff99;\">il est strictement interdit de t\u00e9l\u00e9charger et d\u2019utiliser ses cartes dans un cadre professionnel<\/span> ; <\/strong>cela comprend sans s\u2019y limiter : les bureaux d\u2019\u00e9tudes, les entreprises, les fondations, les associations, les communes, les communaut\u00e9s de communes, les services cartographiques, les SIG. <span style=\"color: #ffff99;\">Si vous souhaitez utiliser ces cartes dans les cadres professionnel et l\u00e9gal, merci de me contacter directement \u00e0<\/span> <a href=\"mailto:ftapissier@gmail.com\" target=\"_blank\" rel=\"noopener\">ftapissier@gmail.com<\/a> \/ <a href=\"tel:+33789227286\">07 89 22 72 86<\/a><\/p>\n<h3><span class=\"ez-toc-section\" id=\"Points_dattention\"><\/span>Points d&rsquo;attention<span class=\"ez-toc-section-end\"><\/span><\/h3>\n<p>La carte n\u2019est valable que pour un c\u00f4ne z\u00e9nithal de 50\u00b0 (c&rsquo;est-\u00e0-dire par rapport \u00e0 la verticale d\u2019un lieu donn\u00e9), et ne rend pas compte des effets de la pollution lumineuse \u00e0 l\u2019horizon. Pour consid\u00e9rer les valeurs indiqu\u00e9es sur la carte, il est entendu que l\u2019observateur ne doit pas se trouver directement expos\u00e9 lui-m\u00eame \u00e0 une source de lumi\u00e8re directe, et qu\u2019il se trouve depuis vingt minutes \u2014 au moins- \u00e0 l\u2019abri de toute source de lumi\u00e8re directe.<\/p>\n<p><strong>L\u2019exactitude<\/strong> des donn\u00e9es n\u2019est pas garantie : les valeurs sont indicatives et obtenues par le calcul, affin\u00e9es par des mesures au sol et depuis l&rsquo;espace localis\u00e9es et non g\u00e9n\u00e9ralis\u00e9es. Des ph\u00e9nom\u00e8nes tr\u00e8s localis\u00e9s, comme l\u2019\u00e9clairage de monuments ou d\u2019\u00e9difices publics, ou au contraire l\u2019extinction des luminaires pass\u00e9 une certaine heure, peuvent fausser localement les donn\u00e9es. Ces cartes rendent compte de la pollution lumineuse pour 21 h, l\u2019hiver, avec un taux moyen d\u2019humidit\u00e9 de 96%. L&rsquo;humidit\u00e9 joue un r\u00f4le dans la diffusion de la pollution lumineuse, plus c&rsquo;est humide, plus \u00e7a diffuse.<\/p>\n<p><strong>Les zones aquatiques<\/strong> ne sont pas \u00e0 prendre en consid\u00e9ration : la propagation des halos lumineux a \u00e9t\u00e9 volontairement fortement att\u00e9nu\u00e9e au-dessus des mers, et ce, dans un souci de clart\u00e9.<br \/>\nCes cartes rendent compte des zones urbaines, ZA, ZI, zones pavillonnaires, ports, a\u00e9roports, certains a\u00e9rodromes, grosses autoroutes et certaines superstructures (grosses centrales nucl\u00e9aires notamment).<\/p>\n<p><strong>L\u2019altitude<\/strong> joue \u00e9galement un r\u00f4le majeur sur la propagation de la pollution lumineuse : plus l\u2019observateur est situ\u00e9 en hauteur, moins la diffusion de la lumi\u00e8re est importante. Ainsi, une ville situ\u00e9e en contrebas d\u2019un point d\u2019observation \u00e9tabli 1000m plus haut affecte beaucoup moins la qualit\u00e9 du ciel que si l\u2019observateur est au m\u00eame niveau que la source de pollution. Les effets de l\u2019altitude sont semi-logarithmiques : \u00e0 ce titre, les mille premiers m\u00e8tres sont un facteur d\u00e9terminant sur la qualit\u00e9 de l\u2019air.<\/p>\n<p><strong>La r\u00e9solution de ces cartes est sans pr\u00e9c\u00e9dent,<\/strong> l\u2019image finale fait 13.2 giga pixel : mon pc a beaucoup souffert pendant les calculs.<br \/>\nR\u00e9solution nominale : 1pixel = 10m<\/p>\n<p><a href=\"https:\/\/www.avex-asso.org\/dossiers\/wordpress\/wp-content\/uploads\/2021\/01\/prevue1-s.jpg\"><img loading=\"lazy\" decoding=\"async\" class=\"alignleft wp-image-3862\" src=\"https:\/\/www.avex-asso.org\/dossiers\/wordpress\/wp-content\/uploads\/2021\/01\/prevue1-s-1200x590.jpg\" alt=\"\" width=\"708\" height=\"348\" srcset=\"https:\/\/www.avex-asso.org\/dossiers\/wordpress\/wp-content\/uploads\/2021\/01\/prevue1-s-1200x590.jpg 1200w, https:\/\/www.avex-asso.org\/dossiers\/wordpress\/wp-content\/uploads\/2021\/01\/prevue1-s-600x295.jpg 600w, https:\/\/www.avex-asso.org\/dossiers\/wordpress\/wp-content\/uploads\/2021\/01\/prevue1-s-768x378.jpg 768w, https:\/\/www.avex-asso.org\/dossiers\/wordpress\/wp-content\/uploads\/2021\/01\/prevue1-s-1536x755.jpg 1536w, https:\/\/www.avex-asso.org\/dossiers\/wordpress\/wp-content\/uploads\/2021\/01\/prevue1-s.jpg 1920w\" sizes=\"auto, (max-width: 708px) 100vw, 708px\" \/><\/a><\/p>\n<p>L\u2019ouverture et la sauvegarde du fichier durait jusqu\u2019\u00e0 10 heures. (411 giga compress\u00e9) Les d\u00e9tails de cette version permettent d\u2019affiner tr\u00e8s pr\u00e9cis\u00e9ment la recherche d\u2019un terrain adapt\u00e9. En Utilisant le fichier Google Earth (recommand\u00e9) vous pouvez d\u00e9finir avec une bonne pr\u00e9cision les caract\u00e9ristiques environnementales<br \/>\nde votre futur site d\u2019observation.<\/p>\n<p><a href=\"https:\/\/www.avex-asso.org\/dossiers\/wordpress\/wp-content\/uploads\/2021\/01\/prevue3-s.jpg\"><img loading=\"lazy\" decoding=\"async\" class=\"alignleft wp-image-3859\" src=\"https:\/\/www.avex-asso.org\/dossiers\/wordpress\/wp-content\/uploads\/2021\/01\/prevue3-s-1200x590.jpg\" alt=\"\" width=\"668\" height=\"328\" srcset=\"https:\/\/www.avex-asso.org\/dossiers\/wordpress\/wp-content\/uploads\/2021\/01\/prevue3-s-1200x590.jpg 1200w, https:\/\/www.avex-asso.org\/dossiers\/wordpress\/wp-content\/uploads\/2021\/01\/prevue3-s-600x295.jpg 600w, https:\/\/www.avex-asso.org\/dossiers\/wordpress\/wp-content\/uploads\/2021\/01\/prevue3-s-768x378.jpg 768w, https:\/\/www.avex-asso.org\/dossiers\/wordpress\/wp-content\/uploads\/2021\/01\/prevue3-s-1536x755.jpg 1536w, https:\/\/www.avex-asso.org\/dossiers\/wordpress\/wp-content\/uploads\/2021\/01\/prevue3-s.jpg 1920w\" sizes=\"auto, (max-width: 668px) 100vw, 668px\" \/><\/a><\/p>\n<p>Comme d\u2019habitude les cartes sont \u00e9labor\u00e9es dans<strong> la logique du pire<\/strong>.<br \/>\n<strong>Pr\u00e9dire le pire pour garantir le meilleur.<\/strong><br \/>\nUn site aura pour pollution lumineuse<strong> la valeur indiqu\u00e9e sur la carte \u2026 <span style=\"color: #ff00ff;\">ou mieux<\/span>,<\/strong><br \/>\nselon que les villages environnants \u00e9teignent leur lumi\u00e8re pass\u00e9 une certaine heure.<br \/>\nVous pouvez consid\u00e9rer qu&rsquo;elles rendent compte avec une bonne pr\u00e9cision des conditions d\u2019observation un soir d\u2019hiver vers 22h00, donc <strong>avant que les premi\u00e8res extinctions interviennent.<\/strong><\/p>\n<p><a href=\"https:\/\/www.avex-asso.org\/dossiers\/wordpress\/wp-content\/uploads\/2021\/01\/prevue4-s.jpg\"><img loading=\"lazy\" decoding=\"async\" class=\"alignleft wp-image-3860\" src=\"https:\/\/www.avex-asso.org\/dossiers\/wordpress\/wp-content\/uploads\/2021\/01\/prevue4-s-1200x590.jpg\" alt=\"\" width=\"629\" height=\"309\" srcset=\"https:\/\/www.avex-asso.org\/dossiers\/wordpress\/wp-content\/uploads\/2021\/01\/prevue4-s-1200x590.jpg 1200w, https:\/\/www.avex-asso.org\/dossiers\/wordpress\/wp-content\/uploads\/2021\/01\/prevue4-s-600x295.jpg 600w, https:\/\/www.avex-asso.org\/dossiers\/wordpress\/wp-content\/uploads\/2021\/01\/prevue4-s-768x378.jpg 768w, https:\/\/www.avex-asso.org\/dossiers\/wordpress\/wp-content\/uploads\/2021\/01\/prevue4-s-1536x755.jpg 1536w, https:\/\/www.avex-asso.org\/dossiers\/wordpress\/wp-content\/uploads\/2021\/01\/prevue4-s.jpg 1920w\" sizes=\"auto, (max-width: 629px) 100vw, 629px\" \/><\/a><\/p>\n<p>Elles sont \u00e9labor\u00e9es \u00e0 partir de donn\u00e9es satellites qui rendent compte du taux d\u2019artificialisation des sols, qu\u2019un algorithme de mon cru transforme en taux de pollution lumineuse. Ces satellites, pour faire simple, consid\u00e8rent que plus un sol est chaud, plus il est artificiel. En effet, la min\u00e9ralit\u00e9 des sols restitue plus de chaleur qu\u2019un champ ou une for\u00eat. Gr\u00e2ce \u00e0 de puissants processus et calculs, il est ensuite possible de discriminer toute sorte de type de sol. Bien s\u00fbr, et comme d\u2019habitude, l\u2019altim\u00e9trie pond\u00e8re la propagation de la PL.<\/p>\n<p><strong>Plus on est haut moins la PL est impactante<\/strong><\/p>\n<figure id=\"attachment_3896\" aria-describedby=\"caption-attachment-3896\" style=\"width: 880px\" class=\"wp-caption alignnone\"><a href=\"https:\/\/earth.google.com\/web\/@42.98053931,-0.02146049,1270.59476982a,1838.84713387d,35y,-85.87679931h,77.91627806t,360r\"><img loading=\"lazy\" decoding=\"async\" class=\"wp-image-3896 size-large\" src=\"https:\/\/www.avex-asso.org\/dossiers\/wordpress\/wp-content\/uploads\/2022\/08\/altitude-et-pollution-lumineuse-1200x800.jpg\" alt=\"\" width=\"880\" height=\"587\" srcset=\"https:\/\/www.avex-asso.org\/dossiers\/wordpress\/wp-content\/uploads\/2022\/08\/altitude-et-pollution-lumineuse-1200x800.jpg 1200w, https:\/\/www.avex-asso.org\/dossiers\/wordpress\/wp-content\/uploads\/2022\/08\/altitude-et-pollution-lumineuse-600x400.jpg 600w, https:\/\/www.avex-asso.org\/dossiers\/wordpress\/wp-content\/uploads\/2022\/08\/altitude-et-pollution-lumineuse-768x512.jpg 768w, https:\/\/www.avex-asso.org\/dossiers\/wordpress\/wp-content\/uploads\/2022\/08\/altitude-et-pollution-lumineuse-272x182.jpg 272w, https:\/\/www.avex-asso.org\/dossiers\/wordpress\/wp-content\/uploads\/2022\/08\/altitude-et-pollution-lumineuse.jpg 1440w\" sizes=\"auto, (max-width: 880px) 100vw, 880px\" \/><\/a><figcaption id=\"caption-attachment-3896\" class=\"wp-caption-text\">Pollution de la Ville d&rsquo;Argel\u00e8s-Gazost (Pyr\u00e9n\u00e9es). Vue r\u00e9alis\u00e9e depuis le col d&rsquo;Hautacam. On distingue nettement que la pollution lumineuse diffuse nettement moins \u00e0 partir d&rsquo;une certaine altitude<\/figcaption><\/figure>\n<p>Les routes de plus de 10m de large sont consid\u00e9r\u00e9es comme des \u00e9metteurs de PL : le trafic automobile g\u00e9n\u00e8re de la pollution lumineuse<\/p>\n<figure id=\"attachment_3863\" aria-describedby=\"caption-attachment-3863\" style=\"width: 920px\" class=\"wp-caption alignnone\"><a href=\"https:\/\/www.avex-asso.org\/dossiers\/wordpress\/wp-content\/uploads\/2021\/01\/image.png.7057739fca600699d7095dbfc673c69f.png\"><img loading=\"lazy\" decoding=\"async\" class=\"wp-image-3863 size-large\" src=\"https:\/\/www.avex-asso.org\/dossiers\/wordpress\/wp-content\/uploads\/2021\/01\/image.png.7057739fca600699d7095dbfc673c69f-1200x692.png\" alt=\"L'ile de France\" width=\"920\" height=\"531\" srcset=\"https:\/\/www.avex-asso.org\/dossiers\/wordpress\/wp-content\/uploads\/2021\/01\/image.png.7057739fca600699d7095dbfc673c69f-1200x692.png 1200w, https:\/\/www.avex-asso.org\/dossiers\/wordpress\/wp-content\/uploads\/2021\/01\/image.png.7057739fca600699d7095dbfc673c69f-600x346.png 600w, https:\/\/www.avex-asso.org\/dossiers\/wordpress\/wp-content\/uploads\/2021\/01\/image.png.7057739fca600699d7095dbfc673c69f-768x443.png 768w, https:\/\/www.avex-asso.org\/dossiers\/wordpress\/wp-content\/uploads\/2021\/01\/image.png.7057739fca600699d7095dbfc673c69f.png 1280w\" sizes=\"auto, (max-width: 920px) 100vw, 920px\" \/><\/a><figcaption id=\"caption-attachment-3863\" class=\"wp-caption-text\">L&rsquo;ile de France<\/figcaption><\/figure>\n<p>Pour le moment seules les cartes google earth sont disponibles. Je travaille aux versions sodium et astrophoto, mais elles ne seront dispo en janvier 2021<\/p>\n<hr \/>\n<h4><span class=\"ez-toc-section\" id=\"Cartes_Classique_880_mo\"><\/span>Cartes Classique (880 mo)<span class=\"ez-toc-section-end\"><\/span><\/h4>\n<hr \/>\n<p>Pour le moment seul ce mod\u00e8le est disponible<\/p>\n<p>l&rsquo;opacit\u00e9 est r\u00e9gl\u00e9 sur 50%<\/p>\n<p>il faut t\u00e9l\u00e9charger et installer google earth (gratuit) pour pouvoir les utiliser : https:\/\/www.google.fr\/earth\/download\/gep\/agree.html<\/p>\n<h2><span class=\"ez-toc-section\" id=\"france-2021-classique3\"><\/span><a href=\"https:\/\/avex-asso.org\/Nextcloud\/index.php\/s\/Bm7XGsBNHKkfcwo\">france-2021-classique3<\/a><span class=\"ez-toc-section-end\"><\/span><\/h2>\n<p><a href=\"https:\/\/avex-asso.org\/Nextcloud\/index.php\/s\/Bm7XGsBNHKkfcwo\"><img loading=\"lazy\" decoding=\"async\" class=\"alignleft wp-image-3765 size-full\" src=\"https:\/\/www.avex-asso.org\/dossiers\/wordpress\/wp-content\/uploads\/2020\/08\/france-2020-scaled.jpg\" alt=\"\" width=\"2560\" height=\"1440\" srcset=\"https:\/\/www.avex-asso.org\/dossiers\/wordpress\/wp-content\/uploads\/2020\/08\/france-2020-scaled.jpg 2560w, https:\/\/www.avex-asso.org\/dossiers\/wordpress\/wp-content\/uploads\/2020\/08\/france-2020-600x338.jpg 600w, https:\/\/www.avex-asso.org\/dossiers\/wordpress\/wp-content\/uploads\/2020\/08\/france-2020-1200x675.jpg 1200w, https:\/\/www.avex-asso.org\/dossiers\/wordpress\/wp-content\/uploads\/2020\/08\/france-2020-768x432.jpg 768w, https:\/\/www.avex-asso.org\/dossiers\/wordpress\/wp-content\/uploads\/2020\/08\/france-2020-1536x864.jpg 1536w, https:\/\/www.avex-asso.org\/dossiers\/wordpress\/wp-content\/uploads\/2020\/08\/france-2020-2048x1152.jpg 2048w\" sizes=\"auto, (max-width: 2560px) 100vw, 2560px\" \/><\/a><\/p>\n<p>attention le fichier final est une pyramide de tuile dont la base fait 15gigapixel.\u00a0 au final chaque tuile fait 1024*1024 pixel de large, cela produit un fichier final de 44.000 tuiles<\/p>\n<p>le pc anciens pourraient rencontrer des lenteurs ou des difficult\u00e9s d&rsquo;affichage<\/p>\n<h1><span class=\"ez-toc-section\" id=\"Carte_de_pollution_lumineuse_Sodium\"><\/span><a href=\"https:\/\/avex-asso.org\/Nextcloud\/index.php\/s\/Ntsf4WMk2yFyo73\">Carte de pollution lumineuse Sodium<\/a><span class=\"ez-toc-section-end\"><\/span><\/h1>\n<p><a href=\"https:\/\/avex-asso.org\/Nextcloud\/index.php\/s\/Ntsf4WMk2yFyo73\"><img loading=\"lazy\" decoding=\"async\" class=\"alignleft wp-image-3869\" src=\"https:\/\/www.avex-asso.org\/dossiers\/wordpress\/wp-content\/uploads\/2021\/01\/2--1200x653.jpg\" alt=\"\" width=\"1280\" height=\"697\" srcset=\"https:\/\/www.avex-asso.org\/dossiers\/wordpress\/wp-content\/uploads\/2021\/01\/2--1200x653.jpg 1200w, https:\/\/www.avex-asso.org\/dossiers\/wordpress\/wp-content\/uploads\/2021\/01\/2--600x326.jpg 600w, https:\/\/www.avex-asso.org\/dossiers\/wordpress\/wp-content\/uploads\/2021\/01\/2--768x418.jpg 768w, https:\/\/www.avex-asso.org\/dossiers\/wordpress\/wp-content\/uploads\/2021\/01\/2--1536x836.jpg 1536w, https:\/\/www.avex-asso.org\/dossiers\/wordpress\/wp-content\/uploads\/2021\/01\/2--2048x1114.jpg 2048w\" sizes=\"auto, (max-width: 1280px) 100vw, 1280px\" \/><\/a><\/p>\n<p>Pour le grand public les cartes de pollution lumineuse classique ne sont pas forc\u00e9ment facile \u00e0 appr\u00e9hender, aussi j\u2019ai cr\u00e9\u00e9 une version dite \u00ab\u00a0sodium\u00a0\u00bb qui simule la vision naturelle.<\/p>\n<p>Pas forcement utile pour les astronomes, elles trouvent leur utilit\u00e9 dans la communication vers le grand public<\/p>\n<h3><a href=\"https:\/\/avex-asso.org\/Nextcloud\/index.php\/s\/Ntsf4WMk2yFyo73\">Carte de pollution lumineuse Sodium en t\u00e9l\u00e9chargement ( 700mo)<\/a><br \/>\n<a href=\"https:\/\/avex-asso.org\/Nextcloud\/index.php\/s\/Ntsf4WMk2yFyo73\"><img loading=\"lazy\" decoding=\"async\" class=\"alignleft wp-image-3868\" src=\"https:\/\/www.avex-asso.org\/dossiers\/wordpress\/wp-content\/uploads\/2021\/01\/1--1200x653.jpg\" alt=\"\" width=\"1281\" height=\"697\" srcset=\"https:\/\/www.avex-asso.org\/dossiers\/wordpress\/wp-content\/uploads\/2021\/01\/1--1200x653.jpg 1200w, https:\/\/www.avex-asso.org\/dossiers\/wordpress\/wp-content\/uploads\/2021\/01\/1--600x326.jpg 600w, https:\/\/www.avex-asso.org\/dossiers\/wordpress\/wp-content\/uploads\/2021\/01\/1--768x418.jpg 768w, https:\/\/www.avex-asso.org\/dossiers\/wordpress\/wp-content\/uploads\/2021\/01\/1--1536x836.jpg 1536w, https:\/\/www.avex-asso.org\/dossiers\/wordpress\/wp-content\/uploads\/2021\/01\/1--2048x1114.jpg 2048w\" sizes=\"auto, (max-width: 1281px) 100vw, 1281px\" \/><\/a><\/h3>\n<p>Toute fois si vous souhaitez en faire une publication papier, \u00e9lectronique (internet, messagerie ou autre), multim\u00e9dia ou t\u00e9l\u00e9visuelle,<strong> ces cartes ne sont pas libres de droits.<\/strong><\/p>\n<p>Seule leur consultation est gratuite.<\/p>\n<p>Merci de contacter Fr\u00e9d\u00e9ric Tapissier ( ftapissier @ gmail.com ) pour un devis personnalis\u00e9<\/p>\n","protected":false},"excerpt":{"rendered":"<p>Les cartes de pollution lumineuse AVEX de la France 2021-2022 Pour information, il existe une version 2023 qui prend en<\/p>\n<p><a href=\"https:\/\/www.avex-asso.org\/dossiers\/wordpress\/la-pollution-lumineuse-light-pollution\/carte-de-pollution-lumineuse-de-la-france-2020\" class=\"more-link\">Continue reading<span class=\"screen-reader-text\">Carte de pollution lumineuse de la France 2021 finale<\/span><\/a><\/p>\n","protected":false},"author":1,"featured_media":0,"parent":163,"menu_order":4,"comment_status":"closed","ping_status":"closed","template":"","meta":{"footnotes":""},"class_list":["post-3756","page","type-page","status-publish","hentry"],"_links":{"self":[{"href":"https:\/\/www.avex-asso.org\/dossiers\/wordpress\/wp-json\/wp\/v2\/pages\/3756","targetHints":{"allow":["GET"]}}],"collection":[{"href":"https:\/\/www.avex-asso.org\/dossiers\/wordpress\/wp-json\/wp\/v2\/pages"}],"about":[{"href":"https:\/\/www.avex-asso.org\/dossiers\/wordpress\/wp-json\/wp\/v2\/types\/page"}],"author":[{"embeddable":true,"href":"https:\/\/www.avex-asso.org\/dossiers\/wordpress\/wp-json\/wp\/v2\/users\/1"}],"replies":[{"embeddable":true,"href":"https:\/\/www.avex-asso.org\/dossiers\/wordpress\/wp-json\/wp\/v2\/comments?post=3756"}],"version-history":[{"count":33,"href":"https:\/\/www.avex-asso.org\/dossiers\/wordpress\/wp-json\/wp\/v2\/pages\/3756\/revisions"}],"predecessor-version":[{"id":4211,"href":"https:\/\/www.avex-asso.org\/dossiers\/wordpress\/wp-json\/wp\/v2\/pages\/3756\/revisions\/4211"}],"up":[{"embeddable":true,"href":"https:\/\/www.avex-asso.org\/dossiers\/wordpress\/wp-json\/wp\/v2\/pages\/163"}],"wp:attachment":[{"href":"https:\/\/www.avex-asso.org\/dossiers\/wordpress\/wp-json\/wp\/v2\/media?parent=3756"}],"curies":[{"name":"wp","href":"https:\/\/api.w.org\/{rel}","templated":true}]}}