{"id":434,"date":"2010-09-14T17:47:50","date_gmt":"2010-09-14T15:47:50","guid":{"rendered":"http:\/\/www.avex-asso.org\/dossiers\/wordpress\/?page_id=434"},"modified":"2010-12-03T13:34:21","modified_gmt":"2010-12-03T11:34:21","slug":"don-cartes-pollution-donation-for-light-pollution-map","status":"publish","type":"page","link":"https:\/\/www.avex-asso.org\/dossiers\/wordpress\/tutoriels-logiciels\/archives-cartes-europeennes\/pages-secondaire\/don-cartes-pollution-donation-for-light-pollution-map","title":{"rendered":"Don cartes pollution \/ Donation for light pollution map"},"content":{"rendered":"<h3>Faire un Don<\/h3>\n<p>Bien que ces cartes soient gratuite -et le resterons- elle monopolise un temps,\u00a0un investissement personnel et financier tout \u00e0 fait considerable.<\/p>\n<p>Aussi si vous\u00a0pouvez m&rsquo;aider, en fesant un don.\u00a0Vous pouvez donner ce que vous voulez 1\u20ac 5\u20ac, 10\u20ac etc. Il n&rsquo;y a pas de limite ^^\u00a0en cliquant sur l&rsquo;icone ci dessous vous serez redirig\u00e9 vers une page Paypal s\u00e9curis\u00e9e<\/p>\n<form action=\"https:\/\/www.paypal.com\/cgi-bin\/webscr\" method=\"post\"> <\/form>\n<p style=\"text-align: center;\"><input name=\"cmd\" type=\"hidden\" value=\"_xclick\" \/> <input name=\"business\" type=\"hidden\" value=\"ftapissier@free.fr\" \/> <input name=\"item_name\" type=\"hidden\" value=\"Soutien des cartes de pollution lumineuse\" \/> <input name=\"item_number\" type=\"hidden\" value=\"001\" \/> <input name=\"no_note\" type=\"hidden\" value=\"1\" \/> <input name=\"currency_code\" type=\"hidden\" value=\"EUR\" \/> <input name=\"tax\" type=\"hidden\" value=\"0\" \/> <input name=\"lc\" type=\"hidden\" value=\"FR\" \/> <input name=\"bn\" type=\"hidden\" value=\"PP-DonationsBF\" \/> <input alt=\"Effectuez vos paiements via PayPal : une solution rapide, gratuite et s\u00e9curis\u00e9e !\" name=\"submit\" src=\"https:\/\/www.paypal.com\/fr_FR\/i\/btn\/x-click-but04.gif\" type=\"image\" \/><\/p>\n<p style=\"text-align: left;\"><em>Hi, These maps are absolutely free, however this takes time and required hardware to build them. Any donation will be greatly appreciated (\u20ac or $)<\/em><\/p>\n<p style=\"text-align: center;\">\n<p style=\"text-align: center;\">Merci de votre soutien, tanks for your support<\/p>\n<p style=\"text-align: center;\"><em><span style=\"color: #800000;\"><br \/>\n<\/span><\/em><\/p>\n<p style=\"text-align: center;\"><em><span style=\"color: #800000;\"><a href=\"http:\/\/www.avex-asso.org\/dossiers\/wordpress\/wp-content\/uploads\/2010\/09\/fredo-chpo2-transp.png\"><img loading=\"lazy\" decoding=\"async\" class=\"noframe aligncenter\" title=\"Fr\u00e9d\u00e9ric Tapissier\" src=\"http:\/\/www.avex-asso.org\/dossiers\/wordpress\/wp-content\/uploads\/2010\/09\/fredo-chpo2-transp.png\" alt=\"Photo auteur\" width=\"90\" height=\"90\" \/><\/a><\/span><\/em><\/p>\n<p style=\"text-align: center;\"><em><span style=\"color: #800000;\"><br \/>\n<\/span><\/em><\/p>\n<p style=\"text-align: center;\"><em><span style=\"color: #800000;\"><a href=\"http:\/\/www.avex-asso.org\/dossiers\/wordpress\/wp-content\/uploads\/2010\/09\/sign-fred.png\"><img loading=\"lazy\" decoding=\"async\" class=\"noframe aligncenter\" title=\"sign-fred\" src=\"http:\/\/www.avex-asso.org\/dossiers\/wordpress\/wp-content\/uploads\/2010\/09\/sign-fred.png\" alt=\"logo fredo\" width=\"469\" height=\"157\" \/><\/a><\/span><\/em><\/p>\n","protected":false},"excerpt":{"rendered":"<p>Faire un Don Bien que ces cartes soient gratuite -et le resterons- elle monopolise un temps,\u00a0un investissement personnel et financier<\/p>\n<p><a href=\"https:\/\/www.avex-asso.org\/dossiers\/wordpress\/tutoriels-logiciels\/archives-cartes-europeennes\/pages-secondaire\/don-cartes-pollution-donation-for-light-pollution-map\" class=\"more-link\">Continue reading<span class=\"screen-reader-text\">Don cartes pollution \/ Donation for light pollution map<\/span><\/a><\/p>\n","protected":false},"author":1,"featured_media":440,"parent":38,"menu_order":0,"comment_status":"closed","ping_status":"open","template":"","meta":{"footnotes":""},"class_list":["post-434","page","type-page","status-publish","has-post-thumbnail","hentry"],"_links":{"self":[{"href":"https:\/\/www.avex-asso.org\/dossiers\/wordpress\/wp-json\/wp\/v2\/pages\/434","targetHints":{"allow":["GET"]}}],"collection":[{"href":"https:\/\/www.avex-asso.org\/dossiers\/wordpress\/wp-json\/wp\/v2\/pages"}],"about":[{"href":"https:\/\/www.avex-asso.org\/dossiers\/wordpress\/wp-json\/wp\/v2\/types\/page"}],"author":[{"embeddable":true,"href":"https:\/\/www.avex-asso.org\/dossiers\/wordpress\/wp-json\/wp\/v2\/users\/1"}],"replies":[{"embeddable":true,"href":"https:\/\/www.avex-asso.org\/dossiers\/wordpress\/wp-json\/wp\/v2\/comments?post=434"}],"version-history":[{"count":13,"href":"https:\/\/www.avex-asso.org\/dossiers\/wordpress\/wp-json\/wp\/v2\/pages\/434\/revisions"}],"predecessor-version":[{"id":441,"href":"https:\/\/www.avex-asso.org\/dossiers\/wordpress\/wp-json\/wp\/v2\/pages\/434\/revisions\/441"}],"up":[{"embeddable":true,"href":"https:\/\/www.avex-asso.org\/dossiers\/wordpress\/wp-json\/wp\/v2\/pages\/38"}],"wp:featuredmedia":[{"embeddable":true,"href":"https:\/\/www.avex-asso.org\/dossiers\/wordpress\/wp-json\/wp\/v2\/media\/440"}],"wp:attachment":[{"href":"https:\/\/www.avex-asso.org\/dossiers\/wordpress\/wp-json\/wp\/v2\/media?parent=434"}],"curies":[{"name":"wp","href":"https:\/\/api.w.org\/{rel}","templated":true}]}}