{"id":44,"date":"2007-06-22T06:39:35","date_gmt":"2007-06-22T04:39:35","guid":{"rendered":"http:\/\/avex.org.free.fr\/dossiers\/?page_id=44"},"modified":"2010-09-01T15:56:48","modified_gmt":"2010-09-01T15:56:48","slug":"tutoriels-logiciels","status":"publish","type":"page","link":"https:\/\/www.avex-asso.org\/dossiers\/wordpress\/tutoriels-logiciels","title":{"rendered":"Archives"},"content":{"rendered":"<p>les vieux dossiers, les articles p\u00e9rim\u00e9 de part l&rsquo;obsolescence logiciel ou mat\u00e9rielle sont stock\u00e9 _ en vrac_ ici<\/p>\n","protected":false},"excerpt":{"rendered":"<p>les vieux dossiers, les articles p\u00e9rim\u00e9 de part l&rsquo;obsolescence logiciel ou mat\u00e9rielle sont stock\u00e9 _ en vrac_ ici<\/p>\n","protected":false},"author":3,"featured_media":0,"parent":0,"menu_order":2,"comment_status":"open","ping_status":"open","template":"","meta":{"footnotes":""},"class_list":["post-44","page","type-page","status-publish","hentry"],"_links":{"self":[{"href":"https:\/\/www.avex-asso.org\/dossiers\/wordpress\/wp-json\/wp\/v2\/pages\/44","targetHints":{"allow":["GET"]}}],"collection":[{"href":"https:\/\/www.avex-asso.org\/dossiers\/wordpress\/wp-json\/wp\/v2\/pages"}],"about":[{"href":"https:\/\/www.avex-asso.org\/dossiers\/wordpress\/wp-json\/wp\/v2\/types\/page"}],"author":[{"embeddable":true,"href":"https:\/\/www.avex-asso.org\/dossiers\/wordpress\/wp-json\/wp\/v2\/users\/3"}],"replies":[{"embeddable":true,"href":"https:\/\/www.avex-asso.org\/dossiers\/wordpress\/wp-json\/wp\/v2\/comments?post=44"}],"version-history":[{"count":2,"href":"https:\/\/www.avex-asso.org\/dossiers\/wordpress\/wp-json\/wp\/v2\/pages\/44\/revisions"}],"predecessor-version":[{"id":233,"href":"https:\/\/www.avex-asso.org\/dossiers\/wordpress\/wp-json\/wp\/v2\/pages\/44\/revisions\/233"}],"wp:attachment":[{"href":"https:\/\/www.avex-asso.org\/dossiers\/wordpress\/wp-json\/wp\/v2\/media?parent=44"}],"curies":[{"name":"wp","href":"https:\/\/api.w.org\/{rel}","templated":true}]}}