{"id":46,"date":"2007-06-22T06:41:54","date_gmt":"2007-06-22T04:41:54","guid":{"rendered":"http:\/\/avex.org.free.fr\/dossiers\/?page_id=46"},"modified":"2016-07-11T10:57:30","modified_gmt":"2016-07-11T08:57:30","slug":"registration-photoshop","status":"publish","type":"page","link":"https:\/\/www.avex-asso.org\/dossiers\/wordpress\/tutoriels-logiciels\/informatique-archive\/registration-photoshop","title":{"rendered":"Registration photoshop"},"content":{"rendered":"<p align=\"left\">Ce tutoriel peut s\u2019appliquer aux images longues pose d\u2019astronomie sur tr\u00e9pied \u00e9quatorial motoris\u00e9 comme aux photos sur pied photo basique avec des poses n\u2019exc\u00e9dant pas 30 secondes (dur\u00e9e au del\u00e0 les \u00e9toiles laissent une trace de boug\u00e9)<br \/>\nAcquisition<br \/>\nLes conditions suivantes permettent d\u2019optimiser les r\u00e9sultas.<br \/>\n<strong><br \/>\nSi vous avez un reflex num\u00e9rique<\/strong> du type canon 300d:<\/p>\n<ul>\n<li>R\u00e9glez vous sur 400 iso (pas plus)<\/li>\n<li>Ne faites pas de pose de plus de 5 mm (sur tr\u00e9pied motoris\u00e9)<\/li>\n<li> Ne faites pas de pose de plus de 30 seconde en \u201cfixe\u201d<\/li>\n<li> Eloignez vous au maximum des villes, trouvez un ciel bien noir, \u00e9loign\u00e9 de toutes source de pollution lumineuse<\/li>\n<li> R\u00e9alisez des dark : Un dark est une photo r\u00e9alis\u00e9e dans exactement les m\u00eames conditions que les photos stellaires (m\u00eame jour m\u00eame heures) sauf qu\u2019on y ajoute un bouchon devant l\u2019objectif . Leurs utilit\u00e9 est d\u2019enregistrer uniquement les bruits \u00e9lectronique et thermique que g\u00e9n\u00e8re le capteur, ces darks seront soustrait ensuite des images pour en enlever le bruit des images stellaires)<\/li>\n<li>Id\u00e9alement 10 dark devrait suffire en pratique 5 est un minimum<\/li>\n<li>Je vous recommande de vous concentrer sur un seul objet par nuit<\/li>\n<li>R\u00e9alisez un maximum de poses possible autant que le permettra votre carte m\u00e9moire (N&rsquo;oubliez pas de garder de l\u2019espace pour vos dark)<\/li>\n<li>Diaphragmer un peu votre objectif afin de r\u00e9duire au maximum les aberrations de champs, vignettage, coussinet,, coma , etc.\u2026 ceci augmente les poses n\u00e9cessaires. Mais d\u2019exp\u00e9rience, en diaphragmant, nous avons tendance a \u00e9liminer les probl\u00e8me induit par un trop grande ouverture, et au final, nous sommes gagnant.? Tr\u00e8s important : si votre appareil vous le permet, d\u00e9sactivez toutes compressions (jpg)<\/li>\n<li>Enregistrez de pr\u00e9f\u00e9rence en tif ou mieux, en raw\u2026<\/li>\n<li>D\u00e9sactivez toutes les options de \u00ab\u00a0d\u00e9bruitage\u00a0\u00bb automatique<\/li>\n<\/ul>\n<p>Dans photoshop, (En connaissant l&rsquo;implication et la fa\u00e7on de faire), calez-vous en 16\/48 bit<\/p>\n<p><strong><br \/>\nSi vous avez un apn \u00ab classique \u00bb<\/strong><\/p>\n<p>G\u00e9n\u00e9ralement ces bo\u00eetiers ne vous laisse pas beaucoup de choix. On peut souvent poser en se calant sur le r\u00e9glage manuel, au moins 15 seconde voir 30, plus rarement une minute. Ensuite il est souvent impossible de d\u00e9sactiver le postraitrement de la photo ni de d\u00e9sactiver le jpg. Donc faite vos photos avec la r\u00e9solution la plus \u00e9lev\u00e9e possible, avec la qualit\u00e9 jpg la meilleur possible et la sensibilit\u00e9 iso la plus forte possible. Vous ne serez pas amen\u00e9 \u00e0 faire des dark<\/p>\n<p>Pour commencer il convient de faire une s\u00e9lection de vos meilleures images<\/p>\n<p>si vous avez un apn \u00ab\u00a0classique\u00a0\u00bb, passez la section ci dessous<br \/>\nSi vous avez un reflex de type canon 300d : Importez vos dark dans photoshop puis empilez la totalit\u00e9 des dark sur une image mais sur des calques distincts. Puis r\u00e9gler l\u2019opacit\u00e9 de chaque calques avec l\u2019algorithme suivant : (merci \u00e0 G\u00e9rard Foin dit astrogef pour les corrections sur l&rsquo;algorythme)<\/p>\n<p>l&rsquo;opacit\u00e9 de chaque image est ajust\u00e9e en fonction de son rang.<\/p>\n<p>L&rsquo;opacit\u00e9 de la premi\u00e8re image (le fond) est \u00e0 100\/1=100%,<br \/>\ncelle de la seconde (calque 1) est de 100\/2=50%,<br \/>\npuis 100\/3=33%, etc&#8230;<br \/>\njusqu&rsquo;\u00e0 100\/n pour la derni\u00e8re de rang n<\/p>\n<p>Cela a pour effet de moyenner les aberrations et le bruits<br \/>\nAplatissez votre image et enregistrez la sous le nom de dark-master<br \/>\nPuis copier en m\u00e9moire cette image de dark (ctrl +a puis ctrl + c)<br \/>\n(Si vous avez la chance de pouvoir importer le raw caler toute les options a leur neutralit\u00e9)<br \/>\nPuis ouvrez votre premi\u00e8re image stellaire.<br \/>\nNous allons soustraire de cette image le bruit de mani\u00e8re significative<br \/>\nl&rsquo;image ouverte, vous collez l\u2019image en m\u00e9moire (L\u2019image du dark) (l\u2019image doit devenir \u00ab\u00a0noire-grise\u00a0\u00bb)<br \/>\nPuis dans les option de fusion des calques passer du mode normal au mode diff\u00e9rence ou soustraction.<br \/>\nL\u2019image du dessus est donc soustraite arithm\u00e9tiquement \u00e0 l\u2019image du dessous qui se trouve donc d\u00e9barrass\u00e9 du bruit g\u00e9n\u00e9r\u00e9 pendant la pose<br \/>\nEnregistrez votre image sous un nom; exemple :\u00a0\u00bbcassiop\u00e9e-dark-1.tif\u00a0\u00bb (Vous pouvez activer les options de compression lwz ou zip car ces derni\u00e8res sont non destructives contrairement au jpg)<br \/>\nPuis renouveler cette m\u00eame op\u00e9ration avec TOUTES vos images prise pendant cette nuit.<\/p>\n<p align=\"left\"><font color=\"#222222\" face=\"Times New Roman, Times, serif\" size=\"3\"><em>Admettons qu\u2019au final vous vous retrouvez avec un stock de 20 images pr\u00e9trait\u00e9es<br \/>\nTout comme les darks il vous faut ensuite empiler la totalit\u00e9 de vos images sur des calques distincts<\/em><\/font><\/p>\n<p><img loading=\"lazy\" decoding=\"async\" src=\"http:\/\/www.avex-asso.org\/dossiers\/wordpress\/wp-content\/uploads\/2011\/01\/tout-calques.png\" height=\"165\" width=\"220\" \/><\/p>\n<p><em><font face=\"Times New Roman, Times, serif\"><br \/>\n<\/font><\/em><\/p>\n<p>Attention, dans certains cas, la m\u00e9moire requise pour l\u2019op\u00e9ration peut \u00eatre pharaonique, (sur certaines machines anciennes, de long ralentissement sont a pr\u00e9voir).<br \/>\nUtilisez la fonction \u00ab\u00a0purger historique\u00a0\u00bb du menu \u00e9ditions pour r\u00e9cup\u00e8re de la m\u00e9moire<br \/>\nVos 20 calques \u00e9tant maintenant empil\u00e9s, commence une longue op\u00e9ration d\u2019alignement. D\u00e9sactivez la visibilit\u00e9 de tout les calques de votre pile (petit \u0153il, a cot\u00e9 des calques)<\/p>\n<p>Sauf le calque du fond (qui sera notre r\u00e9f\u00e9rence) et le calque du dessus de la pile<\/p>\n<p><img decoding=\"async\" src=\"file:\/\/\/C:\/DOCUME%7E1\/FRDO%7E2.BAS\/LOCALS%7E1\/Temp\/moz-screenshot-2.jpg\" \/><font color=\"#cccccc\" face=\"Times New Roman, Times, serif\" size=\"3\"><em> <\/em><\/font><\/p>\n<p align=\"center\"><font color=\"#cccccc\" face=\"Times New Roman, Times, serif\" size=\"3\"><em><font color=\"#cccccc\" face=\"Times New Roman, Times, serif\" size=\"3\"><img loading=\"lazy\" decoding=\"async\" src=\"http:\/\/www.avex-asso.org\/dossiers\/wordpress\/wp-content\/uploads\/2011\/01\/anime-calques.gif\" height=\"371\" width=\"470\" \/><\/font><br \/>\n<font size=\"2\">notez comme sur cette image le ciel \u00e0 boug\u00e9              entre la vue 1 et 20 !<br \/>\nnon seulement en translation mais aussi en rotation !<\/font><\/em><\/font>\n<\/p>\n<p align=\"center\">&nbsp;<\/p>\n<p align=\"left\">Zoomer a 100% ou 200% sur une \u00e9toile situ\u00e9e pr\u00e8s du centre de l\u2019image. Cette \u00e9toile sera notre point de rep\u00e8re d\u2019alignement en x, y et en rotation (si n\u00e9cessaire)<br \/>\nPasser le calque du haut en mode diff\u00e9rence ou soustraction<br \/>\nLe but de l&rsquo;op\u00e9ration est d\u2019aligner les calques. Quand ils sont non align\u00e9s, cela donne une d\u00e9doublement des \u00e9toiles<\/p>\n<p>Des calques parfaitement align\u00e9s donnent une image noire ou a peut pr\u00e8s noire (il peut subsister des petites imperfections, c\u2019est normal)\n<\/p>\n<p align=\"left\">&nbsp;<\/p>\n<p align=\"center\"><img loading=\"lazy\" decoding=\"async\" src=\"http:\/\/www.avex-asso.org\/dossiers\/wordpress\/wp-content\/uploads\/2011\/01\/supperpo-ok.png\" height=\"242\" width=\"347\" \/><\/p>\n<p>Pour aligner en x,y , c\u2019est tr\u00e8s simple : Cliquer avec la souris sur le calque \u00e0 bouger (voir page sur le chomatisme pour voir comment bouger les claques ) , puis utiliser les fl\u00e8ches de votre clavier pour translater le calque de fa\u00e7on \u00e0 faire co\u00efncider au mieux.<br \/>\nSi vous \u00e9tiez sur un tr\u00e9pied astro equatorial convenablement motoris\u00e9 , les op\u00e9rations de rotation sont en principe pas n\u00e9cessaires sinon, du fait de la rotation inclin\u00e9 du globe, il vous faudra tourner les calques les un par rapport aux autres pour parfaire l\u2019alignement<br \/>\n(\u00e9dition&gt; transformation -&gt; rotation)<\/p>\n<p>Une fois l\u2019alignement fait passer votre calque en opacit\u00e9 normale puis d\u00e9sactiver la visibilit\u00e9 de celui-ci.<br \/>\nVous avez align\u00e9 votre premier calque.<\/p>\n<p>Passez au suivant, r\u00e9activer la visibilit\u00e9 de celui-ci puis passez en mode soustraction ou diff\u00e9rence et reprendre les \u00e9tapes d\u00e9crite ci dessus.<br \/>\nN\u2019oubliez pas de faire des sauvegardes de temps en temps.<br \/>\nAttention ce genre de fichier peut rapidement \u00eatre tr\u00e8s lourd : 500 M\u00e9ga n\u2019est pas un poids anormal, il m&rsquo;est arriv\u00e9 de travailler avec des fichiers de 2go! L\u2019ensemble de ces op\u00e9rations peut \u00eatre tr\u00e8s long et laborieux. Aligner son premier calque en 1\/2 heure n\u2019est pas anormal, surtout pour un d\u00e9butant. Etant familiaris\u00e9 de cette op\u00e9ration, cela me demande au moins 5 min par calque (y compris les temps d&rsquo;attente du aux acc\u00e8s disque dur).<\/p>\n<p align=\"left\">Une fois l\u2019alignement r\u00e9alis\u00e9 (enregistrez l&rsquo;ensemble en psd ou tif+ calques) r\u00e9activez la visibilit\u00e9 de tous vos calques et appliquer l\u2019algorithme d\u2019opacit\u00e9 tel que celui d\u00e9cris pour les dark<\/p>\n<p align=\"left\">l&rsquo;opacit\u00e9 de chaque images est ajust\u00e9e en fonction de son rang.<br \/>\n<span style=\"font-style: italic\">L&rsquo;opacit\u00e9 de la premi\u00e8re image (le fond) est \u00e0 100\/1=100%,<\/span><br style=\"font-style: italic\" \/><span style=\"font-style: italic\">celle de la seconde (calque 1) est de 100\/2=50%,<\/span><br style=\"font-style: italic\" \/><span style=\"font-style: italic\">puis 100\/3=33%, etc&#8230;<\/span><br style=\"font-style: italic\" \/><span style=\"font-style: italic\">jusqu&rsquo;\u00e0 100\/n pour la derni\u00e8re de rang n<\/span><br style=\"font-style: italic\" \/><span style=\"font-style: italic\">dans notre cas, la derni\u00e8re \u00e0 une opacit\u00e9 de 4%<\/span><\/p>\n<p>Puis aplatissez le tout. Cela peut \u00eatre tr\u00e8s long. Sur mon P4 (2,4 gHz avec 720 Mo de ram), il m&rsquo;a fallu 12 mm pour 25 calques \u00e0 aplatir.<br \/>\nNous avons maintenant une image \u00ab\u00a0d\u00e9bruit\u00e9e\u00a0\u00bb \u00e0 tr\u00e8s forte dynamique et signal\/bruit.<br \/>\nVous pouvez jouer sur les niveaux (ctrl + L) pour augmenter les contrastes \/ luminosit\u00e9s.<br \/>\nVoir les articles sp\u00e9cialis\u00e9s pour les corrections du vign\u00e9tage, de la pollution lumineuse et de la coma.\n<\/p>\n<p align=\"center\">&nbsp;<\/p>\n","protected":false},"excerpt":{"rendered":"<p>Ce tutoriel peut s\u2019appliquer aux images longues pose d\u2019astronomie sur tr\u00e9pied \u00e9quatorial motoris\u00e9 comme aux photos sur pied photo basique<\/p>\n<p><a href=\"https:\/\/www.avex-asso.org\/dossiers\/wordpress\/tutoriels-logiciels\/informatique-archive\/registration-photoshop\" class=\"more-link\">Continue reading<span class=\"screen-reader-text\">Registration photoshop<\/span><\/a><\/p>\n","protected":false},"author":3,"featured_media":0,"parent":3380,"menu_order":0,"comment_status":"open","ping_status":"closed","template":"","meta":{"footnotes":""},"class_list":["post-46","page","type-page","status-publish","hentry"],"_links":{"self":[{"href":"https:\/\/www.avex-asso.org\/dossiers\/wordpress\/wp-json\/wp\/v2\/pages\/46","targetHints":{"allow":["GET"]}}],"collection":[{"href":"https:\/\/www.avex-asso.org\/dossiers\/wordpress\/wp-json\/wp\/v2\/pages"}],"about":[{"href":"https:\/\/www.avex-asso.org\/dossiers\/wordpress\/wp-json\/wp\/v2\/types\/page"}],"author":[{"embeddable":true,"href":"https:\/\/www.avex-asso.org\/dossiers\/wordpress\/wp-json\/wp\/v2\/users\/3"}],"replies":[{"embeddable":true,"href":"https:\/\/www.avex-asso.org\/dossiers\/wordpress\/wp-json\/wp\/v2\/comments?post=46"}],"version-history":[{"count":1,"href":"https:\/\/www.avex-asso.org\/dossiers\/wordpress\/wp-json\/wp\/v2\/pages\/46\/revisions"}],"predecessor-version":[{"id":3382,"href":"https:\/\/www.avex-asso.org\/dossiers\/wordpress\/wp-json\/wp\/v2\/pages\/46\/revisions\/3382"}],"up":[{"embeddable":true,"href":"https:\/\/www.avex-asso.org\/dossiers\/wordpress\/wp-json\/wp\/v2\/pages\/3380"}],"wp:attachment":[{"href":"https:\/\/www.avex-asso.org\/dossiers\/wordpress\/wp-json\/wp\/v2\/media?parent=46"}],"curies":[{"name":"wp","href":"https:\/\/api.w.org\/{rel}","templated":true}]}}