{"id":49,"date":"2007-06-22T06:44:40","date_gmt":"2007-06-22T04:44:40","guid":{"rendered":"http:\/\/avex.org.free.fr\/dossiers\/?page_id=49"},"modified":"2016-07-11T11:14:38","modified_gmt":"2016-07-11T09:14:38","slug":"voir-la-nuit","status":"publish","type":"page","link":"https:\/\/www.avex-asso.org\/dossiers\/wordpress\/dossiers-pratiques\/divers\/voir-la-nuit","title":{"rendered":"Voir la nuit"},"content":{"rendered":"<p class=\"Style18\" style=\"text-align: left;\">La vision nocturne est une adaptation normale de <span class=\"hiddenSpellError\">l&rsquo;\u0153il<\/span> humain \u00e0 des conditions d&rsquo;obscurit\u00e9 assez forte sur une dur\u00e9e d&rsquo;au moins 20 minutes. Cela se traduits par une baisse sensible de la perception des couleurs au profit de la luminosit\u00e9. Cette vision nocturne est tr\u00e8s appr\u00e9ciable pour les astronomes qui ainsi per\u00e7oivent plus de d\u00e9tails sur les faibles lumi\u00e8res des objets sur lesquels ils doivent se concentrer.<\/p>\n<p class=\"Style18\" style=\"text-align: left;\">Les moyens modernes et leurs lots de nouvelles technologies, ont apport\u00e9 leur taux de nouvelle source de lumi\u00e8re sur les terrains : alimentation \u00e9lectrique diverse, diode <span class=\"hiddenSpellError\">multichrome<\/span> et surtout les \u00e9crans d&rsquo;ordinateurs. Il est av\u00e9r\u00e9 que &lsquo;un bon moyen d&rsquo;\u00e9clairer sans <span class=\"hiddenGrammarError\">perde<\/span> sa vision nocturne est de passer en lumi\u00e8re rouge, d&rsquo;une puissance tr\u00e8s contr\u00f4l\u00e9e. Ainsi, certains fabricants de lampes se sont pench\u00e9s sur le probl\u00e8me et ont trouv\u00e9 la solution d&rsquo;\u00e9clairage frontal : la lampe a diode Rouge (et blanche via un commutateur)<\/p>\n<table style=\"text-align: left;\" border=\"0\" width=\"500\" cellspacing=\"5\" cellpadding=\"5\">\n<tbody>\n<tr>\n<td height=\"210\"><img loading=\"lazy\" decoding=\"async\" src=\"http:\/\/www.avex-asso.org\/dossiers\/wordpress\/wp-content\/uploads\/2011\/01\/frontale.png\" alt=\"lampe frontale energizer\" width=\"200\" height=\"200\" \/><\/td>\n<td class=\"Style15\">cette frontale dispose d&rsquo;une diode rouge et de deux diodes blanches puissantes, tr\u00e8s utiles en fin de nuit pour proc\u00e9der au rangement des mat\u00e9riels.<\/td>\n<\/tr>\n<\/tbody>\n<\/table>\n<p>Il suffit ensuite de <span class=\"hiddenGrammarError\">cliquez<\/span> sur l&rsquo;un et l&rsquo;autre pour passer presque instantan\u00e9ment d&rsquo;un \u00e9tat Jour \u00e0 Nuit et r\u00e9ciproquement<\/p>\n<div id=\"ez-toc-container\" class=\"ez-toc-v2_0_82_2 counter-hierarchy ez-toc-counter ez-toc-black ez-toc-container-direction\">\n<div class=\"ez-toc-title-container\">\n<p class=\"ez-toc-title\" style=\"cursor:inherit\">Table of Contents<\/p>\n<span class=\"ez-toc-title-toggle\"><a href=\"#\" class=\"ez-toc-pull-right ez-toc-btn ez-toc-btn-xs ez-toc-btn-default ez-toc-toggle\" aria-label=\"Toggle Table of Content\"><span class=\"ez-toc-js-icon-con\"><span class=\"\"><span class=\"eztoc-hide\" style=\"display:none;\">Toggle<\/span><span class=\"ez-toc-icon-toggle-span\"><svg style=\"fill: #999;color:#999\" xmlns=\"http:\/\/www.w3.org\/2000\/svg\" class=\"list-377408\" width=\"20px\" height=\"20px\" viewBox=\"0 0 24 24\" fill=\"none\"><path d=\"M6 6H4v2h2V6zm14 0H8v2h12V6zM4 11h2v2H4v-2zm16 0H8v2h12v-2zM4 16h2v2H4v-2zm16 0H8v2h12v-2z\" fill=\"currentColor\"><\/path><\/svg><svg style=\"fill: #999;color:#999\" class=\"arrow-unsorted-368013\" xmlns=\"http:\/\/www.w3.org\/2000\/svg\" width=\"10px\" height=\"10px\" viewBox=\"0 0 24 24\" version=\"1.2\" baseProfile=\"tiny\"><path d=\"M18.2 9.3l-6.2-6.3-6.2 6.3c-.2.2-.3.4-.3.7s.1.5.3.7c.2.2.4.3.7.3h11c.3 0 .5-.1.7-.3.2-.2.3-.5.3-.7s-.1-.5-.3-.7zM5.8 14.7l6.2 6.3 6.2-6.3c.2-.2.3-.5.3-.7s-.1-.5-.3-.7c-.2-.2-.4-.3-.7-.3h-11c-.3 0-.5.1-.7.3-.2.2-.3.5-.3.7s.1.5.3.7z\"\/><\/svg><\/span><\/span><\/span><\/a><\/span><\/div>\n<nav><ul class='ez-toc-list ez-toc-list-level-1 ' ><li class='ez-toc-page-1 ez-toc-heading-level-3'><a class=\"ez-toc-link ez-toc-heading-1\" href=\"https:\/\/www.avex-asso.org\/dossiers\/wordpress\/dossiers-pratiques\/divers\/voir-la-nuit\/#Autres_possibilites\" >Autres possibilit\u00e9s<\/a><\/li><li class='ez-toc-page-1 ez-toc-heading-level-3'><a class=\"ez-toc-link ez-toc-heading-2\" href=\"https:\/\/www.avex-asso.org\/dossiers\/wordpress\/dossiers-pratiques\/divers\/voir-la-nuit\/#Les_Ordinateurs_Portables\" >Les Ordinateurs Portables<\/a><\/li><li class='ez-toc-page-1 ez-toc-heading-level-3'><a class=\"ez-toc-link ez-toc-heading-3\" href=\"https:\/\/www.avex-asso.org\/dossiers\/wordpress\/dossiers-pratiques\/divers\/voir-la-nuit\/#Autre_solution_logicielle_cette_fois_ci\" >Autre solution : logicielle cette fois ci.<\/a><\/li><\/ul><\/nav><\/div>\n<h3><span class=\"ez-toc-section\" id=\"Autres_possibilites\"><\/span>Autres possibilit\u00e9s<span class=\"ez-toc-section-end\"><\/span><\/h3>\n<p>De nombreux autres produits existent avec, notamment, des lampes d\u00e9di\u00e9es &lsquo;<span class=\"hiddenSpellError\">astro<\/span>&lsquo; rouge munies d&rsquo;un variateur de puissance. Utile mais rarement bon march\u00e9.<\/p>\n<p>Autres possibilit\u00e9s : si vous avez d\u00e9j\u00e0 une frontale et que vous ne d\u00e9sirez pas en acheter une autre : Le papier rouge transparent des <span class=\"hiddenSpellError\">Babybel<\/span> ! tr\u00e8s efficace et bien adapt\u00e9, vous pouvez doubler la couche si n\u00e9cessaire.<\/p>\n<h3><span class=\"ez-toc-section\" id=\"Les_Ordinateurs_Portables\"><\/span>Les Ordinateurs Portables<span class=\"ez-toc-section-end\"><\/span><\/h3>\n<p>Pour les ordinateurs portables et leurs \u00e9crans, <span class=\"hiddenGrammarError\">plusieurs solutions<\/span> coexistent, chacune faisant le bonheur de leur d\u00e9couvreur respectif \ud83d\ude09 : la plus simple, et aussi l&rsquo;une <span class=\"hiddenGrammarError\">des plus efficaces<\/span>, est la &lsquo;couverture&rsquo; rouge.<\/p>\n<p>On d\u00e9coupe dans du film transparent rouge, du type dont on se sert pour prot\u00e9ger les livres des enfants, une surface \u00e9quivalente \u00e0 l&rsquo;\u00e9cran, ce film se <span class=\"hiddenSpellError\">scotche<\/span> ensuite simplement en haut de l&rsquo;\u00e9cran :<\/p>\n<p><img loading=\"lazy\" decoding=\"async\" src=\"http:\/\/www.avex-asso.org\/dossiers\/wordpress\/wp-content\/uploads\/2011\/01\/ordi.png\" alt=\"film ordi\" width=\"400\" height=\"425\" \/><\/p>\n<p>syst\u00e8me simple, rapide, efficace mais qui n\u00e9cessite<br \/>\nde pourvoir relever le film (ne pas scotcher le bas de l&rsquo;\u00e9cran)<br \/>\npour v\u00e9rifier les couleurs par exemples&#8230;<\/p>\n<h3><span class=\"ez-toc-section\" id=\"Autre_solution_logicielle_cette_fois_ci\"><\/span>Autre solution : logicielle cette fois ci.<span class=\"ez-toc-section-end\"><\/span><\/h3>\n<p>\u00e9dit<\/p>\n<p>ci dessous la version <span class=\"hiddenSpellError\">Windows<\/span> <span class=\"hiddenSpellError\">Seven<\/span> et 8 d&rsquo;un <span class=\"hiddenSpellError\">theme<\/span> <span class=\"hiddenSpellError\">avex<\/span> Nuit \u00e0\u00a0dominante rouge<\/p>\n<p><a href=\"http:\/\/www.avex-asso.org\/dossiers\/wordpress\/wp-content\/uploads\/2007\/06\/theme-avex.zip\"><span class=\"hiddenSpellError\">theme<\/span> <span class=\"hiddenSpellError\">avex<\/span><\/a><\/p>\n<p>&nbsp;<\/p>\n<p><a href=\"http:\/\/www.avex-asso.org\/dossiers\/wordpress\/wp-content\/uploads\/2007\/06\/Capture.png\"><img loading=\"lazy\" decoding=\"async\" class=\"alignnone wp-image-3072 size-full\" src=\"http:\/\/www.avex-asso.org\/dossiers\/wordpress\/wp-content\/uploads\/2007\/06\/Capture.png\" alt=\"exemple\" width=\"466\" height=\"503\" srcset=\"https:\/\/www.avex-asso.org\/dossiers\/wordpress\/wp-content\/uploads\/2007\/06\/Capture.png 466w, https:\/\/www.avex-asso.org\/dossiers\/wordpress\/wp-content\/uploads\/2007\/06\/Capture-463x500.png 463w\" sizes=\"auto, (max-width: 466px) 100vw, 466px\" \/><\/a><\/p>\n<p><span class=\"hiddenSpellError\">Avex<\/span> vous a \u00e9galement d\u00e9got\u00e9 un petit programme <span class=\"hiddenSpellError\">Seven<\/span> et 8 : desktop <span class=\"hiddenSpellError\">Lighter<\/span><\/p>\n<p>tout simple , il permet de diminuer assez simplement via un curseur la luminosit\u00e9 de l&rsquo;\u00e9cran<\/p>\n<p>pour le <span class=\"hiddenSpellError\">telecharger<\/span> :\u00a0<span class=\"hiddenSpellError\">http<\/span>:\/\/www.avex-asso.org\/filerun\/<span class=\"hiddenSpellError\">wl<\/span>\/?id=6&amp;filename=DLighterSetup.exe<\/p>\n<p>&#8212;&#8212;&#8212;&#8212;&#8212;&#8212;<\/p>\n<p><span class=\"hiddenSpellError\">Windows<\/span> <span class=\"hiddenSpellError\">XP<\/span> dispose d&rsquo;un gestionnaire de th\u00e8me, <span class=\"hiddenSpellError\">CAD<\/span> d&rsquo;une capacit\u00e9 \u00e0 changer partiellement d&rsquo;apparence au bon vouloir de l&rsquo;utilisateur. Nous vous avons donc pr\u00e9par\u00e9 un th\u00e8me &lsquo;NUIT&rsquo; d\u00e9di\u00e9 et optimis\u00e9 pour la vision nocturne. Tout a \u00e9t\u00e9 pens\u00e9 pour les faibles lumi\u00e8res tel qu&rsquo;une augmentation de la taille des ic\u00f4nes et caract\u00e8res de fa\u00e7on en rendre moins difficile la lecture<br \/>\n<a href=\"http:\/\/www.avex-asso.org\/dossiers\/wordpress\/wp-content\/uploads\/2011\/02\/ecran-nuit-b.png\"><img loading=\"lazy\" decoding=\"async\" src=\"http:\/\/www.avex-asso.org\/dossiers\/wordpress\/wp-content\/uploads\/2011\/01\/ecran-nuit-s.png\" alt=\"\" width=\"430\" height=\"319\" border=\"0\" \/><\/a><br \/>\ncomme nous sommes organis\u00e9s , nous vous avons pr\u00e9par\u00e9 un th\u00e8me Jour pour un passage rapide de l&rsquo;un \u00e0 l&rsquo;autre \ud83d\ude09<br \/>\n<a href=\"http:\/\/www.avex-asso.org\/dossiers\/wordpress\/wp-content\/uploads\/2011\/02\/ecran-jour-big.jpg\"><img loading=\"lazy\" decoding=\"async\" src=\"http:\/\/www.avex-asso.org\/dossiers\/wordpress\/wp-content\/uploads\/2011\/01\/ecran-jour-s.png\" alt=\"jour\" width=\"430\" height=\"319\" border=\"0\" \/><\/a><\/p>\n<p><a href=\"http:\/\/avex.org.free.fr\/dossiers-pratiques\/rouge-nuit\/nuit.Theme\"><img loading=\"lazy\" decoding=\"async\" src=\"http:\/\/www.avex-asso.org\/dossiers\/wordpress\/wp-content\/uploads\/2011\/01\/theme-nuit.png\" alt=\"\" width=\"424\" height=\"455\" border=\"0\" \/><\/a><br \/>\ncliquez pour <span class=\"hiddenSpellError\">t\u00e9l\u00e9charger<\/span> le th\u00e8me nuit<\/p>\n<p><a href=\"http:\/\/avex.org.free.fr\/dossiers-pratiques\/rouge-nuit\/jour.Theme\"><img loading=\"lazy\" decoding=\"async\" src=\"http:\/\/www.avex-asso.org\/dossiers\/wordpress\/wp-content\/uploads\/2011\/01\/theme-jourt.png\" alt=\"\" width=\"424\" height=\"455\" border=\"0\" \/><br \/>\ncliquez pour <span class=\"hiddenSpellError\">t\u00e9l\u00e9charger<\/span> le th\u00e8me jour<br \/>\nUn bon moyen de gagner du temps : enregistrez ces th\u00e8mes dans le dossier &lsquo;mes documents&rsquo; puis une fois fait, faites glisser ces th\u00e8mes vers la barre de tache dans la section des lancements rapides<\/a><\/p>\n<p class=\"Style15\" style=\"text-align: left;\"><img loading=\"lazy\" decoding=\"async\" src=\"http:\/\/www.avex-asso.org\/dossiers\/wordpress\/wp-content\/uploads\/2011\/01\/detail-jour.png\" alt=\"details\" width=\"325\" height=\"73\" \/><\/p>\n","protected":false},"excerpt":{"rendered":"<p>La vision nocturne est une adaptation normale de l&rsquo;\u0153il humain \u00e0 des conditions d&rsquo;obscurit\u00e9 assez forte sur une dur\u00e9e d&rsquo;au<\/p>\n<p><a href=\"https:\/\/www.avex-asso.org\/dossiers\/wordpress\/dossiers-pratiques\/divers\/voir-la-nuit\" class=\"more-link\">Continue reading<span class=\"screen-reader-text\">Voir la nuit<\/span><\/a><\/p>\n","protected":false},"author":4,"featured_media":0,"parent":3394,"menu_order":0,"comment_status":"open","ping_status":"closed","template":"","meta":{"footnotes":""},"class_list":["post-49","page","type-page","status-publish","hentry"],"_links":{"self":[{"href":"https:\/\/www.avex-asso.org\/dossiers\/wordpress\/wp-json\/wp\/v2\/pages\/49","targetHints":{"allow":["GET"]}}],"collection":[{"href":"https:\/\/www.avex-asso.org\/dossiers\/wordpress\/wp-json\/wp\/v2\/pages"}],"about":[{"href":"https:\/\/www.avex-asso.org\/dossiers\/wordpress\/wp-json\/wp\/v2\/types\/page"}],"author":[{"embeddable":true,"href":"https:\/\/www.avex-asso.org\/dossiers\/wordpress\/wp-json\/wp\/v2\/users\/4"}],"replies":[{"embeddable":true,"href":"https:\/\/www.avex-asso.org\/dossiers\/wordpress\/wp-json\/wp\/v2\/comments?post=49"}],"version-history":[{"count":5,"href":"https:\/\/www.avex-asso.org\/dossiers\/wordpress\/wp-json\/wp\/v2\/pages\/49\/revisions"}],"predecessor-version":[{"id":3075,"href":"https:\/\/www.avex-asso.org\/dossiers\/wordpress\/wp-json\/wp\/v2\/pages\/49\/revisions\/3075"}],"up":[{"embeddable":true,"href":"https:\/\/www.avex-asso.org\/dossiers\/wordpress\/wp-json\/wp\/v2\/pages\/3394"}],"wp:attachment":[{"href":"https:\/\/www.avex-asso.org\/dossiers\/wordpress\/wp-json\/wp\/v2\/media?parent=49"}],"curies":[{"name":"wp","href":"https:\/\/api.w.org\/{rel}","templated":true}]}}