{"id":51,"date":"2007-06-22T06:46:52","date_gmt":"2007-06-22T04:46:52","guid":{"rendered":"http:\/\/avex.org.free.fr\/dossiers\/?page_id=51"},"modified":"2025-01-07T10:19:14","modified_gmt":"2025-01-07T09:19:14","slug":"debutants-on-voi-rien","status":"publish","type":"page","link":"https:\/\/www.avex-asso.org\/dossiers\/wordpress\/dossiers-pratiques\/divers\/debutants-on-voi-rien","title":{"rendered":"D\u00e9butants : on ne voit rien !"},"content":{"rendered":"<div id=\"ez-toc-container\" class=\"ez-toc-v2_0_82_2 counter-hierarchy ez-toc-counter ez-toc-black ez-toc-container-direction\">\n<div class=\"ez-toc-title-container\">\n<p class=\"ez-toc-title\" style=\"cursor:inherit\">Table of Contents<\/p>\n<span class=\"ez-toc-title-toggle\"><a href=\"#\" class=\"ez-toc-pull-right ez-toc-btn ez-toc-btn-xs ez-toc-btn-default ez-toc-toggle\" aria-label=\"Toggle Table of Content\"><span class=\"ez-toc-js-icon-con\"><span class=\"\"><span class=\"eztoc-hide\" style=\"display:none;\">Toggle<\/span><span class=\"ez-toc-icon-toggle-span\"><svg style=\"fill: #999;color:#999\" xmlns=\"http:\/\/www.w3.org\/2000\/svg\" class=\"list-377408\" width=\"20px\" height=\"20px\" viewBox=\"0 0 24 24\" fill=\"none\"><path d=\"M6 6H4v2h2V6zm14 0H8v2h12V6zM4 11h2v2H4v-2zm16 0H8v2h12v-2zM4 16h2v2H4v-2zm16 0H8v2h12v-2z\" fill=\"currentColor\"><\/path><\/svg><svg style=\"fill: #999;color:#999\" class=\"arrow-unsorted-368013\" xmlns=\"http:\/\/www.w3.org\/2000\/svg\" width=\"10px\" height=\"10px\" viewBox=\"0 0 24 24\" version=\"1.2\" baseProfile=\"tiny\"><path d=\"M18.2 9.3l-6.2-6.3-6.2 6.3c-.2.2-.3.4-.3.7s.1.5.3.7c.2.2.4.3.7.3h11c.3 0 .5-.1.7-.3.2-.2.3-.5.3-.7s-.1-.5-.3-.7zM5.8 14.7l6.2 6.3 6.2-6.3c.2-.2.3-.5.3-.7s-.1-.5-.3-.7c-.2-.2-.4-.3-.7-.3h-11c-.3 0-.5.1-.7.3-.2.2-.3.5-.3.7s.1.5.3.7z\"\/><\/svg><\/span><\/span><\/span><\/a><\/span><\/div>\n<nav><ul class='ez-toc-list ez-toc-list-level-1 ' ><li class='ez-toc-page-1 ez-toc-heading-level-2'><a class=\"ez-toc-link ez-toc-heading-1\" href=\"https:\/\/www.avex-asso.org\/dossiers\/wordpress\/dossiers-pratiques\/divers\/debutants-on-voi-rien\/#Introduction_a_lastronomie_pour_les_debutants\" >Introduction \u00e0 l&rsquo;astronomie pour les d\u00e9butants.<\/a><ul class='ez-toc-list-level-3' ><li class='ez-toc-heading-level-3'><a class=\"ez-toc-link ez-toc-heading-2\" href=\"https:\/\/www.avex-asso.org\/dossiers\/wordpress\/dossiers-pratiques\/divers\/debutants-on-voi-rien\/#Que_se_passe-t-il_pourquoi_je_ne_vois_rien\" >Que se passe-t-il (pourquoi je ne vois rien ?).<\/a><\/li><\/ul><\/li><\/ul><\/nav><\/div>\n<h2><span class=\"ez-toc-section\" id=\"Introduction_a_lastronomie_pour_les_debutants\"><\/span>Introduction \u00e0 l&rsquo;astronomie pour les d\u00e9butants.<span class=\"ez-toc-section-end\"><\/span><\/h2>\n<p>Autant le dire tout de suite, les premiers contacts avec l&rsquo;astronomie sont g\u00e9n\u00e9ralement frustrants.<\/p>\n<p>M. Lambda, qui ach\u00e8te une petite lunette de 60 \u00e0 70 mm de diam\u00e8tre \u00e0 Cergy-Pontoise, a beaucoup de chance de faire chou blanc, sauf s&rsquo;il a de la chance, ou que son premier contact soit la lune. Rapidement, il va se fournir en cartes et petits accessoires, mais les r\u00e9sultats resteront m\u00e9diocres.<\/p>\n<p>Pourtant il a vu de magnifiques photos de n\u00e9buleuses, telle la c\u00e9l\u00e8bre M42 dans Orion. Avec son instrument, il s&rsquo;est us\u00e9 la r\u00e9tine \u00e0 fouiller le ciel sans rien trouver, \u00e0 l&rsquo;exception d&rsquo;amas ouverts ici et la, Jupiter et les principales plan\u00e8tes du syst\u00e8me.<\/p>\n<h3><span class=\"ez-toc-section\" id=\"Que_se_passe-t-il_pourquoi_je_ne_vois_rien\"><\/span>Que se passe-t-il (pourquoi je ne vois rien ?).<span class=\"ez-toc-section-end\"><\/span><\/h3>\n<p>Quand on d\u00e9bute en astronomie, <strong>une chose que l&rsquo;on ne sait g\u00e9n\u00e9ralement pas ou peu<\/strong>, c&rsquo;est que les photos qui nous parviennent sont le fruit <strong>de longues poses photographiques<\/strong> (parfois des heures enti\u00e8res) pour <strong>laisser le temps \u00e0 la lumi\u00e8re d\u2019impr\u00e9gner<\/strong> suffisamment <strong>la surface sensible.<\/strong><\/p>\n<p>Notre \u0153il la nuit est quasi insensible aux couleurs, en gros, on voit en noir et blanc. Enfin du fait des tr\u00e8s faibles luminosit\u00e9s, il ne per\u00e7oit que peu de contraste, donc peu de d\u00e9tail, d&rsquo;o\u00f9 la sensation de \u00a0\u00bb flou\u00a0\u00bb. \u00a0Le premier contact avec une n\u00e9buleuse se caract\u00e9rise souvent par cette expression : \u00ab\u00a0t\u00e2che grise et floue\u00a0\u00bb<\/p>\n<p>Les trois images ci-apr\u00e8s sont des dessins de ce que voit l\u2019\u0153il par rapport \u00e0 une pose photo ou CCD.<\/p>\n<table border=\"0\">\n<tbody>\n<tr>\n<td>\u00a0<img loading=\"lazy\" decoding=\"async\" class=\"alignnone\" src=\"http:\/\/www.avex-asso.org\/dossiers\/wordpress\/wp-content\/uploads\/2012\/07\/ngc7293_20110929.png\" alt=\"\" width=\"576\" height=\"432\" \/><\/td>\n<td><img loading=\"lazy\" decoding=\"async\" class=\"alignnone\" src=\"http:\/\/www.avex-asso.org\/dossiers\/wordpress\/wp-content\/uploads\/2012\/07\/10-07-2008_Helix_nr3.jpg\" alt=\"\" width=\"580\" height=\"432\" \/><\/td>\n<\/tr>\n<tr>\n<td>\u00a0\u00a9 Alain Gerard, dessin au newton de 500mm de diam\u00e8tre :\u00a0<a href=\"http:\/\/astrosurf.com\/agerard\/\">http:\/\/astrosurf.com\/agerard\/<\/a><\/td>\n<td>\u00a0\u00a9 Rogelio bernal Andr\u00e9o\u00a0<a href=\"http:\/\/blog.deepskycolors.com\/archive\/2008\/10\/07\/the-Helix-Nebula.html\">http:\/\/blog.deepskycolors.com\/<\/a>\u00a0pouse unitaire de 15minutes avec un canon 40d sur un C9.25 Celestron (avec reducteur de focale x.5)<\/td>\n<\/tr>\n<tr>\n<td>\u00a0<img loading=\"lazy\" decoding=\"async\" class=\"alignnone\" src=\"http:\/\/www.avex-asso.org\/dossiers\/wordpress\/wp-content\/uploads\/2012\/07\/ngc891_20111126.png\" alt=\"\" width=\"600\" height=\"400\" \/><\/td>\n<td>\u00a0<img loading=\"lazy\" decoding=\"async\" class=\"alignnone\" src=\"http:\/\/www.avex-asso.org\/dossiers\/wordpress\/wp-content\/uploads\/2012\/07\/762px-NGC891HunterWilson.jpg\" alt=\"\" width=\"508\" height=\"400\" \/><\/td>\n<\/tr>\n<tr>\n<td>\u00a0\u00a9 Alain Gerard, dessin au newton de 500mm de diam\u00e8tre :\u00a0<a href=\"http:\/\/astrosurf.com\/agerard\/\">http:\/\/astrosurf.com\/agerard\/<\/a><\/td>\n<td>\u00a0\u00a9Hunter wilson \u00a0<a href=\"http:\/\/hwilson.zenfolio.com\/f129011888\">http:\/\/hwilson.zenfolio.com\/f129011888<\/a><\/td>\n<\/tr>\n<tr>\n<td>\u00a0<img loading=\"lazy\" decoding=\"async\" class=\"alignnone\" src=\"http:\/\/www.avex-asso.org\/dossiers\/wordpress\/wp-content\/uploads\/2012\/07\/M51+50x.jpg\" alt=\"\" width=\"600\" height=\"598\" \/><\/td>\n<td>\u00a0<img loading=\"lazy\" decoding=\"async\" class=\"alignnone\" src=\"http:\/\/www.avex-asso.org\/dossiers\/wordpress\/wp-content\/uploads\/2012\/07\/M51_by_Keith139.jpg\" alt=\"\" width=\"638\" height=\"451\" \/><\/td>\n<\/tr>\n<tr>\n<td>\u00a0\u00a9 Astrofrancesco\u00a0<a href=\"http:\/\/astrofrancesco.blogspot.com\/\">http:\/\/astrofrancesco.blogspot.com\/<\/a><\/td>\n<td>\u00a0\u00a9\u00a0<a href=\"http:\/\/keith139.deviantart.com\/\">Keith139<\/a><\/td>\n<\/tr>\n<tr>\n<td><\/td>\n<td><\/td>\n<\/tr>\n<tr>\n<td><\/td>\n<td><\/td>\n<\/tr>\n<\/tbody>\n<\/table>\n<p>&nbsp;<\/p>\n<p>&nbsp;<\/p>\n<p>&nbsp;<\/p>\n<p>Autre exemple, la galaxie d&rsquo;Androm\u00e8de M31, visible \u00e0 l&rsquo;\u0153il nu, au t\u00e9lescope sous la fourme d&rsquo;une zone floue et gris\u00e2tre ; au t\u00e9lescope avec une ccd, elle d\u00e9ploie sa splendeur.<\/p>\n<figure style=\"width: 2560px\" class=\"wp-caption alignnone\"><img loading=\"lazy\" decoding=\"async\" class=\"size-full\" src=\"https:\/\/cdn.astrobin.com\/thumbs\/MIyqIigd8Cyy_2560x0_z0IhPCVt.jpg\" alt=\"Galaxie M31\" width=\"2560\" height=\"1694\" \/><figcaption class=\"wp-caption-text\">\u00a9 Guillaume Merceron \/ Frederic Tapissier<\/figcaption><\/figure>\n<p>\u00c0 l&rsquo;\u0153il nu dans un gros t\u00e9lescope, nous aurions plut\u00f4t cela<\/p>\n<figure id=\"attachment_4206\" aria-describedby=\"caption-attachment-4206\" style=\"width: 1200px\" class=\"wp-caption alignnone\"><img loading=\"lazy\" decoding=\"async\" class=\"wp-image-4206 size-full\" src=\"https:\/\/www.avex-asso.org\/dossiers\/wordpress\/wp-content\/uploads\/2025\/01\/M31_12.jpg\" alt=\"\" width=\"1200\" height=\"846\" srcset=\"https:\/\/www.avex-asso.org\/dossiers\/wordpress\/wp-content\/uploads\/2025\/01\/M31_12.jpg 1200w, https:\/\/www.avex-asso.org\/dossiers\/wordpress\/wp-content\/uploads\/2025\/01\/M31_12-600x423.jpg 600w, https:\/\/www.avex-asso.org\/dossiers\/wordpress\/wp-content\/uploads\/2025\/01\/M31_12-768x541.jpg 768w\" sizes=\"auto, (max-width: 1200px) 100vw, 1200px\" \/><figcaption id=\"caption-attachment-4206\" class=\"wp-caption-text\">M31 Astrodessin par Serge Vieillard (Club Magnitude 78)<\/figcaption><\/figure>\n<p><a href=\"http:\/\/www.astrosurf.com\/magnitude78\/serge\/images\/M31_12.jpg\">M31 Par Serge Vieillard<\/a><\/p>\n<p>&nbsp;<\/p>\n<p>Et il s&rsquo;agit l\u00e0 des objets parmi les plus lumineux du Ciel, pour les objets moins brillant, les d\u00e9tails sont plus difficiles \u00e0 obtenir Pour une bonne approche de ce que voit l&rsquo;\u0153il (entra\u00een\u00e9) dans un t\u00e9lescope il faut se r\u00e9f\u00e9rencer aux dessins que r\u00e9alisent certains amateurs : Dans le domaine Serge Vieillard est une des r\u00e9f\u00e9rences<\/p>\n<p>Vous pouvez admirer ses dessins ici :<\/p>\n<p><a href=\"http:\/\/www.astrosurf.com\/magnitude78\/serge\/galaxies.html\">http:\/\/www.astrosurf.com\/magnitude78\/serge\/galaxies.html<\/a><\/p>\n<p><a href=\"http:\/\/www.astrosurf.com\/magnitude78\/serge\/nebuleuses.html\">http:\/\/www.astrosurf.com\/magnitude78\/serge\/nebuleuses.html<\/a><\/p>\n<p>Attention<\/p>\n<p>Ces dessins sont l&rsquo;\u0153uvre d&rsquo; \u00ab\u00a0a<strong>mateurs<\/strong>\u00a0\u00bb \ud83d\ude09 extr\u00eamement pointus, utilisant un mat\u00e9riel d&rsquo;excellence dans des sites d&rsquo;excellence. En outre : leur vision est entrain\u00e9e et ne refl\u00e8te pas forc\u00e9ment la vision que vous en auriez vous-m\u00eame dans les m\u00eames circonstances.<\/p>\n","protected":false},"excerpt":{"rendered":"<p>Introduction \u00e0 l&rsquo;astronomie pour les d\u00e9butants. Autant le dire tout de suite, les premiers contacts avec l&rsquo;astronomie sont g\u00e9n\u00e9ralement frustrants.<\/p>\n<p><a href=\"https:\/\/www.avex-asso.org\/dossiers\/wordpress\/dossiers-pratiques\/divers\/debutants-on-voi-rien\" class=\"more-link\">Continue reading<span class=\"screen-reader-text\">D\u00e9butants : on ne voit rien !<\/span><\/a><\/p>\n","protected":false},"author":4,"featured_media":0,"parent":3394,"menu_order":49,"comment_status":"open","ping_status":"closed","template":"","meta":{"footnotes":""},"class_list":["post-51","page","type-page","status-publish","hentry"],"_links":{"self":[{"href":"https:\/\/www.avex-asso.org\/dossiers\/wordpress\/wp-json\/wp\/v2\/pages\/51","targetHints":{"allow":["GET"]}}],"collection":[{"href":"https:\/\/www.avex-asso.org\/dossiers\/wordpress\/wp-json\/wp\/v2\/pages"}],"about":[{"href":"https:\/\/www.avex-asso.org\/dossiers\/wordpress\/wp-json\/wp\/v2\/types\/page"}],"author":[{"embeddable":true,"href":"https:\/\/www.avex-asso.org\/dossiers\/wordpress\/wp-json\/wp\/v2\/users\/4"}],"replies":[{"embeddable":true,"href":"https:\/\/www.avex-asso.org\/dossiers\/wordpress\/wp-json\/wp\/v2\/comments?post=51"}],"version-history":[{"count":33,"href":"https:\/\/www.avex-asso.org\/dossiers\/wordpress\/wp-json\/wp\/v2\/pages\/51\/revisions"}],"predecessor-version":[{"id":4207,"href":"https:\/\/www.avex-asso.org\/dossiers\/wordpress\/wp-json\/wp\/v2\/pages\/51\/revisions\/4207"}],"up":[{"embeddable":true,"href":"https:\/\/www.avex-asso.org\/dossiers\/wordpress\/wp-json\/wp\/v2\/pages\/3394"}],"wp:attachment":[{"href":"https:\/\/www.avex-asso.org\/dossiers\/wordpress\/wp-json\/wp\/v2\/media?parent=51"}],"curies":[{"name":"wp","href":"https:\/\/api.w.org\/{rel}","templated":true}]}}