{"id":55,"date":"2007-06-22T06:52:55","date_gmt":"2007-06-22T04:52:55","guid":{"rendered":"http:\/\/avex.org.free.fr\/dossiers\/?page_id=55"},"modified":"2016-07-11T10:56:21","modified_gmt":"2016-07-11T08:56:21","slug":"photoshop-oter-la-coma","status":"publish","type":"page","link":"https:\/\/www.avex-asso.org\/dossiers\/wordpress\/tutoriels-logiciels\/informatique-archive\/photoshop-oter-la-coma","title":{"rendered":"Photoshop : \u00f4ter la coma"},"content":{"rendered":"<p>Introduction :<\/p>\n<p>La coma est une d\u00e9formation sph\u00e9rique ou quasi sph\u00e9rique de l&rsquo;image sur le plan.<\/p>\n<p>Nous pouvons partiellement corriger ce probl\u00e8me de mani\u00e8re artificielle. L&rsquo;efficacit\u00e9 est certaine, mais destructive. Des informations sont d\u00e9truites dans l&rsquo;op\u00e9ration. Les photos ci dessous nous ont \u00e9t\u00e9 prises par Fr\u00e9dogoto \u00e0 l&rsquo;aise d&rsquo;un APN Canon power A70 en zoom optique x3, en r\u00e9gion parisienne avec une distorsion faible de l&rsquo;objectif. Cette m\u00eame photo a servie pour l&rsquo;article sur la pollution lumineuse, abondante dans cette photo.<\/p>\n<p>Il s&rsquo;agit d&rsquo;une photo de la constellation d&rsquo;Orion et de ses alentours, en grand champ avec un objectif souffrant d&rsquo;une \u00ab Distorsion \u00bb, chez le photographe, ou \u00ab Coma \u00bb, chez les astronomes. La solution naturelle de ce cas de figure, quand le probl\u00e8me est connu et que les moyens technique s&rsquo;y pr\u00eatent, fermer l&rsquo;ouverture de l&rsquo;objectif de 2 ou 3 diaphragmes, ou diaphragmer le t\u00e9lescope, malheureusement cela multiplie le temps de pause.<\/p>\n<p>L&rsquo;autre solution consiste \u00e0 travailler sur l&rsquo;image une fois la prise de vue effectu\u00e9e. Nous allons appliquer sur la coma, son invers\u00e9e g\u00e9om\u00e9trique afin de restituer une image neutralis\u00e9e<\/p>\n<p>Paint Shop\u00ae Pro ou Photoshop\u00ae sont n\u00e9cessaires \u00e0 l&rsquo;op\u00e9ration.<\/p>\n<p>Nous partons du principe que vous \u00eates d\u00e9j\u00e0 un peut familier de ces logiciels et notamment avec les calques et les fonctions de bases.<\/p>\n<p>La coma se manifeste par une non uniformit\u00e9 de la g\u00e9om\u00e9trie d&rsquo;un image, g\u00e9n\u00e9ralement du centre vers les bords. Dans le cas astronomique : les \u00e9toiles centrales sont bien rondes, mais se distordent lorsqu&rsquo;on approche des bords ( les \u00e9toiles ne sont plus ponctuelles, mais forment des ovales ou des traits perpendiculaires au centre de l&rsquo;image ).<\/p>\n<p>1<\/p>\n<p><a rel=\"attachment wp-att-900\" href=\"http:\/\/www.avex-asso.org\/dossiers\/wordpress\/?attachment_id=900\"><img loading=\"lazy\" decoding=\"async\" class=\"alignnone size-full wp-image-900\" title=\"a-big\" src=\"http:\/\/www.avex-asso.org\/dossiers\/wordpress\/wp-content\/uploads\/2007\/06\/a-big.jpg\" alt=\"\" width=\"672\" height=\"504\" srcset=\"https:\/\/www.avex-asso.org\/dossiers\/wordpress\/wp-content\/uploads\/2007\/06\/a-big.jpg 1600w, https:\/\/www.avex-asso.org\/dossiers\/wordpress\/wp-content\/uploads\/2007\/06\/a-big-200x150.jpg 200w, https:\/\/www.avex-asso.org\/dossiers\/wordpress\/wp-content\/uploads\/2007\/06\/a-big-400x300.jpg 400w, https:\/\/www.avex-asso.org\/dossiers\/wordpress\/wp-content\/uploads\/2007\/06\/a-big-1200x900.jpg 1200w\" sizes=\"auto, (max-width: 672px) 100vw, 672px\" \/><\/a><\/p>\n<p>L&rsquo;image ci-contre est une r\u00e9duction de l&rsquo;image originale ( 1600&#215;1200 cliquez sur l&rsquo;image pour la visualiser en grand ).<\/p>\n<p>A priori, cette image ne souffre pas de distorsion \u00e9vidente, et comme \u00e9nonc\u00e9 plus haut, la coma induite par cet objectif reste faible mais n\u00e9anmoins perceptible.<\/p>\n<p>\ufeff<\/p>\n<div id=\"_mcePaste\">2<\/div>\n<div id=\"_mcePaste\">Effectivement en zoomant sur le bord en haut \u00e0 gauche, nous percevons tr\u00e8s nettement une coma sur les \u00e9toiles et pire, cette coma est accompagn\u00e9e d&rsquo;un s\u00e9v\u00e8re chromatisme ce qui est malheureusement presque toujours le cas.<\/div>\n<p><a rel=\"attachment wp-att-899\" href=\"http:\/\/www.avex-asso.org\/dossiers\/wordpress\/?attachment_id=899\"><img loading=\"lazy\" decoding=\"async\" class=\"alignnone size-full wp-image-899\" title=\"b\" src=\"http:\/\/www.avex-asso.org\/dossiers\/wordpress\/wp-content\/uploads\/2007\/06\/b.jpg\" alt=\"\" width=\"320\" height=\"280\" \/><\/a><\/p>\n<p>3 Nous commencerons par \u00f4ter ce chromatisme : pour ce faire nous pla\u00e7ons notre image en mode Lab (Luminace, chromie A et chromie B c&rsquo;est un mode sp\u00e9cial tr\u00e8s pratique qui permet entre autre de travailler sur les infos de couleur sans toucher aux infos de luminausit\u00e9s et r\u00e9ciproquement voir l&rsquo;article sur le chromatisme)<\/p>\n<p><a rel=\"attachment wp-att-901\" href=\"http:\/\/www.avex-asso.org\/dossiers\/wordpress\/?attachment_id=901\"><img loading=\"lazy\" decoding=\"async\" class=\"alignnone size-full wp-image-901\" title=\"c-chroma\" src=\"http:\/\/www.avex-asso.org\/dossiers\/wordpress\/wp-content\/uploads\/2007\/06\/c-chroma.jpg\" alt=\"\" width=\"400\" height=\"489\" srcset=\"https:\/\/www.avex-asso.org\/dossiers\/wordpress\/wp-content\/uploads\/2007\/06\/c-chroma.jpg 400w, https:\/\/www.avex-asso.org\/dossiers\/wordpress\/wp-content\/uploads\/2007\/06\/c-chroma-245x300.jpg 245w\" sizes=\"auto, (max-width: 400px) 100vw, 400px\" \/><\/a><\/p>\n<p>5\u00a0Puis, nous demandons \u00e0 photoshop\u00ae d&rsquo;afficher, si ce n&rsquo;est d\u00e9j\u00e0 fait, la palette Couches ( channel en anglais ), fen\u00eatre affichable via le menu fen\u00eatre de photoshop\u00ae.<\/p>\n<p>Puis, nous s\u00e9lectionnons la couche \u00ab\u00a0a\u00a0\u00bb ( l&rsquo;image devient grise ), puis cochons l\u2019\u0153il de la vue \u00ab\u00a0Lab\u00a0\u00bb ; l&rsquo;image repasse en couleur. La couche \u00ab\u00a0a\u00a0\u00bb contient des infos couleurs ( tout comme la \u00ab\u00a0b\u00a0\u00bb ) sur laquelle nous allons intervenir afin d\u2019att\u00e9nuer le chromatisme.<\/p>\n<p>Normalement, la couche A doit \u00eatre surlign\u00e9 en couleur, les autres couches demeurent neutres, cela veut dire que tout ce que nous ferons n&rsquo;affectera que cette couche.<\/p>\n<p><a rel=\"attachment wp-att-902\" href=\"http:\/\/www.avex-asso.org\/dossiers\/wordpress\/?attachment_id=902\"><img loading=\"lazy\" decoding=\"async\" class=\"alignnone size-full wp-image-902\" title=\"c-bis\" src=\"http:\/\/www.avex-asso.org\/dossiers\/wordpress\/wp-content\/uploads\/2007\/06\/c-bis.jpg\" alt=\"\" width=\"555\" height=\"585\" srcset=\"https:\/\/www.avex-asso.org\/dossiers\/wordpress\/wp-content\/uploads\/2007\/06\/c-bis.jpg 555w, https:\/\/www.avex-asso.org\/dossiers\/wordpress\/wp-content\/uploads\/2007\/06\/c-bis-284x300.jpg 284w\" sizes=\"auto, (max-width: 555px) 100vw, 555px\" \/><\/a><\/p>\n<p>Appelez le menu filtre -&gt; att\u00e9nuation -&gt; flou Gaussien.<\/p>\n<p>La fen\u00eatre ci contre appara\u00eet. dans l&rsquo;espace de pr\u00e9visualisation, vous pouvez voir un fond gris relativement uniforme ( qui repr\u00e9sente l&rsquo;aspect brute de la couche \u00ab\u00a0a\u00a0\u00bb ) avec ici et l\u00e0 des picots, irr\u00e9gularit\u00e9s en tout genre, nous allons lisser ces irr\u00e9gularit\u00e9s en y appliquant un flou assez s\u00e9v\u00e8re.<\/p>\n<p>Pour l&rsquo;image ci-contre, une valeur de 6 a \u00e9t\u00e9 n\u00e9cessaire, mais on peut tout \u00e0 fait avoir besoin d&rsquo;aller au del\u00e0 pour certains cas d&rsquo;image fortement \u00ab\u00a0chromatisme\u00a0\u00bb.<\/p>\n<p>Une fois la couche \u00ab\u00a0a\u00a0\u00bb op\u00e9r\u00e9e, effectuer la m\u00eame action sur la couche \u00ab\u00a0b\u00a0\u00bb.<\/p>\n<p><a rel=\"attachment wp-att-904\" href=\"http:\/\/www.avex-asso.org\/dossiers\/wordpress\/?attachment_id=904\"><img loading=\"lazy\" decoding=\"async\" class=\"alignnone size-full wp-image-904\" title=\"e-gauss\" src=\"http:\/\/www.avex-asso.org\/dossiers\/wordpress\/wp-content\/uploads\/2007\/06\/e-gauss.jpg\" alt=\"\" width=\"558\" height=\"633\" srcset=\"https:\/\/www.avex-asso.org\/dossiers\/wordpress\/wp-content\/uploads\/2007\/06\/e-gauss.jpg 558w, https:\/\/www.avex-asso.org\/dossiers\/wordpress\/wp-content\/uploads\/2007\/06\/e-gauss-264x300.jpg 264w\" sizes=\"auto, (max-width: 558px) 100vw, 558px\" \/><\/a><\/p>\n<p>A ce stade, notre image doit \u00eatre d\u00e9barrass\u00e9e de son chromatisme.<\/p>\n<p>Il nous reste maintenant \u00e0 intervenir sur la distorsion g\u00e9om\u00e9trique elle m\u00eame en appliquant une d\u00e9formation inverse \u00e0 celle enregistr\u00e9e sur l&rsquo;image.<\/p>\n<p><a rel=\"attachment wp-att-905\" href=\"http:\/\/www.avex-asso.org\/dossiers\/wordpress\/?attachment_id=905\"><img loading=\"lazy\" decoding=\"async\" class=\"alignnone size-full wp-image-905\" title=\"e-gauus-2\" src=\"http:\/\/www.avex-asso.org\/dossiers\/wordpress\/wp-content\/uploads\/2007\/06\/e-gauus-2.jpg\" alt=\"\" width=\"400\" height=\"368\" srcset=\"https:\/\/www.avex-asso.org\/dossiers\/wordpress\/wp-content\/uploads\/2007\/06\/e-gauus-2.jpg 400w, https:\/\/www.avex-asso.org\/dossiers\/wordpress\/wp-content\/uploads\/2007\/06\/e-gauus-2-326x300.jpg 326w\" sizes=\"auto, (max-width: 400px) 100vw, 400px\" \/><\/a><\/p>\n<p>Pour que la distorsion sph\u00e9rique s&rsquo;applique \u00e0 toute l&rsquo;image, il faut agrandir le plan de travail de fa\u00e7on \u00e0 ce qu&rsquo;un cercle de la taille du plan de travail englobe la photo dans son entier.\u00a0En rouge, ci-contre, le format de d\u00e9part de notre image, en vert, le format d&rsquo;arriv\u00e9e du plan de travail (ne pas confondre plan de travail et taille de l&rsquo;image).<\/p>\n<p><a rel=\"attachment wp-att-906\" href=\"http:\/\/www.avex-asso.org\/dossiers\/wordpress\/?attachment_id=906\"><img loading=\"lazy\" decoding=\"async\" class=\"alignnone size-full wp-image-906\" title=\"b-agrandissement\" src=\"http:\/\/www.avex-asso.org\/dossiers\/wordpress\/wp-content\/uploads\/2007\/06\/b-agrandissement.jpg\" alt=\"\" width=\"597\" height=\"553\" srcset=\"https:\/\/www.avex-asso.org\/dossiers\/wordpress\/wp-content\/uploads\/2007\/06\/b-agrandissement.jpg 597w, https:\/\/www.avex-asso.org\/dossiers\/wordpress\/wp-content\/uploads\/2007\/06\/b-agrandissement-323x300.jpg 323w\" sizes=\"auto, (max-width: 597px) 100vw, 597px\" \/><\/a><\/p>\n<p>Cliquer sur la couche \u00ab\u00a0Lab\u00a0\u00bb de fa\u00e7on \u00e0 ce que toutes les couches soient actives ( ou repasser en mode RVB ).<br \/>\nAppeler le menu filtres -&gt; distorsion -&gt; sph\u00e9risation.<br \/>\nDans la fen\u00eatre de pr\u00e9visualisation appara\u00eet notre image d\u00e9form\u00e9e par le filtre. Pour une meilleure appr\u00e9ciation de l&rsquo;effet, d\u00e9placer l&rsquo;image de la vignette ( cliquez \/ glissez ) de fa\u00e7on a voir l&rsquo;effet en bord de champ.\u00a0Bien que la capture ci contre indique 100%, la valeur choisie pour cette image \u00e9tait de 64% (valeur \u00e0 partir de laquelle les \u00e9toiles paraissent rondes). Une fois la valeur trouv\u00e9e, validez.<\/p>\n<p><a rel=\"attachment wp-att-907\" href=\"http:\/\/www.avex-asso.org\/dossiers\/wordpress\/?attachment_id=907\"><img loading=\"lazy\" decoding=\"async\" class=\"alignnone size-full wp-image-907\" title=\"f-spher\" src=\"http:\/\/www.avex-asso.org\/dossiers\/wordpress\/wp-content\/uploads\/2007\/06\/f-spher.jpg\" alt=\"\" width=\"830\" height=\"581\" srcset=\"https:\/\/www.avex-asso.org\/dossiers\/wordpress\/wp-content\/uploads\/2007\/06\/f-spher.jpg 830w, https:\/\/www.avex-asso.org\/dossiers\/wordpress\/wp-content\/uploads\/2007\/06\/f-spher-400x280.jpg 400w\" sizes=\"auto, (max-width: 830px) 100vw, 830px\" \/><\/a><\/p>\n<p>L&rsquo;image ainsi trait\u00e9e prend cet aspect. \u00a0Nous y reviendrons. \u00a0Avec la loupe zoomer dans les coins.<\/p>\n<p><a rel=\"attachment wp-att-908\" href=\"http:\/\/www.avex-asso.org\/dossiers\/wordpress\/?attachment_id=908\"><img loading=\"lazy\" decoding=\"async\" class=\"alignnone size-full wp-image-908\" title=\"prefinalbig\" src=\"http:\/\/www.avex-asso.org\/dossiers\/wordpress\/wp-content\/uploads\/2007\/06\/prefinalbig.jpg\" alt=\"\" width=\"430\" height=\"430\" srcset=\"https:\/\/www.avex-asso.org\/dossiers\/wordpress\/wp-content\/uploads\/2007\/06\/prefinalbig.jpg 430w, https:\/\/www.avex-asso.org\/dossiers\/wordpress\/wp-content\/uploads\/2007\/06\/prefinalbig-300x300.jpg 300w\" sizes=\"auto, (max-width: 430px) 100vw, 430px\" \/><\/a><\/p>\n<p>Ci-contre le r\u00e9sultat : dans le coin en haut a gauche, \u00a0saisissant n&rsquo;est ce pas ? ( agrandie \u00e0 200% )<\/p>\n<p>nous observons que les \u00e9toiles sont bien rondes.<\/p>\n<p><a rel=\"attachment wp-att-909\" href=\"http:\/\/www.avex-asso.org\/dossiers\/wordpress\/?attachment_id=909\"><img loading=\"lazy\" decoding=\"async\" class=\"alignnone size-full wp-image-909\" title=\"g-constat\" src=\"http:\/\/www.avex-asso.org\/dossiers\/wordpress\/wp-content\/uploads\/2007\/06\/g-constat.jpg\" alt=\"\" width=\"577\" height=\"594\" srcset=\"https:\/\/www.avex-asso.org\/dossiers\/wordpress\/wp-content\/uploads\/2007\/06\/g-constat.jpg 577w, https:\/\/www.avex-asso.org\/dossiers\/wordpress\/wp-content\/uploads\/2007\/06\/g-constat-291x300.jpg 291w\" sizes=\"auto, (max-width: 577px) 100vw, 577px\" \/><\/a><\/p>\n<p>Nous d\u00e9coupons ensuite les excroissances en coussin de l&rsquo;image.<\/p>\n<p><a rel=\"attachment wp-att-910\" href=\"http:\/\/www.avex-asso.org\/dossiers\/wordpress\/?attachment_id=910\"><img loading=\"lazy\" decoding=\"async\" class=\"alignnone size-full wp-image-910\" title=\"h-crop\" src=\"http:\/\/www.avex-asso.org\/dossiers\/wordpress\/wp-content\/uploads\/2007\/06\/h-crop.jpg\" alt=\"\" width=\"400\" height=\"420\" srcset=\"https:\/\/www.avex-asso.org\/dossiers\/wordpress\/wp-content\/uploads\/2007\/06\/h-crop.jpg 400w, https:\/\/www.avex-asso.org\/dossiers\/wordpress\/wp-content\/uploads\/2007\/06\/h-crop-285x300.jpg 285w\" sizes=\"auto, (max-width: 400px) 100vw, 400px\" \/><\/a><\/p>\n<p>Ce qui nous donne :<\/p>\n<p><a rel=\"attachment wp-att-911\" href=\"http:\/\/www.avex-asso.org\/dossiers\/wordpress\/?attachment_id=911\"><img loading=\"lazy\" decoding=\"async\" class=\"alignnone size-full wp-image-911\" title=\"finalbig\" src=\"http:\/\/www.avex-asso.org\/dossiers\/wordpress\/wp-content\/uploads\/2007\/06\/finalbig.jpg\" alt=\"\" width=\"700\" height=\"552\" srcset=\"https:\/\/www.avex-asso.org\/dossiers\/wordpress\/wp-content\/uploads\/2007\/06\/finalbig.jpg 1000w, https:\/\/www.avex-asso.org\/dossiers\/wordpress\/wp-content\/uploads\/2007\/06\/finalbig-380x300.jpg 380w\" sizes=\"auto, (max-width: 700px) 100vw, 700px\" \/><\/a><\/p>\n<p>( N\u2019oubliez pas si ce n&rsquo;est d\u00e9j\u00e0 fait, de passer en RVB avant d&rsquo;enregistrer ).<\/p>\n<p>Cliquez pour voir en grand.<\/p>\n<p>Je vous recommande de l\u00e9g\u00e8rement diminuer la r\u00e9solution de votre image.<\/p>\n<p>En effet, nous l&rsquo;avons \u00ab\u00a0agrandie\u00a0\u00bb au centre et \u00ab\u00a0r\u00e9tr\u00e9cie\u00a0\u00bb sur le bord.<\/p>\n<p>Ce qui implique que le centre peut se retrouver avec une anamorphose 2 fois sup\u00e9rieure aux pixels lat\u00e9raux ( en gros, et pour faire simple, les pixels du centre sont deux fois plus gros ! ), ceci peut entra\u00eener une augmentation d\u00e9sagr\u00e9able du bruit.<\/p>\n<p>Une r\u00e9duction \u00e0 70 % de l&rsquo;original devrait suffire \u00e0 att\u00e9nuer le ph\u00e9nom\u00e8ne.<\/p>\n","protected":false},"excerpt":{"rendered":"<p>Introduction : La coma est une d\u00e9formation sph\u00e9rique ou quasi sph\u00e9rique de l&rsquo;image sur le plan. Nous pouvons partiellement corriger<\/p>\n<p><a href=\"https:\/\/www.avex-asso.org\/dossiers\/wordpress\/tutoriels-logiciels\/informatique-archive\/photoshop-oter-la-coma\" class=\"more-link\">Continue reading<span class=\"screen-reader-text\">Photoshop : \u00f4ter la coma<\/span><\/a><\/p>\n","protected":false},"author":36,"featured_media":0,"parent":3380,"menu_order":0,"comment_status":"open","ping_status":"closed","template":"","meta":{"footnotes":""},"class_list":["post-55","page","type-page","status-publish","hentry"],"_links":{"self":[{"href":"https:\/\/www.avex-asso.org\/dossiers\/wordpress\/wp-json\/wp\/v2\/pages\/55","targetHints":{"allow":["GET"]}}],"collection":[{"href":"https:\/\/www.avex-asso.org\/dossiers\/wordpress\/wp-json\/wp\/v2\/pages"}],"about":[{"href":"https:\/\/www.avex-asso.org\/dossiers\/wordpress\/wp-json\/wp\/v2\/types\/page"}],"author":[{"embeddable":true,"href":"https:\/\/www.avex-asso.org\/dossiers\/wordpress\/wp-json\/wp\/v2\/users\/36"}],"replies":[{"embeddable":true,"href":"https:\/\/www.avex-asso.org\/dossiers\/wordpress\/wp-json\/wp\/v2\/comments?post=55"}],"version-history":[{"count":5,"href":"https:\/\/www.avex-asso.org\/dossiers\/wordpress\/wp-json\/wp\/v2\/pages\/55\/revisions"}],"predecessor-version":[{"id":897,"href":"https:\/\/www.avex-asso.org\/dossiers\/wordpress\/wp-json\/wp\/v2\/pages\/55\/revisions\/897"}],"up":[{"embeddable":true,"href":"https:\/\/www.avex-asso.org\/dossiers\/wordpress\/wp-json\/wp\/v2\/pages\/3380"}],"wp:attachment":[{"href":"https:\/\/www.avex-asso.org\/dossiers\/wordpress\/wp-json\/wp\/v2\/media?parent=55"}],"curies":[{"name":"wp","href":"https:\/\/api.w.org\/{rel}","templated":true}]}}