{"id":61,"date":"2007-06-22T23:28:01","date_gmt":"2007-06-22T21:28:01","guid":{"rendered":"http:\/\/avex.org.free.fr\/dossiers\/?page_id=61"},"modified":"2015-02-05T19:08:00","modified_gmt":"2015-02-05T18:08:00","slug":"mini-dossier-pour-les-maires","status":"publish","type":"page","link":"https:\/\/www.avex-asso.org\/dossiers\/wordpress\/la-pollution-lumineuse-light-pollution\/mini-dossier-pour-les-maires","title":{"rendered":"Mini dossier pour les Maires"},"content":{"rendered":"<p align=\"center\"><strong>Les Bon et les mauvais lampadaire<\/strong><br \/>\nlettre d&rsquo;orientation type pour une Mairie<\/p>\n<p align=\"center\">T\u00e9l\u00e9charger ce document en <a href=\"http:\/\/www.avex-asso.org\/dossiers\/pl\/lampadaire.doc\">Word<\/a> ou <a href=\"http:\/\/www.avex-asso.org\/dossiers\/pl\/lampadaire.pdf\">Acrobat<\/a> (imprimable, fond blanc)<\/p>\n<p align=\"center\">La pollution lumineuse est le cancer de la nuit.<\/p>\n<div id=\"ez-toc-container\" class=\"ez-toc-v2_0_82_2 counter-hierarchy ez-toc-counter ez-toc-black ez-toc-container-direction\">\n<div class=\"ez-toc-title-container\">\n<p class=\"ez-toc-title\" style=\"cursor:inherit\">Table of Contents<\/p>\n<span class=\"ez-toc-title-toggle\"><a href=\"#\" class=\"ez-toc-pull-right ez-toc-btn ez-toc-btn-xs ez-toc-btn-default ez-toc-toggle\" aria-label=\"Toggle Table of Content\"><span class=\"ez-toc-js-icon-con\"><span class=\"\"><span class=\"eztoc-hide\" style=\"display:none;\">Toggle<\/span><span class=\"ez-toc-icon-toggle-span\"><svg style=\"fill: #999;color:#999\" xmlns=\"http:\/\/www.w3.org\/2000\/svg\" class=\"list-377408\" width=\"20px\" height=\"20px\" viewBox=\"0 0 24 24\" fill=\"none\"><path d=\"M6 6H4v2h2V6zm14 0H8v2h12V6zM4 11h2v2H4v-2zm16 0H8v2h12v-2zM4 16h2v2H4v-2zm16 0H8v2h12v-2z\" fill=\"currentColor\"><\/path><\/svg><svg style=\"fill: #999;color:#999\" class=\"arrow-unsorted-368013\" xmlns=\"http:\/\/www.w3.org\/2000\/svg\" width=\"10px\" height=\"10px\" viewBox=\"0 0 24 24\" version=\"1.2\" baseProfile=\"tiny\"><path d=\"M18.2 9.3l-6.2-6.3-6.2 6.3c-.2.2-.3.4-.3.7s.1.5.3.7c.2.2.4.3.7.3h11c.3 0 .5-.1.7-.3.2-.2.3-.5.3-.7s-.1-.5-.3-.7zM5.8 14.7l6.2 6.3 6.2-6.3c.2-.2.3-.5.3-.7s-.1-.5-.3-.7c-.2-.2-.4-.3-.7-.3h-11c-.3 0-.5.1-.7.3-.2.2-.3.5-.3.7s.1.5.3.7z\"\/><\/svg><\/span><\/span><\/span><\/a><\/span><\/div>\n<nav><ul class='ez-toc-list ez-toc-list-level-1 ' ><li class='ez-toc-page-1 ez-toc-heading-level-3'><a class=\"ez-toc-link ez-toc-heading-1\" href=\"https:\/\/www.avex-asso.org\/dossiers\/wordpress\/la-pollution-lumineuse-light-pollution\/mini-dossier-pour-les-maires\/#La_pollution_lumineuse\" >La pollution lumineuse<\/a><\/li><li class='ez-toc-page-1 ez-toc-heading-level-3'><a class=\"ez-toc-link ez-toc-heading-2\" href=\"https:\/\/www.avex-asso.org\/dossiers\/wordpress\/la-pollution-lumineuse-light-pollution\/mini-dossier-pour-les-maires\/#Impact\" >Impact<\/a><\/li><\/ul><\/nav><\/div>\n<h3><span class=\"ez-toc-section\" id=\"La_pollution_lumineuse\"><\/span>La pollution lumineuse<span class=\"ez-toc-section-end\"><\/span><\/h3>\n<p>Qu&rsquo;est ce que c&rsquo;est ?<\/p>\n<p>On parle de pollution lumineuse lorsque les \u00e9clairages artificiels sont si<br \/>\nnombreux et omnipr\u00e9sents qu&rsquo;ils nuisent \u00e0 l&rsquo;obscurit\u00e9 normale et souhaitable de la nuit. Ainsi, \u00e0 la tomb\u00e9e de la nuit, d&rsquo;innombrables sources de lumi\u00e8res artificielles prennent le relais du soleil dans les centres urbains jusqu&rsquo;au plus petit village.<\/p>\n<p style=\"text-align: left;\" align=\"center\"><a title=\"Carte de pollution lumineuse de France , version emeraude\" href=\"http:\/\/www.avex-asso.org\/dossiers\/wordpress\/?attachment_id=68\" rel=\"attachment wp-att-68\"><img loading=\"lazy\" decoding=\"async\" class=\"alignnone\" src=\"http:\/\/www.avex-asso.org\/dossiers\/wordpress\/wp-content\/uploads\/2007\/06\/emeraudes.png\" alt=\"Carte de pollution lumineuse de France , version emeraude\" width=\"600\" height=\"534\" \/><\/a><\/p>\n<h3 align=\"justify\"><span class=\"ez-toc-section\" id=\"Impact\"><\/span>Impact<span class=\"ez-toc-section-end\"><\/span><\/h3>\n<p align=\"justify\">Les cons\u00e9quences les plus \u00e9videntes vont de la simple g\u00eane, aux d\u00e9penses inutiles d&rsquo;\u00e9nergie. Cependant, quelques \u00e9tudes mettent en \u00e9vidence des cons\u00e9quences sur notre sant\u00e9 : notre exposition quotidienne \u00e0 la lumi\u00e8re \u00e9lectrique a consid\u00e9rablement augment\u00e9 pour atteindre jusqu&rsquo;\u00e0 7 heures par jour en moyenne, des chercheurs de l&rsquo;Universit\u00e9 de Toronto (Canada) mettent en garde face \u00e0 la \u00ab pollution par la lumi\u00e8re artificielle \u00bb qui seraient un des plus importants facteurs \u00e0 l&rsquo;origine de l&rsquo;augmentation des cancers. En effet, sous l&rsquo;effet de la lumi\u00e8re artificielle, l&rsquo;\u00e9piphyse (petite glande situ\u00e9e dans le cerveau) diminue nettement la production de m\u00e9latonine dont les bienfaits seraient multiples : anti-vieillissement, freine le d\u00e9veloppement des tumeurs, stabilise la tension, maintient la libido&#8230;<br \/>\nDe surcroit, les effets sur la faune et la flore sont notables : La v\u00e9g\u00e9tation \u00e9clair\u00e9e en permanence d\u00e9g\u00e9n\u00e8re de fa\u00e7on pr\u00e9coce<\/p>\n<ul>\n<li>\n<p align=\"justify\">les oiseaux migrateurs sont g\u00ean\u00e9s ;<\/p>\n<\/li>\n<li>\n<p align=\"justify\">les populations d&rsquo;insectes nocturnes et pollinisateurs sont d\u00e9cim\u00e9es<br \/>\n(seconde cause de mortalit\u00e9 apr\u00e8s les produits phytosanitaires) ;<\/p>\n<\/li>\n<li>\n<p align=\"justify\">La reproduction et les cycles biologiques des gibiers sont passablement perturb\u00e9s par ces aubes artificielles permanentes.<\/p>\n<\/li>\n<\/ul>\n<p>Enfin, dans un souci de s\u00e9curisation constant et parfois futile, chaque coin de rue est investi d&rsquo;un r\u00e9verb\u00e8re de sorte que nous ne connaissons plus de vraies nuits qui ont pourtant une dimension culturelle importante.<br \/>\nEn effet nous sommes au seuil d&rsquo;un rupture sociale et philosophique importante, o\u00f9 les jeunes, n&rsquo;ayant jamais observ\u00e9 de ciel v\u00e9ritablement \u00e9toil\u00e9,<br \/>\nen viennent \u00e0 se couper davantage encore de leur environnement pour s&rsquo;enfoncer dans un monde de plus en plus artificiel mettant \u00e0 bas tous les c\u00f4t\u00e9s naturels, renfor\u00e7ant leur ignorance du monde dans lequel il leur faudra \u00e9voluer leur vie durant. Cette m\u00e9connaissance, cette ignorance du ciel \u00e9toil\u00e9 est une m\u00e9connaissance de la nature ! et il est facilement imaginable que cela ne soit pas tr\u00e8s porteur pour appr\u00e9hender les d\u00e9fis futurs que la nature nous r\u00e9serve.<br \/>\nLa commune de Longuesse a, depuis toujours, su r\u00e9sister aux pressions les plus diverses pour garder un \u00e9clairage intelligent (extinction nocturne par exemple). C&rsquo;est un point dont on peut vraiment se r\u00e9jouir. Hormis les \u00e9conomies d&rsquo;\u00e9nergies au niveau collectif, c&rsquo;est pourtant du simple bon sens.<\/p>\n<p>L&rsquo;argument s\u00e9curitaire<br \/>\nCela a \u00e9t\u00e9 maintes fois d\u00e9montr\u00e9, l&rsquo; argument s\u00e9curitaire, ne tient pas. Au contraire, l&rsquo;\u00e9clairage urbain renforce l&rsquo;ins\u00e9curit\u00e9 en procurant une aide pr\u00e9cieuse au malfaiteur. En \u00e9clairant les serrures des portes sans avoir besoin de lampes de poche qui risqueraient de signaler leur pr\u00e9sence. Autre argument, certains jeunes d\u00e9soeuvr\u00e9s sortent la nuit se r\u00e9unir sous les lampadaires en attendant qu&rsquo;une mauvaise id\u00e9e leur vienne. Pas de lumi\u00e8re, pas d&rsquo;ins\u00e9curit\u00e9. Cela va \u00e0 l&rsquo; encontre du sens commun mais les \u00e9tudes sont l\u00e0 : 99 % des d\u00e9lits et m\u00e9faits nocturne ont lieu dans des rues parfaitement \u00e9clair\u00e9es\u2026<br \/>\nDonc merci pour ce v\u00e9ritable progr\u00e8s que Longuesse a su maintenir.<\/p>\n<p>Quelques r\u00e9f\u00e9rences :<\/p>\n<p style=\"text-align: left;\" align=\"center\"><a href=\"http:\/\/www.astrosurf.com\/anpcn\/presse\/2002\/le_parisien_11-18.pdf\">&#8211; Article du \u00ab Parisien \u00bb sur la pollution nocturne <\/a><\/p>\n<p style=\"text-align: left;\" align=\"center\"><a href=\"http:\/\/www.astrosurf.com\/anpcn\/association\/sos\/sos_16_2003_10_screen.pdf\">&#8211; dossier r\u00e9capitulatif par l&rsquo;ANPCN <\/a><\/p>\n<p style=\"text-align: left;\" align=\"center\"><a href=\"http:\/\/www.astrosurf.com\/anpcn\/communication\/charte\/charte_web.pdf\">&#8211; Charte fondamentale des g\u00e9n\u00e9rations futures<\/a><\/p>\n<p style=\"text-align: left;\" align=\"center\"><a href=\"http:\/\/www.astrosurf.com\/anpcn\/\">&#8211; Le site de l\u2019Association Nationale pour la Protection du Ciel Nocturne ( ANPCN )<\/a><\/p>\n<p style=\"text-align: left;\" align=\"center\"><a href=\"http:\/\/avex.org.free.fr\/dossiers\/?page_id=38\" target=\"_blank\">&#8211; Les Cartes de France de la pollution nocturne<\/a><\/p>\n<p style=\"text-align: left;\" align=\"center\"><a href=\"http:\/\/astrosurf.com\/fguinepain\/PL\/\">&#8211; Autre site avec de tr\u00e8s bons exemples \u00e0 l\u2019appui<\/a> ( Par Fred. Guignepin )<\/p>\n<p style=\"text-align: left;\" align=\"center\">&#8211; <a href=\"http:\/\/up.tf1.lci.fr\/infos\/sciences\/0,,3312015,00.html\">reportage TF1 <\/a><\/p>\n<p style=\"text-align: left;\" align=\"center\">&#8211; Extrait vid\u00e9o du <a href=\"http:\/\/www.astrosurf.com\/anpcn\/presse\/2006\/0601_FR5_Journal_Sante_high.avi\">magazine de la sant\u00e9 <\/a>( 4minutes )<\/p>\n<p align=\"left\">Les \u00e9conomies d&rsquo;\u00e9nergie<\/p>\n<p align=\"left\">Selon l&rsquo;ADEME, l&rsquo;\u00e9clairage, en Europe, a un impact cons\u00e9quent sur l&rsquo; environnement, puisqu&rsquo; il repr\u00e9sente autour de 40 % des consommations totales d&rsquo; \u00e9lectricit\u00e9 du secteur tertiaire. Or, produire de l&rsquo;\u00e9lectricit\u00e9 n&rsquo;est pas anodin&#8230;<\/p>\n<p align=\"left\">Sur ce dernier point, les campagnes de publicit\u00e9 d&rsquo;EDF destin\u00e9es au grand public mettent tant\u00f4t l&rsquo;accent sur l&rsquo;\u00e9conomie d&rsquo;\u00e9lectricit\u00e9, tant\u00f4t sur les m\u00e9rites du tout \u00e9lectrique, on s&rsquo;y perd. En France, les derni\u00e8res enqu\u00eates nationales notent qu&rsquo;en 2002, l&rsquo;\u00e9clairage public repr\u00e9sente en moyenne 48% de la consommation totale d&rsquo; \u00e9lectricit\u00e9 des communes, et 40 % des d\u00e9penses. Or, l&rsquo;ADEME estime que les \u00e9conomies sur ce poste peuvent atteindre 20 \u00e0 40 % avec des investissements de surcroit rentables. Enfin, une enqu\u00eate de la Direction g\u00e9n\u00e9rale des collectivit\u00e9s locales et de l&rsquo;ADEME note que l&rsquo;\u00e9clairage public repr\u00e9sente en France 4% des \u00e9missions totales de gaz \u00e0 effet de serre&#8230;<\/p>\n<p align=\"left\">Comment \u00e9clairer juste ?<br \/>\nAvec des lampadaire adapt\u00e9s et une temporisation intelligente<\/p>\n<p><a href=\"http:\/\/www.avex-asso.org\/dossiers\/pl\/luminaires.htm\" target=\"_blank\"><img loading=\"lazy\" decoding=\"async\" src=\"http:\/\/www.avex-asso.org\/dossiers\/pl\/luminaire-s.png\" alt=\"\" width=\"400\" height=\"290\" border=\"0\" \/><\/a><br \/>\nCliquez sur la vignette pour voir le sch\u00e9ma en grand et le t\u00e9l\u00e9charger<br \/>\n\u00c0 gauche : la configuration actuelle de certains luminaires \u00ab anciens \u00bb \u00e0 Longuesse: Ils cumulent les inconv\u00e9nients<br \/>\nIl sont \u00e9blouissants : le bulbe de l&rsquo;ampoule \u00e9tant tr\u00e8s apparent, la vision des pi\u00e9tons et des automobilistes en est fortement affect\u00e9e : le halo se diffusant dans l&rsquo;\u0153il, les contrastes et la perception d&rsquo;un \u00e9ventuel obstacle \/ danger s&rsquo;en trouvent tr\u00e8s amoindris. En outre pour une puissance donn\u00e9e beaucoup d&rsquo;\u00e9nergie est perdue.<br \/>\n\u00c0 droite : les bons luminaires ( ceux que l&rsquo;on trouve dans certains villages du Vexin, dans certaines rues de Boissy par exemple). Ils n&rsquo;\u00e9blouissent pas, et l&rsquo;\u00e9nergie qui autrement serait perdue en \u00e9clairant au dessus de l&rsquo;horizon est renvoy\u00e9e vers le sol par le d\u00e9flecteur r\u00e9fl\u00e9chissant. Donc, \u00e0 puissance \u00e9gale, on gagne en luminosit\u00e9, on diminue l&rsquo;\u00e9blouissement et surtout on a la satisfaction d&rsquo;\u00e9clairer surtout la route plut\u00f4t que les \u00e9toiles, qui n&rsquo;en ont nul besoin.<\/p>\n<p>Conclusion<br \/>\nCes luminaires ne sont pas plus co\u00fbteux, mais gagnent en efficacit\u00e9 et en bon sens et permettent, \u00e0 luminosit\u00e9 \u00e9gale un gain de 30 % d&rsquo;\u00e9conomie d&rsquo;\u00e9nergie. Il n&rsquo;y a pas de petits geste quand nous sommes des millions a les faires, surtout pour un surcout initial nul&#8230; Enfin la Future Charte du Vexin comportera une close sp\u00e9cifique en mati\u00e8re de maitrise de l&rsquo;\u00e9nergie et de la lutte contre la pollution lumineuse (Article 9-2), autant, puisque nous en sommes \u00e0 l&rsquo;heure du choix, prendre les devants.<\/p>\n<p align=\"center\"><a href=\"http:\/\/www.avex-asso.org\/dossiers\/pl\/lampadaire.doc\">t\u00e9l\u00e9charger le dossier imprimable en word (fond blanc)<\/a><\/p>\n<p align=\"center\"><a href=\"http:\/\/www.avex-asso.org\/dossiers\/pl\/lampadaire.pdf\" target=\"_blank\">t\u00e9l\u00e9charger le dossier imprimable en acrobat (fond blanc)<\/a><\/p>\n<p align=\"center\"><a href=\"http:\/\/www.avex-asso.org\/dossiers\/pl\/luminaire-tif.rar\" target=\"_blank\">t\u00e9l\u00e9charger le sh\u00e9ma sur fond noir<\/a><\/p>\n<p align=\"center\"><a href=\"http:\/\/www.avex-asso.org\/dossiers\/pl\/charte_impression.pdf\"><img decoding=\"async\" src=\"http:\/\/www.avex-asso.org\/dossiers\/wordpress\/wp-content\/uploads\/2007\/06\/charte_impression-1-vignett.png\" alt=\"charte_impression-1-vignett.png\" \/><\/a><\/p>\n<p align=\"center\">la m\u00eame charte en qualit\u00e9 l\u00e9g\u00e8re : <a href=\"http:\/\/www.avex-asso.org\/dossiers\/pl\/charte_web.pdf\">charte_web.pdf<\/a><\/p>\n<p align=\"center\">Recommandations des luminaires<\/p>\n<p align=\"center\"><a href=\"http:\/\/www.avex-asso.org\/dossiers\/pl\/recomandation-flyer.pdf\"><img decoding=\"async\" src=\"http:\/\/www.avex-asso.org\/dossiers\/wordpress\/wp-content\/uploads\/2007\/06\/recomandation-flyer1.png\" alt=\"recomandation-flyer1.png\" \/><\/a><\/p>\n<p align=\"center\">\u00a0&#8212;&#8212;<\/p>\n<p align=\"center\">Quelques r\u00e9f\u00e9rences compl\u00e9mentaire : un article sur La Maison Ecologique<\/p>\n<p align=\"center\">http:\/\/ftapissier.free.fr\/article-boule-lumineuse.pdf<\/p>\n","protected":false},"excerpt":{"rendered":"<p>Les Bon et les mauvais lampadaire lettre d&rsquo;orientation type pour une Mairie T\u00e9l\u00e9charger ce document en Word ou Acrobat (imprimable,<\/p>\n<p><a href=\"https:\/\/www.avex-asso.org\/dossiers\/wordpress\/la-pollution-lumineuse-light-pollution\/mini-dossier-pour-les-maires\" class=\"more-link\">Continue reading<span class=\"screen-reader-text\">Mini dossier pour les Maires<\/span><\/a><\/p>\n","protected":false},"author":36,"featured_media":0,"parent":163,"menu_order":7,"comment_status":"open","ping_status":"closed","template":"","meta":{"footnotes":""},"class_list":["post-61","page","type-page","status-publish","hentry"],"_links":{"self":[{"href":"https:\/\/www.avex-asso.org\/dossiers\/wordpress\/wp-json\/wp\/v2\/pages\/61","targetHints":{"allow":["GET"]}}],"collection":[{"href":"https:\/\/www.avex-asso.org\/dossiers\/wordpress\/wp-json\/wp\/v2\/pages"}],"about":[{"href":"https:\/\/www.avex-asso.org\/dossiers\/wordpress\/wp-json\/wp\/v2\/types\/page"}],"author":[{"embeddable":true,"href":"https:\/\/www.avex-asso.org\/dossiers\/wordpress\/wp-json\/wp\/v2\/users\/36"}],"replies":[{"embeddable":true,"href":"https:\/\/www.avex-asso.org\/dossiers\/wordpress\/wp-json\/wp\/v2\/comments?post=61"}],"version-history":[{"count":11,"href":"https:\/\/www.avex-asso.org\/dossiers\/wordpress\/wp-json\/wp\/v2\/pages\/61\/revisions"}],"predecessor-version":[{"id":2276,"href":"https:\/\/www.avex-asso.org\/dossiers\/wordpress\/wp-json\/wp\/v2\/pages\/61\/revisions\/2276"}],"up":[{"embeddable":true,"href":"https:\/\/www.avex-asso.org\/dossiers\/wordpress\/wp-json\/wp\/v2\/pages\/163"}],"wp:attachment":[{"href":"https:\/\/www.avex-asso.org\/dossiers\/wordpress\/wp-json\/wp\/v2\/media?parent=61"}],"curies":[{"name":"wp","href":"https:\/\/api.w.org\/{rel}","templated":true}]}}