{"id":629,"date":"2010-11-05T19:31:47","date_gmt":"2010-11-05T18:31:47","guid":{"rendered":"http:\/\/www.avex-asso.org\/dossiers\/wordpress\/?page_id=629"},"modified":"2016-02-07T15:50:31","modified_gmt":"2016-02-07T14:50:31","slug":"lexique-des-termes-avex","status":"publish","type":"page","link":"https:\/\/www.avex-asso.org\/dossiers\/wordpress\/tutoriels-logiciels\/lexique-des-termes-avex","title":{"rendered":"Conf\u00e9rences AVEX"},"content":{"rendered":"<ul>\n<li><span style=\"font-size: 2em;\">Conf\u00e9rence <em>Saturne, un monde inattendu<\/em><\/span><\/li>\n<\/ul>\n<p>Par fr\u00e9d\u00e9ric TAPISSIEER<\/p>\n<p>le 15\/11\/2013<\/p>\n<p>&nbsp;<\/p>\n<p><a href=\"http:\/\/www.avex-asso.org\/dossiers\/wordpress\/wp-content\/uploads\/2010\/11\/pr\u00e9sentation-saturne-1.pptx\">pr\u00e9sentation saturne<\/a>\u00a0(fichier PowerPoint 2007 ou +)<\/p>\n<p><a href=\"http:\/\/www.avex-asso.org\/dossiers\/wordpress\/wp-content\/uploads\/2010\/11\/commentairesaturne-1.docx\">commentaire saturne<\/a>\u00a0(fichier Word 2007 + )<\/p>\n<p>&nbsp;<\/p>\n<p>&nbsp;<\/p>\n","protected":false},"excerpt":{"rendered":"<p>Conf\u00e9rence Saturne, un monde inattendu Par fr\u00e9d\u00e9ric TAPISSIEER le 15\/11\/2013 &nbsp; pr\u00e9sentation saturne\u00a0(fichier PowerPoint 2007 ou +) commentaire saturne\u00a0(fichier Word<\/p>\n<p><a href=\"https:\/\/www.avex-asso.org\/dossiers\/wordpress\/tutoriels-logiciels\/lexique-des-termes-avex\" class=\"more-link\">Continue reading<span class=\"screen-reader-text\">Conf\u00e9rences AVEX<\/span><\/a><\/p>\n","protected":false},"author":1,"featured_media":0,"parent":44,"menu_order":48,"comment_status":"open","ping_status":"closed","template":"","meta":{"footnotes":""},"class_list":["post-629","page","type-page","status-publish","hentry"],"_links":{"self":[{"href":"https:\/\/www.avex-asso.org\/dossiers\/wordpress\/wp-json\/wp\/v2\/pages\/629","targetHints":{"allow":["GET"]}}],"collection":[{"href":"https:\/\/www.avex-asso.org\/dossiers\/wordpress\/wp-json\/wp\/v2\/pages"}],"about":[{"href":"https:\/\/www.avex-asso.org\/dossiers\/wordpress\/wp-json\/wp\/v2\/types\/page"}],"author":[{"embeddable":true,"href":"https:\/\/www.avex-asso.org\/dossiers\/wordpress\/wp-json\/wp\/v2\/users\/1"}],"replies":[{"embeddable":true,"href":"https:\/\/www.avex-asso.org\/dossiers\/wordpress\/wp-json\/wp\/v2\/comments?post=629"}],"version-history":[{"count":16,"href":"https:\/\/www.avex-asso.org\/dossiers\/wordpress\/wp-json\/wp\/v2\/pages\/629\/revisions"}],"predecessor-version":[{"id":3010,"href":"https:\/\/www.avex-asso.org\/dossiers\/wordpress\/wp-json\/wp\/v2\/pages\/629\/revisions\/3010"}],"up":[{"embeddable":true,"href":"https:\/\/www.avex-asso.org\/dossiers\/wordpress\/wp-json\/wp\/v2\/pages\/44"}],"wp:attachment":[{"href":"https:\/\/www.avex-asso.org\/dossiers\/wordpress\/wp-json\/wp\/v2\/media?parent=629"}],"curies":[{"name":"wp","href":"https:\/\/api.w.org\/{rel}","templated":true}]}}