{"id":73,"date":"2007-06-23T15:18:38","date_gmt":"2007-06-23T13:18:38","guid":{"rendered":"http:\/\/avex.org.free.fr\/dossiers\/?page_id=73"},"modified":"2016-07-11T11:10:42","modified_gmt":"2016-07-11T09:10:42","slug":"lautoguidage-mode-demplois","status":"publish","type":"page","link":"https:\/\/www.avex-asso.org\/dossiers\/wordpress\/dossiers-pratiques\/informatique-pratique\/lautoguidage-mode-demplois","title":{"rendered":"L\u2019Autoguidage : Mode d\u2019emploi"},"content":{"rendered":"<p align=\"right\">\n<p align=\"right\"><a title=\"l\u2019auteur\" href=\"http:\/\/www.avex-asso.org\/dossiers\/wordpress\/?attachment_id=72\" rel=\"attachment wp-att-72\"><img decoding=\"async\" src=\"http:\/\/www.avex-asso.org\/dossiers\/wordpress\/wp-content\/uploads\/2007\/06\/epsi.png\" alt=\"l\u2019auteur\" \/><\/a><\/p>\n<p align=\"left\">En route pour l\u2019imagerie<\/p>\n<p align=\"justify\">Cet article a pour but de vous donner une m\u00e9thode pratique pour vous lancer dans la photographie astronomique. Je ne balaierai pas volontairement toutes lesconfigurations possibles (montures, imageurs, guideurs, et\u2026) car cela compliquerait singuli\u00e8rement le propos. Je vais d\u00e9crire de fa\u00e7on la plus pr\u00e9cise que possible la proc\u00e9dure que j\u2019utilise avec mon mat\u00e9riel, et qui me permet d\u2019obtenir des images du ciel profond avec ma foi des r\u00e9sultats sympathiques.<\/p>\n<p>La s\u00e9quence que je d\u00e9cris est le fruit de ma modeste exp\u00e9rience, fond\u00e9e essentiellement sur la chasse aux \u00e9nervements et irritants divers, et sur de multiples nuits moins que moyennes en qualit\u00e9 de ciel, et donc mises \u00e0 profit pour l\u2019apprentissage. Vous constaterez que le lancement d\u2019un autoguidage peut \u00eatre un sport dangereux pour les nerfs si l\u2019on ne respecte pas une chronologie \u00e0 peu pr\u00e8s \u00e9tablie. Je dirais que quand tout se passe correctement, en moins d\u2019une heure on peut lancer une s\u00e9quence d\u2019acquisition. A l\u2019oppos\u00e9, on peut aussi si on collectionne les farces avoir enfin fini les r\u00e9glages et souffler un instant bien m\u00e9rit\u00e9 pour contempler\u2026 les premi\u00e8res lueurs de l\u2019aube.<\/p>\n<p>Mat\u00e9riel :<\/p>\n<p>Monture : Orion Skyview Pro motoris\u00e9e sur les deux axes (cette monture a \u00e9t\u00e9 modifi\u00e9e, et moteurs et r\u00e9ducteurs ont \u00e9t\u00e9 remplac\u00e9s par des moteurs pas \u00e0 pas entrainant des poulies via une courroie crant\u00e9e), la monture est g\u00e9r\u00e9e par un pic astro, qui prend en charge les moteurs et traduit en impulsions les ordres envoy\u00e9s via le PC par les logiciels de guidage.<\/p>\n<ul>\n<li>Imageur : lunette Orion 80 ED et EOS 350D (non modifi\u00e9) command\u00e9 par le port parall\u00e8le via un c\u00e2ble sp\u00e9cial.<\/li>\n<\/ul>\n<ul>\n<li>Guideur : lunette Skywatcher 70-700 avec webcam Toucam Pro II au foyer<\/li>\n<\/ul>\n<ul>\n<li>Logiciel de guidage : guidemaster<\/li>\n<\/ul>\n<ul>\n<li>Logiciel d\u2019acquisition : DSLRFocus.<\/li>\n<\/ul>\n<p>Le ciel est clair, la transparence est id\u00e9ale, pas de vent.<\/p>\n<p>On met la monture en place et en station:<\/p>\n<p>Installation de la lunette, de la lunette guide, du contrepoids, \u00e9quilibrage de la monture. Il est important d\u2019effectuer la charge de la monture avant de commencer les r\u00e9glages de mise en station afin d\u2019\u00e9viter les surprises dues \u00e0 des flexions qui appara\u00eetraient au moment o\u00f9 l\u2019on charge la monture. Se m\u00e9fier comme de la peste de la stabilit\u00e9 du sol (un tr\u00e9pied qui s\u2019enfonce lentement dans le sol peut donner du fil \u00e0 retordre\u2026)<br \/>\nV\u00e9rification que le r\u00e9glage en azimut de la monture est \u00e0 peu pr\u00e8s \u00e0 mi-course (pour ce faire vous devez visser les deux vis qui se trouvent \u00e0 l\u2019avant de la monture d\u2019a peu pr\u00e8s le m\u00eame nombre de tours pour qu\u2019il y ait autant de d\u00e9battement dans un sens que dans l\u2019autre)et que l\u2019angle de latitude correspond grossi\u00e8rement \u00e0 la latitude du lieu<\/p>\n<blockquote>\n<p align=\"center\"><a href=\"http:\/\/avex.org.free.fr\/galerie\/picture.php?cat=162&amp;image_id=2130\"><img decoding=\"async\" src=\"http:\/\/avex.org.free.fr\/galerie\/galleries\/stok\/thumbnail\/TN-config-fredogoto.jpg\" alt=\"Cliquer pour voir en grand\" longdesc=\"http:\/\/avex.org.free.fr\/galerie\/picture.php?cat=162&amp;image_id=2130\" border=\"0\" \/><\/a><\/p>\n<p>ici, une config type d&rsquo;autoguidage ; Une monturer Fiable (i\u00e7i une axis f20a de chez <a href=\"http:\/\/www.axisinstruments.com\/francais\/produits\/accueil_produits.htm\">AxisInstruments <\/a>), Un tube optique Imageur ( Vixen 200 \/800 f4 ) Surmont\u00e9 d&rsquo;une lunette guide &lsquo;de base&rsquo; (orion achro 80\/900 f11) dans ses anneaux de guidage, une webcam de guidage , un 350d sp\u00e9cial astro (d\u00e9filtr\u00e9) Un pc d&rsquo;occasion (parfais pour ce genre d&rsquo;exercice; autonomie minimale de 5heures \ud83d\ude42 ), une raquette de commande MTS3-sdi import\u00e9 par Axis; non visible sur la photo : un flip miror sur la lunette guide (partique pour trouver des etoiles)<\/p><\/blockquote>\n<p>Ouverture du viseur polaire et v\u00e9rification de la pr\u00e9sence de l\u2019\u00e9toile du m\u00eame nom dans le champ du viseur. Correction \u00e9ventuelle de l\u2019orientation des pieds.<\/p>\n<p>Mise \u00e0 niveau de la base de la monture. J\u2019utilise pour ce faire un niveau \u00e0 bulle de chantier. Je r\u00e8gle d\u2019abord l\u2019horizontalit\u00e9 des pieds est et ouest, puis le pied nord. (PS on devrait pas mettre ce paragraphe avant celui du dessus ?)<\/p>\n<p>Centrage de la polaire avec cette fois les r\u00e9glages de la base de la monture. Les r\u00e9ticules des montures ne sont pas tous identiques r\u00e9f\u00e9rez vous \u00e0 la documentation de votre viseur pour conna\u00eetre la position exacte que doit avoirla polaire dans le viseur. De mani\u00e8re g\u00e9n\u00e9rale, il faut positionner l\u2019axe horaire de la monture \u00e0 la date et \u00e0 l\u2019heure universel de votre observation.Vous pouvez aussi vous aider de certains logiciels comme polarfinder qui vous dessinent la position de la polaire pour le lieu, la date et l\u2019heure de votre observation.<\/p>\n<p>Si le viseur polaire a \u00e9t\u00e9 correctement r\u00e9gl\u00e9 de jour (je ne puis que vous d\u00e9conseiller de faire ce r\u00e9glage de nuit sur une \u00e9toile,(gn\u00e9\u00e9\u00e9 cf ci dessous) rappelez-vous que le but de ce tuto est d\u2019\u00e9pargner vos nerfs\u2026), la mise en station est suffisante pour se lancer dans une premi\u00e8re tentative d\u2019imagerie. Il est clair que meilleure est la pr\u00e9cision, meilleur sera le suivi (absence de rotation de champ).<\/p>\n<p>Sachez que si vous effectuez une mise en station suffisamment pr\u00e9cise (\u00e9ventuellement assist\u00e9e par des logiciels comme astrosnap ou Mesxxi) votre effort sera r\u00e9compens\u00e9 par la possibilit\u00e9 de ne pas guider en d\u00e9clinaison, ce qui va faire s\u2019\u00e9vaporer comme par miracle les trois quarts des probl\u00e8mes que l\u2019on peut rencontrer (le guidage en d\u00e9clinaison, c\u2019est un v\u00e9ritable fl\u00e9au). re ps : je trouve que ce paragraphe est en contradiction totale avec celui ci du dessus<\/p>\n<p>Cette simplification vaut donc de s\u2019attarder sur la mise en station. On r\u00e8gle les chercheurs : on commence par le chercheur de l\u2019imageur, puis on passe au chercheur du guideur. Veillez \u00e0 ce que le r\u00e9glage du chercheur du guideur soit le plus pr\u00e9cis possible, cela vous \u00e9pargnera bien des \u00e9nervements au moment de centrer une \u00e9toile guide sur le capteur minuscule de la webcam de guidage.<\/p>\n<p>On pointe sa cible.<br \/>\nLa premi\u00e8re chose \u00e0 faire est \u00e9videmment de pointer la cible ! On met un oculaire grand champ sur l\u2019imageur, on pointe la cible.<br \/>\nA ce stade et avant d\u2019aller plus loin dans les r\u00e9glages, il est prudent de simuler la rotation du ciel et de v\u00e9rifier en d\u00e9pla\u00e7ant votre instrument vers l\u2019ouest que lors du suivi qu\u2019il ne va pas entrer en contact avec un des pieds du tripode. C\u2019est souvent le cas pour les objets tr\u00e8s hauts (M31, Dentelles du cygne). i c\u2019est le cas il vous faudra surveiller le suivi et le cas \u00e9ch\u00e9ant proc\u00e9der au basculement du tube. Vous pouvez d\u00e8s \u00e0 pr\u00e9sent (si c\u2019est possible) orienter le tube dans l\u2019autre sens de fa\u00e7on \u00e0 \u00e9viter le contact.<br \/>\nOn remplace ensuite l\u2019oculaire par l\u2019APN muni de sa bague T et de l\u2019adaptateur coulant 50mm.<\/p>\n<p>Mise au point<br \/>\nOn lance ensuite DSLRFocus ou tout autre logiciel d&rsquo;acquisition d&rsquo;images pour faire une mise au point grossi\u00e8re.<\/p>\n<p>Point n\u2019est besoin de faire une mise au point pr\u00e9cise tant que le cadrage de l\u2019objet n\u2019est pas effectu\u00e9, car en orientant l\u2019APN on peut modifier l\u00e9g\u00e8rement la mise au point.<br \/>\nSi on a fait une mise au point pr\u00e9cise avant de cadrer, c\u2019est perdu, il faudra le refaire ( \u00e0 moins de poss\u00e9der une passion immod\u00e9r\u00e9e pour la pratique de la mise au point)\u2026<\/p>\n<p>On cadre la cible dans le champ de l\u2019imageur.<\/p>\n<p>Toujours avec DSLR focus en mode focus et avec des poses courtes (quelques secondes), on cadre l\u2019objet, en orientant l\u2019APN et en jouant de la raquette. Cette phase peut aussi \u00eatre effectu\u00e9e avec tout autre logiciel qui permet de visualiser \u00e0 l\u2019\u00e9cran du PC les images effectu\u00e9es par l\u2019APN.<br \/>\nSi l\u2019objet n&rsquo;appara\u00eet pas \u00e0 l\u2019\u00e9cran, il faut se fier aux \u00e9toiles du champ pour le cadrage. Cadrer correctement la t\u00eate de cheval est \u00e9minemment plus long que cadrer la grande n\u00e9buleuse d\u2019Orion. V\u00e9rifier ensuite le cadrage par une pose longue (1 minute ou plus) en mode acquisition.<br \/>\nNous n\u2019allons pas faire la mise au point de suite. Je pr\u00e9f\u00e8re attendre que l\u2019autoguidage soit en marche pour faire la mise au point, cela \u00e9vite dans une certaine mesure les impr\u00e9cisions qui pourraient r\u00e9sulter des erreurs p\u00e9riodiques et autres d\u00e9rives de la monture.<\/p>\n<p>On choisit une \u00e9toile guide.<br \/>\nVoici la phase la plus p\u00e9nible, centrer une \u00e9toile guide sur le capteur. Il faut effectuer des gestes doux pour ne pas d\u00e9pointer l\u2019imageur soigneusement cadr\u00e9.<br \/>\nComme gr\u00e2ce aux conseils pr\u00e9c\u00e9dents, vos nerfs sont toujours intacts, cela devrait bien se passer.<br \/>\nPlacer un oculaire de focale moyenne sur la lunette guide. J\u2019utilise un renvoi coud\u00e9 pour \u00e9viter de me tordre le cou quand je pointe proche du z\u00e9nith.<br \/>\nRep\u00e9rer une \u00e9toile dans le chercheur, et jouer sur les r\u00e9glages des anneaux pour la centrer dans l\u2019oculaire (surtout n\u2019utilisez pas la raquette\u2026vous perdriez le pointage de l&rsquo;objet dans l&rsquo;imageur). Mettre l\u2019oculaire le plus fort que vous ayez, et bien recentrer l\u2019\u00e9toile guide. De ce centrage d\u00e9pendra la crise de nerfs qui suivra ou pas\u2026 avis aux amateurs\u2026.<br \/>\nPlacer la webcam au foyer de la lunette guide. Mettez les r\u00e9glages de gain \u00e0 fond et la vitesse d\u2019obturation la plus lente possible.<br \/>\nApr\u00e8s bien des d\u00e9boires, j\u2019utilise syst\u00e9matiquement une bague allonge entre le porte oculaire et la webcam. Ceci me permet d\u2019avoir \u00e0 quelque chose pr\u00e8s le m\u00eame r\u00e9glage de mise au point qu\u2019avec le renvoi coud\u00e9 et l\u2019oculaire, et donc d\u2019avoir \u00e0 l\u2019\u00e9cran du PC une image \u00e0 peu pr\u00e8s focalis\u00e9e d\u00e8s que j\u2019ins\u00e8re la webcam dans la bague allonge.<br \/>\nJ\u2019insiste sur ce point (\u00e0 moins de rep\u00e9rer le point focal sur le tube du porte oculaire), car si l\u2019image de la webcam est compl\u00e8tement d\u00e9focalis\u00e9e, l\u2019\u00e9cran sera d\u00e9sesp\u00e9r\u00e9ment vide m\u00eame si l\u2019\u00e9toile guide est dans le champ\u2026 le mieux est d\u2019essayer une fois avec une image compl\u00e8tement d\u00e9focalis\u00e9e pour se jurer qu\u2019on ne le fera plus jamais\u2026<\/p>\n<p>Si par malheur il n\u2019y a pas d\u2019\u00e9toile guide suffisamment lumineuse dans le champ, priez pour que votre webcam soit modifi\u00e9e longue pose, et dans ce cas passez sur des poses d1\/2s ou 1s, vous aurez certainement la chance de voir appara\u00eetre une \u00e9toile.<br \/>\nSi votre webcam n\u2019est pas modifi\u00e9e et que vous avez fouill\u00e9 tout le champ que vous autorise votre anneau de guidage (c\u2019est pour cela qu\u2019il vaut mieux avoir un anneau de guidage avec de la marge par rapport au diam\u00e8tre de la lunette guide), la mort dans l\u2019\u00e2me il vous faudra vous r\u00e9soudre \u00e0 changer d\u2019objet. Mais statistiquement, les c\u00e9l\u00e9brit\u00e9s ont toutes peu ou prou une \u00e9toile guidable pas bien loin, il suffit de chercher un peu.<\/p>\n<p>Modifiez les r\u00e9glages d\u2019acquisition de la webcam de mani\u00e8re \u00e0 ce que l\u2019\u00e9toile guide ne sature pas le capteur ce qui nuirait \u00e0 la pr\u00e9cision du guidage.<br \/>\nDonc, votre \u00e9toile guide est centr\u00e9e sur le capteur, la mise au point est faite. Vous pouvez lancer votre logiciel de guidage favori. Effectuez les calibrations et r\u00e9glages de guidage.<\/p>\n<p>Attention : lors des op\u00e9rations de calibration, les logiciels de guidage d\u00e9placent plus ou moins l\u2019\u00e9toile guide sur l\u2019\u00e9cran. Vous pouvez aussi \u00eatre amen\u00e9 \u00e0 la d\u00e9placer pour orienter la webcam. Pensez bien que si ce sont les moteurs qui ont d\u00e9plac\u00e9 l\u2019\u00e9toile guide, vous la recentrerez avec les moteurs (eh oui, dans ce cas votre imageur d\u2019\u00e0 c\u00f4t\u00e9 s\u2019est aussi d\u00e9plac\u00e9, pensez \u00e0 votre cadrage). Si vous avez<br \/>\nd\u00e9plac\u00e9 l\u2019\u00e9toile guide \u00e0 l\u2019\u00e9cran en orientant la webcam ou en tripatouillant la mise au point, il vous faudra la recentrer en jouant cette fois uniquement sur les r\u00e9glages des anneaux de guidage (l\u2019imageur n\u2019avait pas boug\u00e9).<br \/>\nVous pouvez alors sereinement lancer votre logiciel de guidage.<\/p>\n<p>On fignole la mise au point<\/p>\n<p>Ouf, l\u2019\u00e9toile guide ne bouge plus, les moteurs suivent. On peut passer \u00e0 la mise au point.<\/p>\n<p>Choisissez donc une \u00e9toile pas trop brillante bien au centre du capteur, et suivez l\u2019\u00e9volution de la mise au point avec DSLRFocus. Vous appr\u00e9cierez la simplicit\u00e9 de la mise au point lorsque le porte-oculaire de votre imageur est motoris\u00e9.<\/p>\n<p>Vous pouvez effectuer la mise au point en utilisant la m\u00e9thode des aigrettes ou celle du disque d\u2019Hartmann. Dans ces deux m\u00e9thodes, vous devez prendre des images successives et v\u00e9rifier \u00e0 l\u2019\u00e9cran que la mise au point s\u2019am\u00e9liore ou se d\u00e9t\u00e9riore si vous avez d\u00e9pass\u00e9 l\u2019optimum de mise au point. Dans le cas des aigrettes, lorsque la mise au point est mauvaise, elles sont d\u00e9doubl\u00e9es, lorsque la mise au point est correcte les aigrettes sont simples et bien fines. Pour le disque d\u2019Hartmann, les deux traits qui apparaissent \u00e0 la place de l\u2019\u00e9toile sont disjoints en cas de mauvaise mise au point et forment une croix lorsque la mise au point est correcte.<\/p>\n<p>Voil\u00e0, la mise au point est parfaite, le guidage tourne comme une horloge, vous pouvez lancer la s\u00e9quence de poses !<br \/>\nPensez \u00e0 r\u00e9gler votre logiciel de guidage de fa\u00e7on \u00e0 ce qu\u2019il arr\u00eate le guidage si l\u2019\u00e9toile sort de la cible ou si elle dispara\u00eet. Sinon, si un nuage venait \u00e0 passer ou si votre chat vient se frotter contre le tr\u00e9pied et d\u00e9centre l\u2019\u00e9toile guide (suivez mon regard, c\u2019est du v\u00e9cu\u2026), il y a risque d\u2019emballement de l\u2019autoguidage, avec sortie de l\u2019\u00e9toile guide du champ, et reprise des op\u00e9rations p\u00e9nibles de centrage\u2026<br \/>\nN\u2019oubliez pas en fin de s\u00e9quence de prendre une s\u00e9rie de flats, darks et offset !<\/p>\n","protected":false},"excerpt":{"rendered":"<p>En route pour l\u2019imagerie Cet article a pour but de vous donner une m\u00e9thode pratique pour vous lancer dans la<\/p>\n<p><a href=\"https:\/\/www.avex-asso.org\/dossiers\/wordpress\/dossiers-pratiques\/informatique-pratique\/lautoguidage-mode-demplois\" class=\"more-link\">Continue reading<span class=\"screen-reader-text\">L\u2019Autoguidage : Mode d\u2019emploi<\/span><\/a><\/p>\n","protected":false},"author":5,"featured_media":0,"parent":3390,"menu_order":0,"comment_status":"open","ping_status":"closed","template":"","meta":{"footnotes":""},"class_list":["post-73","page","type-page","status-publish","hentry"],"_links":{"self":[{"href":"https:\/\/www.avex-asso.org\/dossiers\/wordpress\/wp-json\/wp\/v2\/pages\/73","targetHints":{"allow":["GET"]}}],"collection":[{"href":"https:\/\/www.avex-asso.org\/dossiers\/wordpress\/wp-json\/wp\/v2\/pages"}],"about":[{"href":"https:\/\/www.avex-asso.org\/dossiers\/wordpress\/wp-json\/wp\/v2\/types\/page"}],"author":[{"embeddable":true,"href":"https:\/\/www.avex-asso.org\/dossiers\/wordpress\/wp-json\/wp\/v2\/users\/5"}],"replies":[{"embeddable":true,"href":"https:\/\/www.avex-asso.org\/dossiers\/wordpress\/wp-json\/wp\/v2\/comments?post=73"}],"version-history":[{"count":5,"href":"https:\/\/www.avex-asso.org\/dossiers\/wordpress\/wp-json\/wp\/v2\/pages\/73\/revisions"}],"predecessor-version":[{"id":2957,"href":"https:\/\/www.avex-asso.org\/dossiers\/wordpress\/wp-json\/wp\/v2\/pages\/73\/revisions\/2957"}],"up":[{"embeddable":true,"href":"https:\/\/www.avex-asso.org\/dossiers\/wordpress\/wp-json\/wp\/v2\/pages\/3390"}],"wp:attachment":[{"href":"https:\/\/www.avex-asso.org\/dossiers\/wordpress\/wp-json\/wp\/v2\/media?parent=73"}],"curies":[{"name":"wp","href":"https:\/\/api.w.org\/{rel}","templated":true}]}}