{"id":85,"date":"2007-10-27T15:17:55","date_gmt":"2007-10-27T13:17:55","guid":{"rendered":"http:\/\/avex.org.free.fr\/dossiers\/?page_id=85"},"modified":"2017-10-28T19:36:52","modified_gmt":"2017-10-28T17:36:52","slug":"gresac","status":"publish","type":"page","link":"https:\/\/www.avex-asso.org\/dossiers\/wordpress\/la-pollution-lumineuse-light-pollution\/gresac","title":{"rendered":"GRESAC"},"content":{"rendered":"<p><span class=\"Apple-style-span\" style=\"font-size: 14px; font-weight: bold;\">Grand R\u00e9pertoire des Sites Astronomiques Communautaires<\/span><\/p>\n<p><a href=\"https:\/\/www.avex-asso.org\/dossiers\/wordpress\/?attachment_id=1638\" target=\"_blank\" rel=\"attachment wp-att-1638\"><img loading=\"lazy\" decoding=\"async\" class=\"alignleft size-full wp-image-1638\" title=\"logo-transparent\" src=\"https:\/\/www.avex-asso.org\/dossiers\/wordpress\/wp-content\/uploads\/2007\/10\/logo-transparent.png\" alt=\"cliquez pour acceder \u00e0 la page d\u00e9di\u00e9e\" width=\"488\" height=\"512\" align=\"left\" srcset=\"https:\/\/www.avex-asso.org\/dossiers\/wordpress\/wp-content\/uploads\/2007\/10\/logo-transparent.png 488w, https:\/\/www.avex-asso.org\/dossiers\/wordpress\/wp-content\/uploads\/2007\/10\/logo-transparent-476x500.png 476w\" sizes=\"auto, (max-width: 488px) 100vw, 488px\" \/><\/a><\/p>\n<p>&nbsp;<\/p>\n<p>Page \u00e9crite sur une initiative d&rsquo;Eric D\u00e9marez et son camarade Jean-Michel Ruscica<\/p>\n<p>&#8212;<\/p>\n<h6>Ce r\u00e9pertoire est avant tout collaboratif.<\/h6>\n<p>Le but \u00e9tant de recenser les (bons) sites astro, utilis\u00e9s par les astronomes. Il s&rsquo;agit de sites astro non privatifs, accessibles, pr\u00e9serv\u00e9s de la pollution lumineuse directe et si possible indirecte.<\/p>\n<p>La base des sites astro se pr\u00e9sente sous 4 aspects compl\u00e9mentaires et totalement diff\u00e9rents.<\/p>\n<ol type=\"1\">\n<li>Une base de POI (Point Of Interest &#8211; points d&rsquo;int\u00e9r\u00eat) : Ce sont des donn\u00e9es t\u00e9l\u00e9chargeables dans les GPS de navigation routi\u00e8re, reconnues et utilis\u00e9es par ces derniers comme des destinations possibles.<\/li>\n<li>Une base Excel (tableau) qui en outre offre la possibilit\u00e9 d&rsquo;ajouter des commentaires.<\/li>\n<li>Une base de rep\u00e8res Google Earth \/ \u00e9ventuellement croisable avec les donn\u00e9es de pollution lumineuse.<\/li>\n<li>Une carte de pollution lumineuse sp\u00e9ciale sites astro dont l&rsquo;\u00e9chelle de couleurs a \u00e9t\u00e9 tr\u00e8s fortement modifi\u00e9e pour l&rsquo;occasion : en effet les astronomes ayant par nature implant\u00e9 leurs sites astro dans les zones bleues des cartes de pollution lumineuse AVEX classiques , tous -ou presque- sont situ\u00e9s en zone bleue : il devient alors difficile de discriminer un bon site d&rsquo;un moyen.<\/li>\n<\/ol>\n<p>\u2013<\/p>\n<p>&nbsp;<\/p>\n<p>&nbsp;<\/p>\n<p>&nbsp;<\/p>\n<p>&nbsp;<\/p>\n<p>&nbsp;<\/p>\n<p>1 POI \u2013 mis a jour r\u00e9guli\u00e8rement<\/p>\n<p><a href=\"http:\/\/gresac.free.fr\/frame.php?page=telechargement.html\">Cliquez i\u00e7i pour t\u00e9l\u00e9charger la base pour votre navigateur GPS<\/a><\/p>\n<p><a href=\"https:\/\/www.avex-asso.org\/dossiers\/wordpress\/wp-content\/uploads\/2011\/02\/gps-mio2.png\"><img decoding=\"async\" src=\"https:\/\/www.avex-asso.org\/dossiers\/wordpress\/wp-content\/uploads\/2011\/01\/gps-mio-s.png\" alt=\"\" \/><img decoding=\"async\" src=\"https:\/\/www.avex-asso.org\/dossiers\/wordpress\/wp-content\/uploads\/2011\/01\/gps-mio-s2.png\" alt=\"\" \/><\/a><\/p>\n<p>&nbsp;<\/p>\n<p>2 Base Excel dynamique <a href=\"http:\/\/gresac.free.fr\/gresac.xls\">cliquez ici pour t\u00e9l\u00e9charger la base Excel<\/a> Ce fichier est \u00e9quip\u00e9 de fonctions de tri et de filtre. Ainsi, vous pouvez s\u00e9lectionner une seule cat\u00e9gorie (par exemple, les g\u00eetes), dans une r\u00e9gion donn\u00e9e (par exemple PACA) et les trier selon un crit\u00e8re consid\u00e9r\u00e9 comme essentiel (par exemple, l&rsquo;indice de pollution lumineuse). Vous y trouverez aussi des commentaires et des liens le cas \u00e9ch\u00e9ant. L&rsquo;indice de pollution lumineuse (inversement proportionnel \u00e0 la PL th\u00e9orique) est d\u00e9termin\u00e9 d&rsquo;apr\u00e8s les cartes VISUELLES de la base AVEX (r\u00e9gionales et\/ou nationnales) car se sont les seules que l&rsquo;on puisse utiliser avec Google Earth pour TOUS les sites quelles que soient leur localisation et leur pollution locale. Cet indicateur est \u00e0 consid\u00e9rer bien s\u00fbr comme un crit\u00e8re RELATIF et par principe PESSIMISTE. Un site mieux not\u00e9 qu&rsquo;un autre (d&rsquo;au moins 5 dixi\u00e8mes) a donc moins de risque d&rsquo;\u00eatre pollu\u00e9. Mais bien entendu, quelques \u00e9l\u00e9ments impr\u00e9visibles peuvent bousculer les classements, en particulier, on ne consid\u00e8re pas les villages qui \u00e9teignent leurs lampadaires \u00e0 partir d&rsquo;une certaine heure (cela peut-\u00eatre pr\u00e9cis\u00e9 en outre dans les commentaires).<\/p>\n<p>Si vous n&rsquo;avez pas Excel sur votre ordinateur, vous pouvez t\u00e9l\u00e9charger <a title=\"blocked::https:\/\/www.microsoft.com\/downloads\/details.aspx?FamilyID=c8378bf4-996c-4569-b547-75edbd03aaf0&amp;DisplayLang=FR\" href=\"https:\/\/www.microsoft.com\/downloads\/details.aspx?FamilyID=c8378bf4-996c-4569-b547-75edbd03aaf0&amp;DisplayLang=FR\">le visualiseur gratuit de classeur Excel<\/a><\/p>\n<p>&nbsp;<\/p>\n<p>3 Fichier Google Earth <a title=\"telecharger le fichier Google earth\" href=\"http:\/\/gresac.free.fr\/GRESAC.kmz\">t\u00e9l\u00e9charger le Ficher<\/a> .KML (300 ko <img decoding=\"async\" src=\"https:\/\/www.avex-asso.org\/dossiers\/wordpress\/wp-content\/uploads\/2011\/01\/icon_wink.gif\" alt=\";)\" \/> ) (clic droit puis enregistrer sous ) <a href=\"httsp:\/\/www.avex-asso.org\/dossiers\/wordpress\/wp-content\/uploads\/2011\/02\/rap-b.png\"><img decoding=\"async\" src=\"https:\/\/www.avex-asso.org\/dossiers\/wordpress\/wp-content\/uploads\/2011\/01\/gresac-360.png\" alt=\"\" \/><\/a><\/p>\n<p>Sur l&rsquo;image ci-dessus vous pouvez voir que nous avons enrichi les infos de site par des images (typiquement de panorama) des logos ou autres le gresac est d\u00e9sormais syst\u00e9matiquement<strong> <a href=\"http:\/\/avex.org.free.fr\/dossiers\/?page_id=38\" target=\"_blank\">distribu\u00e9 avec les carte de Pollution Lumineuse<\/a><\/strong><\/p>\n<p>Pour chaque site, figure :<\/p>\n<ol type=\"1\">\n<li>Le nom du site,<\/li>\n<li>Le type de site (sites usuels, campings, g\u00eetes, observatoires, rassemblements)<\/li>\n<li>Le d\u00e9partement,<\/li>\n<li>La r\u00e9gion,<\/li>\n<li>Le canton,<\/li>\n<li>La qualit\u00e9 estim\u00e9e du ciel par rapport aux cartes de pollution lumineuse,<\/li>\n<li>L&rsquo;altitude du lieu,<\/li>\n<li>Les coordonn\u00e9es GEO ou GPS du site,<\/li>\n<li>Et enfin des commentaires (sur l&rsquo;accessibilit\u00e9 ou des \u00ab\u00a0bon \u00e0 savoir\u00a0\u00bb).<\/li>\n<\/ol>\n<p>N&rsquo;h\u00e9sitez pas \u00e0 nous gresac[@]free.fr (publics)<\/p>\n<p>En pr\u00e9cisant si possible :<\/p>\n<ul type=\"disc\">\n<li>Le nom du site (obligatoire)<\/li>\n<li>Le type de site (obligatoire)<\/li>\n<li>Le d\u00e9partement (facultatif)<\/li>\n<li>La commune<\/li>\n<li>Les coordonn\u00e9es GEO ou GPS du site (obligatoire)<\/li>\n<li>Et enfin des commentaires (sur l&rsquo;accessibilit\u00e9 ou des \u00ab\u00a0bon \u00e0 savoir\u00a0\u00bb). (facultatif)<\/li>\n<\/ul>\n<p>Les sites situ\u00e9s sur des propri\u00e9t\u00e9s priv\u00e9es (jardins typiquement ) ne sont pas int\u00e9gr\u00e9s \u00e0 la base.<\/p>\n<p>&nbsp;<\/p>\n<p>Pour les sites visibles dans Google Earth chaque site figure sous forme d&rsquo;un symbole, color\u00e9 en fonction de la pollution estim\u00e9e du lieu.<\/p>\n<p>Si le site contient des commentaires, un simple clic sur l&rsquo;\u00e9toile suffit \u00e0 les faire appara\u00eetre.<\/p>\n<p><img decoding=\"async\" src=\"https:\/\/maps.google.com\/mapfiles\/kml\/shapes\/star.png\" alt=\"\" align=\"left\" \/><\/p>\n<p>&nbsp;<\/p>\n<p>Site usuel<\/p>\n<p>&nbsp;<\/p>\n<p>&nbsp;<\/p>\n<p><img decoding=\"async\" src=\"https:\/\/maps.google.com\/mapfiles\/kml\/shapes\/square.png\" alt=\"\" align=\"left\" \/><\/p>\n<p>&nbsp;<\/p>\n<p>Les emplacements des rassemblements<\/p>\n<p>&nbsp;<\/p>\n<p>&nbsp;<\/p>\n<p><img decoding=\"async\" src=\"https:\/\/maps.google.com\/mapfiles\/kml\/shapes\/target.png\" alt=\"\" align=\"left\" \/><\/p>\n<p>&nbsp;<\/p>\n<p>les observatoires pro ou amateurs ouvert au public<\/p>\n<p>&nbsp;<\/p>\n<p>&nbsp;<\/p>\n<p><img decoding=\"async\" src=\"https:\/\/maps.google.com\/mapfiles\/kml\/shapes\/triangle.png\" alt=\"\" align=\"left\" \/><\/p>\n<p>&nbsp;<\/p>\n<p>G\u00eetes ou Campings<\/p>\n<p>&nbsp;<\/p>\n<p>&nbsp;<\/p>\n<p>&nbsp;<\/p>\n<p>Si vous n&rsquo;avez pas Google Earth, <a href=\"http:\/\/earth.google.com\/intl\/fr\/download-earth.html\">vous pouvez le t\u00e9l\u00e9charger gratuitement ici<\/a><\/p>\n<p><a href=\"https:\/\/www.avex-asso.org\/dossiers\/pl\/france\/zoom\/cdf-brume.html\">T\u00e9l\u00e9charger la carte Google earth de la pollution lumineuse<\/a><\/p>\n<p>&nbsp;<\/p>\n<p>Echelle des couleurs :<\/p>\n<p>&nbsp;<\/p>\n<p style=\"font-family: Tahoma, Arial, Helvetica, sans-serif; font-size: 13px; margin: 0.5em 0px 0.5em 0px;\"><span class=\"Apple-style-span\" style=\"border-collapse: collapse; color: #9fb6cb;\"><span style=\"color: #ffffff;\"><strong>Blanc 0-15<span style=\"color: #000000;\">:<\/span><\/strong><span style=\"color: #000000;\">\u00a0<\/span><\/span><\/span><span class=\"Apple-style-span\" style=\"border-collapse: collapse; color: #000000;\">\u00e9toiles visibles (hors plan\u00e8tes) selon les conditions Pollution. lumineuse tr\u00e8s puissante et omnipr\u00e9sente. Typique des tr\u00e8s grands centres urbains et grande m\u00e9tropole r\u00e9gionale et nationale<\/span><\/p>\n<p style=\"font-family: Tahoma, Arial, Helvetica, sans-serif; font-size: 13px; margin: 0.5em 0px 0.5em 0px;\"><span class=\"Apple-style-span\" style=\"border-collapse: collapse; color: #9fb6cb; font-family: Tahoma, Arial, Helvetica, sans-serif; font-size: 13px;\"><span style=\"color: #ee82ee;\"><strong>Magenta<\/strong><\/span>\u00a0: <span style=\"color: #000000;\">25-80\u00a0d\u2019\u00e9toiles visibles, les principales constellations commencent \u00e0 \u00eatre reconnaissable<\/span><\/span><\/p>\n<p style=\"font-family: Tahoma, Arial, Helvetica, sans-serif; font-size: 13px; margin: 0.5em 0px 0.5em 0px;\"><span class=\"Apple-style-span\" style=\"border-collapse: collapse; color: #9fb6cb; font-family: Tahoma, Arial, Helvetica, sans-serif; font-size: 13px;\"><strong><span style=\"color: #ff0000;\">Rouge\u00a0<\/span><\/strong>: <span style=\"color: #000000;\">80 -150\u00a0\u00e9toiles : les constellations et quelques \u00e9toiles suppl\u00e9mentaires apparaissent. Au t\u00e9lescope, certains Messiers se laissent apercevoir<\/span><\/span><\/p>\n<p style=\"font-family: Tahoma, Arial, Helvetica, sans-serif; font-size: 13px; margin: 0.5em 0px 0.5em 0px;\"><span class=\"Apple-style-span\" style=\"border-collapse: collapse; color: #9fb6cb; font-family: Tahoma, Arial, Helvetica, sans-serif; font-size: 13px;\"><span style=\"color: #ff8c00;\"><strong>Orange :\u00a0<\/strong><\/span><span style=\"color: #000000;\">150-250\u00a0\u00e9toiles visibles, dans de bonnes conditions, la pollution est omnipr\u00e9sente, mais quelques coins de ciel plus noirs apparaissent ; typiquement moyenne banlieue.<\/span><\/span><\/p>\n<p style=\"font-family: Tahoma, Arial, Helvetica, sans-serif; font-size: 13px; margin: 0.5em 0px 0.5em 0px;\"><span class=\"Apple-style-span\" style=\"border-collapse: collapse; color: #9fb6cb; font-family: Tahoma, Arial, Helvetica, sans-serif; font-size: 13px;\"><strong><span style=\"color: #ffd700;\">Jaune<\/span><\/strong>\u00a0:<span style=\"color: #000000;\"> 250-500\u00a0\u00e9toiles : Pollution lumineuse encore forte Voie Lact\u00e9e peut appara\u00eetre dans de tr\u00e8s bonnes conditions. Certains Messiers parmi les plus brillants peuvent \u00eatre per\u00e7us \u00e0 l\u2019oeil nu<\/span><\/span><\/p>\n<p style=\"font-family: Tahoma, Arial, Helvetica, sans-serif; font-size: 13px; margin: 0.5em 0px 0.5em 0px;\"><span class=\"Apple-style-span\" style=\"border-collapse: collapse; color: #9fb6cb; font-family: Tahoma, Arial, Helvetica, sans-serif; font-size: 13px;\"><strong><span style=\"color: #00ff00;\">Vert\u00a0<\/span><\/strong>: <span style=\"color: #000000;\">500-1000 \u00e9toiles : grande banlieue tranquille, faubourg des m\u00e9tropoles, Voie Lact\u00e9e souvent perceptible, mais tr\u00e8s sensible encore aux conditions atmosph\u00e9riques ; typiquement les halos de pollution lumineuse occupent qu\u2019une partie du Ciel et montent \u00e0 40 -50\u00b0 de hauteur<\/span><\/span><\/p>\n<p style=\"font-family: Tahoma, Arial, Helvetica, sans-serif; font-size: 13px; margin: 0.5em 0px 0.5em 0px;\"><span class=\"Apple-style-span\" style=\"border-collapse: collapse; color: #9fb6cb; font-family: Tahoma, Arial, Helvetica, sans-serif; font-size: 13px;\"><span style=\"color: #00ffff;\"><strong>Cyan<\/strong><\/span>\u00a0:\u00a0<span style=\"color: #000000;\">1000-1500\u00a0\u00e9toiles : La Voie Lact\u00e9e est visible la plupart du temps (en fonction des conditions climatiques) mais sans \u00e9clats, elle se distingue sans plus<\/span><\/span><\/p>\n<p style=\"font-family: Tahoma, Arial, Helvetica, sans-serif; font-size: 13px; margin: 0.5em 0px 0.5em 0px;\"><span class=\"Apple-style-span\" style=\"border-collapse: collapse; color: #9fb6cb; font-family: Tahoma, Arial, Helvetica, sans-serif; font-size: 13px;\"><span style=\"color: #0000ff;\"><strong>Bleu\u00a0<\/strong><\/span>:\u00a0<span style=\"color: #000000;\">1500-2000\u00a0: Bon ciel, la Voie Lact\u00e9e se d\u00e9tache assez nettement, on commence \u00e0 avoir la sentions d\u2019un bon ciel, n\u00e9anmoins, des sources \u00e9parses de pollution lumineuse sabotent encore le ciel ici et la en seconde r\u00e9flexion, le ciel \u00e0 la verticale de l\u2019observateur<\/span><\/span><\/p>\n<p style=\"font-family: Tahoma, Arial, Helvetica, sans-serif; font-size: 13px; margin: 0.5em 0px 0.5em 0px;\"><span class=\"Apple-style-span\" style=\"border-collapse: collapse; color: #9fb6cb; font-family: Tahoma, Arial, Helvetica, sans-serif; font-size: 13px;\"><strong><span style=\"color: #000080;\">Bleu nuit<\/span><\/strong>\u00a0:\u00a0<span style=\"color: #000000;\">2000-3000\u00a0: Bon ciel : Voie Lact\u00e9e pr\u00e9sente et assez puissante les halos lumineux sont tr\u00e8s lointain et dispers\u00e9, ils n\u2019affectent pas notoirement la qualit\u00e9 du ciel<\/span><\/span><\/p>\n<p style=\"font-family: Tahoma, Arial, Helvetica, sans-serif; font-size: 13px; margin: 0.5em 0px 0.5em 0px;\"><span class=\"Apple-style-span\" style=\"border-collapse: collapse; color: #9fb6cb; font-family: Tahoma, Arial, Helvetica, sans-serif; font-size: 13px;\"><span style=\"color: #000000;\"><strong>Noir<\/strong>\u00a0: +<\/span>\u00a0<span style=\"color: #000000;\">3000\u00a0\u00e9toiles visibles, plus de probl\u00e8mes de pollution lumineuse d\u00e9celable a la verticale sur la qualit\u00e9 du ciel. La pollution lumineuse ne se propage pas au dessus de 8\u00b0 sur l&rsquo;horizon<\/span><\/span><\/p>\n<p>&#8212;<\/p>\n<p>\u2013 Envoyez nous votre lieu d\u2019observation \u2013 gresac[@]free.fr par n\u2019importe quel moyen : fichier Kml (google earth), simples coordonn\u00e9es GPS\u2026 Donnez vos impressions, vos moyens d\u2019acc\u00e8s, les mises en garde particuli\u00e8res. Merci de votre soutien !<\/p>\n","protected":false},"excerpt":{"rendered":"<p>Grand R\u00e9pertoire des Sites Astronomiques Communautaires &nbsp; Page \u00e9crite sur une initiative d&rsquo;Eric D\u00e9marez et son camarade Jean-Michel Ruscica &#8212;<\/p>\n<p><a href=\"https:\/\/www.avex-asso.org\/dossiers\/wordpress\/la-pollution-lumineuse-light-pollution\/gresac\" class=\"more-link\">Continue reading<span class=\"screen-reader-text\">GRESAC<\/span><\/a><\/p>\n","protected":false},"author":36,"featured_media":0,"parent":163,"menu_order":5,"comment_status":"open","ping_status":"closed","template":"","meta":{"footnotes":""},"class_list":["post-85","page","type-page","status-publish","hentry"],"_links":{"self":[{"href":"https:\/\/www.avex-asso.org\/dossiers\/wordpress\/wp-json\/wp\/v2\/pages\/85","targetHints":{"allow":["GET"]}}],"collection":[{"href":"https:\/\/www.avex-asso.org\/dossiers\/wordpress\/wp-json\/wp\/v2\/pages"}],"about":[{"href":"https:\/\/www.avex-asso.org\/dossiers\/wordpress\/wp-json\/wp\/v2\/types\/page"}],"author":[{"embeddable":true,"href":"https:\/\/www.avex-asso.org\/dossiers\/wordpress\/wp-json\/wp\/v2\/users\/36"}],"replies":[{"embeddable":true,"href":"https:\/\/www.avex-asso.org\/dossiers\/wordpress\/wp-json\/wp\/v2\/comments?post=85"}],"version-history":[{"count":17,"href":"https:\/\/www.avex-asso.org\/dossiers\/wordpress\/wp-json\/wp\/v2\/pages\/85\/revisions"}],"predecessor-version":[{"id":3549,"href":"https:\/\/www.avex-asso.org\/dossiers\/wordpress\/wp-json\/wp\/v2\/pages\/85\/revisions\/3549"}],"up":[{"embeddable":true,"href":"https:\/\/www.avex-asso.org\/dossiers\/wordpress\/wp-json\/wp\/v2\/pages\/163"}],"wp:attachment":[{"href":"https:\/\/www.avex-asso.org\/dossiers\/wordpress\/wp-json\/wp\/v2\/media?parent=85"}],"curies":[{"name":"wp","href":"https:\/\/api.w.org\/{rel}","templated":true}]}}