{"id":88,"date":"2008-03-19T13:27:03","date_gmt":"2008-03-19T12:27:03","guid":{"rendered":"http:\/\/avex.org.free.fr\/dossiers\/?page_id=88"},"modified":"2024-02-01T13:13:05","modified_gmt":"2024-02-01T12:13:05","slug":"cartes-speciales-astropho","status":"publish","type":"page","link":"https:\/\/www.avex-asso.org\/dossiers\/wordpress\/tutoriels-logiciels\/archives-cartes-europeennes\/cartes-speciales-astropho","title":{"rendered":"Cartes sp\u00e9ciales de pollution lumineuse astrophoto France"},"content":{"rendered":"<p><span style=\"color: #ff9900;\">Cette page n&rsquo;est plus maintenue depuis presque 15 ans. pour avoir une version actualis\u00e9s des cartes merci de vous rendre sur :<\/span><\/p>\n<blockquote class=\"wp-embedded-content\" data-secret=\"q7S7O7Cpu9\"><p><a href=\"https:\/\/www.avex-asso.org\/dossiers\/wordpress\/la-pollution-lumineuse-light-pollution\/carte-de-pollution-lumineuse-2023-crise-energetique\">Carte de Pollution Lumineuse 2023 \u00ab\u00a0Crise Energ\u00e9tique\u00a0\u00bb<\/a><\/p><\/blockquote>\n<p><iframe loading=\"lazy\" class=\"wp-embedded-content\" sandbox=\"allow-scripts\" security=\"restricted\" style=\"position: absolute; clip: rect(1px, 1px, 1px, 1px);\" title=\"\u00ab\u00a0Carte de Pollution Lumineuse 2023 \u00ab\u00a0Crise Energ\u00e9tique\u00a0\u00bb\u00a0\u00bb &#8212; Les dossiers AVEX\" src=\"https:\/\/www.avex-asso.org\/dossiers\/wordpress\/la-pollution-lumineuse-light-pollution\/carte-de-pollution-lumineuse-2023-crise-energetique\/embed#?secret=qeA1gfaS2k#?secret=q7S7O7Cpu9\" data-secret=\"q7S7O7Cpu9\" width=\"600\" height=\"338\" frameborder=\"0\" marginwidth=\"0\" marginheight=\"0\" scrolling=\"no\"><\/iframe><\/p>\n<p>&nbsp;<\/p>\n<p style=\"text-align: center;\"><strong>Bonjour. les cartes de pollution lumineuse de cette page ne seront plus mises \u00e0 jours. <\/strong><br \/>\n<strong>Merci d&rsquo;aller sur les pages de la pollution lumineuse europ\u00e9enne<\/strong><\/p>\n<p style=\"text-align: center;\"><strong>http:\/\/www.avex-asso.org\/dossiers\/wordpress\/?page_id=3273&amp;lang=fr_FR<\/strong><\/p>\n<p style=\"text-align: center;\"><strong>Hello. light pollution maps on this page will not be updates . <\/strong><br \/>\n<strong>Thank you to go to the pages of the EUROPEAN light pollution<\/strong><\/p>\n<p style=\"text-align: center;\"><strong>http:\/\/www.avex-asso.org\/dossiers\/wordpress\/?page_id=3273&amp;lang=en_GB#<\/strong><\/p>\n<div id=\"ez-toc-container\" class=\"ez-toc-v2_0_82_2 counter-hierarchy ez-toc-counter ez-toc-black ez-toc-container-direction\">\n<div class=\"ez-toc-title-container\">\n<p class=\"ez-toc-title\" style=\"cursor:inherit\">Table of Contents<\/p>\n<span class=\"ez-toc-title-toggle\"><a href=\"#\" class=\"ez-toc-pull-right ez-toc-btn ez-toc-btn-xs ez-toc-btn-default ez-toc-toggle\" aria-label=\"Toggle Table of Content\"><span class=\"ez-toc-js-icon-con\"><span class=\"\"><span class=\"eztoc-hide\" style=\"display:none;\">Toggle<\/span><span class=\"ez-toc-icon-toggle-span\"><svg style=\"fill: #999;color:#999\" xmlns=\"http:\/\/www.w3.org\/2000\/svg\" class=\"list-377408\" width=\"20px\" height=\"20px\" viewBox=\"0 0 24 24\" fill=\"none\"><path d=\"M6 6H4v2h2V6zm14 0H8v2h12V6zM4 11h2v2H4v-2zm16 0H8v2h12v-2zM4 16h2v2H4v-2zm16 0H8v2h12v-2z\" fill=\"currentColor\"><\/path><\/svg><svg style=\"fill: #999;color:#999\" class=\"arrow-unsorted-368013\" xmlns=\"http:\/\/www.w3.org\/2000\/svg\" width=\"10px\" height=\"10px\" viewBox=\"0 0 24 24\" version=\"1.2\" baseProfile=\"tiny\"><path d=\"M18.2 9.3l-6.2-6.3-6.2 6.3c-.2.2-.3.4-.3.7s.1.5.3.7c.2.2.4.3.7.3h11c.3 0 .5-.1.7-.3.2-.2.3-.5.3-.7s-.1-.5-.3-.7zM5.8 14.7l6.2 6.3 6.2-6.3c.2-.2.3-.5.3-.7s-.1-.5-.3-.7c-.2-.2-.4-.3-.7-.3h-11c-.3 0-.5.1-.7.3-.2.2-.3.5-.3.7s.1.5.3.7z\"\/><\/svg><\/span><\/span><\/span><\/a><\/span><\/div>\n<nav><ul class='ez-toc-list ez-toc-list-level-1 ' ><li class='ez-toc-page-1 ez-toc-heading-level-3'><a class=\"ez-toc-link ez-toc-heading-1\" href=\"https:\/\/www.avex-asso.org\/dossiers\/wordpress\/tutoriels-logiciels\/archives-cartes-europeennes\/cartes-speciales-astropho\/#Presentation\" >Pr\u00e9sentation<\/a><\/li><li class='ez-toc-page-1 ez-toc-heading-level-3'><a class=\"ez-toc-link ez-toc-heading-2\" href=\"https:\/\/www.avex-asso.org\/dossiers\/wordpress\/tutoriels-logiciels\/archives-cartes-europeennes\/cartes-speciales-astropho\/#Les_cartes_de_navigation_rapide\" >Les cartes de navigation rapide<\/a><\/li><li class='ez-toc-page-1 ez-toc-heading-level-3'><a class=\"ez-toc-link ez-toc-heading-3\" href=\"https:\/\/www.avex-asso.org\/dossiers\/wordpress\/tutoriels-logiciels\/archives-cartes-europeennes\/cartes-speciales-astropho\/#Les_cartes_JPG_tres_haute_definition\" >Les cartes JPG tr\u00e8s haute d\u00e9finition<\/a><\/li><li class='ez-toc-page-1 ez-toc-heading-level-3'><a class=\"ez-toc-link ez-toc-heading-4\" href=\"https:\/\/www.avex-asso.org\/dossiers\/wordpress\/tutoriels-logiciels\/archives-cartes-europeennes\/cartes-speciales-astropho\/#Carte_pour_Google_Earth\" >Carte pour Google Earth<\/a><\/li><li class='ez-toc-page-1 ez-toc-heading-level-3'><a class=\"ez-toc-link ez-toc-heading-5\" href=\"https:\/\/www.avex-asso.org\/dossiers\/wordpress\/tutoriels-logiciels\/archives-cartes-europeennes\/cartes-speciales-astropho\/#Legende\" >L\u00e9gende<\/a><\/li><li class='ez-toc-page-1 ez-toc-heading-level-3'><a class=\"ez-toc-link ez-toc-heading-6\" href=\"https:\/\/www.avex-asso.org\/dossiers\/wordpress\/tutoriels-logiciels\/archives-cartes-europeennes\/cartes-speciales-astropho\/#Quelques_considerations\" >Quelques consid\u00e9rations<\/a><\/li><\/ul><\/nav><\/div>\n<h3><span class=\"ez-toc-section\" id=\"Presentation\"><\/span>Pr\u00e9sentation<span class=\"ez-toc-section-end\"><\/span><\/h3>\n<p style=\"text-align: left;\">\u00a9 AVEX 2011 \/<a href=\"mailto:ftapissier@gmail.com?subject=Carte%20de%20pollution%20lumineuse%20ASTROPHOTO\"> Fr\u00e9d\u00e9ric Tapissier\u00a0<\/a><\/p>\n<p class=\"MsoNormal\" style=\"text-align: left;\"><a href=\"http:\/\/www.avex-asso.org\/dossiers\/pl\/carte-de-france-original-2011-photo.jpg\"><img loading=\"lazy\" decoding=\"async\" class=\"size-full wp-image-1568\" style=\"margin: 10px;\" title=\"carte-de-france-original-2011-photo-SMALL\" src=\"http:\/\/www.avex-asso.org\/dossiers\/wordpress\/wp-content\/uploads\/2008\/03\/carte-de-france-original-2011-photo-SMALL.jpg\" alt=\"\" width=\"600\" height=\"559\" hspace=\"10\" vspace=\"10\" srcset=\"https:\/\/www.avex-asso.org\/dossiers\/wordpress\/wp-content\/uploads\/2008\/03\/carte-de-france-original-2011-photo-SMALL.jpg 600w, https:\/\/www.avex-asso.org\/dossiers\/wordpress\/wp-content\/uploads\/2008\/03\/carte-de-france-original-2011-photo-SMALL-536x500.jpg 536w\" sizes=\"auto, (max-width: 600px) 100vw, 600px\" \/><\/a><\/p>\n<p class=\"MsoNormal\" style=\"text-align: left;\">Les cartes astrophotos se distinguent des cartes dites \u00ab\u00a0<a href=\"http:\/\/www.avex-asso.org\/dossiers\/wordpress\/?page_id=38\">visuelles <\/a>\u00bb par leur indice de repr\u00e9sentation consid\u00e9rablement renforc\u00e9.\u00a0En effet l\u2019hyper sensibilit\u00e9 des cam\u00e9ras d\u2019astronomie, cumul\u00e9 aux long temps de pose rend cette discipline particuli\u00e8rement vuln\u00e9rable \u00e0 la pollution lumineuse sur le ciel.<\/p>\n<p class=\"MsoNormal\">Les cartes astrophoto 2011 se diff\u00e9rencie des pr\u00e9c\u00e9dentes versions sur plusieurs points :<\/p>\n<p><span style=\"mso-bidi-font-family: Calibri; mso-bidi-theme-font: minor-latin;\"><span style=\"mso-list: Ignore;\">1.<span style=\"font: 7.0pt 'Times New Roman';\">\u00a0\u00a0\u00a0\u00a0\u00a0\u00a0 <\/span><\/span><\/span>Meilleur prise en compte des sources de pollution lumineuse (ajout de la base Corinne du taux d\u2019urbanisation)<\/p>\n<p><span style=\"mso-bidi-font-family: Calibri; mso-bidi-theme-font: minor-latin;\"><span style=\"mso-list: Ignore;\">2.<span style=\"font: 7.0pt 'Times New Roman';\">\u00a0<\/span><\/span><\/span>Meilleur mod\u00e8le de diffusion atmosph\u00e9rique<\/p>\n<p>3. Rendu sensiblement plus nuanc\u00e9 (il \u00e9tait trop du type Tout ou rien)<\/p>\n<p>4. Ajout des \u00e9oliennes<\/p>\n<h3><span class=\"ez-toc-section\" id=\"Les_cartes_de_navigation_rapide\"><\/span>Les cartes de navigation rapide<span class=\"ez-toc-section-end\"><\/span><\/h3>\n<p>cliquez sur l&rsquo;image pour acc\u00e9der \u00e0 la page<\/p>\n<p>(type googlemap)<\/p>\n<p><a href=\"https:\/\/avex-asso.org\/dossiers\/pl\/europe-2016\/index-astrophoto.html\" target=\"_blank\" rel=\"noopener\"><img loading=\"lazy\" decoding=\"async\" class=\"alignnone size-full wp-image-1569\" title=\"gm-photo\" src=\"http:\/\/www.avex-asso.org\/dossiers\/wordpress\/wp-content\/uploads\/2008\/03\/gm-photo.png\" alt=\"\" width=\"400\" height=\"440\" \/><\/a><\/p>\n<h3><span class=\"ez-toc-section\" id=\"Les_cartes_JPG_tres_haute_definition\"><\/span>Les cartes JPG tr\u00e8s haute d\u00e9finition<span class=\"ez-toc-section-end\"><\/span><\/h3>\n<p>cliquez sur l&rsquo;image pour t\u00e9lecharger le pdf<\/p>\n<p><a href=\"http:\/\/www.avex-asso.org\/dossiers\/pl\/carte-de-france-original-2011-photo.jpg\" target=\"_blank\" rel=\"noopener\"><img loading=\"lazy\" decoding=\"async\" class=\"alignnone size-full wp-image-1570\" title=\"carte-de-france-original-2011-photo\" src=\"http:\/\/www.avex-asso.org\/dossiers\/wordpress\/wp-content\/uploads\/2008\/03\/carte-de-france-original-2011-photo.png\" alt=\"\" width=\"600\" height=\"557\" srcset=\"https:\/\/www.avex-asso.org\/dossiers\/wordpress\/wp-content\/uploads\/2008\/03\/carte-de-france-original-2011-photo.png 600w, https:\/\/www.avex-asso.org\/dossiers\/wordpress\/wp-content\/uploads\/2008\/03\/carte-de-france-original-2011-photo-538x500.png 538w\" sizes=\"auto, (max-width: 600px) 100vw, 600px\" \/><\/a><\/p>\n<p>&nbsp;<\/p>\n<h3><span class=\"ez-toc-section\" id=\"Carte_pour_Google_Earth\"><\/span>Carte pour Google Earth<span class=\"ez-toc-section-end\"><\/span><\/h3>\n<p>cliquez sur l&rsquo;image pour t\u00e9lecharger le fichier googleearth<\/p>\n<p><a href=\"http:\/\/www.avex-asso.org\/dossiers\/pl\/france\/photo\/cdf-photo.kmz\"><img loading=\"lazy\" decoding=\"async\" class=\"alignnone size-full wp-image-1571\" title=\"cdf-ge-photo-vignette\" src=\"http:\/\/www.avex-asso.org\/dossiers\/wordpress\/wp-content\/uploads\/2008\/03\/cdf-ge-photo-vignette.jpg\" alt=\"\" width=\"700\" height=\"431\" srcset=\"https:\/\/www.avex-asso.org\/dossiers\/wordpress\/wp-content\/uploads\/2008\/03\/cdf-ge-photo-vignette.jpg 700w, https:\/\/www.avex-asso.org\/dossiers\/wordpress\/wp-content\/uploads\/2008\/03\/cdf-ge-photo-vignette-600x369.jpg 600w\" sizes=\"auto, (max-width: 700px) 100vw, 700px\" \/><\/a><\/p>\n<h3><span class=\"ez-toc-section\" id=\"Legende\"><\/span>L\u00e9gende<span class=\"ez-toc-section-end\"><\/span><\/h3>\n<p><strong><span style=\"color: #fff;\">Blanc<\/span><\/strong>\u00a0: \u00a0la photo du ciel est difficile voir impossible, de puissants filtres sont requis et seulement sur des objets sp\u00e9cialis\u00e9s du ciel profond (n\u00e9buleuses brillantes, avec un fort contraste)<\/p>\n<p><strong><span style=\"color: #ff00ff;\">Magenta<\/span> :<\/strong> L\u2019astrophoto en Bande \u00e9troite est possible pour la majorit\u00e9 des objets du ciel profond de type h-alpha. sans filtre n&rsquo;est possible qu&rsquo;avec des poses courtes et donc avec<br \/>\nun faible rapport signal \/ bruit\/ fond de ciel<br \/>\n<strong><span style=\"color: #ff0000;\">Rouge<\/span> :<\/strong> la Photo du ciel profond est possible, toujours largement meilleure avec filtre que sans filtre. L&#8217;emploi de filtres tr\u00e8s s\u00e9lectifs n&rsquo;est plus obligatoire,<br \/>\nles filtres \u00e0 bande moyenne (UHC) sont en revanche encore largement recommand\u00e9s. Les objets du continuum (galaxie, amas) sont atteignables, mais la encore le fond de ciel monte assez vite<br \/>\n<span style=\"color: #ff6600;\"><strong>Orange<\/strong><\/span> : Selon les conditions m\u00e9t\u00e9o l\u2019emploi de filtre \u00e0 bande large (CLS) peut suffir la majorit\u00e9 du temps. L\u2019astrophoto sans filtre est possible si les poses ne sont pas trop longues<br \/>\n<span style=\"color: #ffff00;\"><strong>Jaune<\/strong><\/span> : les filtres ne sont plus obligatoires sur les n\u00e9buleuses, le rapport signal\/bruit\/fond de ciel commence \u00e0 sensiblement s\u2019am\u00e9liorer<br \/>\n<strong><span style=\"color: #00ff00;\">Vert<\/span> :<\/strong> \u00a0les filtres ne sont plus du tout obligatoires, en toutes circonstances. Le fond de ciel appara\u00eet sur certaines poses accentu\u00e9es ou sur des secteurs pr\u00e9cis de la sph\u00e8re<br \/>\n<strong><span style=\"color: #00ffff;\">Cyan<\/span> :<\/strong> d\u00e9but des poses tr\u00e8s longues sans mont\u00e9e excessive du fond de ciel. Attention les objets bas seront encore probl\u00e9matiques car entach\u00e9s ici et l\u00e0 de d\u00f4mes de pollution lumineuse<br \/>\n<strong><span style=\"color: #3366ff;\">Bleu<\/span> :<\/strong> plus de probl\u00e8me r\u00e9el de pollution lumineuse, les SQM donnent de tr\u00e8s bon chiffres ; les poses longues donneront des tr\u00e8s bon r\u00e9sultats sauf proche de l\u2019horizon.<br \/>\n<strong><span style=\"color: #000080;\">Bleu nuit<\/span> \u2013 <span style=\"color: #000000;\">Noir<\/span> :<\/strong>\u00a0plus aucun souci de pollution lumineuse (n\u2019existe pas en France)<\/p>\n<p>&nbsp;<\/p>\n<figure style=\"width: 842px\" class=\"wp-caption alignnone\"><a href=\"http:\/\/www.avex-asso.org\/dossiers\/wordpress\/wp-content\/uploads\/2010\/03\/tableau-comparatif-valeur-luminosit\u00e9-fond-de-ciel-pollution-lumineuse.pdf\" rel=\"http:\/\/www.avex-asso.org\/dossiers\/wordpress\/wp-content\/uploads\/2010\/03\/tableau-comparatif-valeur-luminosit\u00e9-fond-de-ciel-pollution-lumineuse.pdf\"><img loading=\"lazy\" decoding=\"async\" title=\"tableau-compare-echelle-pollu\" src=\"http:\/\/www.avex-asso.org\/dossiers\/wordpress\/wp-content\/uploads\/2010\/03\/tableau-compare-echelle-pollu.jpg\" alt=\"tableau PDF des diff\u00e9rentes \u00e9chelle de pollution lumineuse employ\u00e9e\" width=\"842\" height=\"595\" \/><\/a><figcaption class=\"wp-caption-text\">cliquez pour charger le PDF en bonne d\u00e9finition<\/figcaption><\/figure>\n<p>&nbsp;<\/p>\n<h2><a name=\"PDF\"><\/a><\/h2>\n<h3><span class=\"ez-toc-section\" id=\"Quelques_considerations\"><\/span>Quelques consid\u00e9rations<span class=\"ez-toc-section-end\"><\/span><\/h3>\n<p class=\"MsoListParagraphCxSpMiddle\" style=\"margin-left: 0cm; mso-add-space: auto;\">On note qu\u2019au vues des cartes ci-dessus la seule zone noire semble se trouver dans le Pyr\u00e9n\u00e9es.<span style=\"mso-spacerun: yes;\">\u00a0 <\/span>M\u00e9fiance il s\u2019agit sans doute d\u2019un effet de bord, car la carte ne rend pas compte de la pollution lumineuse au-del\u00e0 de la fronti\u00e8re qui pourtant existe.<\/p>\n<p class=\"MsoListParagraphCxSpMiddle\" style=\"margin-left: 0cm; mso-add-space: auto;\">Les meilleurs spots restent le plateau de millevache entre le Limousin et l\u2019auvergne, le cantal, <span style=\"mso-spacerun: yes;\">\u00a0<\/span>certaine zone du Sud massif central (Larzac) et les alpes<\/p>\n<p class=\"MsoListParagraphCxSpMiddle\" style=\"margin-left: 0cm; mso-add-space: auto;\">\u00a0Ne perdez pas de vue que le niveau d\u2019exigence des ces cartes est tr\u00e8s \u00e9lev\u00e9s et qu\u2019il rend compte compte de ph\u00e9nom\u00e8ne pas forcement visible \u00e0 l\u2019 \u0153il nu d\u2019o\u00f9 sont aspect dramatique<\/p>\n<p class=\"MsoListParagraphCxSpMiddle\" style=\"margin-left: 0cm; mso-add-space: auto;\">\u00a0Et surtout, comme d\u2019habitude les extinctions des villes et villages nocturne _ apr\u00e8s minuit par exemple _ ne sont pas rendue pour deux raisons. Cela est presque impossible a individualiser les cartes sont d\u2019une atroce complexit\u00e9, le fichier original fait 38 Go et rend ce genre de man\u0153uvre interminable\u00a0: effacer un village prends 4 heure sur la carte originale puis la d\u00e9clinaison sur les diff\u00e9rents supports (cartes PDF, cartes de navigation rapide, cartes google earth) prend une trentaine d\u2019heure de travail avec les upload sur les sites internet.<\/p>\n<p class=\"MsoListParagraphCxSpMiddle\" style=\"margin-left: 0cm; mso-add-space: auto;\">En outre comme toujours on pr\u00e9voit le pire pour garantir le meilleur\u00a0: un site donne pour bleu sur cette carte est garanti \u00ab\u00a0exceptionnel\u00a0\u00bb pour l\u2019astrophoto\u00a0: rentrer dans des consid\u00e9ration optimistes s\u2019est s\u2019exposer a de forte d\u00e9ception (exemple les astram qui choisissent leur lieux de vacance ave ces cartes seraient d\u00e9\u00e7u de constater que leur vill\u00e9giature pourtant indiqu\u00e9 comme Cyan sur la carte est en r\u00e9alit\u00e9 Jaune ou rouge car le maire du village a d\u00e9cid\u00e9 que pou pour des raisons touristique il allait garder les lumi\u00e8res allum\u00e9es toute la nuit pour la saisons. Comme je ne veux pas avoir a r\u00e9pondre de genre d\u2019impond\u00e9rable je pr\u00e9f\u00e8re \u00eatre quelques peu pessimiste pour garantir le meilleur<\/p>\n<p class=\"MsoListParagraphCxSpMiddle\" style=\"margin-left: 0cm; mso-add-space: auto;\">C\u2019est le prix de la fiabilit\u00e9<\/p>\n","protected":false},"excerpt":{"rendered":"<p>Cette page n&rsquo;est plus maintenue depuis presque 15 ans. pour avoir une version actualis\u00e9s des cartes merci de vous rendre<\/p>\n<p><a href=\"https:\/\/www.avex-asso.org\/dossiers\/wordpress\/tutoriels-logiciels\/archives-cartes-europeennes\/cartes-speciales-astropho\" class=\"more-link\">Continue reading<span class=\"screen-reader-text\">Cartes sp\u00e9ciales de pollution lumineuse astrophoto France<\/span><\/a><\/p>\n","protected":false},"author":36,"featured_media":0,"parent":3344,"menu_order":0,"comment_status":"open","ping_status":"closed","template":"","meta":{"footnotes":""},"class_list":["post-88","page","type-page","status-publish","hentry"],"_links":{"self":[{"href":"https:\/\/www.avex-asso.org\/dossiers\/wordpress\/wp-json\/wp\/v2\/pages\/88","targetHints":{"allow":["GET"]}}],"collection":[{"href":"https:\/\/www.avex-asso.org\/dossiers\/wordpress\/wp-json\/wp\/v2\/pages"}],"about":[{"href":"https:\/\/www.avex-asso.org\/dossiers\/wordpress\/wp-json\/wp\/v2\/types\/page"}],"author":[{"embeddable":true,"href":"https:\/\/www.avex-asso.org\/dossiers\/wordpress\/wp-json\/wp\/v2\/users\/36"}],"replies":[{"embeddable":true,"href":"https:\/\/www.avex-asso.org\/dossiers\/wordpress\/wp-json\/wp\/v2\/comments?post=88"}],"version-history":[{"count":38,"href":"https:\/\/www.avex-asso.org\/dossiers\/wordpress\/wp-json\/wp\/v2\/pages\/88\/revisions"}],"predecessor-version":[{"id":4143,"href":"https:\/\/www.avex-asso.org\/dossiers\/wordpress\/wp-json\/wp\/v2\/pages\/88\/revisions\/4143"}],"up":[{"embeddable":true,"href":"https:\/\/www.avex-asso.org\/dossiers\/wordpress\/wp-json\/wp\/v2\/pages\/3344"}],"wp:attachment":[{"href":"https:\/\/www.avex-asso.org\/dossiers\/wordpress\/wp-json\/wp\/v2\/media?parent=88"}],"curies":[{"name":"wp","href":"https:\/\/api.w.org\/{rel}","templated":true}]}}