{"id":92,"date":"2008-04-14T09:51:21","date_gmt":"2008-04-14T07:51:21","guid":{"rendered":"http:\/\/avex.org.free.fr\/dossiers\/?page_id=92"},"modified":"2016-04-23T20:19:00","modified_gmt":"2016-04-23T18:19:00","slug":"cartes-de-pollution-lumineuse-speciales-sodium","status":"publish","type":"page","link":"https:\/\/www.avex-asso.org\/dossiers\/wordpress\/tutoriels-logiciels\/archives-cartes-europeennes\/cartes-de-pollution-lumineuse-speciales-sodium","title":{"rendered":"Cartes  pollution lumineuse \u201csodium\u201d"},"content":{"rendered":"<p><span style=\"line-height: normal;\"><a title=\"cliquer pour voir l'image en plus grand\" href=\"http:\/\/www.avex-asso.org\/dossiers\/wordpress\/wp-content\/uploads\/2011\/04\/cartes-pl-niveau2-sodium-md.kmz\" target=\"_blank\"><img loading=\"lazy\" decoding=\"async\" class=\"alignleft\" title=\"prevue cartes sodium\" src=\"http:\/\/www.avex-asso.org\/dossiers\/pl\/prevue-carte-pl-sodium-s.png\" alt=\"prevue cartes sodium\" width=\"358\" height=\"502\" \/><\/a><\/span><\/p>\n<p style=\"text-align: center;\"><span style=\"color: #ff6600;\"><strong>Bonjour. les cartes de pollution lumineuse de cette page ne seront plus mises \u00e0 jours. <\/strong><\/span><br \/>\n<span style=\"color: #ff6600;\"><strong>Merci d&rsquo;aller sur les pages de la pollution lumineuse europ\u00e9enne<\/strong><\/span><\/p>\n<p style=\"text-align: center;\"><span style=\"color: #ff6600;\"><strong>http:\/\/www.avex-asso.org\/dossiers\/wordpress\/?page_id=3273&amp;lang=fr_FR<\/strong><\/span><\/p>\n<p style=\"text-align: center;\"><span style=\"color: #ff6600;\"><strong>Hello. light pollution maps on this page will not be updates . <\/strong><\/span><br \/>\n<span style=\"color: #ff6600;\"><strong>Thank you to go to the pages of the EUROPEAN light pollution<\/strong><\/span><\/p>\n<p style=\"text-align: center;\"><span style=\"color: #ff6600;\"><strong>http:\/\/www.avex-asso.org\/dossiers\/wordpress\/?page_id=3273&amp;lang=en_GB#<\/strong><\/span><\/p>\n<p><span style=\"line-height: normal;\">[saut nbr =8] Outre les d\u00e9sormais classique cartes PDF de sodium \u00a0AVEX vous proposes de nouvelles cartes de pollution lumineuse sodium <strong>dans Google Earth<\/strong><\/span><\/p>\n<p class=\"style23\"><span style=\"font-size: x-small;\"><a title=\"faire un don PayPal\" href=\"http:\/\/avex.org.free.fr\/don.html\" target=\"_blank\">Vous voulez nous aider, faire un don ? c\u2019est par ici<\/a><\/span><\/p>\n<p class=\"style23\">pour les utiliser : cliquez sur l&rsquo;image si contre, cela vous t\u00e9l\u00e9chargera un fichier, un \u00ab\u00a0kmz\u00a0\u00bb<\/p>\n<p class=\"style23\">Si vous avez google earth install\u00e9 sur votre machine, le fait de double cliquez sur le fichier, cela a pour effet de lancer google earth et de directement intaller les cartes de pollution lumineuse dans le logiciels.<\/p>\n<p class=\"style23\">si vous n&rsquo;avez pas google earth, vous pouvez le t\u00e9l\u00e9charger sur le site de <a href=\"http:\/\/www.google.fr\/intl\/fr\/earth\/index.html\">Google earth<\/a><\/p>\n<p class=\"style23\">[saut nbr =13]<\/p>\n<p class=\"style23\">Si vous le pr\u00e9f\u00e9rez, vous pouvez t\u00e9l\u00e9charger les PDF de ces cartes<\/p>\n<p class=\"style23\">deux Versions :<\/p>\n<ol>\n<li>une version format A3+ (10 mo) :\u00a0<a href=\"http:\/\/www.avex-asso.org\/dossiers\/wordpress\/?attachment_id=1303\" rel=\"attachment wp-att-1303\">carte-de-france-original-sodium-A3<\/a><\/li>\n<li>une version \u00a01m50 de cot\u00e9 :\u00a0<a href=\"http:\/\/www.avex-asso.org\/dossiers\/wordpress\/?attachment_id=1308\" rel=\"attachment wp-att-1308\">carte-de-france-original-full<\/a><\/li>\n<\/ol>\n<p>dans tous les cas , les PDF sont prot\u00e9g\u00e9s electroniquement contre les usages non autoris\u00e9s si vous souhaitez les utiliser vous devez envoyer un mel \u00e0 <a href=\"mailto:ftapissier@gmail.com\">ftapissier @ gmail.com<\/a> (supprimer les\u00a0espaces) pr\u00e9visualisation des PDF :<\/p>\n<figure id=\"attachment_1302\" aria-describedby=\"caption-attachment-1302\" style=\"width: 800px\" class=\"wp-caption alignnone\"><a href=\"http:\/\/www.avex-asso.org\/dossiers\/wordpress\/?attachment_id=1302\" rel=\"attachment wp-att-1302\"><img loading=\"lazy\" decoding=\"async\" class=\" wp-image-1302 \" title=\"carte de pollution lumineuse de France version Sodium\" src=\"http:\/\/www.avex-asso.org\/dossiers\/wordpress\/wp-content\/uploads\/2008\/04\/carte-de-france-original-sodium-a3-s.jpg\" alt=\"carte de pollution lumineuse de France version Sodium, carte satellite de France, France vue de l'espace\" width=\"800\" height=\"707\" srcset=\"https:\/\/www.avex-asso.org\/dossiers\/wordpress\/wp-content\/uploads\/2008\/04\/carte-de-france-original-sodium-a3-s.jpg 800w, https:\/\/www.avex-asso.org\/dossiers\/wordpress\/wp-content\/uploads\/2008\/04\/carte-de-france-original-sodium-a3-s-565x500.jpg 565w\" sizes=\"auto, (max-width: 800px) 100vw, 800px\" \/><\/a><figcaption id=\"caption-attachment-1302\" class=\"wp-caption-text\">carte de pollution lumineuse de France version Sodium<\/figcaption><\/figure>\n<p><span style=\"font-size: 12px;\"><span style=\"font-family: arial,helvetica,sans-serif;\"><strong>les Nouvelles cartes de Pollution lumineuse<\/strong> &lsquo;sodium&rsquo; dans Google Earth MAj 2011 Ces cartes (les cartes dite \u00ab\u00a0Sodium\u00a0\u00bb)\u00a0<strong>ne sont pas destin\u00e9es prioritairement aux astronomes<\/strong> contrairement <a href=\"http:\/\/avex.org.free.fr\/dossiers\/\/?page_id=38\">aux cartes classiques.<\/a><\/span><\/span><\/p>\n<p><span style=\"font-size: 12px;\"><span style=\"font-family: arial,helvetica,sans-serif;\">En revanche, elles peuvent servir aux astronomes qui d\u00e9sirent faire connaitre<strong> l\u2019impact de la pollution lumineuse<\/strong>. En effet : \u00e0 l\u2019usage il apparait que ces cartes on un impact psychologique fort, et beaucoup plus \u00e9vocateur que les cartes de pollution lumineuse classique (en fausse couleur) car plus \u2018parlant\u2019 et plus proche du ressentis quotidiens.<\/span><\/span><\/p>\n<p><span style=\"font-size: 12px;\"><span style=\"font-family: arial,helvetica,sans-serif;\"><strong>Elles se pr\u00eatent particuli\u00e8rement bien aux pr\u00e9sentations en public<\/strong>.<\/span><\/span><\/p>\n<p><span style=\"font-size: 12px;\"><span style=\"font-family: arial,helvetica,sans-serif;\">Vous pouvez les t\u00e9l\u00e9charger librement pour un usage priv\u00e9. Pour un usage public vous pouvez \u00e9galement les t\u00e9l\u00e9charger librement a condition d\u2019en pr\u00e9ciser l\u2019origine ( \u00a9 AVEX ) et le site<a href=\"http:\/\/www.avex-asso.or\"> http:\/\/www.avex-asso.org<\/a><\/span><\/span><\/p>\n<p>Pour un usage commercial merci de contacter l&rsquo;auteur<\/p>\n<p><span style=\"font-size: 12px;\"><span style=\"font-family: arial,helvetica,sans-serif;\">Nous acceptons sans restriction les liens vers ces pages mais nous n\u2019autorisons pas l\u2019h\u00e9bergement de ces cartes sur d\u2019autres sites.<\/span><\/span><\/p>\n<p><span style=\"font-size: 12px;\"><span style=\"font-family: arial,helvetica,sans-serif;\">Sur les cartes Google earth, nous avons inclus le <a href=\"http:\/\/avex.org.free.fr\/dossiers\/?page_id=85\" target=\"_blank\">GRESAC<\/a> (grand r\u00e9pertoire des sites astronomiques communautaires )<\/span><\/span><\/p>\n<p><span style=\"font-size: 12px;\"><span style=\"font-family: arial,helvetica,sans-serif;\">sa visibilit\u00e9 peut etre activ\u00e9 ou inactiv\u00e9 via le panneaux lat\u00e9ral de Google earth en d\u00e9veloppant l&rsquo;arborescence des cartes de pollution lumineuse<\/span><\/span><\/p>\n<p><span style=\"font-size: 12px;\"><span style=\"font-family: arial,helvetica,sans-serif;\"><br \/>\n<\/span><\/span><\/p>\n","protected":false},"excerpt":{"rendered":"<p>Bonjour. les cartes de pollution lumineuse de cette page ne seront plus mises \u00e0 jours. Merci d&rsquo;aller sur les pages<\/p>\n<p><a href=\"https:\/\/www.avex-asso.org\/dossiers\/wordpress\/tutoriels-logiciels\/archives-cartes-europeennes\/cartes-de-pollution-lumineuse-speciales-sodium\" class=\"more-link\">Continue reading<span class=\"screen-reader-text\">Cartes  pollution lumineuse \u201csodium\u201d<\/span><\/a><\/p>\n","protected":false},"author":1,"featured_media":0,"parent":3344,"menu_order":0,"comment_status":"open","ping_status":"closed","template":"","meta":{"footnotes":""},"class_list":["post-92","page","type-page","status-publish","hentry"],"_links":{"self":[{"href":"https:\/\/www.avex-asso.org\/dossiers\/wordpress\/wp-json\/wp\/v2\/pages\/92","targetHints":{"allow":["GET"]}}],"collection":[{"href":"https:\/\/www.avex-asso.org\/dossiers\/wordpress\/wp-json\/wp\/v2\/pages"}],"about":[{"href":"https:\/\/www.avex-asso.org\/dossiers\/wordpress\/wp-json\/wp\/v2\/types\/page"}],"author":[{"embeddable":true,"href":"https:\/\/www.avex-asso.org\/dossiers\/wordpress\/wp-json\/wp\/v2\/users\/1"}],"replies":[{"embeddable":true,"href":"https:\/\/www.avex-asso.org\/dossiers\/wordpress\/wp-json\/wp\/v2\/comments?post=92"}],"version-history":[{"count":35,"href":"https:\/\/www.avex-asso.org\/dossiers\/wordpress\/wp-json\/wp\/v2\/pages\/92\/revisions"}],"predecessor-version":[{"id":3312,"href":"https:\/\/www.avex-asso.org\/dossiers\/wordpress\/wp-json\/wp\/v2\/pages\/92\/revisions\/3312"}],"up":[{"embeddable":true,"href":"https:\/\/www.avex-asso.org\/dossiers\/wordpress\/wp-json\/wp\/v2\/pages\/3344"}],"wp:attachment":[{"href":"https:\/\/www.avex-asso.org\/dossiers\/wordpress\/wp-json\/wp\/v2\/media?parent=92"}],"curies":[{"name":"wp","href":"https:\/\/api.w.org\/{rel}","templated":true}]}}